{"id":159588,"date":"2023-11-16T13:58:10","date_gmt":"2023-11-16T18:58:10","guid":{"rendered":"https:\/\/jldlague.com\/kivi-pekka\/"},"modified":"2024-12-05T13:14:10","modified_gmt":"2024-12-05T18:14:10","slug":"kivi-pekka","status":"publish","type":"page","link":"https:\/\/jldlague.com\/en\/kivi-pekka\/","title":{"rendered":"Kivi-Pekka"},"content":{"rendered":"<section id=\"\" data-block=\"block_3297974d423795c8eaff9f58abd755b5\" class=\"block block-hero-cta align bg-white\">\n    <div class=\"hero-cta padd-y no-top\">\n    \n    <div class=\"lg:mt-20 md:mt-0 mt-20 bg-gray-900\">\n        <div class=\"container relative\">\n            <div class=\"relative md:pb-12 lg:pt-0 md:pt-12 pb-6 gap-x-10 flex flex-col-reverse md:flex-row z-10 justify-between\">\n                \n                <div class=\"md:pt-12 pt-8 flex flex-col items-start self-center w-full xl:w-2\/5 lg:w-1\/2 md:w-7\/12\">\n                    \n                                                                        <h1 class=\"text-4xl title mb-0 text-white\"><p>Kivi-Pekka Equipment<\/p>\n<p class=\"has-base-font-size\"><strong>Quebec distributor only<\/strong><\/p>\n<\/h1>\n                                            \n                    \n                                    <\/div>\n\n                \n                                                            <div class=\"w-full xl:w-5\/12 lg:w-1\/2 md:w-5\/12 relative insight fade-up lg:-mt-12 md:my-auto -mt-12\">\n                            <img loading=\"lazy\" decoding=\"async\" width=\"750\" height=\"525\" src=\"https:\/\/jldlague.com\/wp-content\/uploads\/2024\/12\/Kivi-Pekka-logo_1200x840-750x525.jpg\" class=\"rounded-xl xl:rounded-2xl mx-auto\" alt=\"Kivi-Pekka-logo_1200x840\" srcset=\"https:\/\/jldlague.com\/wp-content\/uploads\/2024\/12\/Kivi-Pekka-logo_1200x840-750x525.jpg 750w, https:\/\/jldlague.com\/wp-content\/uploads\/2024\/12\/Kivi-Pekka-logo_1200x840-300x210.jpg 300w, https:\/\/jldlague.com\/wp-content\/uploads\/2024\/12\/Kivi-Pekka-logo_1200x840-1024x717.jpg 1024w, https:\/\/jldlague.com\/wp-content\/uploads\/2024\/12\/Kivi-Pekka-logo_1200x840-768x538.jpg 768w, https:\/\/jldlague.com\/wp-content\/uploads\/2024\/12\/Kivi-Pekka-logo_1200x840-350x245.jpg 350w, https:\/\/jldlague.com\/wp-content\/uploads\/2024\/12\/Kivi-Pekka-logo_1200x840-600x420.jpg 600w, https:\/\/jldlague.com\/wp-content\/uploads\/2024\/12\/Kivi-Pekka-logo_1200x840.jpg 1200w\" sizes=\"auto, (max-width: 750px) 100vw, 750px\" \/>\n                        <\/div>\n                                                <\/div>\n        <\/div>\n    <\/div>\n\n    \n    <\/div>\n<\/section>\n\n\n<section\n    id=\"\"\n    class=\"narrow-content aligncenter\"\n    data-block=\"block_c73ad250eb006d4afba851f65c55ee16\"\n>\n    <div class=\"padd-y\">\n        <div class=\"px-4 mx-auto medium\">\n            \n\n<p class=\"has-primary-default-color has-text-color has-link-color wp-elements-d5dc00b799d67130454d9d7b6f0d834b\">Kivi-Pekka is a Finnish company that specializes in the design and manufacture of de-stoners. It is one of those companies that have combined tradition and innovation to offer solutions adapted to the challenges of modern agriculture.<\/p>\n\n\n\n<p class=\"has-primary-default-color has-text-color has-link-color wp-elements-9e7b2c2b78f8583da6b65ef31b907571\">Its constant growth is the result of many years of research and development and close collaboration with farmers and experts in the field to ensure that its machines are at the cutting edge of technology and that they offer efficient and sustainable solutions for its customers.<\/p>\n\n\n\n<p class=\"has-primary-default-color has-text-color has-link-color wp-elements-a3475fc708a1bd29826954cad8d5310c\">Thanks to the team&#8217;s commitment to innovation and product quality, Kivi-Pekka has become a leader in the agricultural machinery market and its machines are distributed worldwide.<\/p>\n\n\n        <\/div>\n    <\/div>\n<\/section>\n\n\n<section\n    id=\"\"\n    class=\"narrow-content aligncenter\"\n    data-block=\"block_c73ad250eb006d4afba851f65c55ee16\"\n>\n    <div class=\"padd-y\">\n        <div class=\"px-4 mx-auto medium\">\n            \n\n<h2 class=\"wp-block-heading\">Kivi-Pekka stone picker<\/h2>\n\n\n\n<p class=\"has-primary-default-color has-text-color has-link-color wp-elements-df085ac1a0abaeeca806a13b81e1f3ca\">The Kivi-Pekka stone picker is a versatile machine designed to pick up solid objects, such as stones, from various types of soil. It is ideal for clearing fields of stones, roots and tree branches, as well as for road construction, golf courses and landscaping.<\/p>\n\n\n\n<p class=\"has-primary-default-color has-text-color has-link-color wp-elements-a7f9e1a39799a8957d43c4430f712b78\">By opting for mechanical stone removal with the Kivi-Pekka stone picker, farmers save time and protect their health, as manual stone removal can be time consuming and harmful to workers. A clean, stone-free field results in better crops and protects farm machinery from damage and associated costs.<\/p>\n\n\n\n<p class=\"has-primary-default-color has-text-color has-link-color wp-elements-71e708af514a69eca5c540c7dbedfcbc\">The efficiency of the Kivi-Pekka stone picker is remarkable, with a stone pickup capacity of up to 1500 kg per minute in stony conditions. The largest model covers a width of 7 metres and has a dumping height of 290 cm, making it possible to dump the stones into high dump trucks.<\/p>\n\n\n\n<p class=\"has-primary-default-color has-text-color has-link-color wp-elements-e81c2444b4a29ecbf2acdda20b9adf84\">Manufactured with high-quality steels and components, Kivi-Pekka stone pickers are the result of many years of experience and know-how, guaranteeing their durability and performance over the long term.<\/p>\n\n\n\n<p class=\"has-primary-default-color has-text-color has-link-color wp-elements-919dc631839563bc6f53cd548391bc94\">Want to know more? Contact us today to find out how the Kivi-Pekka stone picker can transform your farm!<\/p>\n\n\n\n<figure class=\"wp-block-gallery has-nested-images columns-default is-cropped wp-block-gallery-1 is-layout-flex wp-block-gallery-is-layout-flex\">\n<figure class=\"wp-block-image size-large\"><img loading=\"lazy\" decoding=\"async\" width=\"1024\" height=\"855\" data-id=\"159229\" src=\"https:\/\/jldlague.com\/wp-content\/uploads\/2023\/11\/Kivi-pekka-1-1024x855.png\" alt=\"\" class=\"wp-image-159229\" srcset=\"https:\/\/jldlague.com\/wp-content\/uploads\/2023\/11\/Kivi-pekka-1-1024x855.png 1024w, https:\/\/jldlague.com\/wp-content\/uploads\/2023\/11\/Kivi-pekka-1-300x250.png 300w, https:\/\/jldlague.com\/wp-content\/uploads\/2023\/11\/Kivi-pekka-1-768x641.png 768w, https:\/\/jldlague.com\/wp-content\/uploads\/2023\/11\/Kivi-pekka-1-1536x1282.png 1536w, https:\/\/jldlague.com\/wp-content\/uploads\/2023\/11\/Kivi-pekka-1-600x501.png 600w, https:\/\/jldlague.com\/wp-content\/uploads\/2023\/11\/Kivi-pekka-1.png 1596w\" sizes=\"auto, (max-width: 1024px) 100vw, 1024px\" \/><\/figure>\n\n\n\n<figure class=\"wp-block-image size-large\"><img loading=\"lazy\" decoding=\"async\" width=\"1024\" height=\"853\" data-id=\"159231\" src=\"https:\/\/jldlague.com\/wp-content\/uploads\/2023\/11\/Kivi-pekka-2-1024x853.png\" alt=\"\" class=\"wp-image-159231\" srcset=\"https:\/\/jldlague.com\/wp-content\/uploads\/2023\/11\/Kivi-pekka-2-1024x853.png 1024w, https:\/\/jldlague.com\/wp-content\/uploads\/2023\/11\/Kivi-pekka-2-300x250.png 300w, https:\/\/jldlague.com\/wp-content\/uploads\/2023\/11\/Kivi-pekka-2-768x640.png 768w, https:\/\/jldlague.com\/wp-content\/uploads\/2023\/11\/Kivi-pekka-2-1536x1280.png 1536w, https:\/\/jldlague.com\/wp-content\/uploads\/2023\/11\/Kivi-pekka-2-600x500.png 600w, https:\/\/jldlague.com\/wp-content\/uploads\/2023\/11\/Kivi-pekka-2.png 1582w\" sizes=\"auto, (max-width: 1024px) 100vw, 1024px\" \/><\/figure>\n\n\n\n<figure class=\"wp-block-image size-large\"><img loading=\"lazy\" decoding=\"async\" width=\"1024\" height=\"851\" data-id=\"159235\" src=\"https:\/\/jldlague.com\/wp-content\/uploads\/2023\/11\/Kivi-pekka-3-1024x851.png\" alt=\"\" class=\"wp-image-159235\" srcset=\"https:\/\/jldlague.com\/wp-content\/uploads\/2023\/11\/Kivi-pekka-3-1024x851.png 1024w, https:\/\/jldlague.com\/wp-content\/uploads\/2023\/11\/Kivi-pekka-3-300x249.png 300w, https:\/\/jldlague.com\/wp-content\/uploads\/2023\/11\/Kivi-pekka-3-768x638.png 768w, https:\/\/jldlague.com\/wp-content\/uploads\/2023\/11\/Kivi-pekka-3-1536x1276.png 1536w, https:\/\/jldlague.com\/wp-content\/uploads\/2023\/11\/Kivi-pekka-3-600x499.png 600w, https:\/\/jldlague.com\/wp-content\/uploads\/2023\/11\/Kivi-pekka-3.png 1586w\" sizes=\"auto, (max-width: 1024px) 100vw, 1024px\" \/><\/figure>\n<\/figure>\n\n\n        <\/div>\n    <\/div>\n<\/section>\n\n\n<section\n    id=\"\"\n    class=\"narrow-content aligncenter\"\n    data-block=\"block_c73ad250eb006d4afba851f65c55ee16\"\n>\n    <div class=\"padd-y\">\n        <div class=\"px-4 mx-auto medium\">\n            \n\n<h2 class=\"wp-block-heading has-3-xl-font-size\">JLD-Lagu\u00eb is proud to offer the equipment you need to get the most out of your operations.<\/h2>\n\n\n\n<div class=\"wp-block-buttons is-layout-flex wp-block-buttons-is-layout-flex\">\n<div class=\"wp-block-button\"><a class=\"wp-block-button__link wp-element-button\" href=\"https:\/\/jldlague.com\/en\/stores\/\">Ask your sales representative for more details.<\/a><\/div>\n<\/div>\n\n\n\n<div style=\"height:27px\" aria-hidden=\"true\" class=\"wp-block-spacer\"><\/div>\n\n\n\n<h2 class=\"wp-block-heading\">Want to find out more about Kivi-Pekka?<\/h2>\n\n\n\n<div class=\"wp-block-buttons is-layout-flex wp-block-buttons-is-layout-flex\">\n<div class=\"wp-block-button\"><a class=\"wp-block-button__link wp-element-button\" href=\"https:\/\/pel-tuote.fi\/en\/kivi-pekka\/\" target=\"_blank\" rel=\"noreferrer noopener\">Visit the website<\/a><\/div>\n<\/div>\n\n\n        <\/div>\n    <\/div>\n<\/section>\n","protected":false},"excerpt":{"rendered":"","protected":false},"author":13,"featured_media":0,"parent":0,"menu_order":0,"comment_status":"closed","ping_status":"closed","template":"","meta":{"_acf_changed":false,"footnotes":""},"class_list":["post-159588","page","type-page","status-publish","hentry"],"acf":[],"yoast_head":"<!-- This site is optimized with the Yoast SEO plugin v27.2 - https:\/\/yoast.com\/product\/yoast-seo-wordpress\/ -->\n<title>\u00c9pierreuse Kivi-Pekka - JLD-Lagu\u00eb<\/title>\n<meta name=\"description\" content=\"D\u00e9couvrez l\u2019\u00e9pierreuse Kivi-Pekka tout droit venue de Finlande. \u00e9conomisez du temps et pr\u00e9servez votre sant\u00e9 gr\u00e2ce au ramassage m\u00e9canique.\" \/>\n<meta name=\"robots\" content=\"index, follow, max-snippet:-1, max-image-preview:large, max-video-preview:-1\" \/>\n<link rel=\"canonical\" href=\"https:\/\/jldlague.com\/en\/kivi-pekka\/\" \/>\n<meta property=\"og:locale\" content=\"en_US\" \/>\n<meta property=\"og:type\" content=\"article\" \/>\n<meta property=\"og:title\" content=\"\u00c9pierreuse Kivi-Pekka - JLD-Lagu\u00eb\" \/>\n<meta property=\"og:description\" content=\"D\u00e9couvrez l\u2019\u00e9pierreuse Kivi-Pekka tout droit venue de Finlande. \u00e9conomisez du temps et pr\u00e9servez votre sant\u00e9 gr\u00e2ce au ramassage m\u00e9canique.\" \/>\n<meta property=\"og:url\" content=\"https:\/\/jldlague.com\/en\/kivi-pekka\/\" \/>\n<meta property=\"og:site_name\" content=\"JLD-Lagu\u00eb\" \/>\n<meta property=\"article:publisher\" content=\"https:\/\/www.facebook.com\/jldlague\" \/>\n<meta property=\"article:modified_time\" content=\"2024-12-05T18:14:10+00:00\" \/>\n<meta property=\"og:image\" content=\"https:\/\/jldlague.com\/wp-content\/uploads\/2023\/11\/Kivi-pekka-1-1024x855.png\" \/>\n<meta name=\"twitter:card\" content=\"summary_large_image\" \/>\n<meta name=\"twitter:label1\" content=\"Est. reading time\" \/>\n\t<meta name=\"twitter:data1\" content=\"3 minutes\" \/>\n<script type=\"application\/ld+json\" class=\"yoast-schema-graph\">{\"@context\":\"https:\/\/schema.org\",\"@graph\":[{\"@type\":\"WebPage\",\"@id\":\"https:\/\/jldlague.com\/en\/kivi-pekka\/\",\"url\":\"https:\/\/jldlague.com\/en\/kivi-pekka\/\",\"name\":\"\u00c9pierreuse Kivi-Pekka - JLD-Lagu\u00eb\",\"isPartOf\":{\"@id\":\"https:\/\/jldlague.com\/en\/#website\"},\"primaryImageOfPage\":{\"@id\":\"https:\/\/jldlague.com\/en\/kivi-pekka\/#primaryimage\"},\"image\":{\"@id\":\"https:\/\/jldlague.com\/en\/kivi-pekka\/#primaryimage\"},\"thumbnailUrl\":\"https:\/\/jldlague.com\/wp-content\/uploads\/2023\/11\/Kivi-pekka-1-1024x855.png\",\"datePublished\":\"2023-11-16T18:58:10+00:00\",\"dateModified\":\"2024-12-05T18:14:10+00:00\",\"description\":\"D\u00e9couvrez l\u2019\u00e9pierreuse Kivi-Pekka tout droit venue de Finlande. \u00e9conomisez du temps et pr\u00e9servez votre sant\u00e9 gr\u00e2ce au ramassage m\u00e9canique.\",\"breadcrumb\":{\"@id\":\"https:\/\/jldlague.com\/en\/kivi-pekka\/#breadcrumb\"},\"inLanguage\":\"en-US\",\"potentialAction\":[{\"@type\":\"ReadAction\",\"target\":[\"https:\/\/jldlague.com\/en\/kivi-pekka\/\"]}]},{\"@type\":\"ImageObject\",\"inLanguage\":\"en-US\",\"@id\":\"https:\/\/jldlague.com\/en\/kivi-pekka\/#primaryimage\",\"url\":\"https:\/\/jldlague.com\/wp-content\/uploads\/2023\/11\/Kivi-pekka-1-1024x855.png\",\"contentUrl\":\"https:\/\/jldlague.com\/wp-content\/uploads\/2023\/11\/Kivi-pekka-1-1024x855.png\"},{\"@type\":\"BreadcrumbList\",\"@id\":\"https:\/\/jldlague.com\/en\/kivi-pekka\/#breadcrumb\",\"itemListElement\":[{\"@type\":\"ListItem\",\"position\":1,\"name\":\"Home\",\"item\":\"https:\/\/jldlague.com\/en\/\"},{\"@type\":\"ListItem\",\"position\":2,\"name\":\"Kivi-Pekka\"}]},{\"@type\":\"WebSite\",\"@id\":\"https:\/\/jldlague.com\/en\/#website\",\"url\":\"https:\/\/jldlague.com\/en\/\",\"name\":\"JLD-Lagu\u00eb\",\"description\":\"\",\"publisher\":{\"@id\":\"https:\/\/jldlague.com\/en\/#organization\"},\"alternateName\":\"JLD\",\"potentialAction\":[{\"@type\":\"SearchAction\",\"target\":{\"@type\":\"EntryPoint\",\"urlTemplate\":\"https:\/\/jldlague.com\/en\/?s={search_term_string}\"},\"query-input\":{\"@type\":\"PropertyValueSpecification\",\"valueRequired\":true,\"valueName\":\"search_term_string\"}}],\"inLanguage\":\"en-US\"},{\"@type\":\"Organization\",\"@id\":\"https:\/\/jldlague.com\/en\/#organization\",\"name\":\"JLD-Lagu\u00eb\",\"url\":\"https:\/\/jldlague.com\/en\/\",\"logo\":{\"@type\":\"ImageObject\",\"inLanguage\":\"en-US\",\"@id\":\"https:\/\/jldlague.com\/en\/#\/schema\/logo\/image\/\",\"url\":\"https:\/\/jldlague.com\/wp-content\/uploads\/2023\/06\/logos.svg\",\"contentUrl\":\"https:\/\/jldlague.com\/wp-content\/uploads\/2023\/06\/logos.svg\",\"width\":385,\"height\":50,\"caption\":\"JLD-Lagu\u00eb\"},\"image\":{\"@id\":\"https:\/\/jldlague.com\/en\/#\/schema\/logo\/image\/\"},\"sameAs\":[\"https:\/\/www.facebook.com\/jldlague\",\"https:\/\/www.linkedin.com\/company\/the-jld-group-john-deere-dealer\",\"https:\/\/www.instagram.com\/jldlague\/\",\"https:\/\/www.youtube.com\/channel\/UCRpOpeDrLm9lIf6jXO7cJZw\"]}]}<\/script>\n<!-- \/ Yoast SEO plugin. -->","yoast_head_json":{"title":"\u00c9pierreuse Kivi-Pekka - JLD-Lagu\u00eb","description":"D\u00e9couvrez l\u2019\u00e9pierreuse Kivi-Pekka tout droit venue de Finlande. \u00e9conomisez du temps et pr\u00e9servez votre sant\u00e9 gr\u00e2ce au ramassage m\u00e9canique.","robots":{"index":"index","follow":"follow","max-snippet":"max-snippet:-1","max-image-preview":"max-image-preview:large","max-video-preview":"max-video-preview:-1"},"canonical":"https:\/\/jldlague.com\/en\/kivi-pekka\/","og_locale":"en_US","og_type":"article","og_title":"\u00c9pierreuse Kivi-Pekka - JLD-Lagu\u00eb","og_description":"D\u00e9couvrez l\u2019\u00e9pierreuse Kivi-Pekka tout droit venue de Finlande. \u00e9conomisez du temps et pr\u00e9servez votre sant\u00e9 gr\u00e2ce au ramassage m\u00e9canique.","og_url":"https:\/\/jldlague.com\/en\/kivi-pekka\/","og_site_name":"JLD-Lagu\u00eb","article_publisher":"https:\/\/www.facebook.com\/jldlague","article_modified_time":"2024-12-05T18:14:10+00:00","og_image":[{"url":"https:\/\/jldlague.com\/wp-content\/uploads\/2023\/11\/Kivi-pekka-1-1024x855.png","type":"","width":"","height":""}],"twitter_card":"summary_large_image","twitter_misc":{"Est. reading time":"3 minutes"},"schema":{"@context":"https:\/\/schema.org","@graph":[{"@type":"WebPage","@id":"https:\/\/jldlague.com\/en\/kivi-pekka\/","url":"https:\/\/jldlague.com\/en\/kivi-pekka\/","name":"\u00c9pierreuse Kivi-Pekka - JLD-Lagu\u00eb","isPartOf":{"@id":"https:\/\/jldlague.com\/en\/#website"},"primaryImageOfPage":{"@id":"https:\/\/jldlague.com\/en\/kivi-pekka\/#primaryimage"},"image":{"@id":"https:\/\/jldlague.com\/en\/kivi-pekka\/#primaryimage"},"thumbnailUrl":"https:\/\/jldlague.com\/wp-content\/uploads\/2023\/11\/Kivi-pekka-1-1024x855.png","datePublished":"2023-11-16T18:58:10+00:00","dateModified":"2024-12-05T18:14:10+00:00","description":"D\u00e9couvrez l\u2019\u00e9pierreuse Kivi-Pekka tout droit venue de Finlande. \u00e9conomisez du temps et pr\u00e9servez votre sant\u00e9 gr\u00e2ce au ramassage m\u00e9canique.","breadcrumb":{"@id":"https:\/\/jldlague.com\/en\/kivi-pekka\/#breadcrumb"},"inLanguage":"en-US","potentialAction":[{"@type":"ReadAction","target":["https:\/\/jldlague.com\/en\/kivi-pekka\/"]}]},{"@type":"ImageObject","inLanguage":"en-US","@id":"https:\/\/jldlague.com\/en\/kivi-pekka\/#primaryimage","url":"https:\/\/jldlague.com\/wp-content\/uploads\/2023\/11\/Kivi-pekka-1-1024x855.png","contentUrl":"https:\/\/jldlague.com\/wp-content\/uploads\/2023\/11\/Kivi-pekka-1-1024x855.png"},{"@type":"BreadcrumbList","@id":"https:\/\/jldlague.com\/en\/kivi-pekka\/#breadcrumb","itemListElement":[{"@type":"ListItem","position":1,"name":"Home","item":"https:\/\/jldlague.com\/en\/"},{"@type":"ListItem","position":2,"name":"Kivi-Pekka"}]},{"@type":"WebSite","@id":"https:\/\/jldlague.com\/en\/#website","url":"https:\/\/jldlague.com\/en\/","name":"JLD-Lagu\u00eb","description":"","publisher":{"@id":"https:\/\/jldlague.com\/en\/#organization"},"alternateName":"JLD","potentialAction":[{"@type":"SearchAction","target":{"@type":"EntryPoint","urlTemplate":"https:\/\/jldlague.com\/en\/?s={search_term_string}"},"query-input":{"@type":"PropertyValueSpecification","valueRequired":true,"valueName":"search_term_string"}}],"inLanguage":"en-US"},{"@type":"Organization","@id":"https:\/\/jldlague.com\/en\/#organization","name":"JLD-Lagu\u00eb","url":"https:\/\/jldlague.com\/en\/","logo":{"@type":"ImageObject","inLanguage":"en-US","@id":"https:\/\/jldlague.com\/en\/#\/schema\/logo\/image\/","url":"https:\/\/jldlague.com\/wp-content\/uploads\/2023\/06\/logos.svg","contentUrl":"https:\/\/jldlague.com\/wp-content\/uploads\/2023\/06\/logos.svg","width":385,"height":50,"caption":"JLD-Lagu\u00eb"},"image":{"@id":"https:\/\/jldlague.com\/en\/#\/schema\/logo\/image\/"},"sameAs":["https:\/\/www.facebook.com\/jldlague","https:\/\/www.linkedin.com\/company\/the-jld-group-john-deere-dealer","https:\/\/www.instagram.com\/jldlague\/","https:\/\/www.youtube.com\/channel\/UCRpOpeDrLm9lIf6jXO7cJZw"]}]}},"_links":{"self":[{"href":"https:\/\/jldlague.com\/en\/wp-json\/wp\/v2\/pages\/159588","targetHints":{"allow":["GET"]}}],"collection":[{"href":"https:\/\/jldlague.com\/en\/wp-json\/wp\/v2\/pages"}],"about":[{"href":"https:\/\/jldlague.com\/en\/wp-json\/wp\/v2\/types\/page"}],"author":[{"embeddable":true,"href":"https:\/\/jldlague.com\/en\/wp-json\/wp\/v2\/users\/13"}],"replies":[{"embeddable":true,"href":"https:\/\/jldlague.com\/en\/wp-json\/wp\/v2\/comments?post=159588"}],"version-history":[{"count":0,"href":"https:\/\/jldlague.com\/en\/wp-json\/wp\/v2\/pages\/159588\/revisions"}],"wp:attachment":[{"href":"https:\/\/jldlague.com\/en\/wp-json\/wp\/v2\/media?parent=159588"}],"curies":[{"name":"wp","href":"https:\/\/api.w.org\/{rel}","templated":true}]}}