{"id":19100,"date":"2023-07-19T10:36:15","date_gmt":"2023-07-19T14:36:15","guid":{"rendered":"https:\/\/jldlague.com\/postes-offerts\/"},"modified":"2025-04-11T14:41:32","modified_gmt":"2025-04-11T18:41:32","slug":"available-jobs","status":"publish","type":"page","link":"https:\/\/jldlague.com\/en\/available-jobs\/","title":{"rendered":"Our job openings"},"content":{"rendered":"<section\n    id=\"\"\n    class=\"narrow-content aligncenter\"\n    data-block=\"block_57abf6026428e48552d8e522f8a43da4\"\n>\n    <div class=\"padd-y\">\n        <div class=\"px-4 mx-auto large\">\n            \n\n<h2 class=\"wp-block-heading\">Our job openings<\/h2>\n\n\n\n<div class=\"wp-block-columns is-layout-flex wp-container-core-columns-is-layout-9d6595d7 wp-block-columns-is-layout-flex\">\n<div class=\"wp-block-column is-layout-flow wp-block-column-is-layout-flow\">\n<p class=\"has-black-color has-text-color has-link-color wp-elements-e1c4ac829d7b400bbd7154c5ce123c77\">Come and make a career at Green Tech and apply for our open positions in Quebec and Ontario. Training available!<\/p>\n\n\n\n<div class=\"wp-block-buttons is-layout-flex wp-block-buttons-is-layout-flex\">\n<div class=\"wp-block-button\"><a class=\"wp-block-button__link wp-element-button\" href=\"https:\/\/jldlague.com\/en\/available-jobs\/#manitouApplicationForm\">Apply now<\/a><\/div>\n\n\n\n<div class=\"wp-block-button\"><a class=\"wp-block-button__link wp-element-button\" href=\"https:\/\/jldlague.com\/en\/available-jobs\/#advantages\">Our advantages<\/a><\/div>\n\n\n\n<div class=\"wp-block-button\"><a class=\"wp-block-button__link wp-element-button\" href=\"https:\/\/jldlague.com\/en\/extraordinary-careers\/\">Extraordinary Careers<\/a><\/div>\n<\/div>\n<\/div>\n\n\n\n<div class=\"wp-block-column is-vertically-aligned-center is-layout-flow wp-block-column-is-layout-flow\">\n<figure class=\"wp-block-image aligncenter size-large is-resized\"><a href=\"https:\/\/jldlague.com\/en\/extraordinary-careers\/\"><img loading=\"lazy\" decoding=\"async\" width=\"1024\" height=\"185\" src=\"https:\/\/jldlague.com\/wp-content\/uploads\/2025\/01\/GT_carrieres_h-normes-1024x185.png\" alt=\"GT_carrieres_h-normes\" class=\"wp-image-367407\" style=\"width:648px;height:auto\" srcset=\"https:\/\/jldlague.com\/wp-content\/uploads\/2025\/01\/GT_carrieres_h-normes-1024x185.png 1024w, https:\/\/jldlague.com\/wp-content\/uploads\/2025\/01\/GT_carrieres_h-normes-300x54.png 300w, https:\/\/jldlague.com\/wp-content\/uploads\/2025\/01\/GT_carrieres_h-normes-768x138.png 768w, https:\/\/jldlague.com\/wp-content\/uploads\/2025\/01\/GT_carrieres_h-normes-1536x277.png 1536w, https:\/\/jldlague.com\/wp-content\/uploads\/2025\/01\/GT_carrieres_h-normes-2048x369.png 2048w, https:\/\/jldlague.com\/wp-content\/uploads\/2025\/01\/GT_carrieres_h-normes-350x63.png 350w, https:\/\/jldlague.com\/wp-content\/uploads\/2025\/01\/GT_carrieres_h-normes-750x135.png 750w, https:\/\/jldlague.com\/wp-content\/uploads\/2025\/01\/GT_carrieres_h-normes-600x108.png 600w\" sizes=\"auto, (max-width: 1024px) 100vw, 1024px\" \/><\/a><\/figure>\n<\/div>\n<\/div>\n\n\n        <\/div>\n    <\/div>\n<\/section>\n\n\n\r\n        <div id=\"manitouGlobalContainer\" class=\"container\"><\/div>\r\n        <div id=\"formulaire\"><\/div>\r\n        <script type=\"text\/javascript\">\r\n            document.addEventListener(\"DOMContentLoaded\", function() {\r\n                window.manitou.init(\"en\");\r\n            });\r\n        <\/script>\n\n\n<section\n    id=\"\"\n    class=\"narrow-content aligncenter\"\n    data-block=\"block_57abf6026428e48552d8e522f8a43da4\"\n>\n    <div class=\"padd-y\">\n        <div class=\"px-4 mx-auto large\">\n            \n\n<p class=\"has-sm-font-size\">When you submit your personal information directly on the third-party application management platform or by email, it is collected to manage and evaluate applications for JLD Lague \/ TransDiff job offers. You have various rights set out in our privacy policy: <a href=\"https:\/\/jldlague.com\/privacy-policy\" target=\"_blank\" rel=\"noreferrer noopener\">https:\/\/jldl<\/a><a href=\"https:\/\/jldlague.com\/en\/politique-de-confidentialite\/\" target=\"_blank\" rel=\"noreferrer noopener\">ague.com\/privacy-policy<\/a>. In addition, your information may be communicated outside of Quebec. Please do not include sensitive personal information when you submit your application (profile, CV, cover letter, etc.). For more information or get a copy of the Privacy Policy for employees and candidates, please contact us at <a href=\"mailto:vie.privee@jldlague.com\" target=\"_blank\" rel=\"noreferrer noopener\">vie.privee@jldlague.com<\/a><\/p>\n\n\n        <\/div>\n    <\/div>\n<\/section>\n\n\n<section class=\"avantages block-advantages align insight ghost block bg-gradient-to-b from-gray-500 to-gray-900\" id=\"advantages\" data-block=\"block_e2b4b971616aa7c0b022b4b08873b3ed\">\n    <div class=\"padd-y\">\n        <div class=\"container\">\n            <div class=\"flex flex-wrap\">\n                <div class=\"insight fade-up h-[60vw] w-full rounded-xl lg:rounded-2xl bg-cover bg-center md:h-auto md:w-1\/2 lg:w-1\/3\" style=\"background-image:url('https:\/\/jldlague.com\/wp-content\/uploads\/2025\/01\/Hors-normes-Isaac_812x1010.jpg');\"><\/div>\n\n                <div class=\"w-full pt-10 text-white md:w-1\/2 md:py-24 md:pl-8 lg:w-2\/3 lg:pl-16\">\n                                                                        <h2 class=\"insight ghost text-white\">What we offer you!<\/h2>\n                                            \n                                            <div class=\"insight ghost text-lg !font-normal !text-gray-200\">\n                            <div data-olk-copy-source=\"MessageBody\">We offer a range of benefits, some of which are available after the 3 month probation period.<\/div>\n\n                        <\/div>\n                    \n                                            <ul class=\"mb-6 !list-none lg:columns-2 !pl-0\">\n                                                            <li class=\"relative py-2 !pl-8 text-base font-medium text-white !mb-0\">\n                                    <i class=\"fa-solid fa-check text-primary-400 absolute top-3 left-0\"><\/i>\n                                    <span>Ongoing training with our John Deere experts<\/span>\n                                <\/li>\n                                                            <li class=\"relative py-2 !pl-8 text-base font-medium text-white !mb-0\">\n                                    <i class=\"fa-solid fa-check text-primary-400 absolute top-3 left-0\"><\/i>\n                                    <span>50% company-paid group insurance, including dental<\/span>\n                                <\/li>\n                                                            <li class=\"relative py-2 !pl-8 text-base font-medium text-white !mb-0\">\n                                    <i class=\"fa-solid fa-check text-primary-400 absolute top-3 left-0\"><\/i>\n                                    <span>Paid personal days off<\/span>\n                                <\/li>\n                                                            <li class=\"relative py-2 !pl-8 text-base font-medium text-white !mb-0\">\n                                    <i class=\"fa-solid fa-check text-primary-400 absolute top-3 left-0\"><\/i>\n                                    <span>Company-paid RRSP<\/span>\n                                <\/li>\n                                                            <li class=\"relative py-2 !pl-8 text-base font-medium text-white !mb-0\">\n                                    <i class=\"fa-solid fa-check text-primary-400 absolute top-3 left-0\"><\/i>\n                                    <span>Company-covered virtual medicine<\/span>\n                                <\/li>\n                                                            <li class=\"relative py-2 !pl-8 text-base font-medium text-white !mb-0\">\n                                    <i class=\"fa-solid fa-check text-primary-400 absolute top-3 left-0\"><\/i>\n                                    <span>Company-covered global health assistance program for employees and their families<\/span>\n                                <\/li>\n                                                            <li class=\"relative py-2 !pl-8 text-base font-medium text-white !mb-0\">\n                                    <i class=\"fa-solid fa-check text-primary-400 absolute top-3 left-0\"><\/i>\n                                    <span>An annual budget for the purchase of work tools<\/span>\n                                <\/li>\n                                                            <li class=\"relative py-2 !pl-8 text-base font-medium text-white !mb-0\">\n                                    <i class=\"fa-solid fa-check text-primary-400 absolute top-3 left-0\"><\/i>\n                                    <span>And much more!<\/span>\n                                <\/li>\n                                                    <\/ul>\n                    \n                                            <a\n                            class=\"btn btn-primary mt-4 mr-4\"\n                            href=\"https:\/\/jldlague.com\/en\/available-jobs\/#candidature\"\n                            target=\"\"\n                        >Interested?<\/a>\n                    \n                                    <\/div>\n            <\/div>\n        <\/div>\n    <\/div>\n<\/section>\n\n\n<section id=\"\" data-block=\"block_ad3c50e8220ec831aabb2ff8c5fb7319\" class=\"info-tiles block block-info-tiles align bg-white\">\n    <div class=\"padd-y\">\n        <div class=\"container\">\n            \n            <div class=\"flex flex-wrap items-end justify-between w-full\">\n                <div class=\"w-full md:w-auto pr-10\">\n                                                                <h3 class=\"text-2xl\">Our values<\/h3>\n                                    <\/div>\n\n                            <\/div>\n        <\/div>\n\n        \n        <div class=\"splide info-splide insight fade-up\" role=\"group\">\n            <div class=\"splide__track\">\n                <ul class=\"splide__list transform-initial\">\n                                                                                                        <div class=\"splide__slide bg-gray-50 rounded-xl lg:rounded-2xl px-6 py-8\">\n                                                                            <img decoding=\"async\" src=\"https:\/\/jldlague.com\/wp-content\/uploads\/2023\/06\/svg_4-1.svg\" alt=\"\" class=\"h-10 md:h-12 mb-4\" \/>\n                                    \n                                                                                                                        <h4 class=\"text-gray-900\">People<\/h4>\n                                                                            \n                                    \n                                    \n                                                                    <\/div>\n                                                                                    <div class=\"splide__slide bg-gray-50 rounded-xl lg:rounded-2xl px-6 py-8\">\n                                                                            <img decoding=\"async\" src=\"https:\/\/jldlague.com\/wp-content\/uploads\/2023\/06\/rigueur.svg\" alt=\"\" class=\"h-10 md:h-12 mb-4\" \/>\n                                    \n                                                                                                                        <h4 class=\"text-gray-900\">Challenges<\/h4>\n                                                                            \n                                    \n                                    \n                                                                    <\/div>\n                                                                                    <div class=\"splide__slide bg-gray-50 rounded-xl lg:rounded-2xl px-6 py-8\">\n                                                                            <img decoding=\"async\" src=\"https:\/\/jldlague.com\/wp-content\/uploads\/2023\/06\/svg_7.svg\" alt=\"\" class=\"h-10 md:h-12 mb-4\" \/>\n                                    \n                                                                                                                        <h4 class=\"text-gray-900\">Pride<\/h4>\n                                                                            \n                                    \n                                    \n                                                                    <\/div>\n                                                            <\/ul>\n            <\/div>\n        <\/div>\n    <\/div>\n<\/section>\n\n\n<section id=\"\" data-block=\"block_7bb246f9055241350b1cd82c3beadedf\" class=\"block block-image-bg-text align bg-white\">\n    <div class=\"padd-y\">\n        <div class=\"container\">\n            <div class=\"relative py-52 md:py-64 lg:py-72 xl:py-80 bg-center bg-cover rounded-xl lg:rounded-2xl insight ghost\" style=\"background-image:url('https:\/\/jldlague.com\/wp-content\/uploads\/2025\/03\/equipe-RH-scaled.jpg');\">\n                <div class=\"absolute inset-0 rounded-xl lg:rounded-2xl bg-gradient-to-b from-black to-transparent opacity-50 z-10\"><\/div>\n                <div class=\"container relative text-center z-20\">\n                                                                        <h2 class=\"text-5xl max-w-screen-lg mx-auto text-white insight fade-up\">Come and discover your extraordinary team!<\/h2>\n                                                                                        <a href=\"#manitouApplicationForm\" target=\"\" class=\"btn btn-primary mt-4 insight fade-up\">Apply now<\/a>\n                                    <\/div>\n            <\/div>\n        <\/div>\n    <\/div>\n<\/section>\n","protected":false},"excerpt":{"rendered":"","protected":false},"author":2,"featured_media":0,"parent":0,"menu_order":0,"comment_status":"closed","ping_status":"closed","template":"template-job-offers.blade.php","meta":{"_acf_changed":false,"footnotes":""},"class_list":["post-19100","page","type-page","status-publish","hentry"],"acf":[],"yoast_head":"<!-- This site is optimized with the Yoast SEO plugin v27.2 - https:\/\/yoast.com\/product\/yoast-seo-wordpress\/ -->\n<title>Our job openings - JLD-Lagu\u00eb<\/title>\n<meta name=\"description\" content=\"Viens faire carri\u00e8re chez JLD-Lagu\u00eb et applique sur nos postes ouverts au Qu\u00e9bec et en Ontario. Formation disponible !\" \/>\n<meta name=\"robots\" content=\"index, follow, max-snippet:-1, max-image-preview:large, max-video-preview:-1\" \/>\n<link rel=\"canonical\" href=\"https:\/\/jldlague.com\/en\/available-jobs\/\" \/>\n<meta property=\"og:locale\" content=\"en_US\" \/>\n<meta property=\"og:type\" content=\"article\" \/>\n<meta property=\"og:title\" content=\"Our job openings - JLD-Lagu\u00eb\" \/>\n<meta property=\"og:description\" content=\"Viens faire carri\u00e8re chez JLD-Lagu\u00eb et applique sur nos postes ouverts au Qu\u00e9bec et en Ontario. Formation disponible !\" \/>\n<meta property=\"og:url\" content=\"https:\/\/jldlague.com\/en\/available-jobs\/\" \/>\n<meta property=\"og:site_name\" content=\"JLD-Lagu\u00eb\" \/>\n<meta property=\"article:publisher\" content=\"https:\/\/www.facebook.com\/jldlague\" \/>\n<meta property=\"article:modified_time\" content=\"2025-04-11T18:41:32+00:00\" \/>\n<meta property=\"og:image\" content=\"https:\/\/jldlague.com\/wp-content\/uploads\/2025\/01\/GT_carrieres_h-normes.png\" \/>\n\t<meta property=\"og:image:width\" content=\"2241\" \/>\n\t<meta property=\"og:image:height\" content=\"404\" \/>\n\t<meta property=\"og:image:type\" content=\"image\/png\" \/>\n<meta name=\"twitter:card\" content=\"summary_large_image\" \/>\n<meta name=\"twitter:label1\" content=\"Est. reading time\" \/>\n\t<meta name=\"twitter:data1\" content=\"1 minute\" \/>\n<script type=\"application\/ld+json\" class=\"yoast-schema-graph\">{\"@context\":\"https:\/\/schema.org\",\"@graph\":[{\"@type\":\"WebPage\",\"@id\":\"https:\/\/jldlague.com\/en\/available-jobs\/\",\"url\":\"https:\/\/jldlague.com\/en\/available-jobs\/\",\"name\":\"Our job openings - JLD-Lagu\u00eb\",\"isPartOf\":{\"@id\":\"https:\/\/jldlague.com\/en\/#website\"},\"primaryImageOfPage\":{\"@id\":\"https:\/\/jldlague.com\/en\/available-jobs\/#primaryimage\"},\"image\":{\"@id\":\"https:\/\/jldlague.com\/en\/available-jobs\/#primaryimage\"},\"thumbnailUrl\":\"https:\/\/jldlague.com\/wp-content\/uploads\/2025\/01\/GT_carrieres_h-normes-1024x185.png\",\"datePublished\":\"2023-07-19T14:36:15+00:00\",\"dateModified\":\"2025-04-11T18:41:32+00:00\",\"description\":\"Viens faire carri\u00e8re chez JLD-Lagu\u00eb et applique sur nos postes ouverts au Qu\u00e9bec et en Ontario. Formation disponible !\",\"breadcrumb\":{\"@id\":\"https:\/\/jldlague.com\/en\/available-jobs\/#breadcrumb\"},\"inLanguage\":\"en-US\",\"potentialAction\":[{\"@type\":\"ReadAction\",\"target\":[\"https:\/\/jldlague.com\/en\/available-jobs\/\"]}]},{\"@type\":\"ImageObject\",\"inLanguage\":\"en-US\",\"@id\":\"https:\/\/jldlague.com\/en\/available-jobs\/#primaryimage\",\"url\":\"https:\/\/jldlague.com\/wp-content\/uploads\/2025\/01\/GT_carrieres_h-normes-1024x185.png\",\"contentUrl\":\"https:\/\/jldlague.com\/wp-content\/uploads\/2025\/01\/GT_carrieres_h-normes-1024x185.png\"},{\"@type\":\"BreadcrumbList\",\"@id\":\"https:\/\/jldlague.com\/en\/available-jobs\/#breadcrumb\",\"itemListElement\":[{\"@type\":\"ListItem\",\"position\":1,\"name\":\"Home\",\"item\":\"https:\/\/jldlague.com\/en\/\"},{\"@type\":\"ListItem\",\"position\":2,\"name\":\"Our job openings\"}]},{\"@type\":\"WebSite\",\"@id\":\"https:\/\/jldlague.com\/en\/#website\",\"url\":\"https:\/\/jldlague.com\/en\/\",\"name\":\"JLD-Lagu\u00eb\",\"description\":\"\",\"publisher\":{\"@id\":\"https:\/\/jldlague.com\/en\/#organization\"},\"alternateName\":\"JLD\",\"potentialAction\":[{\"@type\":\"SearchAction\",\"target\":{\"@type\":\"EntryPoint\",\"urlTemplate\":\"https:\/\/jldlague.com\/en\/?s={search_term_string}\"},\"query-input\":{\"@type\":\"PropertyValueSpecification\",\"valueRequired\":true,\"valueName\":\"search_term_string\"}}],\"inLanguage\":\"en-US\"},{\"@type\":\"Organization\",\"@id\":\"https:\/\/jldlague.com\/en\/#organization\",\"name\":\"JLD-Lagu\u00eb\",\"url\":\"https:\/\/jldlague.com\/en\/\",\"logo\":{\"@type\":\"ImageObject\",\"inLanguage\":\"en-US\",\"@id\":\"https:\/\/jldlague.com\/en\/#\/schema\/logo\/image\/\",\"url\":\"https:\/\/jldlague.com\/wp-content\/uploads\/2023\/06\/logos.svg\",\"contentUrl\":\"https:\/\/jldlague.com\/wp-content\/uploads\/2023\/06\/logos.svg\",\"width\":385,\"height\":50,\"caption\":\"JLD-Lagu\u00eb\"},\"image\":{\"@id\":\"https:\/\/jldlague.com\/en\/#\/schema\/logo\/image\/\"},\"sameAs\":[\"https:\/\/www.facebook.com\/jldlague\",\"https:\/\/www.linkedin.com\/company\/the-jld-group-john-deere-dealer\",\"https:\/\/www.instagram.com\/jldlague\/\",\"https:\/\/www.youtube.com\/channel\/UCRpOpeDrLm9lIf6jXO7cJZw\"]}]}<\/script>\n<!-- \/ Yoast SEO plugin. -->","yoast_head_json":{"title":"Our job openings - JLD-Lagu\u00eb","description":"Viens faire carri\u00e8re chez JLD-Lagu\u00eb et applique sur nos postes ouverts au Qu\u00e9bec et en Ontario. Formation disponible !","robots":{"index":"index","follow":"follow","max-snippet":"max-snippet:-1","max-image-preview":"max-image-preview:large","max-video-preview":"max-video-preview:-1"},"canonical":"https:\/\/jldlague.com\/en\/available-jobs\/","og_locale":"en_US","og_type":"article","og_title":"Our job openings - JLD-Lagu\u00eb","og_description":"Viens faire carri\u00e8re chez JLD-Lagu\u00eb et applique sur nos postes ouverts au Qu\u00e9bec et en Ontario. Formation disponible !","og_url":"https:\/\/jldlague.com\/en\/available-jobs\/","og_site_name":"JLD-Lagu\u00eb","article_publisher":"https:\/\/www.facebook.com\/jldlague","article_modified_time":"2025-04-11T18:41:32+00:00","og_image":[{"width":2241,"height":404,"url":"https:\/\/jldlague.com\/wp-content\/uploads\/2025\/01\/GT_carrieres_h-normes.png","type":"image\/png"}],"twitter_card":"summary_large_image","twitter_misc":{"Est. reading time":"1 minute"},"schema":{"@context":"https:\/\/schema.org","@graph":[{"@type":"WebPage","@id":"https:\/\/jldlague.com\/en\/available-jobs\/","url":"https:\/\/jldlague.com\/en\/available-jobs\/","name":"Our job openings - JLD-Lagu\u00eb","isPartOf":{"@id":"https:\/\/jldlague.com\/en\/#website"},"primaryImageOfPage":{"@id":"https:\/\/jldlague.com\/en\/available-jobs\/#primaryimage"},"image":{"@id":"https:\/\/jldlague.com\/en\/available-jobs\/#primaryimage"},"thumbnailUrl":"https:\/\/jldlague.com\/wp-content\/uploads\/2025\/01\/GT_carrieres_h-normes-1024x185.png","datePublished":"2023-07-19T14:36:15+00:00","dateModified":"2025-04-11T18:41:32+00:00","description":"Viens faire carri\u00e8re chez JLD-Lagu\u00eb et applique sur nos postes ouverts au Qu\u00e9bec et en Ontario. Formation disponible !","breadcrumb":{"@id":"https:\/\/jldlague.com\/en\/available-jobs\/#breadcrumb"},"inLanguage":"en-US","potentialAction":[{"@type":"ReadAction","target":["https:\/\/jldlague.com\/en\/available-jobs\/"]}]},{"@type":"ImageObject","inLanguage":"en-US","@id":"https:\/\/jldlague.com\/en\/available-jobs\/#primaryimage","url":"https:\/\/jldlague.com\/wp-content\/uploads\/2025\/01\/GT_carrieres_h-normes-1024x185.png","contentUrl":"https:\/\/jldlague.com\/wp-content\/uploads\/2025\/01\/GT_carrieres_h-normes-1024x185.png"},{"@type":"BreadcrumbList","@id":"https:\/\/jldlague.com\/en\/available-jobs\/#breadcrumb","itemListElement":[{"@type":"ListItem","position":1,"name":"Home","item":"https:\/\/jldlague.com\/en\/"},{"@type":"ListItem","position":2,"name":"Our job openings"}]},{"@type":"WebSite","@id":"https:\/\/jldlague.com\/en\/#website","url":"https:\/\/jldlague.com\/en\/","name":"JLD-Lagu\u00eb","description":"","publisher":{"@id":"https:\/\/jldlague.com\/en\/#organization"},"alternateName":"JLD","potentialAction":[{"@type":"SearchAction","target":{"@type":"EntryPoint","urlTemplate":"https:\/\/jldlague.com\/en\/?s={search_term_string}"},"query-input":{"@type":"PropertyValueSpecification","valueRequired":true,"valueName":"search_term_string"}}],"inLanguage":"en-US"},{"@type":"Organization","@id":"https:\/\/jldlague.com\/en\/#organization","name":"JLD-Lagu\u00eb","url":"https:\/\/jldlague.com\/en\/","logo":{"@type":"ImageObject","inLanguage":"en-US","@id":"https:\/\/jldlague.com\/en\/#\/schema\/logo\/image\/","url":"https:\/\/jldlague.com\/wp-content\/uploads\/2023\/06\/logos.svg","contentUrl":"https:\/\/jldlague.com\/wp-content\/uploads\/2023\/06\/logos.svg","width":385,"height":50,"caption":"JLD-Lagu\u00eb"},"image":{"@id":"https:\/\/jldlague.com\/en\/#\/schema\/logo\/image\/"},"sameAs":["https:\/\/www.facebook.com\/jldlague","https:\/\/www.linkedin.com\/company\/the-jld-group-john-deere-dealer","https:\/\/www.instagram.com\/jldlague\/","https:\/\/www.youtube.com\/channel\/UCRpOpeDrLm9lIf6jXO7cJZw"]}]}},"_links":{"self":[{"href":"https:\/\/jldlague.com\/en\/wp-json\/wp\/v2\/pages\/19100","targetHints":{"allow":["GET"]}}],"collection":[{"href":"https:\/\/jldlague.com\/en\/wp-json\/wp\/v2\/pages"}],"about":[{"href":"https:\/\/jldlague.com\/en\/wp-json\/wp\/v2\/types\/page"}],"author":[{"embeddable":true,"href":"https:\/\/jldlague.com\/en\/wp-json\/wp\/v2\/users\/2"}],"replies":[{"embeddable":true,"href":"https:\/\/jldlague.com\/en\/wp-json\/wp\/v2\/comments?post=19100"}],"version-history":[{"count":4,"href":"https:\/\/jldlague.com\/en\/wp-json\/wp\/v2\/pages\/19100\/revisions"}],"predecessor-version":[{"id":378997,"href":"https:\/\/jldlague.com\/en\/wp-json\/wp\/v2\/pages\/19100\/revisions\/378997"}],"wp:attachment":[{"href":"https:\/\/jldlague.com\/en\/wp-json\/wp\/v2\/media?parent=19100"}],"curies":[{"name":"wp","href":"https:\/\/api.w.org\/{rel}","templated":true}]}}