{"id":196580,"date":"2023-12-15T07:56:37","date_gmt":"2023-12-15T12:56:37","guid":{"rendered":"https:\/\/jldlague.com\/?post_type=product&#038;p=196580"},"modified":"2025-04-14T08:06:22","modified_gmt":"2025-04-14T12:06:22","slug":"kubota-m6-141-4x4-cab-3","status":"publish","type":"product","link":"https:\/\/jldlague.com\/en\/product\/used-equipment\/used-tractors\/used-100-hp-tractor\/kubota-m6-141-4x4-cab-3\/","title":{"rendered":"KUBOTA M6-141 4X4 CAB"},"content":{"rendered":"<p>ENG. HP 141, PTO HP 114,  TRANS. INTELLI-SHIFT 24\/24 40KM LHR,  18.4-38 40% GOOD,  14.9-24 25% GOOD,  3 SCV, PTO 540\/1000,  FRONT FENDERS, REAR WIPER, MIRRORS  HELPER SEAT, BEACON LIGHT,  3FTS MEC. JOYSTICK,  WARRANTY : 2000HRS \/ MARS 19 2025 KUBOTA, <\/p>\n","protected":false},"excerpt":{"rendered":"<p>ENG. HP 141, PTO HP 114, TRANS. INTELLI-SHIFT 24\/24 40KM LHR, 18.4-38 40% GOOD, 14.9-24 25% GOOD, 3 SCV, PTO 540\/1000, FRONT FENDERS, REAR WIPER, MIRRORS HELPER SEAT, BEACON LIGHT, 3FTS MEC. JOYSTICK, WARRANTY : 2000HRS \/ MARS 19 2025 KUBOTA,<\/p>\n","protected":false},"featured_media":336614,"template":"","meta":{"_acf_changed":false},"product_brand":[],"product_cat":[1210,30,926,89,146,37],"product_tag":[],"brand":[340],"industry":[],"class_list":{"0":"post-196580","1":"product","2":"type-product","3":"status-publish","4":"has-post-thumbnail","6":"product_cat-used-100-hp-tractor","7":"product_cat-equipements-usages","8":"product_cat-tracteur-100-hp-usages","9":"product_cat-tracteurs-usages","10":"product_cat-used-tractors","11":"product_cat-used-equipment","12":"brand-kubota-2","14":"first","15":"instock","16":"taxable","17":"shipping-taxable","18":"product-type-simple"},"acf":{"year":2019,"hours":467,"model":"M6.141","kilometers":"","overrideShowForms":false,"keepProductStatusWhenImporting":false},"yoast_head":"<!-- This site is optimized with the Yoast SEO plugin v27.2 - https:\/\/yoast.com\/product\/yoast-seo-wordpress\/ -->\n<title>KUBOTA M6-141 4X4 CAB - Kubota - JLD-Lagu\u00eb 338099A1<\/title>\n<meta name=\"description\" content=\"D\u00e9couvrez le produit KUBOTA M6-141 4X4 CAB+100 HP Tractor, \u00c9quipements usag\u00e9s, Tracteur 100 HP +, Tracteurs, Tractors, Used equipment (338099A1) de Kubotadisponible chez JLD-Lagu\u00eb\" \/>\n<meta name=\"robots\" content=\"index, follow, max-snippet:-1, max-image-preview:large, max-video-preview:-1\" \/>\n<link rel=\"canonical\" href=\"https:\/\/jldlague.com\/en\/product\/used-equipment\/used-tractors\/used-100-hp-tractor\/kubota-m6-141-4x4-cab-3\/\" \/>\n<meta property=\"og:locale\" content=\"en_US\" \/>\n<meta property=\"og:type\" content=\"article\" \/>\n<meta property=\"og:title\" content=\"KUBOTA M6-141 4X4 CAB - Kubota - JLD-Lagu\u00eb 338099A1\" \/>\n<meta property=\"og:description\" content=\"D\u00e9couvrez le produit KUBOTA M6-141 4X4 CAB+100 HP Tractor, \u00c9quipements usag\u00e9s, Tracteur 100 HP +, Tracteurs, Tractors, Used equipment (338099A1) de Kubotadisponible chez JLD-Lagu\u00eb\" \/>\n<meta property=\"og:url\" content=\"https:\/\/jldlague.com\/en\/product\/used-equipment\/used-tractors\/used-100-hp-tractor\/kubota-m6-141-4x4-cab-3\/\" \/>\n<meta property=\"og:site_name\" content=\"JLD-Lagu\u00eb\" \/>\n<meta property=\"article:publisher\" content=\"https:\/\/www.facebook.com\/jldlague\" \/>\n<meta property=\"article:modified_time\" content=\"2025-04-14T12:06:22+00:00\" \/>\n<meta property=\"og:image\" content=\"https:\/\/jldlague.com\/wp-content\/uploads\/2023\/12\/20240912_151601-scaled.jpg\" \/>\n\t<meta property=\"og:image:width\" content=\"2560\" \/>\n\t<meta property=\"og:image:height\" content=\"1183\" \/>\n\t<meta property=\"og:image:type\" content=\"image\/jpeg\" \/>\n<meta name=\"twitter:card\" content=\"summary_large_image\" \/>\n<script type=\"application\/ld+json\" class=\"yoast-schema-graph\">{\"@context\":\"https:\/\/schema.org\",\"@graph\":[{\"@type\":\"WebPage\",\"@id\":\"https:\/\/jldlague.com\/en\/product\/used-equipment\/used-tractors\/used-100-hp-tractor\/kubota-m6-141-4x4-cab-3\/\",\"url\":\"https:\/\/jldlague.com\/en\/product\/used-equipment\/used-tractors\/used-100-hp-tractor\/kubota-m6-141-4x4-cab-3\/\",\"name\":\"KUBOTA M6-141 4X4 CAB - Kubota - JLD-Lagu\u00eb 338099A1\",\"isPartOf\":{\"@id\":\"https:\/\/jldlague.com\/en\/#website\"},\"primaryImageOfPage\":{\"@id\":\"https:\/\/jldlague.com\/en\/product\/used-equipment\/used-tractors\/used-100-hp-tractor\/kubota-m6-141-4x4-cab-3\/#primaryimage\"},\"image\":{\"@id\":\"https:\/\/jldlague.com\/en\/product\/used-equipment\/used-tractors\/used-100-hp-tractor\/kubota-m6-141-4x4-cab-3\/#primaryimage\"},\"thumbnailUrl\":\"https:\/\/jldlague.com\/wp-content\/uploads\/2023\/12\/20240912_151601-scaled.jpg\",\"datePublished\":\"2023-12-15T12:56:37+00:00\",\"dateModified\":\"2025-04-14T12:06:22+00:00\",\"description\":\"D\u00e9couvrez le produit KUBOTA M6-141 4X4 CAB+100 HP Tractor, \u00c9quipements usag\u00e9s, Tracteur 100 HP +, Tracteurs, Tractors, Used equipment (338099A1) de Kubotadisponible chez JLD-Lagu\u00eb\",\"breadcrumb\":{\"@id\":\"https:\/\/jldlague.com\/en\/product\/used-equipment\/used-tractors\/used-100-hp-tractor\/kubota-m6-141-4x4-cab-3\/#breadcrumb\"},\"inLanguage\":\"en-US\",\"potentialAction\":[{\"@type\":\"ReadAction\",\"target\":[\"https:\/\/jldlague.com\/en\/product\/used-equipment\/used-tractors\/used-100-hp-tractor\/kubota-m6-141-4x4-cab-3\/\"]}]},{\"@type\":\"ImageObject\",\"inLanguage\":\"en-US\",\"@id\":\"https:\/\/jldlague.com\/en\/product\/used-equipment\/used-tractors\/used-100-hp-tractor\/kubota-m6-141-4x4-cab-3\/#primaryimage\",\"url\":\"https:\/\/jldlague.com\/wp-content\/uploads\/2023\/12\/20240912_151601-scaled.jpg\",\"contentUrl\":\"https:\/\/jldlague.com\/wp-content\/uploads\/2023\/12\/20240912_151601-scaled.jpg\",\"width\":2560,\"height\":1183},{\"@type\":\"BreadcrumbList\",\"@id\":\"https:\/\/jldlague.com\/en\/product\/used-equipment\/used-tractors\/used-100-hp-tractor\/kubota-m6-141-4x4-cab-3\/#breadcrumb\",\"itemListElement\":[{\"@type\":\"ListItem\",\"position\":1,\"name\":\"Home\",\"item\":\"https:\/\/jldlague.com\/en\/\"},{\"@type\":\"ListItem\",\"position\":2,\"name\":\"Used equipment\",\"item\":\"https:\/\/jldlague.com\/en\/product-category\/used-equipment\/\"},{\"@type\":\"ListItem\",\"position\":3,\"name\":\"Tractors\",\"item\":\"https:\/\/jldlague.com\/en\/product-category\/used-equipment\/used-tractors\/\"},{\"@type\":\"ListItem\",\"position\":4,\"name\":\"+100 HP Tractor\",\"item\":\"https:\/\/jldlague.com\/en\/product-category\/used-equipment\/used-tractors\/used-100-hp-tractor\/\"},{\"@type\":\"ListItem\",\"position\":5,\"name\":\"KUBOTA M6-141 4X4 CAB\"}]},{\"@type\":\"WebSite\",\"@id\":\"https:\/\/jldlague.com\/en\/#website\",\"url\":\"https:\/\/jldlague.com\/en\/\",\"name\":\"JLD-Lagu\u00eb\",\"description\":\"\",\"publisher\":{\"@id\":\"https:\/\/jldlague.com\/en\/#organization\"},\"alternateName\":\"JLD\",\"potentialAction\":[{\"@type\":\"SearchAction\",\"target\":{\"@type\":\"EntryPoint\",\"urlTemplate\":\"https:\/\/jldlague.com\/en\/?s={search_term_string}\"},\"query-input\":{\"@type\":\"PropertyValueSpecification\",\"valueRequired\":true,\"valueName\":\"search_term_string\"}}],\"inLanguage\":\"en-US\"},{\"@type\":\"Organization\",\"@id\":\"https:\/\/jldlague.com\/en\/#organization\",\"name\":\"JLD-Lagu\u00eb\",\"url\":\"https:\/\/jldlague.com\/en\/\",\"logo\":{\"@type\":\"ImageObject\",\"inLanguage\":\"en-US\",\"@id\":\"https:\/\/jldlague.com\/en\/#\/schema\/logo\/image\/\",\"url\":\"https:\/\/jldlague.com\/wp-content\/uploads\/2023\/06\/logos.svg\",\"contentUrl\":\"https:\/\/jldlague.com\/wp-content\/uploads\/2023\/06\/logos.svg\",\"width\":385,\"height\":50,\"caption\":\"JLD-Lagu\u00eb\"},\"image\":{\"@id\":\"https:\/\/jldlague.com\/en\/#\/schema\/logo\/image\/\"},\"sameAs\":[\"https:\/\/www.facebook.com\/jldlague\",\"https:\/\/www.linkedin.com\/company\/the-jld-group-john-deere-dealer\",\"https:\/\/www.instagram.com\/jldlague\/\",\"https:\/\/www.youtube.com\/channel\/UCRpOpeDrLm9lIf6jXO7cJZw\"]}]}<\/script>\n<!-- \/ Yoast SEO plugin. -->","yoast_head_json":{"title":"KUBOTA M6-141 4X4 CAB - Kubota - JLD-Lagu\u00eb 338099A1","description":"D\u00e9couvrez le produit KUBOTA M6-141 4X4 CAB+100 HP Tractor, \u00c9quipements usag\u00e9s, Tracteur 100 HP +, Tracteurs, Tractors, Used equipment (338099A1) de Kubotadisponible chez JLD-Lagu\u00eb","robots":{"index":"index","follow":"follow","max-snippet":"max-snippet:-1","max-image-preview":"max-image-preview:large","max-video-preview":"max-video-preview:-1"},"canonical":"https:\/\/jldlague.com\/en\/product\/used-equipment\/used-tractors\/used-100-hp-tractor\/kubota-m6-141-4x4-cab-3\/","og_locale":"en_US","og_type":"article","og_title":"KUBOTA M6-141 4X4 CAB - Kubota - JLD-Lagu\u00eb 338099A1","og_description":"D\u00e9couvrez le produit KUBOTA M6-141 4X4 CAB+100 HP Tractor, \u00c9quipements usag\u00e9s, Tracteur 100 HP +, Tracteurs, Tractors, Used equipment (338099A1) de Kubotadisponible chez JLD-Lagu\u00eb","og_url":"https:\/\/jldlague.com\/en\/product\/used-equipment\/used-tractors\/used-100-hp-tractor\/kubota-m6-141-4x4-cab-3\/","og_site_name":"JLD-Lagu\u00eb","article_publisher":"https:\/\/www.facebook.com\/jldlague","article_modified_time":"2025-04-14T12:06:22+00:00","og_image":[{"width":2560,"height":1183,"url":"https:\/\/jldlague.com\/wp-content\/uploads\/2023\/12\/20240912_151601-scaled.jpg","type":"image\/jpeg"}],"twitter_card":"summary_large_image","schema":{"@context":"https:\/\/schema.org","@graph":[{"@type":"WebPage","@id":"https:\/\/jldlague.com\/en\/product\/used-equipment\/used-tractors\/used-100-hp-tractor\/kubota-m6-141-4x4-cab-3\/","url":"https:\/\/jldlague.com\/en\/product\/used-equipment\/used-tractors\/used-100-hp-tractor\/kubota-m6-141-4x4-cab-3\/","name":"KUBOTA M6-141 4X4 CAB - Kubota - JLD-Lagu\u00eb 338099A1","isPartOf":{"@id":"https:\/\/jldlague.com\/en\/#website"},"primaryImageOfPage":{"@id":"https:\/\/jldlague.com\/en\/product\/used-equipment\/used-tractors\/used-100-hp-tractor\/kubota-m6-141-4x4-cab-3\/#primaryimage"},"image":{"@id":"https:\/\/jldlague.com\/en\/product\/used-equipment\/used-tractors\/used-100-hp-tractor\/kubota-m6-141-4x4-cab-3\/#primaryimage"},"thumbnailUrl":"https:\/\/jldlague.com\/wp-content\/uploads\/2023\/12\/20240912_151601-scaled.jpg","datePublished":"2023-12-15T12:56:37+00:00","dateModified":"2025-04-14T12:06:22+00:00","description":"D\u00e9couvrez le produit KUBOTA M6-141 4X4 CAB+100 HP Tractor, \u00c9quipements usag\u00e9s, Tracteur 100 HP +, Tracteurs, Tractors, Used equipment (338099A1) de Kubotadisponible chez JLD-Lagu\u00eb","breadcrumb":{"@id":"https:\/\/jldlague.com\/en\/product\/used-equipment\/used-tractors\/used-100-hp-tractor\/kubota-m6-141-4x4-cab-3\/#breadcrumb"},"inLanguage":"en-US","potentialAction":[{"@type":"ReadAction","target":["https:\/\/jldlague.com\/en\/product\/used-equipment\/used-tractors\/used-100-hp-tractor\/kubota-m6-141-4x4-cab-3\/"]}]},{"@type":"ImageObject","inLanguage":"en-US","@id":"https:\/\/jldlague.com\/en\/product\/used-equipment\/used-tractors\/used-100-hp-tractor\/kubota-m6-141-4x4-cab-3\/#primaryimage","url":"https:\/\/jldlague.com\/wp-content\/uploads\/2023\/12\/20240912_151601-scaled.jpg","contentUrl":"https:\/\/jldlague.com\/wp-content\/uploads\/2023\/12\/20240912_151601-scaled.jpg","width":2560,"height":1183},{"@type":"BreadcrumbList","@id":"https:\/\/jldlague.com\/en\/product\/used-equipment\/used-tractors\/used-100-hp-tractor\/kubota-m6-141-4x4-cab-3\/#breadcrumb","itemListElement":[{"@type":"ListItem","position":1,"name":"Home","item":"https:\/\/jldlague.com\/en\/"},{"@type":"ListItem","position":2,"name":"Used equipment","item":"https:\/\/jldlague.com\/en\/product-category\/used-equipment\/"},{"@type":"ListItem","position":3,"name":"Tractors","item":"https:\/\/jldlague.com\/en\/product-category\/used-equipment\/used-tractors\/"},{"@type":"ListItem","position":4,"name":"+100 HP Tractor","item":"https:\/\/jldlague.com\/en\/product-category\/used-equipment\/used-tractors\/used-100-hp-tractor\/"},{"@type":"ListItem","position":5,"name":"KUBOTA M6-141 4X4 CAB"}]},{"@type":"WebSite","@id":"https:\/\/jldlague.com\/en\/#website","url":"https:\/\/jldlague.com\/en\/","name":"JLD-Lagu\u00eb","description":"","publisher":{"@id":"https:\/\/jldlague.com\/en\/#organization"},"alternateName":"JLD","potentialAction":[{"@type":"SearchAction","target":{"@type":"EntryPoint","urlTemplate":"https:\/\/jldlague.com\/en\/?s={search_term_string}"},"query-input":{"@type":"PropertyValueSpecification","valueRequired":true,"valueName":"search_term_string"}}],"inLanguage":"en-US"},{"@type":"Organization","@id":"https:\/\/jldlague.com\/en\/#organization","name":"JLD-Lagu\u00eb","url":"https:\/\/jldlague.com\/en\/","logo":{"@type":"ImageObject","inLanguage":"en-US","@id":"https:\/\/jldlague.com\/en\/#\/schema\/logo\/image\/","url":"https:\/\/jldlague.com\/wp-content\/uploads\/2023\/06\/logos.svg","contentUrl":"https:\/\/jldlague.com\/wp-content\/uploads\/2023\/06\/logos.svg","width":385,"height":50,"caption":"JLD-Lagu\u00eb"},"image":{"@id":"https:\/\/jldlague.com\/en\/#\/schema\/logo\/image\/"},"sameAs":["https:\/\/www.facebook.com\/jldlague","https:\/\/www.linkedin.com\/company\/the-jld-group-john-deere-dealer","https:\/\/www.instagram.com\/jldlague\/","https:\/\/www.youtube.com\/channel\/UCRpOpeDrLm9lIf6jXO7cJZw"]}]}},"_links":{"self":[{"href":"https:\/\/jldlague.com\/en\/wp-json\/wp\/v2\/product\/196580","targetHints":{"allow":["GET"]}}],"collection":[{"href":"https:\/\/jldlague.com\/en\/wp-json\/wp\/v2\/product"}],"about":[{"href":"https:\/\/jldlague.com\/en\/wp-json\/wp\/v2\/types\/product"}],"wp:featuredmedia":[{"embeddable":true,"href":"https:\/\/jldlague.com\/en\/wp-json\/wp\/v2\/media\/336614"}],"wp:attachment":[{"href":"https:\/\/jldlague.com\/en\/wp-json\/wp\/v2\/media?parent=196580"}],"wp:term":[{"taxonomy":"product_brand","embeddable":true,"href":"https:\/\/jldlague.com\/en\/wp-json\/wp\/v2\/product_brand?post=196580"},{"taxonomy":"product_cat","embeddable":true,"href":"https:\/\/jldlague.com\/en\/wp-json\/wp\/v2\/product_cat?post=196580"},{"taxonomy":"product_tag","embeddable":true,"href":"https:\/\/jldlague.com\/en\/wp-json\/wp\/v2\/product_tag?post=196580"},{"taxonomy":"brand","embeddable":true,"href":"https:\/\/jldlague.com\/en\/wp-json\/wp\/v2\/brand?post=196580"},{"taxonomy":"industry","embeddable":true,"href":"https:\/\/jldlague.com\/en\/wp-json\/wp\/v2\/industry?post=196580"}],"curies":[{"name":"wp","href":"https:\/\/api.w.org\/{rel}","templated":true}]}}