{"id":196798,"date":"2023-12-15T11:19:58","date_gmt":"2023-12-15T16:19:58","guid":{"rendered":"https:\/\/jldlague.com\/?post_type=product&#038;p=196798"},"modified":"2026-04-16T09:03:32","modified_gmt":"2026-04-16T13:03:32","slug":"44-sweeper","status":"publish","type":"product","link":"https:\/\/jldlague.com\/en\/product\/parts\/toys-and-accessories\/44-sweeper\/","title":{"rendered":"44 in Lawn Sweeper"},"content":{"rendered":"<p>&#8211; n\/a &#8211;<\/p>\n","protected":false},"excerpt":{"rendered":"<p>&#8211; n\/a &#8211;<\/p>\n","protected":false},"featured_media":431394,"template":"","meta":{"_acf_changed":false},"product_brand":[],"product_cat":[56,156,61,160],"product_tag":[],"brand":[75],"industry":[],"class_list":{"0":"post-196798","1":"product","2":"type-product","3":"status-publish","4":"has-post-thumbnail","6":"product_cat-jouets-et-accessoires","7":"product_cat-parts","8":"product_cat-pieces","9":"product_cat-toys-and-accessories","10":"product_shipping_class-forfaitaire-parts-et-merch","11":"brand-john-deere","13":"first","14":"instock","15":"taxable","16":"shipping-taxable","17":"purchasable","18":"product-type-simple"},"acf":{"year":"","hours":"","model":"","kilometers":"","overrideShowForms":false,"keepProductStatusWhenImporting":false},"yoast_head":"<!-- This site is optimized with the Yoast SEO plugin v27.4 - https:\/\/yoast.com\/product\/yoast-seo-wordpress\/ -->\n<title>44 in Lawn Sweeper<\/title>\n<meta name=\"description\" content=\"D\u00e9couvrez le produit 44&quot; sweeper Jouets et accessoires, Parts, Pi\u00e8ces, Toys and accessories (LP49038) de John Deere disponible chez JLD-Lagu\u00eb\" \/>\n<meta name=\"robots\" content=\"index, follow, max-snippet:-1, max-image-preview:large, max-video-preview:-1\" \/>\n<link rel=\"canonical\" href=\"https:\/\/jldlague.com\/en\/product\/parts\/toys-and-accessories\/44-sweeper\/\" \/>\n<meta property=\"og:locale\" content=\"en_US\" \/>\n<meta property=\"og:type\" content=\"article\" \/>\n<meta property=\"og:title\" content=\"44&quot; sweeper - John Deere - JLD-Lagu\u00eb LP49038\" \/>\n<meta property=\"og:description\" content=\"D\u00e9couvrez le produit 44&quot; sweeper Jouets et accessoires, Parts, Pi\u00e8ces, Toys and accessories (LP49038) de John Deere disponible chez JLD-Lagu\u00eb\" \/>\n<meta property=\"og:url\" content=\"https:\/\/jldlague.com\/en\/product\/parts\/toys-and-accessories\/44-sweeper\/\" \/>\n<meta property=\"og:site_name\" content=\"JLD-Lagu\u00eb\" \/>\n<meta property=\"article:publisher\" content=\"https:\/\/www.facebook.com\/jldlague\" \/>\n<meta property=\"article:modified_time\" content=\"2026-04-16T13:03:32+00:00\" \/>\n<meta property=\"og:image\" content=\"https:\/\/jldlague.com\/wp-content\/uploads\/2023\/08\/JLD_Image_partage.png\" \/>\n\t<meta property=\"og:image:width\" content=\"1200\" \/>\n\t<meta property=\"og:image:height\" content=\"675\" \/>\n\t<meta property=\"og:image:type\" content=\"image\/png\" \/>\n<meta name=\"twitter:card\" content=\"summary_large_image\" \/>\n<meta name=\"twitter:label1\" content=\"Est. reading time\" \/>\n\t<meta name=\"twitter:data1\" content=\"1 minute\" \/>\n<script type=\"application\/ld+json\" class=\"yoast-schema-graph\">{\"@context\":\"https:\\\/\\\/schema.org\",\"@graph\":[{\"@type\":\"WebPage\",\"@id\":\"https:\\\/\\\/jldlague.com\\\/en\\\/product\\\/parts\\\/toys-and-accessories\\\/44-sweeper\\\/\",\"url\":\"https:\\\/\\\/jldlague.com\\\/en\\\/product\\\/parts\\\/toys-and-accessories\\\/44-sweeper\\\/\",\"name\":\"44\\\" sweeper - John Deere - JLD-Lagu\u00eb LP49038\",\"isPartOf\":{\"@id\":\"https:\\\/\\\/jldlague.com\\\/en\\\/#website\"},\"primaryImageOfPage\":{\"@id\":\"https:\\\/\\\/jldlague.com\\\/en\\\/product\\\/parts\\\/toys-and-accessories\\\/44-sweeper\\\/#primaryimage\"},\"image\":{\"@id\":\"https:\\\/\\\/jldlague.com\\\/en\\\/product\\\/parts\\\/toys-and-accessories\\\/44-sweeper\\\/#primaryimage\"},\"thumbnailUrl\":\"https:\\\/\\\/jldlague.com\\\/wp-content\\\/uploads\\\/2023\\\/12\\\/preview-43.jpg\",\"datePublished\":\"2023-12-15T16:19:58+00:00\",\"dateModified\":\"2026-04-16T13:03:32+00:00\",\"description\":\"D\u00e9couvrez le produit 44\\\" sweeper Jouets et accessoires, Parts, Pi\u00e8ces, Toys and accessories (LP49038) de John Deere disponible chez JLD-Lagu\u00eb\",\"breadcrumb\":{\"@id\":\"https:\\\/\\\/jldlague.com\\\/en\\\/product\\\/parts\\\/toys-and-accessories\\\/44-sweeper\\\/#breadcrumb\"},\"inLanguage\":\"en-US\",\"potentialAction\":[{\"@type\":\"ReadAction\",\"target\":[\"https:\\\/\\\/jldlague.com\\\/en\\\/product\\\/parts\\\/toys-and-accessories\\\/44-sweeper\\\/\"]}]},{\"@type\":\"ImageObject\",\"inLanguage\":\"en-US\",\"@id\":\"https:\\\/\\\/jldlague.com\\\/en\\\/product\\\/parts\\\/toys-and-accessories\\\/44-sweeper\\\/#primaryimage\",\"url\":\"https:\\\/\\\/jldlague.com\\\/wp-content\\\/uploads\\\/2023\\\/12\\\/preview-43.jpg\",\"contentUrl\":\"https:\\\/\\\/jldlague.com\\\/wp-content\\\/uploads\\\/2023\\\/12\\\/preview-43.jpg\",\"width\":1200,\"height\":1200},{\"@type\":\"BreadcrumbList\",\"@id\":\"https:\\\/\\\/jldlague.com\\\/en\\\/product\\\/parts\\\/toys-and-accessories\\\/44-sweeper\\\/#breadcrumb\",\"itemListElement\":[{\"@type\":\"ListItem\",\"position\":1,\"name\":\"Home\",\"item\":\"https:\\\/\\\/jldlague.com\\\/en\\\/accueil\\\/\"},{\"@type\":\"ListItem\",\"position\":2,\"name\":\"Parts\",\"item\":\"https:\\\/\\\/jldlague.com\\\/en\\\/product-category\\\/parts\\\/\"},{\"@type\":\"ListItem\",\"position\":3,\"name\":\"Toys and accessories\",\"item\":\"https:\\\/\\\/jldlague.com\\\/en\\\/product-category\\\/parts\\\/toys-and-accessories\\\/\"},{\"@type\":\"ListItem\",\"position\":4,\"name\":\"44 in Lawn Sweeper\"}]},{\"@type\":\"WebSite\",\"@id\":\"https:\\\/\\\/jldlague.com\\\/en\\\/#website\",\"url\":\"https:\\\/\\\/jldlague.com\\\/en\\\/\",\"name\":\"JLD-Lagu\u00eb\",\"description\":\"\",\"publisher\":{\"@id\":\"https:\\\/\\\/jldlague.com\\\/en\\\/#organization\"},\"alternateName\":\"JLD\",\"potentialAction\":[{\"@type\":\"SearchAction\",\"target\":{\"@type\":\"EntryPoint\",\"urlTemplate\":\"https:\\\/\\\/jldlague.com\\\/en\\\/?s={search_term_string}\"},\"query-input\":{\"@type\":\"PropertyValueSpecification\",\"valueRequired\":true,\"valueName\":\"search_term_string\"}}],\"inLanguage\":\"en-US\"},{\"@type\":\"Organization\",\"@id\":\"https:\\\/\\\/jldlague.com\\\/en\\\/#organization\",\"name\":\"JLD-Lagu\u00eb\",\"url\":\"https:\\\/\\\/jldlague.com\\\/en\\\/\",\"logo\":{\"@type\":\"ImageObject\",\"inLanguage\":\"en-US\",\"@id\":\"https:\\\/\\\/jldlague.com\\\/en\\\/#\\\/schema\\\/logo\\\/image\\\/\",\"url\":\"https:\\\/\\\/jldlague.com\\\/wp-content\\\/uploads\\\/2023\\\/06\\\/logos.svg\",\"contentUrl\":\"https:\\\/\\\/jldlague.com\\\/wp-content\\\/uploads\\\/2023\\\/06\\\/logos.svg\",\"width\":385,\"height\":50,\"caption\":\"JLD-Lagu\u00eb\"},\"image\":{\"@id\":\"https:\\\/\\\/jldlague.com\\\/en\\\/#\\\/schema\\\/logo\\\/image\\\/\"},\"sameAs\":[\"https:\\\/\\\/www.facebook.com\\\/jldlague\",\"https:\\\/\\\/www.linkedin.com\\\/company\\\/the-jld-group-john-deere-dealer\",\"https:\\\/\\\/www.instagram.com\\\/jldlague\\\/\",\"https:\\\/\\\/www.youtube.com\\\/channel\\\/UCRpOpeDrLm9lIf6jXO7cJZw\"]}]}<\/script>\n<!-- \/ Yoast SEO plugin. -->","yoast_head_json":{"title":"44 in Lawn Sweeper","description":"D\u00e9couvrez le produit 44\" sweeper Jouets et accessoires, Parts, Pi\u00e8ces, Toys and accessories (LP49038) de John Deere disponible chez JLD-Lagu\u00eb","robots":{"index":"index","follow":"follow","max-snippet":"max-snippet:-1","max-image-preview":"max-image-preview:large","max-video-preview":"max-video-preview:-1"},"canonical":"https:\/\/jldlague.com\/en\/product\/parts\/toys-and-accessories\/44-sweeper\/","og_locale":"en_US","og_type":"article","og_title":"44\" sweeper - John Deere - JLD-Lagu\u00eb LP49038","og_description":"D\u00e9couvrez le produit 44\" sweeper Jouets et accessoires, Parts, Pi\u00e8ces, Toys and accessories (LP49038) de John Deere disponible chez JLD-Lagu\u00eb","og_url":"https:\/\/jldlague.com\/en\/product\/parts\/toys-and-accessories\/44-sweeper\/","og_site_name":"JLD-Lagu\u00eb","article_publisher":"https:\/\/www.facebook.com\/jldlague","article_modified_time":"2026-04-16T13:03:32+00:00","og_image":[{"width":1200,"height":675,"url":"https:\/\/jldlague.com\/wp-content\/uploads\/2023\/08\/JLD_Image_partage.png","type":"image\/png"}],"twitter_card":"summary_large_image","twitter_misc":{"Est. reading time":"1 minute"},"schema":{"@context":"https:\/\/schema.org","@graph":[{"@type":"WebPage","@id":"https:\/\/jldlague.com\/en\/product\/parts\/toys-and-accessories\/44-sweeper\/","url":"https:\/\/jldlague.com\/en\/product\/parts\/toys-and-accessories\/44-sweeper\/","name":"44\" sweeper - John Deere - JLD-Lagu\u00eb LP49038","isPartOf":{"@id":"https:\/\/jldlague.com\/en\/#website"},"primaryImageOfPage":{"@id":"https:\/\/jldlague.com\/en\/product\/parts\/toys-and-accessories\/44-sweeper\/#primaryimage"},"image":{"@id":"https:\/\/jldlague.com\/en\/product\/parts\/toys-and-accessories\/44-sweeper\/#primaryimage"},"thumbnailUrl":"https:\/\/jldlague.com\/wp-content\/uploads\/2023\/12\/preview-43.jpg","datePublished":"2023-12-15T16:19:58+00:00","dateModified":"2026-04-16T13:03:32+00:00","description":"D\u00e9couvrez le produit 44\" sweeper Jouets et accessoires, Parts, Pi\u00e8ces, Toys and accessories (LP49038) de John Deere disponible chez JLD-Lagu\u00eb","breadcrumb":{"@id":"https:\/\/jldlague.com\/en\/product\/parts\/toys-and-accessories\/44-sweeper\/#breadcrumb"},"inLanguage":"en-US","potentialAction":[{"@type":"ReadAction","target":["https:\/\/jldlague.com\/en\/product\/parts\/toys-and-accessories\/44-sweeper\/"]}]},{"@type":"ImageObject","inLanguage":"en-US","@id":"https:\/\/jldlague.com\/en\/product\/parts\/toys-and-accessories\/44-sweeper\/#primaryimage","url":"https:\/\/jldlague.com\/wp-content\/uploads\/2023\/12\/preview-43.jpg","contentUrl":"https:\/\/jldlague.com\/wp-content\/uploads\/2023\/12\/preview-43.jpg","width":1200,"height":1200},{"@type":"BreadcrumbList","@id":"https:\/\/jldlague.com\/en\/product\/parts\/toys-and-accessories\/44-sweeper\/#breadcrumb","itemListElement":[{"@type":"ListItem","position":1,"name":"Home","item":"https:\/\/jldlague.com\/en\/accueil\/"},{"@type":"ListItem","position":2,"name":"Parts","item":"https:\/\/jldlague.com\/en\/product-category\/parts\/"},{"@type":"ListItem","position":3,"name":"Toys and accessories","item":"https:\/\/jldlague.com\/en\/product-category\/parts\/toys-and-accessories\/"},{"@type":"ListItem","position":4,"name":"44 in Lawn Sweeper"}]},{"@type":"WebSite","@id":"https:\/\/jldlague.com\/en\/#website","url":"https:\/\/jldlague.com\/en\/","name":"JLD-Lagu\u00eb","description":"","publisher":{"@id":"https:\/\/jldlague.com\/en\/#organization"},"alternateName":"JLD","potentialAction":[{"@type":"SearchAction","target":{"@type":"EntryPoint","urlTemplate":"https:\/\/jldlague.com\/en\/?s={search_term_string}"},"query-input":{"@type":"PropertyValueSpecification","valueRequired":true,"valueName":"search_term_string"}}],"inLanguage":"en-US"},{"@type":"Organization","@id":"https:\/\/jldlague.com\/en\/#organization","name":"JLD-Lagu\u00eb","url":"https:\/\/jldlague.com\/en\/","logo":{"@type":"ImageObject","inLanguage":"en-US","@id":"https:\/\/jldlague.com\/en\/#\/schema\/logo\/image\/","url":"https:\/\/jldlague.com\/wp-content\/uploads\/2023\/06\/logos.svg","contentUrl":"https:\/\/jldlague.com\/wp-content\/uploads\/2023\/06\/logos.svg","width":385,"height":50,"caption":"JLD-Lagu\u00eb"},"image":{"@id":"https:\/\/jldlague.com\/en\/#\/schema\/logo\/image\/"},"sameAs":["https:\/\/www.facebook.com\/jldlague","https:\/\/www.linkedin.com\/company\/the-jld-group-john-deere-dealer","https:\/\/www.instagram.com\/jldlague\/","https:\/\/www.youtube.com\/channel\/UCRpOpeDrLm9lIf6jXO7cJZw"]}]}},"_links":{"self":[{"href":"https:\/\/jldlague.com\/en\/wp-json\/wp\/v2\/product\/196798","targetHints":{"allow":["GET"]}}],"collection":[{"href":"https:\/\/jldlague.com\/en\/wp-json\/wp\/v2\/product"}],"about":[{"href":"https:\/\/jldlague.com\/en\/wp-json\/wp\/v2\/types\/product"}],"wp:featuredmedia":[{"embeddable":true,"href":"https:\/\/jldlague.com\/en\/wp-json\/wp\/v2\/media\/431394"}],"wp:attachment":[{"href":"https:\/\/jldlague.com\/en\/wp-json\/wp\/v2\/media?parent=196798"}],"wp:term":[{"taxonomy":"product_brand","embeddable":true,"href":"https:\/\/jldlague.com\/en\/wp-json\/wp\/v2\/product_brand?post=196798"},{"taxonomy":"product_cat","embeddable":true,"href":"https:\/\/jldlague.com\/en\/wp-json\/wp\/v2\/product_cat?post=196798"},{"taxonomy":"product_tag","embeddable":true,"href":"https:\/\/jldlague.com\/en\/wp-json\/wp\/v2\/product_tag?post=196798"},{"taxonomy":"brand","embeddable":true,"href":"https:\/\/jldlague.com\/en\/wp-json\/wp\/v2\/brand?post=196798"},{"taxonomy":"industry","embeddable":true,"href":"https:\/\/jldlague.com\/en\/wp-json\/wp\/v2\/industry?post=196798"}],"curies":[{"name":"wp","href":"https:\/\/api.w.org\/{rel}","templated":true}]}}