{"id":205616,"date":"2024-01-06T08:37:49","date_gmt":"2024-01-06T13:37:49","guid":{"rendered":"https:\/\/jldlague.com\/?post_type=product&#038;p=205616"},"modified":"2026-05-03T09:16:58","modified_gmt":"2026-05-03T13:16:58","slug":"aspirateur-lith","status":"publish","type":"product","link":"https:\/\/jldlague.com\/en\/product\/small-equipment\/all-small-equipment\/aspirateur-lith\/","title":{"rendered":"ASPIRATEUR LITH"},"content":{"rendered":"<p>&#8211; n\/a &#8211;<\/p>\n","protected":false},"excerpt":{"rendered":"<p>&#8211; n\/a &#8211;<\/p>\n","protected":false},"featured_media":228073,"template":"","meta":{"_acf_changed":false},"product_brand":[],"product_cat":[1275,163,1274],"product_tag":[1132],"brand":[424],"industry":[],"class_list":{"0":"post-205616","1":"product","2":"type-product","3":"status-publish","4":"has-post-thumbnail","6":"product_cat-all-small-equipment","7":"product_cat-small-equipment","8":"product_cat-tous-les-petits-equipements","9":"product_tag-electric","10":"product_shipping_class-forfaitaire-parts-et-merch","11":"brand-stihl","13":"first","14":"instock","15":"taxable","16":"shipping-taxable","17":"purchasable","18":"product-type-simple"},"acf":{"year":"","hours":"","model":"","kilometers":"","overrideShowForms":false,"keepProductStatusWhenImporting":false},"yoast_head":"<!-- This site is optimized with the Yoast SEO plugin v27.4 - https:\/\/yoast.com\/product\/yoast-seo-wordpress\/ -->\n<title>ASPIRATEUR LITH - Stihl - JLD-Lagu\u00eb SA03-011-7312<\/title>\n<meta name=\"description\" content=\"D\u00e9couvrez le produit ASPIRATEUR LITHAll our small equipment, Small equipment, Tous les petits \u00e9quipements (SA03-011-7312) de Stihldisponible chez JLD-Lagu\u00eb\" \/>\n<meta name=\"robots\" content=\"index, follow, max-snippet:-1, max-image-preview:large, max-video-preview:-1\" \/>\n<link rel=\"canonical\" href=\"https:\/\/jldlague.com\/en\/product\/small-equipment\/all-small-equipment\/aspirateur-lith\/\" \/>\n<meta property=\"og:locale\" content=\"en_US\" \/>\n<meta property=\"og:type\" content=\"article\" \/>\n<meta property=\"og:title\" content=\"ASPIRATEUR LITH - Stihl - JLD-Lagu\u00eb SA03-011-7312\" \/>\n<meta property=\"og:description\" content=\"D\u00e9couvrez le produit ASPIRATEUR LITHAll our small equipment, Small equipment, Tous les petits \u00e9quipements (SA03-011-7312) de Stihldisponible chez JLD-Lagu\u00eb\" \/>\n<meta property=\"og:url\" content=\"https:\/\/jldlague.com\/en\/product\/small-equipment\/all-small-equipment\/aspirateur-lith\/\" \/>\n<meta property=\"og:site_name\" content=\"JLD-Lagu\u00eb\" \/>\n<meta property=\"article:publisher\" content=\"https:\/\/www.facebook.com\/jldlague\" \/>\n<meta property=\"article:modified_time\" content=\"2026-05-03T13:16:58+00:00\" \/>\n<meta property=\"og:image\" content=\"https:\/\/jldlague.com\/wp-content\/uploads\/2024\/01\/mecanique-michel-delisle-aspirateur-a-main-stihl-sea201-700x700-1.jpg\" \/>\n\t<meta property=\"og:image:width\" content=\"700\" \/>\n\t<meta property=\"og:image:height\" content=\"700\" \/>\n\t<meta property=\"og:image:type\" content=\"image\/jpeg\" \/>\n<meta name=\"twitter:card\" content=\"summary_large_image\" \/>\n<script type=\"application\/ld+json\" class=\"yoast-schema-graph\">{\"@context\":\"https:\\\/\\\/schema.org\",\"@graph\":[{\"@type\":\"WebPage\",\"@id\":\"https:\\\/\\\/jldlague.com\\\/en\\\/product\\\/small-equipment\\\/all-small-equipment\\\/aspirateur-lith\\\/\",\"url\":\"https:\\\/\\\/jldlague.com\\\/en\\\/product\\\/small-equipment\\\/all-small-equipment\\\/aspirateur-lith\\\/\",\"name\":\"ASPIRATEUR LITH - Stihl - JLD-Lagu\u00eb SA03-011-7312\",\"isPartOf\":{\"@id\":\"https:\\\/\\\/jldlague.com\\\/en\\\/#website\"},\"primaryImageOfPage\":{\"@id\":\"https:\\\/\\\/jldlague.com\\\/en\\\/product\\\/small-equipment\\\/all-small-equipment\\\/aspirateur-lith\\\/#primaryimage\"},\"image\":{\"@id\":\"https:\\\/\\\/jldlague.com\\\/en\\\/product\\\/small-equipment\\\/all-small-equipment\\\/aspirateur-lith\\\/#primaryimage\"},\"thumbnailUrl\":\"https:\\\/\\\/jldlague.com\\\/wp-content\\\/uploads\\\/2024\\\/01\\\/mecanique-michel-delisle-aspirateur-a-main-stihl-sea201-700x700-1.jpg\",\"datePublished\":\"2024-01-06T13:37:49+00:00\",\"dateModified\":\"2026-05-03T13:16:58+00:00\",\"description\":\"D\u00e9couvrez le produit ASPIRATEUR LITHAll our small equipment, Small equipment, Tous les petits \u00e9quipements (SA03-011-7312) de Stihldisponible chez JLD-Lagu\u00eb\",\"breadcrumb\":{\"@id\":\"https:\\\/\\\/jldlague.com\\\/en\\\/product\\\/small-equipment\\\/all-small-equipment\\\/aspirateur-lith\\\/#breadcrumb\"},\"inLanguage\":\"en-US\",\"potentialAction\":[{\"@type\":\"ReadAction\",\"target\":[\"https:\\\/\\\/jldlague.com\\\/en\\\/product\\\/small-equipment\\\/all-small-equipment\\\/aspirateur-lith\\\/\"]}]},{\"@type\":\"ImageObject\",\"inLanguage\":\"en-US\",\"@id\":\"https:\\\/\\\/jldlague.com\\\/en\\\/product\\\/small-equipment\\\/all-small-equipment\\\/aspirateur-lith\\\/#primaryimage\",\"url\":\"https:\\\/\\\/jldlague.com\\\/wp-content\\\/uploads\\\/2024\\\/01\\\/mecanique-michel-delisle-aspirateur-a-main-stihl-sea201-700x700-1.jpg\",\"contentUrl\":\"https:\\\/\\\/jldlague.com\\\/wp-content\\\/uploads\\\/2024\\\/01\\\/mecanique-michel-delisle-aspirateur-a-main-stihl-sea201-700x700-1.jpg\",\"width\":700,\"height\":700},{\"@type\":\"BreadcrumbList\",\"@id\":\"https:\\\/\\\/jldlague.com\\\/en\\\/product\\\/small-equipment\\\/all-small-equipment\\\/aspirateur-lith\\\/#breadcrumb\",\"itemListElement\":[{\"@type\":\"ListItem\",\"position\":1,\"name\":\"Home\",\"item\":\"https:\\\/\\\/jldlague.com\\\/en\\\/\"},{\"@type\":\"ListItem\",\"position\":2,\"name\":\"Small equipment\",\"item\":\"https:\\\/\\\/jldlague.com\\\/en\\\/product-category\\\/small-equipment\\\/\"},{\"@type\":\"ListItem\",\"position\":3,\"name\":\"All our small equipment\",\"item\":\"https:\\\/\\\/jldlague.com\\\/en\\\/product-category\\\/small-equipment\\\/all-small-equipment\\\/\"},{\"@type\":\"ListItem\",\"position\":4,\"name\":\"ASPIRATEUR LITH\"}]},{\"@type\":\"WebSite\",\"@id\":\"https:\\\/\\\/jldlague.com\\\/en\\\/#website\",\"url\":\"https:\\\/\\\/jldlague.com\\\/en\\\/\",\"name\":\"JLD-Lagu\u00eb\",\"description\":\"\",\"publisher\":{\"@id\":\"https:\\\/\\\/jldlague.com\\\/en\\\/#organization\"},\"alternateName\":\"JLD\",\"potentialAction\":[{\"@type\":\"SearchAction\",\"target\":{\"@type\":\"EntryPoint\",\"urlTemplate\":\"https:\\\/\\\/jldlague.com\\\/en\\\/?s={search_term_string}\"},\"query-input\":{\"@type\":\"PropertyValueSpecification\",\"valueRequired\":true,\"valueName\":\"search_term_string\"}}],\"inLanguage\":\"en-US\"},{\"@type\":\"Organization\",\"@id\":\"https:\\\/\\\/jldlague.com\\\/en\\\/#organization\",\"name\":\"JLD-Lagu\u00eb\",\"url\":\"https:\\\/\\\/jldlague.com\\\/en\\\/\",\"logo\":{\"@type\":\"ImageObject\",\"inLanguage\":\"en-US\",\"@id\":\"https:\\\/\\\/jldlague.com\\\/en\\\/#\\\/schema\\\/logo\\\/image\\\/\",\"url\":\"https:\\\/\\\/jldlague.com\\\/wp-content\\\/uploads\\\/2023\\\/06\\\/logos.svg\",\"contentUrl\":\"https:\\\/\\\/jldlague.com\\\/wp-content\\\/uploads\\\/2023\\\/06\\\/logos.svg\",\"width\":385,\"height\":50,\"caption\":\"JLD-Lagu\u00eb\"},\"image\":{\"@id\":\"https:\\\/\\\/jldlague.com\\\/en\\\/#\\\/schema\\\/logo\\\/image\\\/\"},\"sameAs\":[\"https:\\\/\\\/www.facebook.com\\\/jldlague\",\"https:\\\/\\\/www.linkedin.com\\\/company\\\/the-jld-group-john-deere-dealer\",\"https:\\\/\\\/www.instagram.com\\\/jldlague\\\/\",\"https:\\\/\\\/www.youtube.com\\\/channel\\\/UCRpOpeDrLm9lIf6jXO7cJZw\"]}]}<\/script>\n<!-- \/ Yoast SEO plugin. -->","yoast_head_json":{"title":"ASPIRATEUR LITH - Stihl - JLD-Lagu\u00eb SA03-011-7312","description":"D\u00e9couvrez le produit ASPIRATEUR LITHAll our small equipment, Small equipment, Tous les petits \u00e9quipements (SA03-011-7312) de Stihldisponible chez JLD-Lagu\u00eb","robots":{"index":"index","follow":"follow","max-snippet":"max-snippet:-1","max-image-preview":"max-image-preview:large","max-video-preview":"max-video-preview:-1"},"canonical":"https:\/\/jldlague.com\/en\/product\/small-equipment\/all-small-equipment\/aspirateur-lith\/","og_locale":"en_US","og_type":"article","og_title":"ASPIRATEUR LITH - Stihl - JLD-Lagu\u00eb SA03-011-7312","og_description":"D\u00e9couvrez le produit ASPIRATEUR LITHAll our small equipment, Small equipment, Tous les petits \u00e9quipements (SA03-011-7312) de Stihldisponible chez JLD-Lagu\u00eb","og_url":"https:\/\/jldlague.com\/en\/product\/small-equipment\/all-small-equipment\/aspirateur-lith\/","og_site_name":"JLD-Lagu\u00eb","article_publisher":"https:\/\/www.facebook.com\/jldlague","article_modified_time":"2026-05-03T13:16:58+00:00","og_image":[{"width":700,"height":700,"url":"https:\/\/jldlague.com\/wp-content\/uploads\/2024\/01\/mecanique-michel-delisle-aspirateur-a-main-stihl-sea201-700x700-1.jpg","type":"image\/jpeg"}],"twitter_card":"summary_large_image","schema":{"@context":"https:\/\/schema.org","@graph":[{"@type":"WebPage","@id":"https:\/\/jldlague.com\/en\/product\/small-equipment\/all-small-equipment\/aspirateur-lith\/","url":"https:\/\/jldlague.com\/en\/product\/small-equipment\/all-small-equipment\/aspirateur-lith\/","name":"ASPIRATEUR LITH - Stihl - JLD-Lagu\u00eb SA03-011-7312","isPartOf":{"@id":"https:\/\/jldlague.com\/en\/#website"},"primaryImageOfPage":{"@id":"https:\/\/jldlague.com\/en\/product\/small-equipment\/all-small-equipment\/aspirateur-lith\/#primaryimage"},"image":{"@id":"https:\/\/jldlague.com\/en\/product\/small-equipment\/all-small-equipment\/aspirateur-lith\/#primaryimage"},"thumbnailUrl":"https:\/\/jldlague.com\/wp-content\/uploads\/2024\/01\/mecanique-michel-delisle-aspirateur-a-main-stihl-sea201-700x700-1.jpg","datePublished":"2024-01-06T13:37:49+00:00","dateModified":"2026-05-03T13:16:58+00:00","description":"D\u00e9couvrez le produit ASPIRATEUR LITHAll our small equipment, Small equipment, Tous les petits \u00e9quipements (SA03-011-7312) de Stihldisponible chez JLD-Lagu\u00eb","breadcrumb":{"@id":"https:\/\/jldlague.com\/en\/product\/small-equipment\/all-small-equipment\/aspirateur-lith\/#breadcrumb"},"inLanguage":"en-US","potentialAction":[{"@type":"ReadAction","target":["https:\/\/jldlague.com\/en\/product\/small-equipment\/all-small-equipment\/aspirateur-lith\/"]}]},{"@type":"ImageObject","inLanguage":"en-US","@id":"https:\/\/jldlague.com\/en\/product\/small-equipment\/all-small-equipment\/aspirateur-lith\/#primaryimage","url":"https:\/\/jldlague.com\/wp-content\/uploads\/2024\/01\/mecanique-michel-delisle-aspirateur-a-main-stihl-sea201-700x700-1.jpg","contentUrl":"https:\/\/jldlague.com\/wp-content\/uploads\/2024\/01\/mecanique-michel-delisle-aspirateur-a-main-stihl-sea201-700x700-1.jpg","width":700,"height":700},{"@type":"BreadcrumbList","@id":"https:\/\/jldlague.com\/en\/product\/small-equipment\/all-small-equipment\/aspirateur-lith\/#breadcrumb","itemListElement":[{"@type":"ListItem","position":1,"name":"Home","item":"https:\/\/jldlague.com\/en\/"},{"@type":"ListItem","position":2,"name":"Small equipment","item":"https:\/\/jldlague.com\/en\/product-category\/small-equipment\/"},{"@type":"ListItem","position":3,"name":"All our small equipment","item":"https:\/\/jldlague.com\/en\/product-category\/small-equipment\/all-small-equipment\/"},{"@type":"ListItem","position":4,"name":"ASPIRATEUR LITH"}]},{"@type":"WebSite","@id":"https:\/\/jldlague.com\/en\/#website","url":"https:\/\/jldlague.com\/en\/","name":"JLD-Lagu\u00eb","description":"","publisher":{"@id":"https:\/\/jldlague.com\/en\/#organization"},"alternateName":"JLD","potentialAction":[{"@type":"SearchAction","target":{"@type":"EntryPoint","urlTemplate":"https:\/\/jldlague.com\/en\/?s={search_term_string}"},"query-input":{"@type":"PropertyValueSpecification","valueRequired":true,"valueName":"search_term_string"}}],"inLanguage":"en-US"},{"@type":"Organization","@id":"https:\/\/jldlague.com\/en\/#organization","name":"JLD-Lagu\u00eb","url":"https:\/\/jldlague.com\/en\/","logo":{"@type":"ImageObject","inLanguage":"en-US","@id":"https:\/\/jldlague.com\/en\/#\/schema\/logo\/image\/","url":"https:\/\/jldlague.com\/wp-content\/uploads\/2023\/06\/logos.svg","contentUrl":"https:\/\/jldlague.com\/wp-content\/uploads\/2023\/06\/logos.svg","width":385,"height":50,"caption":"JLD-Lagu\u00eb"},"image":{"@id":"https:\/\/jldlague.com\/en\/#\/schema\/logo\/image\/"},"sameAs":["https:\/\/www.facebook.com\/jldlague","https:\/\/www.linkedin.com\/company\/the-jld-group-john-deere-dealer","https:\/\/www.instagram.com\/jldlague\/","https:\/\/www.youtube.com\/channel\/UCRpOpeDrLm9lIf6jXO7cJZw"]}]}},"_links":{"self":[{"href":"https:\/\/jldlague.com\/en\/wp-json\/wp\/v2\/product\/205616","targetHints":{"allow":["GET"]}}],"collection":[{"href":"https:\/\/jldlague.com\/en\/wp-json\/wp\/v2\/product"}],"about":[{"href":"https:\/\/jldlague.com\/en\/wp-json\/wp\/v2\/types\/product"}],"wp:featuredmedia":[{"embeddable":true,"href":"https:\/\/jldlague.com\/en\/wp-json\/wp\/v2\/media\/228073"}],"wp:attachment":[{"href":"https:\/\/jldlague.com\/en\/wp-json\/wp\/v2\/media?parent=205616"}],"wp:term":[{"taxonomy":"product_brand","embeddable":true,"href":"https:\/\/jldlague.com\/en\/wp-json\/wp\/v2\/product_brand?post=205616"},{"taxonomy":"product_cat","embeddable":true,"href":"https:\/\/jldlague.com\/en\/wp-json\/wp\/v2\/product_cat?post=205616"},{"taxonomy":"product_tag","embeddable":true,"href":"https:\/\/jldlague.com\/en\/wp-json\/wp\/v2\/product_tag?post=205616"},{"taxonomy":"brand","embeddable":true,"href":"https:\/\/jldlague.com\/en\/wp-json\/wp\/v2\/brand?post=205616"},{"taxonomy":"industry","embeddable":true,"href":"https:\/\/jldlague.com\/en\/wp-json\/wp\/v2\/industry?post=205616"}],"curies":[{"name":"wp","href":"https:\/\/api.w.org\/{rel}","templated":true}]}}