{"id":20718,"date":"2023-08-13T22:11:09","date_gmt":"2023-08-14T02:11:09","guid":{"rendered":"https:\/\/jldlague.com\/?post_type=product&#038;p=20718"},"modified":"2026-02-28T08:00:27","modified_gmt":"2026-02-28T13:00:27","slug":"galaxy-27x8-50-15-r3-uses-cracked","status":"publish","type":"product","link":"https:\/\/jldlague.com\/en\/product\/used-equipment\/dual-wheels-and-accessories\/galaxy-27x8-50-15-r3-uses-cracked\/","title":{"rendered":"Galaxy 27&#215;8.50-15 R3 us\u00e9s cracked"},"content":{"rendered":"<p>27\/8.50-15 GALAXY R3, MIGHTYMOW TURF ON RIM,  WAS ON JD 3020, CRACKED 40% GOOD, <\/p>\n","protected":false},"excerpt":{"rendered":"<p>27\/8.50-15 GALAXY R3, MIGHTYMOW TURF ON RIM, WAS ON JD 3020, CRACKED 40% GOOD,<\/p>\n","protected":false},"featured_media":445831,"template":"","meta":{"_acf_changed":false},"product_brand":[],"product_cat":[1206,37],"product_tag":[],"brand":[],"industry":[],"class_list":{"0":"post-20718","1":"product","2":"type-product","3":"status-publish","4":"has-post-thumbnail","6":"product_cat-dual-wheels-and-accessories","7":"product_cat-used-equipment","9":"first","10":"instock","11":"taxable","12":"shipping-taxable","13":"product-type-simple"},"acf":{"year":0,"hours":0,"model":"3020","kilometers":"","overrideShowForms":false,"keepProductStatusWhenImporting":false},"yoast_head":"<!-- This site is optimized with the Yoast SEO plugin v27.4 - https:\/\/yoast.com\/product\/yoast-seo-wordpress\/ -->\n<title>Galaxy 27x8.50-15 R3 us\u00e9s cracked - JLD-Lagu\u00eb 252679<\/title>\n<meta name=\"description\" content=\"D\u00e9couvrez le produit Galaxy 27x8.50-15 R3 us\u00e9s crackedDual wheels and accessories, Used equipment (252679) de disponible chez JLD-Lagu\u00eb\" \/>\n<meta name=\"robots\" content=\"index, follow, max-snippet:-1, max-image-preview:large, max-video-preview:-1\" \/>\n<link rel=\"canonical\" href=\"https:\/\/jldlague.com\/en\/product\/used-equipment\/dual-wheels-and-accessories\/galaxy-27x8-50-15-r3-uses-cracked\/\" \/>\n<meta property=\"og:locale\" content=\"en_US\" \/>\n<meta property=\"og:type\" content=\"article\" \/>\n<meta property=\"og:title\" content=\"Galaxy 27x8.50-15 R3 us\u00e9s cracked - JLD-Lagu\u00eb 252679\" \/>\n<meta property=\"og:description\" content=\"D\u00e9couvrez le produit Galaxy 27x8.50-15 R3 us\u00e9s crackedDual wheels and accessories, Used equipment (252679) de disponible chez JLD-Lagu\u00eb\" \/>\n<meta property=\"og:url\" content=\"https:\/\/jldlague.com\/en\/product\/used-equipment\/dual-wheels-and-accessories\/galaxy-27x8-50-15-r3-uses-cracked\/\" \/>\n<meta property=\"og:site_name\" content=\"JLD-Lagu\u00eb\" \/>\n<meta property=\"article:publisher\" content=\"https:\/\/www.facebook.com\/jldlague\" \/>\n<meta property=\"article:modified_time\" content=\"2026-02-28T13:00:27+00:00\" \/>\n<meta property=\"og:image\" content=\"https:\/\/jldlague.com\/wp-content\/uploads\/2023\/08\/20260415_102901-scaled.jpg\" \/>\n\t<meta property=\"og:image:width\" content=\"2560\" \/>\n\t<meta property=\"og:image:height\" content=\"1441\" \/>\n\t<meta property=\"og:image:type\" content=\"image\/jpeg\" \/>\n<meta name=\"twitter:card\" content=\"summary_large_image\" \/>\n<script type=\"application\/ld+json\" class=\"yoast-schema-graph\">{\"@context\":\"https:\\\/\\\/schema.org\",\"@graph\":[{\"@type\":\"WebPage\",\"@id\":\"https:\\\/\\\/jldlague.com\\\/en\\\/product\\\/used-equipment\\\/dual-wheels-and-accessories\\\/galaxy-27x8-50-15-r3-uses-cracked\\\/\",\"url\":\"https:\\\/\\\/jldlague.com\\\/en\\\/product\\\/used-equipment\\\/dual-wheels-and-accessories\\\/galaxy-27x8-50-15-r3-uses-cracked\\\/\",\"name\":\"Galaxy 27x8.50-15 R3 us\u00e9s cracked - JLD-Lagu\u00eb 252679\",\"isPartOf\":{\"@id\":\"https:\\\/\\\/jldlague.com\\\/en\\\/#website\"},\"primaryImageOfPage\":{\"@id\":\"https:\\\/\\\/jldlague.com\\\/en\\\/product\\\/used-equipment\\\/dual-wheels-and-accessories\\\/galaxy-27x8-50-15-r3-uses-cracked\\\/#primaryimage\"},\"image\":{\"@id\":\"https:\\\/\\\/jldlague.com\\\/en\\\/product\\\/used-equipment\\\/dual-wheels-and-accessories\\\/galaxy-27x8-50-15-r3-uses-cracked\\\/#primaryimage\"},\"thumbnailUrl\":\"https:\\\/\\\/jldlague.com\\\/wp-content\\\/uploads\\\/2023\\\/08\\\/20260415_102901-scaled.jpg\",\"datePublished\":\"2023-08-14T02:11:09+00:00\",\"dateModified\":\"2026-02-28T13:00:27+00:00\",\"description\":\"D\u00e9couvrez le produit Galaxy 27x8.50-15 R3 us\u00e9s crackedDual wheels and accessories, Used equipment (252679) de disponible chez JLD-Lagu\u00eb\",\"breadcrumb\":{\"@id\":\"https:\\\/\\\/jldlague.com\\\/en\\\/product\\\/used-equipment\\\/dual-wheels-and-accessories\\\/galaxy-27x8-50-15-r3-uses-cracked\\\/#breadcrumb\"},\"inLanguage\":\"en-US\",\"potentialAction\":[{\"@type\":\"ReadAction\",\"target\":[\"https:\\\/\\\/jldlague.com\\\/en\\\/product\\\/used-equipment\\\/dual-wheels-and-accessories\\\/galaxy-27x8-50-15-r3-uses-cracked\\\/\"]}]},{\"@type\":\"ImageObject\",\"inLanguage\":\"en-US\",\"@id\":\"https:\\\/\\\/jldlague.com\\\/en\\\/product\\\/used-equipment\\\/dual-wheels-and-accessories\\\/galaxy-27x8-50-15-r3-uses-cracked\\\/#primaryimage\",\"url\":\"https:\\\/\\\/jldlague.com\\\/wp-content\\\/uploads\\\/2023\\\/08\\\/20260415_102901-scaled.jpg\",\"contentUrl\":\"https:\\\/\\\/jldlague.com\\\/wp-content\\\/uploads\\\/2023\\\/08\\\/20260415_102901-scaled.jpg\",\"width\":2560,\"height\":1441},{\"@type\":\"BreadcrumbList\",\"@id\":\"https:\\\/\\\/jldlague.com\\\/en\\\/product\\\/used-equipment\\\/dual-wheels-and-accessories\\\/galaxy-27x8-50-15-r3-uses-cracked\\\/#breadcrumb\",\"itemListElement\":[{\"@type\":\"ListItem\",\"position\":1,\"name\":\"Home\",\"item\":\"https:\\\/\\\/jldlague.com\\\/en\\\/accueil\\\/\"},{\"@type\":\"ListItem\",\"position\":2,\"name\":\"Used equipment\",\"item\":\"https:\\\/\\\/jldlague.com\\\/en\\\/product-category\\\/used-equipment\\\/\"},{\"@type\":\"ListItem\",\"position\":3,\"name\":\"Dual wheels and accessories\",\"item\":\"https:\\\/\\\/jldlague.com\\\/en\\\/product-category\\\/used-equipment\\\/dual-wheels-and-accessories\\\/\"},{\"@type\":\"ListItem\",\"position\":4,\"name\":\"Galaxy 27&#215;8.50-15 R3 us\u00e9s cracked\"}]},{\"@type\":\"WebSite\",\"@id\":\"https:\\\/\\\/jldlague.com\\\/en\\\/#website\",\"url\":\"https:\\\/\\\/jldlague.com\\\/en\\\/\",\"name\":\"JLD-Lagu\u00eb\",\"description\":\"\",\"publisher\":{\"@id\":\"https:\\\/\\\/jldlague.com\\\/en\\\/#organization\"},\"alternateName\":\"JLD\",\"potentialAction\":[{\"@type\":\"SearchAction\",\"target\":{\"@type\":\"EntryPoint\",\"urlTemplate\":\"https:\\\/\\\/jldlague.com\\\/en\\\/?s={search_term_string}\"},\"query-input\":{\"@type\":\"PropertyValueSpecification\",\"valueRequired\":true,\"valueName\":\"search_term_string\"}}],\"inLanguage\":\"en-US\"},{\"@type\":\"Organization\",\"@id\":\"https:\\\/\\\/jldlague.com\\\/en\\\/#organization\",\"name\":\"JLD-Lagu\u00eb\",\"url\":\"https:\\\/\\\/jldlague.com\\\/en\\\/\",\"logo\":{\"@type\":\"ImageObject\",\"inLanguage\":\"en-US\",\"@id\":\"https:\\\/\\\/jldlague.com\\\/en\\\/#\\\/schema\\\/logo\\\/image\\\/\",\"url\":\"https:\\\/\\\/jldlague.com\\\/wp-content\\\/uploads\\\/2023\\\/06\\\/logos.svg\",\"contentUrl\":\"https:\\\/\\\/jldlague.com\\\/wp-content\\\/uploads\\\/2023\\\/06\\\/logos.svg\",\"width\":385,\"height\":50,\"caption\":\"JLD-Lagu\u00eb\"},\"image\":{\"@id\":\"https:\\\/\\\/jldlague.com\\\/en\\\/#\\\/schema\\\/logo\\\/image\\\/\"},\"sameAs\":[\"https:\\\/\\\/www.facebook.com\\\/jldlague\",\"https:\\\/\\\/www.linkedin.com\\\/company\\\/the-jld-group-john-deere-dealer\",\"https:\\\/\\\/www.instagram.com\\\/jldlague\\\/\",\"https:\\\/\\\/www.youtube.com\\\/channel\\\/UCRpOpeDrLm9lIf6jXO7cJZw\"]}]}<\/script>\n<!-- \/ Yoast SEO plugin. -->","yoast_head_json":{"title":"Galaxy 27x8.50-15 R3 us\u00e9s cracked - JLD-Lagu\u00eb 252679","description":"D\u00e9couvrez le produit Galaxy 27x8.50-15 R3 us\u00e9s crackedDual wheels and accessories, Used equipment (252679) de disponible chez JLD-Lagu\u00eb","robots":{"index":"index","follow":"follow","max-snippet":"max-snippet:-1","max-image-preview":"max-image-preview:large","max-video-preview":"max-video-preview:-1"},"canonical":"https:\/\/jldlague.com\/en\/product\/used-equipment\/dual-wheels-and-accessories\/galaxy-27x8-50-15-r3-uses-cracked\/","og_locale":"en_US","og_type":"article","og_title":"Galaxy 27x8.50-15 R3 us\u00e9s cracked - JLD-Lagu\u00eb 252679","og_description":"D\u00e9couvrez le produit Galaxy 27x8.50-15 R3 us\u00e9s crackedDual wheels and accessories, Used equipment (252679) de disponible chez JLD-Lagu\u00eb","og_url":"https:\/\/jldlague.com\/en\/product\/used-equipment\/dual-wheels-and-accessories\/galaxy-27x8-50-15-r3-uses-cracked\/","og_site_name":"JLD-Lagu\u00eb","article_publisher":"https:\/\/www.facebook.com\/jldlague","article_modified_time":"2026-02-28T13:00:27+00:00","og_image":[{"width":2560,"height":1441,"url":"https:\/\/jldlague.com\/wp-content\/uploads\/2023\/08\/20260415_102901-scaled.jpg","type":"image\/jpeg"}],"twitter_card":"summary_large_image","schema":{"@context":"https:\/\/schema.org","@graph":[{"@type":"WebPage","@id":"https:\/\/jldlague.com\/en\/product\/used-equipment\/dual-wheels-and-accessories\/galaxy-27x8-50-15-r3-uses-cracked\/","url":"https:\/\/jldlague.com\/en\/product\/used-equipment\/dual-wheels-and-accessories\/galaxy-27x8-50-15-r3-uses-cracked\/","name":"Galaxy 27x8.50-15 R3 us\u00e9s cracked - JLD-Lagu\u00eb 252679","isPartOf":{"@id":"https:\/\/jldlague.com\/en\/#website"},"primaryImageOfPage":{"@id":"https:\/\/jldlague.com\/en\/product\/used-equipment\/dual-wheels-and-accessories\/galaxy-27x8-50-15-r3-uses-cracked\/#primaryimage"},"image":{"@id":"https:\/\/jldlague.com\/en\/product\/used-equipment\/dual-wheels-and-accessories\/galaxy-27x8-50-15-r3-uses-cracked\/#primaryimage"},"thumbnailUrl":"https:\/\/jldlague.com\/wp-content\/uploads\/2023\/08\/20260415_102901-scaled.jpg","datePublished":"2023-08-14T02:11:09+00:00","dateModified":"2026-02-28T13:00:27+00:00","description":"D\u00e9couvrez le produit Galaxy 27x8.50-15 R3 us\u00e9s crackedDual wheels and accessories, Used equipment (252679) de disponible chez JLD-Lagu\u00eb","breadcrumb":{"@id":"https:\/\/jldlague.com\/en\/product\/used-equipment\/dual-wheels-and-accessories\/galaxy-27x8-50-15-r3-uses-cracked\/#breadcrumb"},"inLanguage":"en-US","potentialAction":[{"@type":"ReadAction","target":["https:\/\/jldlague.com\/en\/product\/used-equipment\/dual-wheels-and-accessories\/galaxy-27x8-50-15-r3-uses-cracked\/"]}]},{"@type":"ImageObject","inLanguage":"en-US","@id":"https:\/\/jldlague.com\/en\/product\/used-equipment\/dual-wheels-and-accessories\/galaxy-27x8-50-15-r3-uses-cracked\/#primaryimage","url":"https:\/\/jldlague.com\/wp-content\/uploads\/2023\/08\/20260415_102901-scaled.jpg","contentUrl":"https:\/\/jldlague.com\/wp-content\/uploads\/2023\/08\/20260415_102901-scaled.jpg","width":2560,"height":1441},{"@type":"BreadcrumbList","@id":"https:\/\/jldlague.com\/en\/product\/used-equipment\/dual-wheels-and-accessories\/galaxy-27x8-50-15-r3-uses-cracked\/#breadcrumb","itemListElement":[{"@type":"ListItem","position":1,"name":"Home","item":"https:\/\/jldlague.com\/en\/accueil\/"},{"@type":"ListItem","position":2,"name":"Used equipment","item":"https:\/\/jldlague.com\/en\/product-category\/used-equipment\/"},{"@type":"ListItem","position":3,"name":"Dual wheels and accessories","item":"https:\/\/jldlague.com\/en\/product-category\/used-equipment\/dual-wheels-and-accessories\/"},{"@type":"ListItem","position":4,"name":"Galaxy 27&#215;8.50-15 R3 us\u00e9s cracked"}]},{"@type":"WebSite","@id":"https:\/\/jldlague.com\/en\/#website","url":"https:\/\/jldlague.com\/en\/","name":"JLD-Lagu\u00eb","description":"","publisher":{"@id":"https:\/\/jldlague.com\/en\/#organization"},"alternateName":"JLD","potentialAction":[{"@type":"SearchAction","target":{"@type":"EntryPoint","urlTemplate":"https:\/\/jldlague.com\/en\/?s={search_term_string}"},"query-input":{"@type":"PropertyValueSpecification","valueRequired":true,"valueName":"search_term_string"}}],"inLanguage":"en-US"},{"@type":"Organization","@id":"https:\/\/jldlague.com\/en\/#organization","name":"JLD-Lagu\u00eb","url":"https:\/\/jldlague.com\/en\/","logo":{"@type":"ImageObject","inLanguage":"en-US","@id":"https:\/\/jldlague.com\/en\/#\/schema\/logo\/image\/","url":"https:\/\/jldlague.com\/wp-content\/uploads\/2023\/06\/logos.svg","contentUrl":"https:\/\/jldlague.com\/wp-content\/uploads\/2023\/06\/logos.svg","width":385,"height":50,"caption":"JLD-Lagu\u00eb"},"image":{"@id":"https:\/\/jldlague.com\/en\/#\/schema\/logo\/image\/"},"sameAs":["https:\/\/www.facebook.com\/jldlague","https:\/\/www.linkedin.com\/company\/the-jld-group-john-deere-dealer","https:\/\/www.instagram.com\/jldlague\/","https:\/\/www.youtube.com\/channel\/UCRpOpeDrLm9lIf6jXO7cJZw"]}]}},"_links":{"self":[{"href":"https:\/\/jldlague.com\/en\/wp-json\/wp\/v2\/product\/20718","targetHints":{"allow":["GET"]}}],"collection":[{"href":"https:\/\/jldlague.com\/en\/wp-json\/wp\/v2\/product"}],"about":[{"href":"https:\/\/jldlague.com\/en\/wp-json\/wp\/v2\/types\/product"}],"wp:featuredmedia":[{"embeddable":true,"href":"https:\/\/jldlague.com\/en\/wp-json\/wp\/v2\/media\/445831"}],"wp:attachment":[{"href":"https:\/\/jldlague.com\/en\/wp-json\/wp\/v2\/media?parent=20718"}],"wp:term":[{"taxonomy":"product_brand","embeddable":true,"href":"https:\/\/jldlague.com\/en\/wp-json\/wp\/v2\/product_brand?post=20718"},{"taxonomy":"product_cat","embeddable":true,"href":"https:\/\/jldlague.com\/en\/wp-json\/wp\/v2\/product_cat?post=20718"},{"taxonomy":"product_tag","embeddable":true,"href":"https:\/\/jldlague.com\/en\/wp-json\/wp\/v2\/product_tag?post=20718"},{"taxonomy":"brand","embeddable":true,"href":"https:\/\/jldlague.com\/en\/wp-json\/wp\/v2\/brand?post=20718"},{"taxonomy":"industry","embeddable":true,"href":"https:\/\/jldlague.com\/en\/wp-json\/wp\/v2\/industry?post=20718"}],"curies":[{"name":"wp","href":"https:\/\/api.w.org\/{rel}","templated":true}]}}