{"id":242837,"date":"2024-06-11T08:24:51","date_gmt":"2024-06-11T12:24:51","guid":{"rendered":"https:\/\/jldlague.com\/?post_type=product&#038;p=242837"},"modified":"2026-03-20T08:00:56","modified_gmt":"2026-03-20T12:00:56","slug":"fendt-516-cab-4x4-ldr-50km-susp","status":"publish","type":"product","link":"https:\/\/jldlague.com\/en\/product\/used-equipment\/used-tractors\/used-100-hp-tractor\/fendt-516-cab-4x4-ldr-50km-susp\/","title":{"rendered":"FENDT 516 CAB 4X4 LDR 50KM SUSP."},"content":{"rendered":"<p>++  160 HP MOTOR 140 HP PTO,  TRANS. CVT 50KM LHR,  650\/65R38 TRELLEBORG 75% GOOD,  540\/65R28 TRELLEBORG 75% GOOD,  5 SCV, PTO(RPM) 6-540\/540E\/1000\/1000E,  PROFI CAB, SUSPENDED CAB,  COLOR DISPLAY, COMMAND CENTER,  MULTI-CONTROLER SHIFTER LEVER,  FRONT FENDERS, REAR FENDERS EXT. REAR WIPER,  HELPER SEAT, MIRRORS, BEACON LIGHT,  EXTREMITY LIGHTS,  FENDT 4X 80, MSL LOADER, 3FTS ELECT. JOYSTICK,  86&#8221; BUCKET,  FRONT AXLE SUSPENDED,  REAR WHEEL WEIGHTS 300KG \/ WHEEL,  AIR COMPRESSOR, AIR TRAILER BRAKE,  HYDRAULIC TRAILER BRAKE,  GPS CAB WIRING, ISOBUS TERMINAL, ++ <\/p>\n","protected":false},"excerpt":{"rendered":"<p>++ 160 HP MOTOR 140 HP PTO, TRANS. CVT 50KM LHR, 650\/65R38 TRELLEBORG 75% GOOD, 540\/65R28 TRELLEBORG 75% GOOD, 5 SCV, PTO(RPM) 6-540\/540E\/1000\/1000E, PROFI CAB, SUSPENDED CAB, COLOR DISPLAY, COMMAND CENTER, MULTI-CONTROLER SHIFTER LEVER, FRONT FENDERS, REAR FENDERS EXT. REAR WIPER, HELPER SEAT, MIRRORS, BEACON LIGHT, EXTREMITY LIGHTS, FENDT 4X 80, MSL LOADER, 3FTS ELECT. &hellip; <a href=\"https:\/\/jldlague.com\/en\/product\/used-equipment\/used-tractors\/used-100-hp-tractor\/fendt-516-cab-4x4-ldr-50km-susp\/\">Continued<\/a><\/p>\n","protected":false},"featured_media":330659,"template":"","meta":{"_acf_changed":false},"product_brand":[],"product_cat":[1210,30,926,89,146,37],"product_tag":[],"brand":[273],"industry":[],"class_list":{"0":"post-242837","1":"product","2":"type-product","3":"status-publish","4":"has-post-thumbnail","6":"product_cat-used-100-hp-tractor","7":"product_cat-equipements-usages","8":"product_cat-tracteur-100-hp-usages","9":"product_cat-tracteurs-usages","10":"product_cat-used-tractors","11":"product_cat-used-equipment","12":"brand-fendt","14":"first","15":"instock","16":"taxable","17":"shipping-taxable","18":"product-type-simple"},"acf":{"year":2022,"hours":1825,"model":"516","kilometers":"","overrideShowForms":false,"keepProductStatusWhenImporting":false},"yoast_head":"<!-- This site is optimized with the Yoast SEO plugin v27.2 - https:\/\/yoast.com\/product\/yoast-seo-wordpress\/ -->\n<title>FENDT 516 CAB 4X4 LDR 50KM SUSP. - Fendt - JLD-Lagu\u00eb 370813A1<\/title>\n<meta name=\"description\" content=\"D\u00e9couvrez le produit FENDT 516 CAB 4X4 LDR 50KM SUSP.+100 HP Tractor, \u00c9quipements usag\u00e9s, Tracteur 100 HP +, Tracteurs, Tractors, Used equipment (370813A1) de Fendtdisponible chez JLD-Lagu\u00eb\" \/>\n<meta name=\"robots\" content=\"index, follow, max-snippet:-1, max-image-preview:large, max-video-preview:-1\" \/>\n<link rel=\"canonical\" href=\"https:\/\/jldlague.com\/en\/product\/used-equipment\/used-tractors\/used-100-hp-tractor\/fendt-516-cab-4x4-ldr-50km-susp\/\" \/>\n<meta property=\"og:locale\" content=\"en_US\" \/>\n<meta property=\"og:type\" content=\"article\" \/>\n<meta property=\"og:title\" content=\"FENDT 516 CAB 4X4 LDR 50KM SUSP. - Fendt - JLD-Lagu\u00eb 370813A1\" \/>\n<meta property=\"og:description\" content=\"D\u00e9couvrez le produit FENDT 516 CAB 4X4 LDR 50KM SUSP.+100 HP Tractor, \u00c9quipements usag\u00e9s, Tracteur 100 HP +, Tracteurs, Tractors, Used equipment (370813A1) de Fendtdisponible chez JLD-Lagu\u00eb\" \/>\n<meta property=\"og:url\" content=\"https:\/\/jldlague.com\/en\/product\/used-equipment\/used-tractors\/used-100-hp-tractor\/fendt-516-cab-4x4-ldr-50km-susp\/\" \/>\n<meta property=\"og:site_name\" content=\"JLD-Lagu\u00eb\" \/>\n<meta property=\"article:publisher\" content=\"https:\/\/www.facebook.com\/jldlague\" \/>\n<meta property=\"article:modified_time\" content=\"2026-03-20T12:00:56+00:00\" \/>\n<meta property=\"og:image\" content=\"https:\/\/jldlague.com\/wp-content\/uploads\/2024\/06\/IMG_2390-scaled.jpeg\" \/>\n\t<meta property=\"og:image:width\" content=\"2560\" \/>\n\t<meta property=\"og:image:height\" content=\"1920\" \/>\n\t<meta property=\"og:image:type\" content=\"image\/jpeg\" \/>\n<meta name=\"twitter:card\" content=\"summary_large_image\" \/>\n<script type=\"application\/ld+json\" class=\"yoast-schema-graph\">{\"@context\":\"https:\/\/schema.org\",\"@graph\":[{\"@type\":\"WebPage\",\"@id\":\"https:\/\/jldlague.com\/en\/product\/used-equipment\/used-tractors\/used-100-hp-tractor\/fendt-516-cab-4x4-ldr-50km-susp\/\",\"url\":\"https:\/\/jldlague.com\/en\/product\/used-equipment\/used-tractors\/used-100-hp-tractor\/fendt-516-cab-4x4-ldr-50km-susp\/\",\"name\":\"FENDT 516 CAB 4X4 LDR 50KM SUSP. - Fendt - JLD-Lagu\u00eb 370813A1\",\"isPartOf\":{\"@id\":\"https:\/\/jldlague.com\/en\/#website\"},\"primaryImageOfPage\":{\"@id\":\"https:\/\/jldlague.com\/en\/product\/used-equipment\/used-tractors\/used-100-hp-tractor\/fendt-516-cab-4x4-ldr-50km-susp\/#primaryimage\"},\"image\":{\"@id\":\"https:\/\/jldlague.com\/en\/product\/used-equipment\/used-tractors\/used-100-hp-tractor\/fendt-516-cab-4x4-ldr-50km-susp\/#primaryimage\"},\"thumbnailUrl\":\"https:\/\/jldlague.com\/wp-content\/uploads\/2024\/06\/IMG_2390-scaled.jpeg\",\"datePublished\":\"2024-06-11T12:24:51+00:00\",\"dateModified\":\"2026-03-20T12:00:56+00:00\",\"description\":\"D\u00e9couvrez le produit FENDT 516 CAB 4X4 LDR 50KM SUSP.+100 HP Tractor, \u00c9quipements usag\u00e9s, Tracteur 100 HP +, Tracteurs, Tractors, Used equipment (370813A1) de Fendtdisponible chez JLD-Lagu\u00eb\",\"breadcrumb\":{\"@id\":\"https:\/\/jldlague.com\/en\/product\/used-equipment\/used-tractors\/used-100-hp-tractor\/fendt-516-cab-4x4-ldr-50km-susp\/#breadcrumb\"},\"inLanguage\":\"en-US\",\"potentialAction\":[{\"@type\":\"ReadAction\",\"target\":[\"https:\/\/jldlague.com\/en\/product\/used-equipment\/used-tractors\/used-100-hp-tractor\/fendt-516-cab-4x4-ldr-50km-susp\/\"]}]},{\"@type\":\"ImageObject\",\"inLanguage\":\"en-US\",\"@id\":\"https:\/\/jldlague.com\/en\/product\/used-equipment\/used-tractors\/used-100-hp-tractor\/fendt-516-cab-4x4-ldr-50km-susp\/#primaryimage\",\"url\":\"https:\/\/jldlague.com\/wp-content\/uploads\/2024\/06\/IMG_2390-scaled.jpeg\",\"contentUrl\":\"https:\/\/jldlague.com\/wp-content\/uploads\/2024\/06\/IMG_2390-scaled.jpeg\",\"width\":2560,\"height\":1920},{\"@type\":\"BreadcrumbList\",\"@id\":\"https:\/\/jldlague.com\/en\/product\/used-equipment\/used-tractors\/used-100-hp-tractor\/fendt-516-cab-4x4-ldr-50km-susp\/#breadcrumb\",\"itemListElement\":[{\"@type\":\"ListItem\",\"position\":1,\"name\":\"Home\",\"item\":\"https:\/\/jldlague.com\/en\/\"},{\"@type\":\"ListItem\",\"position\":2,\"name\":\"Used equipment\",\"item\":\"https:\/\/jldlague.com\/en\/product-category\/used-equipment\/\"},{\"@type\":\"ListItem\",\"position\":3,\"name\":\"Tractors\",\"item\":\"https:\/\/jldlague.com\/en\/product-category\/used-equipment\/used-tractors\/\"},{\"@type\":\"ListItem\",\"position\":4,\"name\":\"+100 HP Tractor\",\"item\":\"https:\/\/jldlague.com\/en\/product-category\/used-equipment\/used-tractors\/used-100-hp-tractor\/\"},{\"@type\":\"ListItem\",\"position\":5,\"name\":\"FENDT 516 CAB 4X4 LDR 50KM SUSP.\"}]},{\"@type\":\"WebSite\",\"@id\":\"https:\/\/jldlague.com\/en\/#website\",\"url\":\"https:\/\/jldlague.com\/en\/\",\"name\":\"JLD-Lagu\u00eb\",\"description\":\"\",\"publisher\":{\"@id\":\"https:\/\/jldlague.com\/en\/#organization\"},\"alternateName\":\"JLD\",\"potentialAction\":[{\"@type\":\"SearchAction\",\"target\":{\"@type\":\"EntryPoint\",\"urlTemplate\":\"https:\/\/jldlague.com\/en\/?s={search_term_string}\"},\"query-input\":{\"@type\":\"PropertyValueSpecification\",\"valueRequired\":true,\"valueName\":\"search_term_string\"}}],\"inLanguage\":\"en-US\"},{\"@type\":\"Organization\",\"@id\":\"https:\/\/jldlague.com\/en\/#organization\",\"name\":\"JLD-Lagu\u00eb\",\"url\":\"https:\/\/jldlague.com\/en\/\",\"logo\":{\"@type\":\"ImageObject\",\"inLanguage\":\"en-US\",\"@id\":\"https:\/\/jldlague.com\/en\/#\/schema\/logo\/image\/\",\"url\":\"https:\/\/jldlague.com\/wp-content\/uploads\/2023\/06\/logos.svg\",\"contentUrl\":\"https:\/\/jldlague.com\/wp-content\/uploads\/2023\/06\/logos.svg\",\"width\":385,\"height\":50,\"caption\":\"JLD-Lagu\u00eb\"},\"image\":{\"@id\":\"https:\/\/jldlague.com\/en\/#\/schema\/logo\/image\/\"},\"sameAs\":[\"https:\/\/www.facebook.com\/jldlague\",\"https:\/\/www.linkedin.com\/company\/the-jld-group-john-deere-dealer\",\"https:\/\/www.instagram.com\/jldlague\/\",\"https:\/\/www.youtube.com\/channel\/UCRpOpeDrLm9lIf6jXO7cJZw\"]}]}<\/script>\n<!-- \/ Yoast SEO plugin. -->","yoast_head_json":{"title":"FENDT 516 CAB 4X4 LDR 50KM SUSP. - Fendt - JLD-Lagu\u00eb 370813A1","description":"D\u00e9couvrez le produit FENDT 516 CAB 4X4 LDR 50KM SUSP.+100 HP Tractor, \u00c9quipements usag\u00e9s, Tracteur 100 HP +, Tracteurs, Tractors, Used equipment (370813A1) de Fendtdisponible chez JLD-Lagu\u00eb","robots":{"index":"index","follow":"follow","max-snippet":"max-snippet:-1","max-image-preview":"max-image-preview:large","max-video-preview":"max-video-preview:-1"},"canonical":"https:\/\/jldlague.com\/en\/product\/used-equipment\/used-tractors\/used-100-hp-tractor\/fendt-516-cab-4x4-ldr-50km-susp\/","og_locale":"en_US","og_type":"article","og_title":"FENDT 516 CAB 4X4 LDR 50KM SUSP. - Fendt - JLD-Lagu\u00eb 370813A1","og_description":"D\u00e9couvrez le produit FENDT 516 CAB 4X4 LDR 50KM SUSP.+100 HP Tractor, \u00c9quipements usag\u00e9s, Tracteur 100 HP +, Tracteurs, Tractors, Used equipment (370813A1) de Fendtdisponible chez JLD-Lagu\u00eb","og_url":"https:\/\/jldlague.com\/en\/product\/used-equipment\/used-tractors\/used-100-hp-tractor\/fendt-516-cab-4x4-ldr-50km-susp\/","og_site_name":"JLD-Lagu\u00eb","article_publisher":"https:\/\/www.facebook.com\/jldlague","article_modified_time":"2026-03-20T12:00:56+00:00","og_image":[{"width":2560,"height":1920,"url":"https:\/\/jldlague.com\/wp-content\/uploads\/2024\/06\/IMG_2390-scaled.jpeg","type":"image\/jpeg"}],"twitter_card":"summary_large_image","schema":{"@context":"https:\/\/schema.org","@graph":[{"@type":"WebPage","@id":"https:\/\/jldlague.com\/en\/product\/used-equipment\/used-tractors\/used-100-hp-tractor\/fendt-516-cab-4x4-ldr-50km-susp\/","url":"https:\/\/jldlague.com\/en\/product\/used-equipment\/used-tractors\/used-100-hp-tractor\/fendt-516-cab-4x4-ldr-50km-susp\/","name":"FENDT 516 CAB 4X4 LDR 50KM SUSP. - Fendt - JLD-Lagu\u00eb 370813A1","isPartOf":{"@id":"https:\/\/jldlague.com\/en\/#website"},"primaryImageOfPage":{"@id":"https:\/\/jldlague.com\/en\/product\/used-equipment\/used-tractors\/used-100-hp-tractor\/fendt-516-cab-4x4-ldr-50km-susp\/#primaryimage"},"image":{"@id":"https:\/\/jldlague.com\/en\/product\/used-equipment\/used-tractors\/used-100-hp-tractor\/fendt-516-cab-4x4-ldr-50km-susp\/#primaryimage"},"thumbnailUrl":"https:\/\/jldlague.com\/wp-content\/uploads\/2024\/06\/IMG_2390-scaled.jpeg","datePublished":"2024-06-11T12:24:51+00:00","dateModified":"2026-03-20T12:00:56+00:00","description":"D\u00e9couvrez le produit FENDT 516 CAB 4X4 LDR 50KM SUSP.+100 HP Tractor, \u00c9quipements usag\u00e9s, Tracteur 100 HP +, Tracteurs, Tractors, Used equipment (370813A1) de Fendtdisponible chez JLD-Lagu\u00eb","breadcrumb":{"@id":"https:\/\/jldlague.com\/en\/product\/used-equipment\/used-tractors\/used-100-hp-tractor\/fendt-516-cab-4x4-ldr-50km-susp\/#breadcrumb"},"inLanguage":"en-US","potentialAction":[{"@type":"ReadAction","target":["https:\/\/jldlague.com\/en\/product\/used-equipment\/used-tractors\/used-100-hp-tractor\/fendt-516-cab-4x4-ldr-50km-susp\/"]}]},{"@type":"ImageObject","inLanguage":"en-US","@id":"https:\/\/jldlague.com\/en\/product\/used-equipment\/used-tractors\/used-100-hp-tractor\/fendt-516-cab-4x4-ldr-50km-susp\/#primaryimage","url":"https:\/\/jldlague.com\/wp-content\/uploads\/2024\/06\/IMG_2390-scaled.jpeg","contentUrl":"https:\/\/jldlague.com\/wp-content\/uploads\/2024\/06\/IMG_2390-scaled.jpeg","width":2560,"height":1920},{"@type":"BreadcrumbList","@id":"https:\/\/jldlague.com\/en\/product\/used-equipment\/used-tractors\/used-100-hp-tractor\/fendt-516-cab-4x4-ldr-50km-susp\/#breadcrumb","itemListElement":[{"@type":"ListItem","position":1,"name":"Home","item":"https:\/\/jldlague.com\/en\/"},{"@type":"ListItem","position":2,"name":"Used equipment","item":"https:\/\/jldlague.com\/en\/product-category\/used-equipment\/"},{"@type":"ListItem","position":3,"name":"Tractors","item":"https:\/\/jldlague.com\/en\/product-category\/used-equipment\/used-tractors\/"},{"@type":"ListItem","position":4,"name":"+100 HP Tractor","item":"https:\/\/jldlague.com\/en\/product-category\/used-equipment\/used-tractors\/used-100-hp-tractor\/"},{"@type":"ListItem","position":5,"name":"FENDT 516 CAB 4X4 LDR 50KM SUSP."}]},{"@type":"WebSite","@id":"https:\/\/jldlague.com\/en\/#website","url":"https:\/\/jldlague.com\/en\/","name":"JLD-Lagu\u00eb","description":"","publisher":{"@id":"https:\/\/jldlague.com\/en\/#organization"},"alternateName":"JLD","potentialAction":[{"@type":"SearchAction","target":{"@type":"EntryPoint","urlTemplate":"https:\/\/jldlague.com\/en\/?s={search_term_string}"},"query-input":{"@type":"PropertyValueSpecification","valueRequired":true,"valueName":"search_term_string"}}],"inLanguage":"en-US"},{"@type":"Organization","@id":"https:\/\/jldlague.com\/en\/#organization","name":"JLD-Lagu\u00eb","url":"https:\/\/jldlague.com\/en\/","logo":{"@type":"ImageObject","inLanguage":"en-US","@id":"https:\/\/jldlague.com\/en\/#\/schema\/logo\/image\/","url":"https:\/\/jldlague.com\/wp-content\/uploads\/2023\/06\/logos.svg","contentUrl":"https:\/\/jldlague.com\/wp-content\/uploads\/2023\/06\/logos.svg","width":385,"height":50,"caption":"JLD-Lagu\u00eb"},"image":{"@id":"https:\/\/jldlague.com\/en\/#\/schema\/logo\/image\/"},"sameAs":["https:\/\/www.facebook.com\/jldlague","https:\/\/www.linkedin.com\/company\/the-jld-group-john-deere-dealer","https:\/\/www.instagram.com\/jldlague\/","https:\/\/www.youtube.com\/channel\/UCRpOpeDrLm9lIf6jXO7cJZw"]}]}},"_links":{"self":[{"href":"https:\/\/jldlague.com\/en\/wp-json\/wp\/v2\/product\/242837","targetHints":{"allow":["GET"]}}],"collection":[{"href":"https:\/\/jldlague.com\/en\/wp-json\/wp\/v2\/product"}],"about":[{"href":"https:\/\/jldlague.com\/en\/wp-json\/wp\/v2\/types\/product"}],"wp:featuredmedia":[{"embeddable":true,"href":"https:\/\/jldlague.com\/en\/wp-json\/wp\/v2\/media\/330659"}],"wp:attachment":[{"href":"https:\/\/jldlague.com\/en\/wp-json\/wp\/v2\/media?parent=242837"}],"wp:term":[{"taxonomy":"product_brand","embeddable":true,"href":"https:\/\/jldlague.com\/en\/wp-json\/wp\/v2\/product_brand?post=242837"},{"taxonomy":"product_cat","embeddable":true,"href":"https:\/\/jldlague.com\/en\/wp-json\/wp\/v2\/product_cat?post=242837"},{"taxonomy":"product_tag","embeddable":true,"href":"https:\/\/jldlague.com\/en\/wp-json\/wp\/v2\/product_tag?post=242837"},{"taxonomy":"brand","embeddable":true,"href":"https:\/\/jldlague.com\/en\/wp-json\/wp\/v2\/brand?post=242837"},{"taxonomy":"industry","embeddable":true,"href":"https:\/\/jldlague.com\/en\/wp-json\/wp\/v2\/industry?post=242837"}],"curies":[{"name":"wp","href":"https:\/\/api.w.org\/{rel}","templated":true}]}}