{"id":337509,"date":"2024-09-20T08:20:28","date_gmt":"2024-09-20T12:20:28","guid":{"rendered":"https:\/\/jldlague.com\/?post_type=product&#038;p=337509"},"modified":"2026-02-04T08:00:36","modified_gmt":"2026-02-04T13:00:36","slug":"jd-x9-1000-4x4-track-chopper","status":"publish","type":"product","link":"https:\/\/jldlague.com\/en\/product\/used-equipment\/combine-and-accessories\/combines-used\/jd-x9-1000-4x4-track-chopper\/","title":{"rendered":"JD X9 1000 4X4 TRACK CHOPPER"},"content":{"rendered":"<p>JD  36&#8221; RUBBER TRACK 75% GOOD,  VF 750\/65R26 R1W 75% GOOD,  ULTIMATE SUSPENSION,  PRO-DRIVE XL 40KM TRANSMISSION,  COUNTERMASTER FEEDERHOUSE,  MULTI-SPEED FEEDERHOUSE DRIVE,  FEEDRHOUSE DRIVE OIL COOLER,  ELECTRIC BIG TOP FOLD,  31FT POWER FOLD UNLOAD AUGER,  ACTIV YIELD &#038; MOISTURE MONITOR,  EXT. WEAR SMALL GRAN AND ROUND BAR CONCAVE ,  AIR COMPRESSOR,  JD 4600 PROCESSOR, JD LINK CAPABLE,  ULTIMATE PKG CAB, SIGNATURE EDITION,  ULTIMATE TECH. PKG,ULTIMATE VISIBILITY PKG,  JD SF7000 SF1 INTEGRATED GLOBE,  MACHINE SYNC ANTENNA KIT,  GREENSTAR READY, AUTOTRAC READY,  JD LINK CAPABLE,  PREMIUM CHOPPER, <\/p>\n","protected":false},"excerpt":{"rendered":"<p>JD 36&#8221; RUBBER TRACK 75% GOOD, VF 750\/65R26 R1W 75% GOOD, ULTIMATE SUSPENSION, PRO-DRIVE XL 40KM TRANSMISSION, COUNTERMASTER FEEDERHOUSE, MULTI-SPEED FEEDERHOUSE DRIVE, FEEDRHOUSE DRIVE OIL COOLER, ELECTRIC BIG TOP FOLD, 31FT POWER FOLD UNLOAD AUGER, ACTIV YIELD &#038; MOISTURE MONITOR, EXT. WEAR SMALL GRAN AND ROUND BAR CONCAVE , AIR COMPRESSOR, JD 4600 PROCESSOR, JD &hellip; <a href=\"https:\/\/jldlague.com\/en\/product\/used-equipment\/combine-and-accessories\/combines-used\/jd-x9-1000-4x4-track-chopper\/\">Continued<\/a><\/p>\n","protected":false},"featured_media":414985,"template":"","meta":{"_acf_changed":false},"product_brand":[],"product_cat":[90,544,147,30,485,37],"product_tag":[],"brand":[75],"industry":[],"class_list":{"0":"post-337509","1":"product","2":"type-product","3":"status-publish","4":"has-post-thumbnail","6":"product_cat-batteuses-et-accessoires-usages","7":"product_cat-combines-used","8":"product_cat-combine-and-accessories","9":"product_cat-equipements-usages","10":"product_cat-moissonneuses-batteuses-usages","11":"product_cat-used-equipment","12":"brand-john-deere","14":"first","15":"instock","16":"taxable","17":"shipping-taxable","18":"product-type-simple"},"acf":{"year":2023,"hours":754,"model":"X9 1000","kilometers":"","overrideShowForms":false,"keepProductStatusWhenImporting":false},"yoast_head":"<!-- This site is optimized with the Yoast SEO plugin v27.2 - https:\/\/yoast.com\/product\/yoast-seo-wordpress\/ -->\n<title>JD X9 1000 4X4 TRACK CHOPPER - John Deere - JLD-Lagu\u00eb 372398A1<\/title>\n<meta name=\"description\" content=\"D\u00e9couvrez le produit JD X9 1000 4X4 TRACK CHOPPER Batteuses et accessoires, Combines, Combines and accessories, \u00c9quipements usag\u00e9s, Moissonneuses-batteuses, Used equipment (372398A1) de John Deere disponible chez JLD-Lagu\u00eb\" \/>\n<meta name=\"robots\" content=\"index, follow, max-snippet:-1, max-image-preview:large, max-video-preview:-1\" \/>\n<link rel=\"canonical\" href=\"https:\/\/jldlague.com\/en\/product\/used-equipment\/combine-and-accessories\/combines-used\/jd-x9-1000-4x4-track-chopper\/\" \/>\n<meta property=\"og:locale\" content=\"en_US\" \/>\n<meta property=\"og:type\" content=\"article\" \/>\n<meta property=\"og:title\" content=\"JD X9 1000 4X4 TRACK CHOPPER - John Deere - JLD-Lagu\u00eb 372398A1\" \/>\n<meta property=\"og:description\" content=\"D\u00e9couvrez le produit JD X9 1000 4X4 TRACK CHOPPER Batteuses et accessoires, Combines, Combines and accessories, \u00c9quipements usag\u00e9s, Moissonneuses-batteuses, Used equipment (372398A1) de John Deere disponible chez JLD-Lagu\u00eb\" \/>\n<meta property=\"og:url\" content=\"https:\/\/jldlague.com\/en\/product\/used-equipment\/combine-and-accessories\/combines-used\/jd-x9-1000-4x4-track-chopper\/\" \/>\n<meta property=\"og:site_name\" content=\"JLD-Lagu\u00eb\" \/>\n<meta property=\"article:publisher\" content=\"https:\/\/www.facebook.com\/jldlague\" \/>\n<meta property=\"article:modified_time\" content=\"2026-02-04T13:00:36+00:00\" \/>\n<meta property=\"og:image\" content=\"https:\/\/jldlague.com\/wp-content\/uploads\/2024\/09\/20250908_170905772_iOS-scaled.jpg\" \/>\n\t<meta property=\"og:image:width\" content=\"2560\" \/>\n\t<meta property=\"og:image:height\" content=\"1920\" \/>\n\t<meta property=\"og:image:type\" content=\"image\/jpeg\" \/>\n<meta name=\"twitter:card\" content=\"summary_large_image\" \/>\n<meta name=\"twitter:label1\" content=\"Est. reading time\" \/>\n\t<meta name=\"twitter:data1\" content=\"1 minute\" \/>\n<script type=\"application\/ld+json\" class=\"yoast-schema-graph\">{\"@context\":\"https:\/\/schema.org\",\"@graph\":[{\"@type\":\"WebPage\",\"@id\":\"https:\/\/jldlague.com\/en\/product\/used-equipment\/combine-and-accessories\/combines-used\/jd-x9-1000-4x4-track-chopper\/\",\"url\":\"https:\/\/jldlague.com\/en\/product\/used-equipment\/combine-and-accessories\/combines-used\/jd-x9-1000-4x4-track-chopper\/\",\"name\":\"JD X9 1000 4X4 TRACK CHOPPER - John Deere - JLD-Lagu\u00eb 372398A1\",\"isPartOf\":{\"@id\":\"https:\/\/jldlague.com\/en\/#website\"},\"primaryImageOfPage\":{\"@id\":\"https:\/\/jldlague.com\/en\/product\/used-equipment\/combine-and-accessories\/combines-used\/jd-x9-1000-4x4-track-chopper\/#primaryimage\"},\"image\":{\"@id\":\"https:\/\/jldlague.com\/en\/product\/used-equipment\/combine-and-accessories\/combines-used\/jd-x9-1000-4x4-track-chopper\/#primaryimage\"},\"thumbnailUrl\":\"https:\/\/jldlague.com\/wp-content\/uploads\/2024\/09\/20250908_170905772_iOS-scaled.jpg\",\"datePublished\":\"2024-09-20T12:20:28+00:00\",\"dateModified\":\"2026-02-04T13:00:36+00:00\",\"description\":\"D\u00e9couvrez le produit JD X9 1000 4X4 TRACK CHOPPER Batteuses et accessoires, Combines, Combines and accessories, \u00c9quipements usag\u00e9s, Moissonneuses-batteuses, Used equipment (372398A1) de John Deere disponible chez JLD-Lagu\u00eb\",\"breadcrumb\":{\"@id\":\"https:\/\/jldlague.com\/en\/product\/used-equipment\/combine-and-accessories\/combines-used\/jd-x9-1000-4x4-track-chopper\/#breadcrumb\"},\"inLanguage\":\"en-US\",\"potentialAction\":[{\"@type\":\"ReadAction\",\"target\":[\"https:\/\/jldlague.com\/en\/product\/used-equipment\/combine-and-accessories\/combines-used\/jd-x9-1000-4x4-track-chopper\/\"]}]},{\"@type\":\"ImageObject\",\"inLanguage\":\"en-US\",\"@id\":\"https:\/\/jldlague.com\/en\/product\/used-equipment\/combine-and-accessories\/combines-used\/jd-x9-1000-4x4-track-chopper\/#primaryimage\",\"url\":\"https:\/\/jldlague.com\/wp-content\/uploads\/2024\/09\/20250908_170905772_iOS-scaled.jpg\",\"contentUrl\":\"https:\/\/jldlague.com\/wp-content\/uploads\/2024\/09\/20250908_170905772_iOS-scaled.jpg\",\"width\":2560,\"height\":1920},{\"@type\":\"BreadcrumbList\",\"@id\":\"https:\/\/jldlague.com\/en\/product\/used-equipment\/combine-and-accessories\/combines-used\/jd-x9-1000-4x4-track-chopper\/#breadcrumb\",\"itemListElement\":[{\"@type\":\"ListItem\",\"position\":1,\"name\":\"Home\",\"item\":\"https:\/\/jldlague.com\/en\/\"},{\"@type\":\"ListItem\",\"position\":2,\"name\":\"Used equipment\",\"item\":\"https:\/\/jldlague.com\/en\/product-category\/used-equipment\/\"},{\"@type\":\"ListItem\",\"position\":3,\"name\":\"Combines and accessories\",\"item\":\"https:\/\/jldlague.com\/en\/product-category\/used-equipment\/combine-and-accessories\/\"},{\"@type\":\"ListItem\",\"position\":4,\"name\":\"Combines\",\"item\":\"https:\/\/jldlague.com\/en\/product-category\/used-equipment\/combine-and-accessories\/combines-used\/\"},{\"@type\":\"ListItem\",\"position\":5,\"name\":\"JD X9 1000 4X4 TRACK CHOPPER\"}]},{\"@type\":\"WebSite\",\"@id\":\"https:\/\/jldlague.com\/en\/#website\",\"url\":\"https:\/\/jldlague.com\/en\/\",\"name\":\"JLD-Lagu\u00eb\",\"description\":\"\",\"publisher\":{\"@id\":\"https:\/\/jldlague.com\/en\/#organization\"},\"alternateName\":\"JLD\",\"potentialAction\":[{\"@type\":\"SearchAction\",\"target\":{\"@type\":\"EntryPoint\",\"urlTemplate\":\"https:\/\/jldlague.com\/en\/?s={search_term_string}\"},\"query-input\":{\"@type\":\"PropertyValueSpecification\",\"valueRequired\":true,\"valueName\":\"search_term_string\"}}],\"inLanguage\":\"en-US\"},{\"@type\":\"Organization\",\"@id\":\"https:\/\/jldlague.com\/en\/#organization\",\"name\":\"JLD-Lagu\u00eb\",\"url\":\"https:\/\/jldlague.com\/en\/\",\"logo\":{\"@type\":\"ImageObject\",\"inLanguage\":\"en-US\",\"@id\":\"https:\/\/jldlague.com\/en\/#\/schema\/logo\/image\/\",\"url\":\"https:\/\/jldlague.com\/wp-content\/uploads\/2023\/06\/logos.svg\",\"contentUrl\":\"https:\/\/jldlague.com\/wp-content\/uploads\/2023\/06\/logos.svg\",\"width\":385,\"height\":50,\"caption\":\"JLD-Lagu\u00eb\"},\"image\":{\"@id\":\"https:\/\/jldlague.com\/en\/#\/schema\/logo\/image\/\"},\"sameAs\":[\"https:\/\/www.facebook.com\/jldlague\",\"https:\/\/www.linkedin.com\/company\/the-jld-group-john-deere-dealer\",\"https:\/\/www.instagram.com\/jldlague\/\",\"https:\/\/www.youtube.com\/channel\/UCRpOpeDrLm9lIf6jXO7cJZw\"]}]}<\/script>\n<!-- \/ Yoast SEO plugin. -->","yoast_head_json":{"title":"JD X9 1000 4X4 TRACK CHOPPER - John Deere - JLD-Lagu\u00eb 372398A1","description":"D\u00e9couvrez le produit JD X9 1000 4X4 TRACK CHOPPER Batteuses et accessoires, Combines, Combines and accessories, \u00c9quipements usag\u00e9s, Moissonneuses-batteuses, Used equipment (372398A1) de John Deere disponible chez JLD-Lagu\u00eb","robots":{"index":"index","follow":"follow","max-snippet":"max-snippet:-1","max-image-preview":"max-image-preview:large","max-video-preview":"max-video-preview:-1"},"canonical":"https:\/\/jldlague.com\/en\/product\/used-equipment\/combine-and-accessories\/combines-used\/jd-x9-1000-4x4-track-chopper\/","og_locale":"en_US","og_type":"article","og_title":"JD X9 1000 4X4 TRACK CHOPPER - John Deere - JLD-Lagu\u00eb 372398A1","og_description":"D\u00e9couvrez le produit JD X9 1000 4X4 TRACK CHOPPER Batteuses et accessoires, Combines, Combines and accessories, \u00c9quipements usag\u00e9s, Moissonneuses-batteuses, Used equipment (372398A1) de John Deere disponible chez JLD-Lagu\u00eb","og_url":"https:\/\/jldlague.com\/en\/product\/used-equipment\/combine-and-accessories\/combines-used\/jd-x9-1000-4x4-track-chopper\/","og_site_name":"JLD-Lagu\u00eb","article_publisher":"https:\/\/www.facebook.com\/jldlague","article_modified_time":"2026-02-04T13:00:36+00:00","og_image":[{"width":2560,"height":1920,"url":"https:\/\/jldlague.com\/wp-content\/uploads\/2024\/09\/20250908_170905772_iOS-scaled.jpg","type":"image\/jpeg"}],"twitter_card":"summary_large_image","twitter_misc":{"Est. reading time":"1 minute"},"schema":{"@context":"https:\/\/schema.org","@graph":[{"@type":"WebPage","@id":"https:\/\/jldlague.com\/en\/product\/used-equipment\/combine-and-accessories\/combines-used\/jd-x9-1000-4x4-track-chopper\/","url":"https:\/\/jldlague.com\/en\/product\/used-equipment\/combine-and-accessories\/combines-used\/jd-x9-1000-4x4-track-chopper\/","name":"JD X9 1000 4X4 TRACK CHOPPER - John Deere - JLD-Lagu\u00eb 372398A1","isPartOf":{"@id":"https:\/\/jldlague.com\/en\/#website"},"primaryImageOfPage":{"@id":"https:\/\/jldlague.com\/en\/product\/used-equipment\/combine-and-accessories\/combines-used\/jd-x9-1000-4x4-track-chopper\/#primaryimage"},"image":{"@id":"https:\/\/jldlague.com\/en\/product\/used-equipment\/combine-and-accessories\/combines-used\/jd-x9-1000-4x4-track-chopper\/#primaryimage"},"thumbnailUrl":"https:\/\/jldlague.com\/wp-content\/uploads\/2024\/09\/20250908_170905772_iOS-scaled.jpg","datePublished":"2024-09-20T12:20:28+00:00","dateModified":"2026-02-04T13:00:36+00:00","description":"D\u00e9couvrez le produit JD X9 1000 4X4 TRACK CHOPPER Batteuses et accessoires, Combines, Combines and accessories, \u00c9quipements usag\u00e9s, Moissonneuses-batteuses, Used equipment (372398A1) de John Deere disponible chez JLD-Lagu\u00eb","breadcrumb":{"@id":"https:\/\/jldlague.com\/en\/product\/used-equipment\/combine-and-accessories\/combines-used\/jd-x9-1000-4x4-track-chopper\/#breadcrumb"},"inLanguage":"en-US","potentialAction":[{"@type":"ReadAction","target":["https:\/\/jldlague.com\/en\/product\/used-equipment\/combine-and-accessories\/combines-used\/jd-x9-1000-4x4-track-chopper\/"]}]},{"@type":"ImageObject","inLanguage":"en-US","@id":"https:\/\/jldlague.com\/en\/product\/used-equipment\/combine-and-accessories\/combines-used\/jd-x9-1000-4x4-track-chopper\/#primaryimage","url":"https:\/\/jldlague.com\/wp-content\/uploads\/2024\/09\/20250908_170905772_iOS-scaled.jpg","contentUrl":"https:\/\/jldlague.com\/wp-content\/uploads\/2024\/09\/20250908_170905772_iOS-scaled.jpg","width":2560,"height":1920},{"@type":"BreadcrumbList","@id":"https:\/\/jldlague.com\/en\/product\/used-equipment\/combine-and-accessories\/combines-used\/jd-x9-1000-4x4-track-chopper\/#breadcrumb","itemListElement":[{"@type":"ListItem","position":1,"name":"Home","item":"https:\/\/jldlague.com\/en\/"},{"@type":"ListItem","position":2,"name":"Used equipment","item":"https:\/\/jldlague.com\/en\/product-category\/used-equipment\/"},{"@type":"ListItem","position":3,"name":"Combines and accessories","item":"https:\/\/jldlague.com\/en\/product-category\/used-equipment\/combine-and-accessories\/"},{"@type":"ListItem","position":4,"name":"Combines","item":"https:\/\/jldlague.com\/en\/product-category\/used-equipment\/combine-and-accessories\/combines-used\/"},{"@type":"ListItem","position":5,"name":"JD X9 1000 4X4 TRACK CHOPPER"}]},{"@type":"WebSite","@id":"https:\/\/jldlague.com\/en\/#website","url":"https:\/\/jldlague.com\/en\/","name":"JLD-Lagu\u00eb","description":"","publisher":{"@id":"https:\/\/jldlague.com\/en\/#organization"},"alternateName":"JLD","potentialAction":[{"@type":"SearchAction","target":{"@type":"EntryPoint","urlTemplate":"https:\/\/jldlague.com\/en\/?s={search_term_string}"},"query-input":{"@type":"PropertyValueSpecification","valueRequired":true,"valueName":"search_term_string"}}],"inLanguage":"en-US"},{"@type":"Organization","@id":"https:\/\/jldlague.com\/en\/#organization","name":"JLD-Lagu\u00eb","url":"https:\/\/jldlague.com\/en\/","logo":{"@type":"ImageObject","inLanguage":"en-US","@id":"https:\/\/jldlague.com\/en\/#\/schema\/logo\/image\/","url":"https:\/\/jldlague.com\/wp-content\/uploads\/2023\/06\/logos.svg","contentUrl":"https:\/\/jldlague.com\/wp-content\/uploads\/2023\/06\/logos.svg","width":385,"height":50,"caption":"JLD-Lagu\u00eb"},"image":{"@id":"https:\/\/jldlague.com\/en\/#\/schema\/logo\/image\/"},"sameAs":["https:\/\/www.facebook.com\/jldlague","https:\/\/www.linkedin.com\/company\/the-jld-group-john-deere-dealer","https:\/\/www.instagram.com\/jldlague\/","https:\/\/www.youtube.com\/channel\/UCRpOpeDrLm9lIf6jXO7cJZw"]}]}},"_links":{"self":[{"href":"https:\/\/jldlague.com\/en\/wp-json\/wp\/v2\/product\/337509","targetHints":{"allow":["GET"]}}],"collection":[{"href":"https:\/\/jldlague.com\/en\/wp-json\/wp\/v2\/product"}],"about":[{"href":"https:\/\/jldlague.com\/en\/wp-json\/wp\/v2\/types\/product"}],"wp:featuredmedia":[{"embeddable":true,"href":"https:\/\/jldlague.com\/en\/wp-json\/wp\/v2\/media\/414985"}],"wp:attachment":[{"href":"https:\/\/jldlague.com\/en\/wp-json\/wp\/v2\/media?parent=337509"}],"wp:term":[{"taxonomy":"product_brand","embeddable":true,"href":"https:\/\/jldlague.com\/en\/wp-json\/wp\/v2\/product_brand?post=337509"},{"taxonomy":"product_cat","embeddable":true,"href":"https:\/\/jldlague.com\/en\/wp-json\/wp\/v2\/product_cat?post=337509"},{"taxonomy":"product_tag","embeddable":true,"href":"https:\/\/jldlague.com\/en\/wp-json\/wp\/v2\/product_tag?post=337509"},{"taxonomy":"brand","embeddable":true,"href":"https:\/\/jldlague.com\/en\/wp-json\/wp\/v2\/brand?post=337509"},{"taxonomy":"industry","embeddable":true,"href":"https:\/\/jldlague.com\/en\/wp-json\/wp\/v2\/industry?post=337509"}],"curies":[{"name":"wp","href":"https:\/\/api.w.org\/{rel}","templated":true}]}}