{"id":339086,"date":"2024-09-28T09:04:49","date_gmt":"2024-09-28T13:04:49","guid":{"rendered":"https:\/\/jldlague.com\/?post_type=product&#038;p=339086"},"modified":"2026-01-25T08:03:27","modified_gmt":"2026-01-25T13:03:27","slug":"jd-6r-195-dd-4x4-cab-50km-susp-3pts-pto","status":"publish","type":"product","link":"https:\/\/jldlague.com\/en\/product\/used-equipment\/used-tractors\/used-100-hp-tractor\/jd-6r-195-dd-4x4-cab-50km-susp-3pts-pto\/","title":{"rendered":"JD 6R 195 DD 4X4 CAB 50KM SUSP. + 3PTS &#038; PTO"},"content":{"rendered":"<p>195 HP MOTOR 156 HP PTO,  TRANS. DIRECT DRIVE 24\/24 50KM LHR,  710\/70R38 TRELLEBORG 90% GOOD,  710\/70R38 TRELLEBORG 90% GOOD,  4 SCV, PTO (RPM) 540\/540E\/1000,  PREMIUM CAB, JD 4200 G4 PROCESSOR,  COLOR DISPLAY, JD LINK CAPABLE,  FRONT FENDERS, REAR FENDERS EXT., REAR WIPER,  BEACON LIGHT, HELPER SEAT, MIRRORS,  PREMIUM LED LIGHT PKG,  ELECT. JOYSTICK LESS MID-VALVE,  FRONT AXLE SUSPENDED TLS,  FRONT 3 PTS HITCH,  FRONT PTO 1000 1 3\/8,  REAR 3PTS DRAFTS LINK HOOK END EUROPEEN TYPE,  HYDRAULIC TRAILER BRAKE,  GREENSTAR READY, AUTOTRAC READY,  ISOBUS TERMINAL, <\/p>\n","protected":false},"excerpt":{"rendered":"<p>195 HP MOTOR 156 HP PTO, TRANS. DIRECT DRIVE 24\/24 50KM LHR, 710\/70R38 TRELLEBORG 90% GOOD, 710\/70R38 TRELLEBORG 90% GOOD, 4 SCV, PTO (RPM) 540\/540E\/1000, PREMIUM CAB, JD 4200 G4 PROCESSOR, COLOR DISPLAY, JD LINK CAPABLE, FRONT FENDERS, REAR FENDERS EXT., REAR WIPER, BEACON LIGHT, HELPER SEAT, MIRRORS, PREMIUM LED LIGHT PKG, ELECT. JOYSTICK LESS &hellip; <a href=\"https:\/\/jldlague.com\/en\/product\/used-equipment\/used-tractors\/used-100-hp-tractor\/jd-6r-195-dd-4x4-cab-50km-susp-3pts-pto\/\">Continued<\/a><\/p>\n","protected":false},"featured_media":352014,"template":"","meta":{"_acf_changed":false},"product_brand":[],"product_cat":[1210,30,926,89,146,37],"product_tag":[],"brand":[75],"industry":[],"class_list":{"0":"post-339086","1":"product","2":"type-product","3":"status-publish","4":"has-post-thumbnail","6":"product_cat-used-100-hp-tractor","7":"product_cat-equipements-usages","8":"product_cat-tracteur-100-hp-usages","9":"product_cat-tracteurs-usages","10":"product_cat-used-tractors","11":"product_cat-used-equipment","12":"brand-john-deere","14":"first","15":"instock","16":"taxable","17":"shipping-taxable","18":"product-type-simple"},"acf":{"year":2023,"hours":1098,"model":"6R 195","kilometers":"","overrideShowForms":false,"keepProductStatusWhenImporting":false},"yoast_head":"<!-- This site is optimized with the Yoast SEO plugin v27.2 - https:\/\/yoast.com\/product\/yoast-seo-wordpress\/ -->\n<title>JD 6R 195 DD 4X4 CAB 50KM SUSP. + 3PTS &amp; PTO - John Deere - JLD-Lagu\u00eb R362603<\/title>\n<meta name=\"description\" content=\"D\u00e9couvrez le produit JD 6R 195 DD 4X4 CAB 50KM SUSP. + 3PTS &amp; PTO+100 HP Tractor, \u00c9quipements usag\u00e9s, Tracteur 100 HP +, Tracteurs, Tractors, Used equipment (R362603) de John Deeredisponible chez JLD-Lagu\u00eb\" \/>\n<meta name=\"robots\" content=\"index, follow, max-snippet:-1, max-image-preview:large, max-video-preview:-1\" \/>\n<link rel=\"canonical\" href=\"https:\/\/jldlague.com\/en\/product\/used-equipment\/used-tractors\/used-100-hp-tractor\/jd-6r-195-dd-4x4-cab-50km-susp-3pts-pto\/\" \/>\n<meta property=\"og:locale\" content=\"en_US\" \/>\n<meta property=\"og:type\" content=\"article\" \/>\n<meta property=\"og:title\" content=\"JD 6R 195 DD 4X4 CAB 50KM SUSP. + 3PTS &amp; PTO - John Deere - JLD-Lagu\u00eb R362603\" \/>\n<meta property=\"og:description\" content=\"D\u00e9couvrez le produit JD 6R 195 DD 4X4 CAB 50KM SUSP. + 3PTS &amp; PTO+100 HP Tractor, \u00c9quipements usag\u00e9s, Tracteur 100 HP +, Tracteurs, Tractors, Used equipment (R362603) de John Deeredisponible chez JLD-Lagu\u00eb\" \/>\n<meta property=\"og:url\" content=\"https:\/\/jldlague.com\/en\/product\/used-equipment\/used-tractors\/used-100-hp-tractor\/jd-6r-195-dd-4x4-cab-50km-susp-3pts-pto\/\" \/>\n<meta property=\"og:site_name\" content=\"JLD-Lagu\u00eb\" \/>\n<meta property=\"article:publisher\" content=\"https:\/\/www.facebook.com\/jldlague\" \/>\n<meta property=\"article:modified_time\" content=\"2026-01-25T13:03:27+00:00\" \/>\n<meta property=\"og:image\" content=\"https:\/\/jldlague.com\/wp-content\/uploads\/2024\/09\/IMG_3997-scaled.jpg\" \/>\n\t<meta property=\"og:image:width\" content=\"2560\" \/>\n\t<meta property=\"og:image:height\" content=\"1920\" \/>\n\t<meta property=\"og:image:type\" content=\"image\/jpeg\" \/>\n<meta name=\"twitter:card\" content=\"summary_large_image\" \/>\n<script type=\"application\/ld+json\" class=\"yoast-schema-graph\">{\"@context\":\"https:\/\/schema.org\",\"@graph\":[{\"@type\":\"WebPage\",\"@id\":\"https:\/\/jldlague.com\/en\/product\/used-equipment\/used-tractors\/used-100-hp-tractor\/jd-6r-195-dd-4x4-cab-50km-susp-3pts-pto\/\",\"url\":\"https:\/\/jldlague.com\/en\/product\/used-equipment\/used-tractors\/used-100-hp-tractor\/jd-6r-195-dd-4x4-cab-50km-susp-3pts-pto\/\",\"name\":\"JD 6R 195 DD 4X4 CAB 50KM SUSP. + 3PTS & PTO - John Deere - JLD-Lagu\u00eb R362603\",\"isPartOf\":{\"@id\":\"https:\/\/jldlague.com\/en\/#website\"},\"primaryImageOfPage\":{\"@id\":\"https:\/\/jldlague.com\/en\/product\/used-equipment\/used-tractors\/used-100-hp-tractor\/jd-6r-195-dd-4x4-cab-50km-susp-3pts-pto\/#primaryimage\"},\"image\":{\"@id\":\"https:\/\/jldlague.com\/en\/product\/used-equipment\/used-tractors\/used-100-hp-tractor\/jd-6r-195-dd-4x4-cab-50km-susp-3pts-pto\/#primaryimage\"},\"thumbnailUrl\":\"https:\/\/jldlague.com\/wp-content\/uploads\/2024\/09\/IMG_3997-scaled.jpg\",\"datePublished\":\"2024-09-28T13:04:49+00:00\",\"dateModified\":\"2026-01-25T13:03:27+00:00\",\"description\":\"D\u00e9couvrez le produit JD 6R 195 DD 4X4 CAB 50KM SUSP. + 3PTS & PTO+100 HP Tractor, \u00c9quipements usag\u00e9s, Tracteur 100 HP +, Tracteurs, Tractors, Used equipment (R362603) de John Deeredisponible chez JLD-Lagu\u00eb\",\"breadcrumb\":{\"@id\":\"https:\/\/jldlague.com\/en\/product\/used-equipment\/used-tractors\/used-100-hp-tractor\/jd-6r-195-dd-4x4-cab-50km-susp-3pts-pto\/#breadcrumb\"},\"inLanguage\":\"en-US\",\"potentialAction\":[{\"@type\":\"ReadAction\",\"target\":[\"https:\/\/jldlague.com\/en\/product\/used-equipment\/used-tractors\/used-100-hp-tractor\/jd-6r-195-dd-4x4-cab-50km-susp-3pts-pto\/\"]}]},{\"@type\":\"ImageObject\",\"inLanguage\":\"en-US\",\"@id\":\"https:\/\/jldlague.com\/en\/product\/used-equipment\/used-tractors\/used-100-hp-tractor\/jd-6r-195-dd-4x4-cab-50km-susp-3pts-pto\/#primaryimage\",\"url\":\"https:\/\/jldlague.com\/wp-content\/uploads\/2024\/09\/IMG_3997-scaled.jpg\",\"contentUrl\":\"https:\/\/jldlague.com\/wp-content\/uploads\/2024\/09\/IMG_3997-scaled.jpg\",\"width\":2560,\"height\":1920},{\"@type\":\"BreadcrumbList\",\"@id\":\"https:\/\/jldlague.com\/en\/product\/used-equipment\/used-tractors\/used-100-hp-tractor\/jd-6r-195-dd-4x4-cab-50km-susp-3pts-pto\/#breadcrumb\",\"itemListElement\":[{\"@type\":\"ListItem\",\"position\":1,\"name\":\"Home\",\"item\":\"https:\/\/jldlague.com\/en\/\"},{\"@type\":\"ListItem\",\"position\":2,\"name\":\"Used equipment\",\"item\":\"https:\/\/jldlague.com\/en\/product-category\/used-equipment\/\"},{\"@type\":\"ListItem\",\"position\":3,\"name\":\"Tractors\",\"item\":\"https:\/\/jldlague.com\/en\/product-category\/used-equipment\/used-tractors\/\"},{\"@type\":\"ListItem\",\"position\":4,\"name\":\"+100 HP Tractor\",\"item\":\"https:\/\/jldlague.com\/en\/product-category\/used-equipment\/used-tractors\/used-100-hp-tractor\/\"},{\"@type\":\"ListItem\",\"position\":5,\"name\":\"JD 6R 195 DD 4X4 CAB 50KM SUSP. + 3PTS &#038; PTO\"}]},{\"@type\":\"WebSite\",\"@id\":\"https:\/\/jldlague.com\/en\/#website\",\"url\":\"https:\/\/jldlague.com\/en\/\",\"name\":\"JLD-Lagu\u00eb\",\"description\":\"\",\"publisher\":{\"@id\":\"https:\/\/jldlague.com\/en\/#organization\"},\"alternateName\":\"JLD\",\"potentialAction\":[{\"@type\":\"SearchAction\",\"target\":{\"@type\":\"EntryPoint\",\"urlTemplate\":\"https:\/\/jldlague.com\/en\/?s={search_term_string}\"},\"query-input\":{\"@type\":\"PropertyValueSpecification\",\"valueRequired\":true,\"valueName\":\"search_term_string\"}}],\"inLanguage\":\"en-US\"},{\"@type\":\"Organization\",\"@id\":\"https:\/\/jldlague.com\/en\/#organization\",\"name\":\"JLD-Lagu\u00eb\",\"url\":\"https:\/\/jldlague.com\/en\/\",\"logo\":{\"@type\":\"ImageObject\",\"inLanguage\":\"en-US\",\"@id\":\"https:\/\/jldlague.com\/en\/#\/schema\/logo\/image\/\",\"url\":\"https:\/\/jldlague.com\/wp-content\/uploads\/2023\/06\/logos.svg\",\"contentUrl\":\"https:\/\/jldlague.com\/wp-content\/uploads\/2023\/06\/logos.svg\",\"width\":385,\"height\":50,\"caption\":\"JLD-Lagu\u00eb\"},\"image\":{\"@id\":\"https:\/\/jldlague.com\/en\/#\/schema\/logo\/image\/\"},\"sameAs\":[\"https:\/\/www.facebook.com\/jldlague\",\"https:\/\/www.linkedin.com\/company\/the-jld-group-john-deere-dealer\",\"https:\/\/www.instagram.com\/jldlague\/\",\"https:\/\/www.youtube.com\/channel\/UCRpOpeDrLm9lIf6jXO7cJZw\"]}]}<\/script>\n<!-- \/ Yoast SEO plugin. -->","yoast_head_json":{"title":"JD 6R 195 DD 4X4 CAB 50KM SUSP. + 3PTS & PTO - John Deere - JLD-Lagu\u00eb R362603","description":"D\u00e9couvrez le produit JD 6R 195 DD 4X4 CAB 50KM SUSP. + 3PTS & PTO+100 HP Tractor, \u00c9quipements usag\u00e9s, Tracteur 100 HP +, Tracteurs, Tractors, Used equipment (R362603) de John Deeredisponible chez JLD-Lagu\u00eb","robots":{"index":"index","follow":"follow","max-snippet":"max-snippet:-1","max-image-preview":"max-image-preview:large","max-video-preview":"max-video-preview:-1"},"canonical":"https:\/\/jldlague.com\/en\/product\/used-equipment\/used-tractors\/used-100-hp-tractor\/jd-6r-195-dd-4x4-cab-50km-susp-3pts-pto\/","og_locale":"en_US","og_type":"article","og_title":"JD 6R 195 DD 4X4 CAB 50KM SUSP. + 3PTS & PTO - John Deere - JLD-Lagu\u00eb R362603","og_description":"D\u00e9couvrez le produit JD 6R 195 DD 4X4 CAB 50KM SUSP. + 3PTS & PTO+100 HP Tractor, \u00c9quipements usag\u00e9s, Tracteur 100 HP +, Tracteurs, Tractors, Used equipment (R362603) de John Deeredisponible chez JLD-Lagu\u00eb","og_url":"https:\/\/jldlague.com\/en\/product\/used-equipment\/used-tractors\/used-100-hp-tractor\/jd-6r-195-dd-4x4-cab-50km-susp-3pts-pto\/","og_site_name":"JLD-Lagu\u00eb","article_publisher":"https:\/\/www.facebook.com\/jldlague","article_modified_time":"2026-01-25T13:03:27+00:00","og_image":[{"width":2560,"height":1920,"url":"https:\/\/jldlague.com\/wp-content\/uploads\/2024\/09\/IMG_3997-scaled.jpg","type":"image\/jpeg"}],"twitter_card":"summary_large_image","schema":{"@context":"https:\/\/schema.org","@graph":[{"@type":"WebPage","@id":"https:\/\/jldlague.com\/en\/product\/used-equipment\/used-tractors\/used-100-hp-tractor\/jd-6r-195-dd-4x4-cab-50km-susp-3pts-pto\/","url":"https:\/\/jldlague.com\/en\/product\/used-equipment\/used-tractors\/used-100-hp-tractor\/jd-6r-195-dd-4x4-cab-50km-susp-3pts-pto\/","name":"JD 6R 195 DD 4X4 CAB 50KM SUSP. + 3PTS & PTO - John Deere - JLD-Lagu\u00eb R362603","isPartOf":{"@id":"https:\/\/jldlague.com\/en\/#website"},"primaryImageOfPage":{"@id":"https:\/\/jldlague.com\/en\/product\/used-equipment\/used-tractors\/used-100-hp-tractor\/jd-6r-195-dd-4x4-cab-50km-susp-3pts-pto\/#primaryimage"},"image":{"@id":"https:\/\/jldlague.com\/en\/product\/used-equipment\/used-tractors\/used-100-hp-tractor\/jd-6r-195-dd-4x4-cab-50km-susp-3pts-pto\/#primaryimage"},"thumbnailUrl":"https:\/\/jldlague.com\/wp-content\/uploads\/2024\/09\/IMG_3997-scaled.jpg","datePublished":"2024-09-28T13:04:49+00:00","dateModified":"2026-01-25T13:03:27+00:00","description":"D\u00e9couvrez le produit JD 6R 195 DD 4X4 CAB 50KM SUSP. + 3PTS & PTO+100 HP Tractor, \u00c9quipements usag\u00e9s, Tracteur 100 HP +, Tracteurs, Tractors, Used equipment (R362603) de John Deeredisponible chez JLD-Lagu\u00eb","breadcrumb":{"@id":"https:\/\/jldlague.com\/en\/product\/used-equipment\/used-tractors\/used-100-hp-tractor\/jd-6r-195-dd-4x4-cab-50km-susp-3pts-pto\/#breadcrumb"},"inLanguage":"en-US","potentialAction":[{"@type":"ReadAction","target":["https:\/\/jldlague.com\/en\/product\/used-equipment\/used-tractors\/used-100-hp-tractor\/jd-6r-195-dd-4x4-cab-50km-susp-3pts-pto\/"]}]},{"@type":"ImageObject","inLanguage":"en-US","@id":"https:\/\/jldlague.com\/en\/product\/used-equipment\/used-tractors\/used-100-hp-tractor\/jd-6r-195-dd-4x4-cab-50km-susp-3pts-pto\/#primaryimage","url":"https:\/\/jldlague.com\/wp-content\/uploads\/2024\/09\/IMG_3997-scaled.jpg","contentUrl":"https:\/\/jldlague.com\/wp-content\/uploads\/2024\/09\/IMG_3997-scaled.jpg","width":2560,"height":1920},{"@type":"BreadcrumbList","@id":"https:\/\/jldlague.com\/en\/product\/used-equipment\/used-tractors\/used-100-hp-tractor\/jd-6r-195-dd-4x4-cab-50km-susp-3pts-pto\/#breadcrumb","itemListElement":[{"@type":"ListItem","position":1,"name":"Home","item":"https:\/\/jldlague.com\/en\/"},{"@type":"ListItem","position":2,"name":"Used equipment","item":"https:\/\/jldlague.com\/en\/product-category\/used-equipment\/"},{"@type":"ListItem","position":3,"name":"Tractors","item":"https:\/\/jldlague.com\/en\/product-category\/used-equipment\/used-tractors\/"},{"@type":"ListItem","position":4,"name":"+100 HP Tractor","item":"https:\/\/jldlague.com\/en\/product-category\/used-equipment\/used-tractors\/used-100-hp-tractor\/"},{"@type":"ListItem","position":5,"name":"JD 6R 195 DD 4X4 CAB 50KM SUSP. + 3PTS &#038; PTO"}]},{"@type":"WebSite","@id":"https:\/\/jldlague.com\/en\/#website","url":"https:\/\/jldlague.com\/en\/","name":"JLD-Lagu\u00eb","description":"","publisher":{"@id":"https:\/\/jldlague.com\/en\/#organization"},"alternateName":"JLD","potentialAction":[{"@type":"SearchAction","target":{"@type":"EntryPoint","urlTemplate":"https:\/\/jldlague.com\/en\/?s={search_term_string}"},"query-input":{"@type":"PropertyValueSpecification","valueRequired":true,"valueName":"search_term_string"}}],"inLanguage":"en-US"},{"@type":"Organization","@id":"https:\/\/jldlague.com\/en\/#organization","name":"JLD-Lagu\u00eb","url":"https:\/\/jldlague.com\/en\/","logo":{"@type":"ImageObject","inLanguage":"en-US","@id":"https:\/\/jldlague.com\/en\/#\/schema\/logo\/image\/","url":"https:\/\/jldlague.com\/wp-content\/uploads\/2023\/06\/logos.svg","contentUrl":"https:\/\/jldlague.com\/wp-content\/uploads\/2023\/06\/logos.svg","width":385,"height":50,"caption":"JLD-Lagu\u00eb"},"image":{"@id":"https:\/\/jldlague.com\/en\/#\/schema\/logo\/image\/"},"sameAs":["https:\/\/www.facebook.com\/jldlague","https:\/\/www.linkedin.com\/company\/the-jld-group-john-deere-dealer","https:\/\/www.instagram.com\/jldlague\/","https:\/\/www.youtube.com\/channel\/UCRpOpeDrLm9lIf6jXO7cJZw"]}]}},"_links":{"self":[{"href":"https:\/\/jldlague.com\/en\/wp-json\/wp\/v2\/product\/339086","targetHints":{"allow":["GET"]}}],"collection":[{"href":"https:\/\/jldlague.com\/en\/wp-json\/wp\/v2\/product"}],"about":[{"href":"https:\/\/jldlague.com\/en\/wp-json\/wp\/v2\/types\/product"}],"wp:featuredmedia":[{"embeddable":true,"href":"https:\/\/jldlague.com\/en\/wp-json\/wp\/v2\/media\/352014"}],"wp:attachment":[{"href":"https:\/\/jldlague.com\/en\/wp-json\/wp\/v2\/media?parent=339086"}],"wp:term":[{"taxonomy":"product_brand","embeddable":true,"href":"https:\/\/jldlague.com\/en\/wp-json\/wp\/v2\/product_brand?post=339086"},{"taxonomy":"product_cat","embeddable":true,"href":"https:\/\/jldlague.com\/en\/wp-json\/wp\/v2\/product_cat?post=339086"},{"taxonomy":"product_tag","embeddable":true,"href":"https:\/\/jldlague.com\/en\/wp-json\/wp\/v2\/product_tag?post=339086"},{"taxonomy":"brand","embeddable":true,"href":"https:\/\/jldlague.com\/en\/wp-json\/wp\/v2\/brand?post=339086"},{"taxonomy":"industry","embeddable":true,"href":"https:\/\/jldlague.com\/en\/wp-json\/wp\/v2\/industry?post=339086"}],"curies":[{"name":"wp","href":"https:\/\/api.w.org\/{rel}","templated":true}]}}