{"id":341311,"date":"2024-10-07T11:15:11","date_gmt":"2024-10-07T15:15:11","guid":{"rendered":"https:\/\/jldlague.com\/?post_type=product&#038;p=341311"},"modified":"2026-04-04T08:00:43","modified_gmt":"2026-04-04T12:00:43","slug":"chargeur-loader-jd-h480-2","status":"publish","type":"product","link":"https:\/\/jldlague.com\/en\/product\/used-equipment\/other-equipment\/used-equipment-for-livestock-and-horses\/chargeur-loader-jd-h480-2\/","title":{"rendered":"CHARGEUR \/LOADER JD H480"},"content":{"rendered":"<p>JD H480 MSL LOADER, 3FTS, BUCKET 108&#8221;,  ALO ADAPTOR ALO CAT 2, ALO STD,  SIDE FRAMES 7020,7030 LARGE FRAME, <\/p>\n","protected":false},"excerpt":{"rendered":"<p>JD H480 MSL LOADER, 3FTS, BUCKET 108&#8221;, ALO ADAPTOR ALO CAT 2, ALO STD, SIDE FRAMES 7020,7030 LARGE FRAME,<\/p>\n","protected":false},"featured_media":342153,"template":"","meta":{"_acf_changed":false},"product_brand":[],"product_cat":[929,30,1204,1129,37],"product_tag":[],"brand":[75],"industry":[],"class_list":{"0":"post-341311","1":"product","2":"type-product","3":"status-publish","4":"has-post-thumbnail","6":"product_cat-equipement-pour-betail-et-chevaux-usages","7":"product_cat-equipements-usages","8":"product_cat-used-equipment-for-livestock-and-horses","9":"product_cat-other-equipment","10":"product_cat-used-equipment","11":"brand-john-deere","13":"first","14":"instock","15":"taxable","16":"shipping-taxable","17":"product-type-simple"},"acf":{"year":2011,"hours":0,"model":"H480","kilometers":"","overrideShowForms":false,"keepProductStatusWhenImporting":false},"yoast_head":"<!-- This site is optimized with the Yoast SEO plugin v27.2 - https:\/\/yoast.com\/product\/yoast-seo-wordpress\/ -->\n<title>CHARGEUR \/LOADER JD H480 - John Deere - JLD-Lagu\u00eb 356502B1<\/title>\n<meta name=\"description\" content=\"D\u00e9couvrez le produit CHARGEUR \/LOADER JD H480\u00c9quipement pour b\u00e9tail et chevaux, \u00c9quipements usag\u00e9s, Equipment for livestock and horses, Other equipment, Used equipment (356502B1) de John Deeredisponible chez JLD-Lagu\u00eb\" \/>\n<meta name=\"robots\" content=\"index, follow, max-snippet:-1, max-image-preview:large, max-video-preview:-1\" \/>\n<link rel=\"canonical\" href=\"https:\/\/jldlague.com\/en\/product\/used-equipment\/other-equipment\/used-equipment-for-livestock-and-horses\/chargeur-loader-jd-h480-2\/\" \/>\n<meta property=\"og:locale\" content=\"en_US\" \/>\n<meta property=\"og:type\" content=\"article\" \/>\n<meta property=\"og:title\" content=\"CHARGEUR \/LOADER JD H480 - John Deere - JLD-Lagu\u00eb 356502B1\" \/>\n<meta property=\"og:description\" content=\"D\u00e9couvrez le produit CHARGEUR \/LOADER JD H480\u00c9quipement pour b\u00e9tail et chevaux, \u00c9quipements usag\u00e9s, Equipment for livestock and horses, Other equipment, Used equipment (356502B1) de John Deeredisponible chez JLD-Lagu\u00eb\" \/>\n<meta property=\"og:url\" content=\"https:\/\/jldlague.com\/en\/product\/used-equipment\/other-equipment\/used-equipment-for-livestock-and-horses\/chargeur-loader-jd-h480-2\/\" \/>\n<meta property=\"og:site_name\" content=\"JLD-Lagu\u00eb\" \/>\n<meta property=\"article:publisher\" content=\"https:\/\/www.facebook.com\/jldlague\" \/>\n<meta property=\"article:modified_time\" content=\"2026-04-04T12:00:43+00:00\" \/>\n<meta property=\"og:image\" content=\"https:\/\/jldlague.com\/wp-content\/uploads\/2024\/10\/20240928_130503495_iOS-scaled.jpg\" \/>\n\t<meta property=\"og:image:width\" content=\"2560\" \/>\n\t<meta property=\"og:image:height\" content=\"1920\" \/>\n\t<meta property=\"og:image:type\" content=\"image\/jpeg\" \/>\n<meta name=\"twitter:card\" content=\"summary_large_image\" \/>\n<script type=\"application\/ld+json\" class=\"yoast-schema-graph\">{\"@context\":\"https:\/\/schema.org\",\"@graph\":[{\"@type\":\"WebPage\",\"@id\":\"https:\/\/jldlague.com\/en\/product\/used-equipment\/other-equipment\/used-equipment-for-livestock-and-horses\/chargeur-loader-jd-h480-2\/\",\"url\":\"https:\/\/jldlague.com\/en\/product\/used-equipment\/other-equipment\/used-equipment-for-livestock-and-horses\/chargeur-loader-jd-h480-2\/\",\"name\":\"CHARGEUR \/LOADER JD H480 - John Deere - JLD-Lagu\u00eb 356502B1\",\"isPartOf\":{\"@id\":\"https:\/\/jldlague.com\/en\/#website\"},\"primaryImageOfPage\":{\"@id\":\"https:\/\/jldlague.com\/en\/product\/used-equipment\/other-equipment\/used-equipment-for-livestock-and-horses\/chargeur-loader-jd-h480-2\/#primaryimage\"},\"image\":{\"@id\":\"https:\/\/jldlague.com\/en\/product\/used-equipment\/other-equipment\/used-equipment-for-livestock-and-horses\/chargeur-loader-jd-h480-2\/#primaryimage\"},\"thumbnailUrl\":\"https:\/\/jldlague.com\/wp-content\/uploads\/2024\/10\/20240928_130503495_iOS-scaled.jpg\",\"datePublished\":\"2024-10-07T15:15:11+00:00\",\"dateModified\":\"2026-04-04T12:00:43+00:00\",\"description\":\"D\u00e9couvrez le produit CHARGEUR \/LOADER JD H480\u00c9quipement pour b\u00e9tail et chevaux, \u00c9quipements usag\u00e9s, Equipment for livestock and horses, Other equipment, Used equipment (356502B1) de John Deeredisponible chez JLD-Lagu\u00eb\",\"breadcrumb\":{\"@id\":\"https:\/\/jldlague.com\/en\/product\/used-equipment\/other-equipment\/used-equipment-for-livestock-and-horses\/chargeur-loader-jd-h480-2\/#breadcrumb\"},\"inLanguage\":\"en-US\",\"potentialAction\":[{\"@type\":\"ReadAction\",\"target\":[\"https:\/\/jldlague.com\/en\/product\/used-equipment\/other-equipment\/used-equipment-for-livestock-and-horses\/chargeur-loader-jd-h480-2\/\"]}]},{\"@type\":\"ImageObject\",\"inLanguage\":\"en-US\",\"@id\":\"https:\/\/jldlague.com\/en\/product\/used-equipment\/other-equipment\/used-equipment-for-livestock-and-horses\/chargeur-loader-jd-h480-2\/#primaryimage\",\"url\":\"https:\/\/jldlague.com\/wp-content\/uploads\/2024\/10\/20240928_130503495_iOS-scaled.jpg\",\"contentUrl\":\"https:\/\/jldlague.com\/wp-content\/uploads\/2024\/10\/20240928_130503495_iOS-scaled.jpg\",\"width\":2560,\"height\":1920},{\"@type\":\"BreadcrumbList\",\"@id\":\"https:\/\/jldlague.com\/en\/product\/used-equipment\/other-equipment\/used-equipment-for-livestock-and-horses\/chargeur-loader-jd-h480-2\/#breadcrumb\",\"itemListElement\":[{\"@type\":\"ListItem\",\"position\":1,\"name\":\"Home\",\"item\":\"https:\/\/jldlague.com\/en\/\"},{\"@type\":\"ListItem\",\"position\":2,\"name\":\"Used equipment\",\"item\":\"https:\/\/jldlague.com\/en\/product-category\/used-equipment\/\"},{\"@type\":\"ListItem\",\"position\":3,\"name\":\"Other equipment\",\"item\":\"https:\/\/jldlague.com\/en\/product-category\/used-equipment\/other-equipment\/\"},{\"@type\":\"ListItem\",\"position\":4,\"name\":\"Equipment for livestock and horses\",\"item\":\"https:\/\/jldlague.com\/en\/product-category\/used-equipment\/other-equipment\/used-equipment-for-livestock-and-horses\/\"},{\"@type\":\"ListItem\",\"position\":5,\"name\":\"CHARGEUR \/LOADER JD H480\"}]},{\"@type\":\"WebSite\",\"@id\":\"https:\/\/jldlague.com\/en\/#website\",\"url\":\"https:\/\/jldlague.com\/en\/\",\"name\":\"JLD-Lagu\u00eb\",\"description\":\"\",\"publisher\":{\"@id\":\"https:\/\/jldlague.com\/en\/#organization\"},\"alternateName\":\"JLD\",\"potentialAction\":[{\"@type\":\"SearchAction\",\"target\":{\"@type\":\"EntryPoint\",\"urlTemplate\":\"https:\/\/jldlague.com\/en\/?s={search_term_string}\"},\"query-input\":{\"@type\":\"PropertyValueSpecification\",\"valueRequired\":true,\"valueName\":\"search_term_string\"}}],\"inLanguage\":\"en-US\"},{\"@type\":\"Organization\",\"@id\":\"https:\/\/jldlague.com\/en\/#organization\",\"name\":\"JLD-Lagu\u00eb\",\"url\":\"https:\/\/jldlague.com\/en\/\",\"logo\":{\"@type\":\"ImageObject\",\"inLanguage\":\"en-US\",\"@id\":\"https:\/\/jldlague.com\/en\/#\/schema\/logo\/image\/\",\"url\":\"https:\/\/jldlague.com\/wp-content\/uploads\/2023\/06\/logos.svg\",\"contentUrl\":\"https:\/\/jldlague.com\/wp-content\/uploads\/2023\/06\/logos.svg\",\"width\":385,\"height\":50,\"caption\":\"JLD-Lagu\u00eb\"},\"image\":{\"@id\":\"https:\/\/jldlague.com\/en\/#\/schema\/logo\/image\/\"},\"sameAs\":[\"https:\/\/www.facebook.com\/jldlague\",\"https:\/\/www.linkedin.com\/company\/the-jld-group-john-deere-dealer\",\"https:\/\/www.instagram.com\/jldlague\/\",\"https:\/\/www.youtube.com\/channel\/UCRpOpeDrLm9lIf6jXO7cJZw\"]}]}<\/script>\n<!-- \/ Yoast SEO plugin. -->","yoast_head_json":{"title":"CHARGEUR \/LOADER JD H480 - John Deere - JLD-Lagu\u00eb 356502B1","description":"D\u00e9couvrez le produit CHARGEUR \/LOADER JD H480\u00c9quipement pour b\u00e9tail et chevaux, \u00c9quipements usag\u00e9s, Equipment for livestock and horses, Other equipment, Used equipment (356502B1) de John Deeredisponible chez JLD-Lagu\u00eb","robots":{"index":"index","follow":"follow","max-snippet":"max-snippet:-1","max-image-preview":"max-image-preview:large","max-video-preview":"max-video-preview:-1"},"canonical":"https:\/\/jldlague.com\/en\/product\/used-equipment\/other-equipment\/used-equipment-for-livestock-and-horses\/chargeur-loader-jd-h480-2\/","og_locale":"en_US","og_type":"article","og_title":"CHARGEUR \/LOADER JD H480 - John Deere - JLD-Lagu\u00eb 356502B1","og_description":"D\u00e9couvrez le produit CHARGEUR \/LOADER JD H480\u00c9quipement pour b\u00e9tail et chevaux, \u00c9quipements usag\u00e9s, Equipment for livestock and horses, Other equipment, Used equipment (356502B1) de John Deeredisponible chez JLD-Lagu\u00eb","og_url":"https:\/\/jldlague.com\/en\/product\/used-equipment\/other-equipment\/used-equipment-for-livestock-and-horses\/chargeur-loader-jd-h480-2\/","og_site_name":"JLD-Lagu\u00eb","article_publisher":"https:\/\/www.facebook.com\/jldlague","article_modified_time":"2026-04-04T12:00:43+00:00","og_image":[{"width":2560,"height":1920,"url":"https:\/\/jldlague.com\/wp-content\/uploads\/2024\/10\/20240928_130503495_iOS-scaled.jpg","type":"image\/jpeg"}],"twitter_card":"summary_large_image","schema":{"@context":"https:\/\/schema.org","@graph":[{"@type":"WebPage","@id":"https:\/\/jldlague.com\/en\/product\/used-equipment\/other-equipment\/used-equipment-for-livestock-and-horses\/chargeur-loader-jd-h480-2\/","url":"https:\/\/jldlague.com\/en\/product\/used-equipment\/other-equipment\/used-equipment-for-livestock-and-horses\/chargeur-loader-jd-h480-2\/","name":"CHARGEUR \/LOADER JD H480 - John Deere - JLD-Lagu\u00eb 356502B1","isPartOf":{"@id":"https:\/\/jldlague.com\/en\/#website"},"primaryImageOfPage":{"@id":"https:\/\/jldlague.com\/en\/product\/used-equipment\/other-equipment\/used-equipment-for-livestock-and-horses\/chargeur-loader-jd-h480-2\/#primaryimage"},"image":{"@id":"https:\/\/jldlague.com\/en\/product\/used-equipment\/other-equipment\/used-equipment-for-livestock-and-horses\/chargeur-loader-jd-h480-2\/#primaryimage"},"thumbnailUrl":"https:\/\/jldlague.com\/wp-content\/uploads\/2024\/10\/20240928_130503495_iOS-scaled.jpg","datePublished":"2024-10-07T15:15:11+00:00","dateModified":"2026-04-04T12:00:43+00:00","description":"D\u00e9couvrez le produit CHARGEUR \/LOADER JD H480\u00c9quipement pour b\u00e9tail et chevaux, \u00c9quipements usag\u00e9s, Equipment for livestock and horses, Other equipment, Used equipment (356502B1) de John Deeredisponible chez JLD-Lagu\u00eb","breadcrumb":{"@id":"https:\/\/jldlague.com\/en\/product\/used-equipment\/other-equipment\/used-equipment-for-livestock-and-horses\/chargeur-loader-jd-h480-2\/#breadcrumb"},"inLanguage":"en-US","potentialAction":[{"@type":"ReadAction","target":["https:\/\/jldlague.com\/en\/product\/used-equipment\/other-equipment\/used-equipment-for-livestock-and-horses\/chargeur-loader-jd-h480-2\/"]}]},{"@type":"ImageObject","inLanguage":"en-US","@id":"https:\/\/jldlague.com\/en\/product\/used-equipment\/other-equipment\/used-equipment-for-livestock-and-horses\/chargeur-loader-jd-h480-2\/#primaryimage","url":"https:\/\/jldlague.com\/wp-content\/uploads\/2024\/10\/20240928_130503495_iOS-scaled.jpg","contentUrl":"https:\/\/jldlague.com\/wp-content\/uploads\/2024\/10\/20240928_130503495_iOS-scaled.jpg","width":2560,"height":1920},{"@type":"BreadcrumbList","@id":"https:\/\/jldlague.com\/en\/product\/used-equipment\/other-equipment\/used-equipment-for-livestock-and-horses\/chargeur-loader-jd-h480-2\/#breadcrumb","itemListElement":[{"@type":"ListItem","position":1,"name":"Home","item":"https:\/\/jldlague.com\/en\/"},{"@type":"ListItem","position":2,"name":"Used equipment","item":"https:\/\/jldlague.com\/en\/product-category\/used-equipment\/"},{"@type":"ListItem","position":3,"name":"Other equipment","item":"https:\/\/jldlague.com\/en\/product-category\/used-equipment\/other-equipment\/"},{"@type":"ListItem","position":4,"name":"Equipment for livestock and horses","item":"https:\/\/jldlague.com\/en\/product-category\/used-equipment\/other-equipment\/used-equipment-for-livestock-and-horses\/"},{"@type":"ListItem","position":5,"name":"CHARGEUR \/LOADER JD H480"}]},{"@type":"WebSite","@id":"https:\/\/jldlague.com\/en\/#website","url":"https:\/\/jldlague.com\/en\/","name":"JLD-Lagu\u00eb","description":"","publisher":{"@id":"https:\/\/jldlague.com\/en\/#organization"},"alternateName":"JLD","potentialAction":[{"@type":"SearchAction","target":{"@type":"EntryPoint","urlTemplate":"https:\/\/jldlague.com\/en\/?s={search_term_string}"},"query-input":{"@type":"PropertyValueSpecification","valueRequired":true,"valueName":"search_term_string"}}],"inLanguage":"en-US"},{"@type":"Organization","@id":"https:\/\/jldlague.com\/en\/#organization","name":"JLD-Lagu\u00eb","url":"https:\/\/jldlague.com\/en\/","logo":{"@type":"ImageObject","inLanguage":"en-US","@id":"https:\/\/jldlague.com\/en\/#\/schema\/logo\/image\/","url":"https:\/\/jldlague.com\/wp-content\/uploads\/2023\/06\/logos.svg","contentUrl":"https:\/\/jldlague.com\/wp-content\/uploads\/2023\/06\/logos.svg","width":385,"height":50,"caption":"JLD-Lagu\u00eb"},"image":{"@id":"https:\/\/jldlague.com\/en\/#\/schema\/logo\/image\/"},"sameAs":["https:\/\/www.facebook.com\/jldlague","https:\/\/www.linkedin.com\/company\/the-jld-group-john-deere-dealer","https:\/\/www.instagram.com\/jldlague\/","https:\/\/www.youtube.com\/channel\/UCRpOpeDrLm9lIf6jXO7cJZw"]}]}},"_links":{"self":[{"href":"https:\/\/jldlague.com\/en\/wp-json\/wp\/v2\/product\/341311","targetHints":{"allow":["GET"]}}],"collection":[{"href":"https:\/\/jldlague.com\/en\/wp-json\/wp\/v2\/product"}],"about":[{"href":"https:\/\/jldlague.com\/en\/wp-json\/wp\/v2\/types\/product"}],"wp:featuredmedia":[{"embeddable":true,"href":"https:\/\/jldlague.com\/en\/wp-json\/wp\/v2\/media\/342153"}],"wp:attachment":[{"href":"https:\/\/jldlague.com\/en\/wp-json\/wp\/v2\/media?parent=341311"}],"wp:term":[{"taxonomy":"product_brand","embeddable":true,"href":"https:\/\/jldlague.com\/en\/wp-json\/wp\/v2\/product_brand?post=341311"},{"taxonomy":"product_cat","embeddable":true,"href":"https:\/\/jldlague.com\/en\/wp-json\/wp\/v2\/product_cat?post=341311"},{"taxonomy":"product_tag","embeddable":true,"href":"https:\/\/jldlague.com\/en\/wp-json\/wp\/v2\/product_tag?post=341311"},{"taxonomy":"brand","embeddable":true,"href":"https:\/\/jldlague.com\/en\/wp-json\/wp\/v2\/brand?post=341311"},{"taxonomy":"industry","embeddable":true,"href":"https:\/\/jldlague.com\/en\/wp-json\/wp\/v2\/industry?post=341311"}],"curies":[{"name":"wp","href":"https:\/\/api.w.org\/{rel}","templated":true}]}}