{"id":344351,"date":"2024-10-17T16:46:59","date_gmt":"2024-10-17T20:46:59","guid":{"rendered":"https:\/\/jldlague.com\/?post_type=product&#038;p=344351"},"modified":"2026-04-17T09:04:35","modified_gmt":"2026-04-17T13:04:35","slug":"ladies-cap","status":"publish","type":"product","link":"https:\/\/jldlague.com\/en\/product\/parts\/clothing-and-caps\/ladies-cap\/","title":{"rendered":"Coral cap"},"content":{"rendered":"<p>Ivory and coral, 100% Cotton front, 100% Polyester back<\/p>\n","protected":false},"excerpt":{"rendered":"<p>Ivory and coral, 100% Cotton front, 100% Polyester back<\/p>\n","protected":false},"featured_media":427200,"template":"","meta":{"_acf_changed":false},"product_brand":[],"product_cat":[68,156,61,62],"product_tag":[],"brand":[75],"industry":[],"class_list":{"0":"post-344351","1":"product","2":"type-product","3":"status-publish","4":"has-post-thumbnail","6":"product_cat-clothing-and-caps","7":"product_cat-parts","8":"product_cat-pieces","9":"product_cat-vetements-et-casquettes","10":"product_shipping_class-forfaitaire-parts-et-merch","11":"brand-john-deere","13":"first","14":"instock","15":"taxable","16":"shipping-taxable","17":"purchasable","18":"product-type-simple"},"acf":{"year":"","hours":"","model":"","kilometers":"","overrideShowForms":false,"keepProductStatusWhenImporting":false},"yoast_head":"<!-- This site is optimized with the Yoast SEO plugin v27.2 - https:\/\/yoast.com\/product\/yoast-seo-wordpress\/ -->\n<title>Coral cap<\/title>\n<meta name=\"description\" content=\"D\u00e9couvrez le produit LADIES CAP Clothing and caps, Parts, Pi\u00e8ces, V\u00eatements et casquettes (LP73330) de John Deere disponible chez JLD-Lagu\u00eb\" \/>\n<meta name=\"robots\" content=\"index, follow, max-snippet:-1, max-image-preview:large, max-video-preview:-1\" \/>\n<link rel=\"canonical\" href=\"https:\/\/jldlague.com\/en\/product\/parts\/clothing-and-caps\/ladies-cap\/\" \/>\n<meta property=\"og:locale\" content=\"en_US\" \/>\n<meta property=\"og:type\" content=\"article\" \/>\n<meta property=\"og:title\" content=\"LADIES CAP - John Deere - JLD-Lagu\u00eb LP73330\" \/>\n<meta property=\"og:description\" content=\"D\u00e9couvrez le produit LADIES CAP Clothing and caps, Parts, Pi\u00e8ces, V\u00eatements et casquettes (LP73330) de John Deere disponible chez JLD-Lagu\u00eb\" \/>\n<meta property=\"og:url\" content=\"https:\/\/jldlague.com\/en\/product\/parts\/clothing-and-caps\/ladies-cap\/\" \/>\n<meta property=\"og:site_name\" content=\"JLD-Lagu\u00eb\" \/>\n<meta property=\"article:publisher\" content=\"https:\/\/www.facebook.com\/jldlague\" \/>\n<meta property=\"article:modified_time\" content=\"2026-04-17T13:04:35+00:00\" \/>\n<meta property=\"og:image\" content=\"https:\/\/jldlague.com\/wp-content\/uploads\/2024\/10\/LP73330.jpg\" \/>\n\t<meta property=\"og:image:width\" content=\"1200\" \/>\n\t<meta property=\"og:image:height\" content=\"1200\" \/>\n\t<meta property=\"og:image:type\" content=\"image\/jpeg\" \/>\n<meta name=\"twitter:card\" content=\"summary_large_image\" \/>\n<meta name=\"twitter:label1\" content=\"Est. reading time\" \/>\n\t<meta name=\"twitter:data1\" content=\"1 minute\" \/>\n<script type=\"application\/ld+json\" class=\"yoast-schema-graph\">{\"@context\":\"https:\/\/schema.org\",\"@graph\":[{\"@type\":\"WebPage\",\"@id\":\"https:\/\/jldlague.com\/en\/product\/parts\/clothing-and-caps\/ladies-cap\/\",\"url\":\"https:\/\/jldlague.com\/en\/product\/parts\/clothing-and-caps\/ladies-cap\/\",\"name\":\"LADIES CAP - John Deere - JLD-Lagu\u00eb LP73330\",\"isPartOf\":{\"@id\":\"https:\/\/jldlague.com\/en\/#website\"},\"primaryImageOfPage\":{\"@id\":\"https:\/\/jldlague.com\/en\/product\/parts\/clothing-and-caps\/ladies-cap\/#primaryimage\"},\"image\":{\"@id\":\"https:\/\/jldlague.com\/en\/product\/parts\/clothing-and-caps\/ladies-cap\/#primaryimage\"},\"thumbnailUrl\":\"https:\/\/jldlague.com\/wp-content\/uploads\/2024\/10\/LP73330.jpg\",\"datePublished\":\"2024-10-17T20:46:59+00:00\",\"dateModified\":\"2026-04-17T13:04:35+00:00\",\"description\":\"D\u00e9couvrez le produit LADIES CAP Clothing and caps, Parts, Pi\u00e8ces, V\u00eatements et casquettes (LP73330) de John Deere disponible chez JLD-Lagu\u00eb\",\"breadcrumb\":{\"@id\":\"https:\/\/jldlague.com\/en\/product\/parts\/clothing-and-caps\/ladies-cap\/#breadcrumb\"},\"inLanguage\":\"en-US\",\"potentialAction\":[{\"@type\":\"ReadAction\",\"target\":[\"https:\/\/jldlague.com\/en\/product\/parts\/clothing-and-caps\/ladies-cap\/\"]}]},{\"@type\":\"ImageObject\",\"inLanguage\":\"en-US\",\"@id\":\"https:\/\/jldlague.com\/en\/product\/parts\/clothing-and-caps\/ladies-cap\/#primaryimage\",\"url\":\"https:\/\/jldlague.com\/wp-content\/uploads\/2024\/10\/LP73330.jpg\",\"contentUrl\":\"https:\/\/jldlague.com\/wp-content\/uploads\/2024\/10\/LP73330.jpg\",\"width\":1200,\"height\":1200},{\"@type\":\"BreadcrumbList\",\"@id\":\"https:\/\/jldlague.com\/en\/product\/parts\/clothing-and-caps\/ladies-cap\/#breadcrumb\",\"itemListElement\":[{\"@type\":\"ListItem\",\"position\":1,\"name\":\"Home\",\"item\":\"https:\/\/jldlague.com\/en\/\"},{\"@type\":\"ListItem\",\"position\":2,\"name\":\"Parts\",\"item\":\"https:\/\/jldlague.com\/en\/product-category\/parts\/\"},{\"@type\":\"ListItem\",\"position\":3,\"name\":\"Clothing and caps\",\"item\":\"https:\/\/jldlague.com\/en\/product-category\/parts\/clothing-and-caps\/\"},{\"@type\":\"ListItem\",\"position\":4,\"name\":\"Coral cap\"}]},{\"@type\":\"WebSite\",\"@id\":\"https:\/\/jldlague.com\/en\/#website\",\"url\":\"https:\/\/jldlague.com\/en\/\",\"name\":\"JLD-Lagu\u00eb\",\"description\":\"\",\"publisher\":{\"@id\":\"https:\/\/jldlague.com\/en\/#organization\"},\"alternateName\":\"JLD\",\"potentialAction\":[{\"@type\":\"SearchAction\",\"target\":{\"@type\":\"EntryPoint\",\"urlTemplate\":\"https:\/\/jldlague.com\/en\/?s={search_term_string}\"},\"query-input\":{\"@type\":\"PropertyValueSpecification\",\"valueRequired\":true,\"valueName\":\"search_term_string\"}}],\"inLanguage\":\"en-US\"},{\"@type\":\"Organization\",\"@id\":\"https:\/\/jldlague.com\/en\/#organization\",\"name\":\"JLD-Lagu\u00eb\",\"url\":\"https:\/\/jldlague.com\/en\/\",\"logo\":{\"@type\":\"ImageObject\",\"inLanguage\":\"en-US\",\"@id\":\"https:\/\/jldlague.com\/en\/#\/schema\/logo\/image\/\",\"url\":\"https:\/\/jldlague.com\/wp-content\/uploads\/2023\/06\/logos.svg\",\"contentUrl\":\"https:\/\/jldlague.com\/wp-content\/uploads\/2023\/06\/logos.svg\",\"width\":385,\"height\":50,\"caption\":\"JLD-Lagu\u00eb\"},\"image\":{\"@id\":\"https:\/\/jldlague.com\/en\/#\/schema\/logo\/image\/\"},\"sameAs\":[\"https:\/\/www.facebook.com\/jldlague\",\"https:\/\/www.linkedin.com\/company\/the-jld-group-john-deere-dealer\",\"https:\/\/www.instagram.com\/jldlague\/\",\"https:\/\/www.youtube.com\/channel\/UCRpOpeDrLm9lIf6jXO7cJZw\"]}]}<\/script>\n<!-- \/ Yoast SEO plugin. -->","yoast_head_json":{"title":"Coral cap","description":"D\u00e9couvrez le produit LADIES CAP Clothing and caps, Parts, Pi\u00e8ces, V\u00eatements et casquettes (LP73330) de John Deere disponible chez JLD-Lagu\u00eb","robots":{"index":"index","follow":"follow","max-snippet":"max-snippet:-1","max-image-preview":"max-image-preview:large","max-video-preview":"max-video-preview:-1"},"canonical":"https:\/\/jldlague.com\/en\/product\/parts\/clothing-and-caps\/ladies-cap\/","og_locale":"en_US","og_type":"article","og_title":"LADIES CAP - John Deere - JLD-Lagu\u00eb LP73330","og_description":"D\u00e9couvrez le produit LADIES CAP Clothing and caps, Parts, Pi\u00e8ces, V\u00eatements et casquettes (LP73330) de John Deere disponible chez JLD-Lagu\u00eb","og_url":"https:\/\/jldlague.com\/en\/product\/parts\/clothing-and-caps\/ladies-cap\/","og_site_name":"JLD-Lagu\u00eb","article_publisher":"https:\/\/www.facebook.com\/jldlague","article_modified_time":"2026-04-17T13:04:35+00:00","og_image":[{"width":1200,"height":1200,"url":"https:\/\/jldlague.com\/wp-content\/uploads\/2024\/10\/LP73330.jpg","type":"image\/jpeg"}],"twitter_card":"summary_large_image","twitter_misc":{"Est. reading time":"1 minute"},"schema":{"@context":"https:\/\/schema.org","@graph":[{"@type":"WebPage","@id":"https:\/\/jldlague.com\/en\/product\/parts\/clothing-and-caps\/ladies-cap\/","url":"https:\/\/jldlague.com\/en\/product\/parts\/clothing-and-caps\/ladies-cap\/","name":"LADIES CAP - John Deere - JLD-Lagu\u00eb LP73330","isPartOf":{"@id":"https:\/\/jldlague.com\/en\/#website"},"primaryImageOfPage":{"@id":"https:\/\/jldlague.com\/en\/product\/parts\/clothing-and-caps\/ladies-cap\/#primaryimage"},"image":{"@id":"https:\/\/jldlague.com\/en\/product\/parts\/clothing-and-caps\/ladies-cap\/#primaryimage"},"thumbnailUrl":"https:\/\/jldlague.com\/wp-content\/uploads\/2024\/10\/LP73330.jpg","datePublished":"2024-10-17T20:46:59+00:00","dateModified":"2026-04-17T13:04:35+00:00","description":"D\u00e9couvrez le produit LADIES CAP Clothing and caps, Parts, Pi\u00e8ces, V\u00eatements et casquettes (LP73330) de John Deere disponible chez JLD-Lagu\u00eb","breadcrumb":{"@id":"https:\/\/jldlague.com\/en\/product\/parts\/clothing-and-caps\/ladies-cap\/#breadcrumb"},"inLanguage":"en-US","potentialAction":[{"@type":"ReadAction","target":["https:\/\/jldlague.com\/en\/product\/parts\/clothing-and-caps\/ladies-cap\/"]}]},{"@type":"ImageObject","inLanguage":"en-US","@id":"https:\/\/jldlague.com\/en\/product\/parts\/clothing-and-caps\/ladies-cap\/#primaryimage","url":"https:\/\/jldlague.com\/wp-content\/uploads\/2024\/10\/LP73330.jpg","contentUrl":"https:\/\/jldlague.com\/wp-content\/uploads\/2024\/10\/LP73330.jpg","width":1200,"height":1200},{"@type":"BreadcrumbList","@id":"https:\/\/jldlague.com\/en\/product\/parts\/clothing-and-caps\/ladies-cap\/#breadcrumb","itemListElement":[{"@type":"ListItem","position":1,"name":"Home","item":"https:\/\/jldlague.com\/en\/"},{"@type":"ListItem","position":2,"name":"Parts","item":"https:\/\/jldlague.com\/en\/product-category\/parts\/"},{"@type":"ListItem","position":3,"name":"Clothing and caps","item":"https:\/\/jldlague.com\/en\/product-category\/parts\/clothing-and-caps\/"},{"@type":"ListItem","position":4,"name":"Coral cap"}]},{"@type":"WebSite","@id":"https:\/\/jldlague.com\/en\/#website","url":"https:\/\/jldlague.com\/en\/","name":"JLD-Lagu\u00eb","description":"","publisher":{"@id":"https:\/\/jldlague.com\/en\/#organization"},"alternateName":"JLD","potentialAction":[{"@type":"SearchAction","target":{"@type":"EntryPoint","urlTemplate":"https:\/\/jldlague.com\/en\/?s={search_term_string}"},"query-input":{"@type":"PropertyValueSpecification","valueRequired":true,"valueName":"search_term_string"}}],"inLanguage":"en-US"},{"@type":"Organization","@id":"https:\/\/jldlague.com\/en\/#organization","name":"JLD-Lagu\u00eb","url":"https:\/\/jldlague.com\/en\/","logo":{"@type":"ImageObject","inLanguage":"en-US","@id":"https:\/\/jldlague.com\/en\/#\/schema\/logo\/image\/","url":"https:\/\/jldlague.com\/wp-content\/uploads\/2023\/06\/logos.svg","contentUrl":"https:\/\/jldlague.com\/wp-content\/uploads\/2023\/06\/logos.svg","width":385,"height":50,"caption":"JLD-Lagu\u00eb"},"image":{"@id":"https:\/\/jldlague.com\/en\/#\/schema\/logo\/image\/"},"sameAs":["https:\/\/www.facebook.com\/jldlague","https:\/\/www.linkedin.com\/company\/the-jld-group-john-deere-dealer","https:\/\/www.instagram.com\/jldlague\/","https:\/\/www.youtube.com\/channel\/UCRpOpeDrLm9lIf6jXO7cJZw"]}]}},"_links":{"self":[{"href":"https:\/\/jldlague.com\/en\/wp-json\/wp\/v2\/product\/344351","targetHints":{"allow":["GET"]}}],"collection":[{"href":"https:\/\/jldlague.com\/en\/wp-json\/wp\/v2\/product"}],"about":[{"href":"https:\/\/jldlague.com\/en\/wp-json\/wp\/v2\/types\/product"}],"wp:featuredmedia":[{"embeddable":true,"href":"https:\/\/jldlague.com\/en\/wp-json\/wp\/v2\/media\/427200"}],"wp:attachment":[{"href":"https:\/\/jldlague.com\/en\/wp-json\/wp\/v2\/media?parent=344351"}],"wp:term":[{"taxonomy":"product_brand","embeddable":true,"href":"https:\/\/jldlague.com\/en\/wp-json\/wp\/v2\/product_brand?post=344351"},{"taxonomy":"product_cat","embeddable":true,"href":"https:\/\/jldlague.com\/en\/wp-json\/wp\/v2\/product_cat?post=344351"},{"taxonomy":"product_tag","embeddable":true,"href":"https:\/\/jldlague.com\/en\/wp-json\/wp\/v2\/product_tag?post=344351"},{"taxonomy":"brand","embeddable":true,"href":"https:\/\/jldlague.com\/en\/wp-json\/wp\/v2\/brand?post=344351"},{"taxonomy":"industry","embeddable":true,"href":"https:\/\/jldlague.com\/en\/wp-json\/wp\/v2\/industry?post=344351"}],"curies":[{"name":"wp","href":"https:\/\/api.w.org\/{rel}","templated":true}]}}