{"id":345194,"date":"2024-10-22T11:34:37","date_gmt":"2024-10-22T15:34:37","guid":{"rendered":"https:\/\/jldlague.com\/?post_type=product&#038;p=345194"},"modified":"2026-02-09T08:05:31","modified_gmt":"2026-02-09T13:05:31","slug":"jd-4066r-4x4-cab-11","status":"publish","type":"product","link":"https:\/\/jldlague.com\/en\/product\/used-equipment\/used-tractors\/compact-tractors-en\/jd-4066r-4x4-cab-11\/","title":{"rendered":"JD 4066R 4X4 CAB"},"content":{"rendered":"<p>66HP MOTOR, 59HP PTO,  TRANS. HYDRO,  360\/50R28 NOKIAN 75% GOOD,  250\/75R16 NOKIAN 75% GOOD,  2 SCV, PTO 540,  FRONT FENDERS, REAR FENDERS EXT., REAR WIPER,  BEACON LIGHT,  2FTS MEC. JOYSTICK,  WARRANTY 2000HRS \/ OCT. 19 2027 JD, <\/p>\n","protected":false},"excerpt":{"rendered":"<p>66HP MOTOR, 59HP PTO, TRANS. HYDRO, 360\/50R28 NOKIAN 75% GOOD, 250\/75R16 NOKIAN 75% GOOD, 2 SCV, PTO 540, FRONT FENDERS, REAR FENDERS EXT., REAR WIPER, BEACON LIGHT, 2FTS MEC. JOYSTICK, WARRANTY 2000HRS \/ OCT. 19 2027 JD,<\/p>\n","protected":false},"featured_media":354573,"template":"","meta":{"_acf_changed":false},"product_brand":[],"product_cat":[70,30,89,66,146,37],"product_tag":[],"brand":[75],"industry":[],"class_list":{"0":"post-345194","1":"product","2":"type-product","3":"status-publish","4":"has-post-thumbnail","6":"product_cat-compact-tractors-en","7":"product_cat-equipements-usages","8":"product_cat-tracteurs-usages","9":"product_cat-tracteurs-compacts-usages","10":"product_cat-used-tractors","11":"product_cat-used-equipment","12":"brand-john-deere","14":"first","15":"instock","16":"taxable","17":"shipping-taxable","18":"product-type-simple"},"acf":{"year":2021,"hours":631,"model":"4066R","kilometers":"","overrideShowForms":false,"keepProductStatusWhenImporting":false},"yoast_head":"<!-- This site is optimized with the Yoast SEO plugin v27.2 - https:\/\/yoast.com\/product\/yoast-seo-wordpress\/ -->\n<title>JD 4066R 4X4 CAB - John Deere - JLD-Lagu\u00eb 370450B1<\/title>\n<meta name=\"description\" content=\"D\u00e9couvrez le produit JD 4066R 4X4 CAB Compact tractors, \u00c9quipements usag\u00e9s, Tracteurs, Tracteurs compacts, Tractors, Used equipment (370450B1) de John Deere disponible chez JLD-Lagu\u00eb\" \/>\n<meta name=\"robots\" content=\"index, follow, max-snippet:-1, max-image-preview:large, max-video-preview:-1\" \/>\n<link rel=\"canonical\" href=\"https:\/\/jldlague.com\/en\/product\/used-equipment\/used-tractors\/compact-tractors-en\/jd-4066r-4x4-cab-11\/\" \/>\n<meta property=\"og:locale\" content=\"en_US\" \/>\n<meta property=\"og:type\" content=\"article\" \/>\n<meta property=\"og:title\" content=\"JD 4066R 4X4 CAB - John Deere - JLD-Lagu\u00eb 370450B1\" \/>\n<meta property=\"og:description\" content=\"D\u00e9couvrez le produit JD 4066R 4X4 CAB Compact tractors, \u00c9quipements usag\u00e9s, Tracteurs, Tracteurs compacts, Tractors, Used equipment (370450B1) de John Deere disponible chez JLD-Lagu\u00eb\" \/>\n<meta property=\"og:url\" content=\"https:\/\/jldlague.com\/en\/product\/used-equipment\/used-tractors\/compact-tractors-en\/jd-4066r-4x4-cab-11\/\" \/>\n<meta property=\"og:site_name\" content=\"JLD-Lagu\u00eb\" \/>\n<meta property=\"article:publisher\" content=\"https:\/\/www.facebook.com\/jldlague\" \/>\n<meta property=\"article:modified_time\" content=\"2026-02-09T13:05:31+00:00\" \/>\n<meta property=\"og:image\" content=\"https:\/\/jldlague.com\/wp-content\/uploads\/2024\/10\/thumbnail_IMG_4905.jpg\" \/>\n\t<meta property=\"og:image:width\" content=\"1920\" \/>\n\t<meta property=\"og:image:height\" content=\"1440\" \/>\n\t<meta property=\"og:image:type\" content=\"image\/jpeg\" \/>\n<meta name=\"twitter:card\" content=\"summary_large_image\" \/>\n<meta name=\"twitter:label1\" content=\"Est. reading time\" \/>\n\t<meta name=\"twitter:data1\" content=\"1 minute\" \/>\n<script type=\"application\/ld+json\" class=\"yoast-schema-graph\">{\"@context\":\"https:\/\/schema.org\",\"@graph\":[{\"@type\":\"WebPage\",\"@id\":\"https:\/\/jldlague.com\/en\/product\/used-equipment\/used-tractors\/compact-tractors-en\/jd-4066r-4x4-cab-11\/\",\"url\":\"https:\/\/jldlague.com\/en\/product\/used-equipment\/used-tractors\/compact-tractors-en\/jd-4066r-4x4-cab-11\/\",\"name\":\"JD 4066R 4X4 CAB - John Deere - JLD-Lagu\u00eb 370450B1\",\"isPartOf\":{\"@id\":\"https:\/\/jldlague.com\/en\/#website\"},\"primaryImageOfPage\":{\"@id\":\"https:\/\/jldlague.com\/en\/product\/used-equipment\/used-tractors\/compact-tractors-en\/jd-4066r-4x4-cab-11\/#primaryimage\"},\"image\":{\"@id\":\"https:\/\/jldlague.com\/en\/product\/used-equipment\/used-tractors\/compact-tractors-en\/jd-4066r-4x4-cab-11\/#primaryimage\"},\"thumbnailUrl\":\"https:\/\/jldlague.com\/wp-content\/uploads\/2024\/10\/thumbnail_IMG_4905.jpg\",\"datePublished\":\"2024-10-22T15:34:37+00:00\",\"dateModified\":\"2026-02-09T13:05:31+00:00\",\"description\":\"D\u00e9couvrez le produit JD 4066R 4X4 CAB Compact tractors, \u00c9quipements usag\u00e9s, Tracteurs, Tracteurs compacts, Tractors, Used equipment (370450B1) de John Deere disponible chez JLD-Lagu\u00eb\",\"breadcrumb\":{\"@id\":\"https:\/\/jldlague.com\/en\/product\/used-equipment\/used-tractors\/compact-tractors-en\/jd-4066r-4x4-cab-11\/#breadcrumb\"},\"inLanguage\":\"en-US\",\"potentialAction\":[{\"@type\":\"ReadAction\",\"target\":[\"https:\/\/jldlague.com\/en\/product\/used-equipment\/used-tractors\/compact-tractors-en\/jd-4066r-4x4-cab-11\/\"]}]},{\"@type\":\"ImageObject\",\"inLanguage\":\"en-US\",\"@id\":\"https:\/\/jldlague.com\/en\/product\/used-equipment\/used-tractors\/compact-tractors-en\/jd-4066r-4x4-cab-11\/#primaryimage\",\"url\":\"https:\/\/jldlague.com\/wp-content\/uploads\/2024\/10\/thumbnail_IMG_4905.jpg\",\"contentUrl\":\"https:\/\/jldlague.com\/wp-content\/uploads\/2024\/10\/thumbnail_IMG_4905.jpg\",\"width\":1920,\"height\":1440},{\"@type\":\"BreadcrumbList\",\"@id\":\"https:\/\/jldlague.com\/en\/product\/used-equipment\/used-tractors\/compact-tractors-en\/jd-4066r-4x4-cab-11\/#breadcrumb\",\"itemListElement\":[{\"@type\":\"ListItem\",\"position\":1,\"name\":\"Home\",\"item\":\"https:\/\/jldlague.com\/en\/\"},{\"@type\":\"ListItem\",\"position\":2,\"name\":\"Used equipment\",\"item\":\"https:\/\/jldlague.com\/en\/product-category\/used-equipment\/\"},{\"@type\":\"ListItem\",\"position\":3,\"name\":\"Tractors\",\"item\":\"https:\/\/jldlague.com\/en\/product-category\/used-equipment\/used-tractors\/\"},{\"@type\":\"ListItem\",\"position\":4,\"name\":\"Compact tractors\",\"item\":\"https:\/\/jldlague.com\/en\/product-category\/used-equipment\/used-tractors\/compact-tractors-en\/\"},{\"@type\":\"ListItem\",\"position\":5,\"name\":\"JD 4066R 4X4 CAB\"}]},{\"@type\":\"WebSite\",\"@id\":\"https:\/\/jldlague.com\/en\/#website\",\"url\":\"https:\/\/jldlague.com\/en\/\",\"name\":\"JLD-Lagu\u00eb\",\"description\":\"\",\"publisher\":{\"@id\":\"https:\/\/jldlague.com\/en\/#organization\"},\"alternateName\":\"JLD\",\"potentialAction\":[{\"@type\":\"SearchAction\",\"target\":{\"@type\":\"EntryPoint\",\"urlTemplate\":\"https:\/\/jldlague.com\/en\/?s={search_term_string}\"},\"query-input\":{\"@type\":\"PropertyValueSpecification\",\"valueRequired\":true,\"valueName\":\"search_term_string\"}}],\"inLanguage\":\"en-US\"},{\"@type\":\"Organization\",\"@id\":\"https:\/\/jldlague.com\/en\/#organization\",\"name\":\"JLD-Lagu\u00eb\",\"url\":\"https:\/\/jldlague.com\/en\/\",\"logo\":{\"@type\":\"ImageObject\",\"inLanguage\":\"en-US\",\"@id\":\"https:\/\/jldlague.com\/en\/#\/schema\/logo\/image\/\",\"url\":\"https:\/\/jldlague.com\/wp-content\/uploads\/2023\/06\/logos.svg\",\"contentUrl\":\"https:\/\/jldlague.com\/wp-content\/uploads\/2023\/06\/logos.svg\",\"width\":385,\"height\":50,\"caption\":\"JLD-Lagu\u00eb\"},\"image\":{\"@id\":\"https:\/\/jldlague.com\/en\/#\/schema\/logo\/image\/\"},\"sameAs\":[\"https:\/\/www.facebook.com\/jldlague\",\"https:\/\/www.linkedin.com\/company\/the-jld-group-john-deere-dealer\",\"https:\/\/www.instagram.com\/jldlague\/\",\"https:\/\/www.youtube.com\/channel\/UCRpOpeDrLm9lIf6jXO7cJZw\"]}]}<\/script>\n<!-- \/ Yoast SEO plugin. -->","yoast_head_json":{"title":"JD 4066R 4X4 CAB - John Deere - JLD-Lagu\u00eb 370450B1","description":"D\u00e9couvrez le produit JD 4066R 4X4 CAB Compact tractors, \u00c9quipements usag\u00e9s, Tracteurs, Tracteurs compacts, Tractors, Used equipment (370450B1) de John Deere disponible chez JLD-Lagu\u00eb","robots":{"index":"index","follow":"follow","max-snippet":"max-snippet:-1","max-image-preview":"max-image-preview:large","max-video-preview":"max-video-preview:-1"},"canonical":"https:\/\/jldlague.com\/en\/product\/used-equipment\/used-tractors\/compact-tractors-en\/jd-4066r-4x4-cab-11\/","og_locale":"en_US","og_type":"article","og_title":"JD 4066R 4X4 CAB - John Deere - JLD-Lagu\u00eb 370450B1","og_description":"D\u00e9couvrez le produit JD 4066R 4X4 CAB Compact tractors, \u00c9quipements usag\u00e9s, Tracteurs, Tracteurs compacts, Tractors, Used equipment (370450B1) de John Deere disponible chez JLD-Lagu\u00eb","og_url":"https:\/\/jldlague.com\/en\/product\/used-equipment\/used-tractors\/compact-tractors-en\/jd-4066r-4x4-cab-11\/","og_site_name":"JLD-Lagu\u00eb","article_publisher":"https:\/\/www.facebook.com\/jldlague","article_modified_time":"2026-02-09T13:05:31+00:00","og_image":[{"width":1920,"height":1440,"url":"https:\/\/jldlague.com\/wp-content\/uploads\/2024\/10\/thumbnail_IMG_4905.jpg","type":"image\/jpeg"}],"twitter_card":"summary_large_image","twitter_misc":{"Est. reading time":"1 minute"},"schema":{"@context":"https:\/\/schema.org","@graph":[{"@type":"WebPage","@id":"https:\/\/jldlague.com\/en\/product\/used-equipment\/used-tractors\/compact-tractors-en\/jd-4066r-4x4-cab-11\/","url":"https:\/\/jldlague.com\/en\/product\/used-equipment\/used-tractors\/compact-tractors-en\/jd-4066r-4x4-cab-11\/","name":"JD 4066R 4X4 CAB - John Deere - JLD-Lagu\u00eb 370450B1","isPartOf":{"@id":"https:\/\/jldlague.com\/en\/#website"},"primaryImageOfPage":{"@id":"https:\/\/jldlague.com\/en\/product\/used-equipment\/used-tractors\/compact-tractors-en\/jd-4066r-4x4-cab-11\/#primaryimage"},"image":{"@id":"https:\/\/jldlague.com\/en\/product\/used-equipment\/used-tractors\/compact-tractors-en\/jd-4066r-4x4-cab-11\/#primaryimage"},"thumbnailUrl":"https:\/\/jldlague.com\/wp-content\/uploads\/2024\/10\/thumbnail_IMG_4905.jpg","datePublished":"2024-10-22T15:34:37+00:00","dateModified":"2026-02-09T13:05:31+00:00","description":"D\u00e9couvrez le produit JD 4066R 4X4 CAB Compact tractors, \u00c9quipements usag\u00e9s, Tracteurs, Tracteurs compacts, Tractors, Used equipment (370450B1) de John Deere disponible chez JLD-Lagu\u00eb","breadcrumb":{"@id":"https:\/\/jldlague.com\/en\/product\/used-equipment\/used-tractors\/compact-tractors-en\/jd-4066r-4x4-cab-11\/#breadcrumb"},"inLanguage":"en-US","potentialAction":[{"@type":"ReadAction","target":["https:\/\/jldlague.com\/en\/product\/used-equipment\/used-tractors\/compact-tractors-en\/jd-4066r-4x4-cab-11\/"]}]},{"@type":"ImageObject","inLanguage":"en-US","@id":"https:\/\/jldlague.com\/en\/product\/used-equipment\/used-tractors\/compact-tractors-en\/jd-4066r-4x4-cab-11\/#primaryimage","url":"https:\/\/jldlague.com\/wp-content\/uploads\/2024\/10\/thumbnail_IMG_4905.jpg","contentUrl":"https:\/\/jldlague.com\/wp-content\/uploads\/2024\/10\/thumbnail_IMG_4905.jpg","width":1920,"height":1440},{"@type":"BreadcrumbList","@id":"https:\/\/jldlague.com\/en\/product\/used-equipment\/used-tractors\/compact-tractors-en\/jd-4066r-4x4-cab-11\/#breadcrumb","itemListElement":[{"@type":"ListItem","position":1,"name":"Home","item":"https:\/\/jldlague.com\/en\/"},{"@type":"ListItem","position":2,"name":"Used equipment","item":"https:\/\/jldlague.com\/en\/product-category\/used-equipment\/"},{"@type":"ListItem","position":3,"name":"Tractors","item":"https:\/\/jldlague.com\/en\/product-category\/used-equipment\/used-tractors\/"},{"@type":"ListItem","position":4,"name":"Compact tractors","item":"https:\/\/jldlague.com\/en\/product-category\/used-equipment\/used-tractors\/compact-tractors-en\/"},{"@type":"ListItem","position":5,"name":"JD 4066R 4X4 CAB"}]},{"@type":"WebSite","@id":"https:\/\/jldlague.com\/en\/#website","url":"https:\/\/jldlague.com\/en\/","name":"JLD-Lagu\u00eb","description":"","publisher":{"@id":"https:\/\/jldlague.com\/en\/#organization"},"alternateName":"JLD","potentialAction":[{"@type":"SearchAction","target":{"@type":"EntryPoint","urlTemplate":"https:\/\/jldlague.com\/en\/?s={search_term_string}"},"query-input":{"@type":"PropertyValueSpecification","valueRequired":true,"valueName":"search_term_string"}}],"inLanguage":"en-US"},{"@type":"Organization","@id":"https:\/\/jldlague.com\/en\/#organization","name":"JLD-Lagu\u00eb","url":"https:\/\/jldlague.com\/en\/","logo":{"@type":"ImageObject","inLanguage":"en-US","@id":"https:\/\/jldlague.com\/en\/#\/schema\/logo\/image\/","url":"https:\/\/jldlague.com\/wp-content\/uploads\/2023\/06\/logos.svg","contentUrl":"https:\/\/jldlague.com\/wp-content\/uploads\/2023\/06\/logos.svg","width":385,"height":50,"caption":"JLD-Lagu\u00eb"},"image":{"@id":"https:\/\/jldlague.com\/en\/#\/schema\/logo\/image\/"},"sameAs":["https:\/\/www.facebook.com\/jldlague","https:\/\/www.linkedin.com\/company\/the-jld-group-john-deere-dealer","https:\/\/www.instagram.com\/jldlague\/","https:\/\/www.youtube.com\/channel\/UCRpOpeDrLm9lIf6jXO7cJZw"]}]}},"_links":{"self":[{"href":"https:\/\/jldlague.com\/en\/wp-json\/wp\/v2\/product\/345194","targetHints":{"allow":["GET"]}}],"collection":[{"href":"https:\/\/jldlague.com\/en\/wp-json\/wp\/v2\/product"}],"about":[{"href":"https:\/\/jldlague.com\/en\/wp-json\/wp\/v2\/types\/product"}],"wp:featuredmedia":[{"embeddable":true,"href":"https:\/\/jldlague.com\/en\/wp-json\/wp\/v2\/media\/354573"}],"wp:attachment":[{"href":"https:\/\/jldlague.com\/en\/wp-json\/wp\/v2\/media?parent=345194"}],"wp:term":[{"taxonomy":"product_brand","embeddable":true,"href":"https:\/\/jldlague.com\/en\/wp-json\/wp\/v2\/product_brand?post=345194"},{"taxonomy":"product_cat","embeddable":true,"href":"https:\/\/jldlague.com\/en\/wp-json\/wp\/v2\/product_cat?post=345194"},{"taxonomy":"product_tag","embeddable":true,"href":"https:\/\/jldlague.com\/en\/wp-json\/wp\/v2\/product_tag?post=345194"},{"taxonomy":"brand","embeddable":true,"href":"https:\/\/jldlague.com\/en\/wp-json\/wp\/v2\/brand?post=345194"},{"taxonomy":"industry","embeddable":true,"href":"https:\/\/jldlague.com\/en\/wp-json\/wp\/v2\/industry?post=345194"}],"curies":[{"name":"wp","href":"https:\/\/api.w.org\/{rel}","templated":true}]}}