{"id":373246,"date":"2025-03-01T07:23:18","date_gmt":"2025-03-01T12:23:18","guid":{"rendered":"https:\/\/jldlague.com\/?post_type=product&#038;p=373246"},"modified":"2026-05-06T08:02:09","modified_gmt":"2026-05-06T12:02:09","slug":"jd-6r-185-ivt-4x4-cab-50km-susp-3pts-pto","status":"publish","type":"product","link":"https:\/\/jldlague.com\/en\/product\/used-equipment\/used-tractors\/used-100-hp-tractor\/jd-6r-185-ivt-4x4-cab-50km-susp-3pts-pto\/","title":{"rendered":"JD 6R 185 IVT 4X4 CAB 50KM SUSP. + 3PTS &#038; PTO"},"content":{"rendered":"<p>ENGINE : 185,  HP PTO : 147,  TRANS. IVT 50KM LHR &#8221;COMMAND-PRO&#8221;,  650\/65R38  R1W TRELLEBORG 90% GOOD,  540\/65R28  R1W TRELLEBORG 90% GOOD,  4 SCV, PTO (RPM) : 540E\/1000\/1000E,  ULTIMATE CAB, SUSPENDED CAB,  JD G5 PLUS PROCESSOR, COLOR DISPLAY,  JD LINK CAPABLE,  MULTI-CONTROL &#8221;COMMAND-PRO&#8221; SHIFT LEVER,  FRONT FENDERS, REAR FENDERS EXT., REAR WIPER,  BEACON LIGHT, HELPER SEAT, MIRRORS,  EXTREMITY LIGHTS, LED LIGHT PKG,  FRONT 3PTH W\/ 2FRONT SCV, FRONT PTO CW 1000,  2FTS ELEC. JOYTSICK LESS MID-VALVE,  FRONT AXLE SUSPENDED TLS,  REAR 3PTH DRAFT LINKS HOOK END EUROPEEN TYPE,  HYDRAULIC TRAILER BRAKE, REAR WHEELS WEIGHT  REAR WHEELS WEIGHT, 2X 205KG \/ WHEEL,  GREENSTAR READY, AUTOTRAC READY,  ISOBUS TERMINAL, JD 7000 SF1 GPS GLOBE,  GAR. 1500HRS \/ 2027 JD, <\/p>\n","protected":false},"excerpt":{"rendered":"<p>ENGINE : 185, HP PTO : 147, TRANS. IVT 50KM LHR &#8221;COMMAND-PRO&#8221;, 650\/65R38 R1W TRELLEBORG 90% GOOD, 540\/65R28 R1W TRELLEBORG 90% GOOD, 4 SCV, PTO (RPM) : 540E\/1000\/1000E, ULTIMATE CAB, SUSPENDED CAB, JD G5 PLUS PROCESSOR, COLOR DISPLAY, JD LINK CAPABLE, MULTI-CONTROL &#8221;COMMAND-PRO&#8221; SHIFT LEVER, FRONT FENDERS, REAR FENDERS EXT., REAR WIPER, BEACON LIGHT, HELPER &hellip; <a href=\"https:\/\/jldlague.com\/en\/product\/used-equipment\/used-tractors\/used-100-hp-tractor\/jd-6r-185-ivt-4x4-cab-50km-susp-3pts-pto\/\">Continued<\/a><\/p>\n","protected":false},"featured_media":446477,"template":"","meta":{"_acf_changed":false},"product_brand":[],"product_cat":[1210,30,926,89,146,37],"product_tag":[],"brand":[75],"industry":[],"class_list":{"0":"post-373246","1":"product","2":"type-product","3":"status-publish","4":"has-post-thumbnail","6":"product_cat-used-100-hp-tractor","7":"product_cat-equipements-usages","8":"product_cat-tracteur-100-hp-usages","9":"product_cat-tracteurs-usages","10":"product_cat-used-tractors","11":"product_cat-used-equipment","12":"brand-john-deere","14":"first","15":"instock","16":"taxable","17":"shipping-taxable","18":"product-type-simple"},"acf":{"year":2024,"hours":304,"model":"6R 185","kilometers":"","overrideShowForms":false,"keepProductStatusWhenImporting":false},"yoast_head":"<!-- This site is optimized with the Yoast SEO plugin v27.4 - https:\/\/yoast.com\/product\/yoast-seo-wordpress\/ -->\n<title>JD 6R 185 IVT 4X4 CAB 50KM SUSP. + 3PTS &amp; PTO - John Deere - JLD-Lagu\u00eb R370626<\/title>\n<meta name=\"description\" content=\"D\u00e9couvrez le produit JD 6R 185 IVT 4X4 CAB 50KM SUSP. + 3PTS &amp; PTO+100 HP Tractor, \u00c9quipements usag\u00e9s, Tracteur 100 HP +, Tracteurs, Tractors, Used equipment (R370626) de John Deeredisponible chez JLD-Lagu\u00eb\" \/>\n<meta name=\"robots\" content=\"index, follow, max-snippet:-1, max-image-preview:large, max-video-preview:-1\" \/>\n<link rel=\"canonical\" href=\"https:\/\/jldlague.com\/en\/product\/used-equipment\/used-tractors\/used-100-hp-tractor\/jd-6r-185-ivt-4x4-cab-50km-susp-3pts-pto\/\" \/>\n<meta property=\"og:locale\" content=\"en_US\" \/>\n<meta property=\"og:type\" content=\"article\" \/>\n<meta property=\"og:title\" content=\"JD 6R 185 IVT 4X4 CAB 50KM SUSP. + 3PTS &amp; PTO - John Deere - JLD-Lagu\u00eb R370626\" \/>\n<meta property=\"og:description\" content=\"D\u00e9couvrez le produit JD 6R 185 IVT 4X4 CAB 50KM SUSP. + 3PTS &amp; PTO+100 HP Tractor, \u00c9quipements usag\u00e9s, Tracteur 100 HP +, Tracteurs, Tractors, Used equipment (R370626) de John Deeredisponible chez JLD-Lagu\u00eb\" \/>\n<meta property=\"og:url\" content=\"https:\/\/jldlague.com\/en\/product\/used-equipment\/used-tractors\/used-100-hp-tractor\/jd-6r-185-ivt-4x4-cab-50km-susp-3pts-pto\/\" \/>\n<meta property=\"og:site_name\" content=\"JLD-Lagu\u00eb\" \/>\n<meta property=\"article:publisher\" content=\"https:\/\/www.facebook.com\/jldlague\" \/>\n<meta property=\"article:modified_time\" content=\"2026-05-06T12:02:09+00:00\" \/>\n<meta property=\"og:image\" content=\"https:\/\/jldlague.com\/wp-content\/uploads\/2025\/03\/20260422_133553584_iOS-scaled.jpg\" \/>\n\t<meta property=\"og:image:width\" content=\"2560\" \/>\n\t<meta property=\"og:image:height\" content=\"1920\" \/>\n\t<meta property=\"og:image:type\" content=\"image\/jpeg\" \/>\n<meta name=\"twitter:card\" content=\"summary_large_image\" \/>\n<meta name=\"twitter:label1\" content=\"Est. reading time\" \/>\n\t<meta name=\"twitter:data1\" content=\"1 minute\" \/>\n<script type=\"application\/ld+json\" class=\"yoast-schema-graph\">{\"@context\":\"https:\\\/\\\/schema.org\",\"@graph\":[{\"@type\":\"WebPage\",\"@id\":\"https:\\\/\\\/jldlague.com\\\/en\\\/product\\\/used-equipment\\\/used-tractors\\\/used-100-hp-tractor\\\/jd-6r-185-ivt-4x4-cab-50km-susp-3pts-pto\\\/\",\"url\":\"https:\\\/\\\/jldlague.com\\\/en\\\/product\\\/used-equipment\\\/used-tractors\\\/used-100-hp-tractor\\\/jd-6r-185-ivt-4x4-cab-50km-susp-3pts-pto\\\/\",\"name\":\"JD 6R 185 IVT 4X4 CAB 50KM SUSP. + 3PTS & PTO - John Deere - JLD-Lagu\u00eb R370626\",\"isPartOf\":{\"@id\":\"https:\\\/\\\/jldlague.com\\\/en\\\/#website\"},\"primaryImageOfPage\":{\"@id\":\"https:\\\/\\\/jldlague.com\\\/en\\\/product\\\/used-equipment\\\/used-tractors\\\/used-100-hp-tractor\\\/jd-6r-185-ivt-4x4-cab-50km-susp-3pts-pto\\\/#primaryimage\"},\"image\":{\"@id\":\"https:\\\/\\\/jldlague.com\\\/en\\\/product\\\/used-equipment\\\/used-tractors\\\/used-100-hp-tractor\\\/jd-6r-185-ivt-4x4-cab-50km-susp-3pts-pto\\\/#primaryimage\"},\"thumbnailUrl\":\"https:\\\/\\\/jldlague.com\\\/wp-content\\\/uploads\\\/2025\\\/03\\\/20260422_133553584_iOS-scaled.jpg\",\"datePublished\":\"2025-03-01T12:23:18+00:00\",\"dateModified\":\"2026-05-06T12:02:09+00:00\",\"description\":\"D\u00e9couvrez le produit JD 6R 185 IVT 4X4 CAB 50KM SUSP. + 3PTS & PTO+100 HP Tractor, \u00c9quipements usag\u00e9s, Tracteur 100 HP +, Tracteurs, Tractors, Used equipment (R370626) de John Deeredisponible chez JLD-Lagu\u00eb\",\"breadcrumb\":{\"@id\":\"https:\\\/\\\/jldlague.com\\\/en\\\/product\\\/used-equipment\\\/used-tractors\\\/used-100-hp-tractor\\\/jd-6r-185-ivt-4x4-cab-50km-susp-3pts-pto\\\/#breadcrumb\"},\"inLanguage\":\"en-US\",\"potentialAction\":[{\"@type\":\"ReadAction\",\"target\":[\"https:\\\/\\\/jldlague.com\\\/en\\\/product\\\/used-equipment\\\/used-tractors\\\/used-100-hp-tractor\\\/jd-6r-185-ivt-4x4-cab-50km-susp-3pts-pto\\\/\"]}]},{\"@type\":\"ImageObject\",\"inLanguage\":\"en-US\",\"@id\":\"https:\\\/\\\/jldlague.com\\\/en\\\/product\\\/used-equipment\\\/used-tractors\\\/used-100-hp-tractor\\\/jd-6r-185-ivt-4x4-cab-50km-susp-3pts-pto\\\/#primaryimage\",\"url\":\"https:\\\/\\\/jldlague.com\\\/wp-content\\\/uploads\\\/2025\\\/03\\\/20260422_133553584_iOS-scaled.jpg\",\"contentUrl\":\"https:\\\/\\\/jldlague.com\\\/wp-content\\\/uploads\\\/2025\\\/03\\\/20260422_133553584_iOS-scaled.jpg\",\"width\":2560,\"height\":1920},{\"@type\":\"BreadcrumbList\",\"@id\":\"https:\\\/\\\/jldlague.com\\\/en\\\/product\\\/used-equipment\\\/used-tractors\\\/used-100-hp-tractor\\\/jd-6r-185-ivt-4x4-cab-50km-susp-3pts-pto\\\/#breadcrumb\",\"itemListElement\":[{\"@type\":\"ListItem\",\"position\":1,\"name\":\"Home\",\"item\":\"https:\\\/\\\/jldlague.com\\\/en\\\/\"},{\"@type\":\"ListItem\",\"position\":2,\"name\":\"Used equipment\",\"item\":\"https:\\\/\\\/jldlague.com\\\/en\\\/product-category\\\/used-equipment\\\/\"},{\"@type\":\"ListItem\",\"position\":3,\"name\":\"Tractors\",\"item\":\"https:\\\/\\\/jldlague.com\\\/en\\\/product-category\\\/used-equipment\\\/used-tractors\\\/\"},{\"@type\":\"ListItem\",\"position\":4,\"name\":\"+100 HP Tractor\",\"item\":\"https:\\\/\\\/jldlague.com\\\/en\\\/product-category\\\/used-equipment\\\/used-tractors\\\/used-100-hp-tractor\\\/\"},{\"@type\":\"ListItem\",\"position\":5,\"name\":\"JD 6R 185 IVT 4X4 CAB 50KM SUSP. + 3PTS &#038; PTO\"}]},{\"@type\":\"WebSite\",\"@id\":\"https:\\\/\\\/jldlague.com\\\/en\\\/#website\",\"url\":\"https:\\\/\\\/jldlague.com\\\/en\\\/\",\"name\":\"JLD-Lagu\u00eb\",\"description\":\"\",\"publisher\":{\"@id\":\"https:\\\/\\\/jldlague.com\\\/en\\\/#organization\"},\"alternateName\":\"JLD\",\"potentialAction\":[{\"@type\":\"SearchAction\",\"target\":{\"@type\":\"EntryPoint\",\"urlTemplate\":\"https:\\\/\\\/jldlague.com\\\/en\\\/?s={search_term_string}\"},\"query-input\":{\"@type\":\"PropertyValueSpecification\",\"valueRequired\":true,\"valueName\":\"search_term_string\"}}],\"inLanguage\":\"en-US\"},{\"@type\":\"Organization\",\"@id\":\"https:\\\/\\\/jldlague.com\\\/en\\\/#organization\",\"name\":\"JLD-Lagu\u00eb\",\"url\":\"https:\\\/\\\/jldlague.com\\\/en\\\/\",\"logo\":{\"@type\":\"ImageObject\",\"inLanguage\":\"en-US\",\"@id\":\"https:\\\/\\\/jldlague.com\\\/en\\\/#\\\/schema\\\/logo\\\/image\\\/\",\"url\":\"https:\\\/\\\/jldlague.com\\\/wp-content\\\/uploads\\\/2023\\\/06\\\/logos.svg\",\"contentUrl\":\"https:\\\/\\\/jldlague.com\\\/wp-content\\\/uploads\\\/2023\\\/06\\\/logos.svg\",\"width\":385,\"height\":50,\"caption\":\"JLD-Lagu\u00eb\"},\"image\":{\"@id\":\"https:\\\/\\\/jldlague.com\\\/en\\\/#\\\/schema\\\/logo\\\/image\\\/\"},\"sameAs\":[\"https:\\\/\\\/www.facebook.com\\\/jldlague\",\"https:\\\/\\\/www.linkedin.com\\\/company\\\/the-jld-group-john-deere-dealer\",\"https:\\\/\\\/www.instagram.com\\\/jldlague\\\/\",\"https:\\\/\\\/www.youtube.com\\\/channel\\\/UCRpOpeDrLm9lIf6jXO7cJZw\"]}]}<\/script>\n<!-- \/ Yoast SEO plugin. -->","yoast_head_json":{"title":"JD 6R 185 IVT 4X4 CAB 50KM SUSP. + 3PTS & PTO - John Deere - JLD-Lagu\u00eb R370626","description":"D\u00e9couvrez le produit JD 6R 185 IVT 4X4 CAB 50KM SUSP. + 3PTS & PTO+100 HP Tractor, \u00c9quipements usag\u00e9s, Tracteur 100 HP +, Tracteurs, Tractors, Used equipment (R370626) de John Deeredisponible chez JLD-Lagu\u00eb","robots":{"index":"index","follow":"follow","max-snippet":"max-snippet:-1","max-image-preview":"max-image-preview:large","max-video-preview":"max-video-preview:-1"},"canonical":"https:\/\/jldlague.com\/en\/product\/used-equipment\/used-tractors\/used-100-hp-tractor\/jd-6r-185-ivt-4x4-cab-50km-susp-3pts-pto\/","og_locale":"en_US","og_type":"article","og_title":"JD 6R 185 IVT 4X4 CAB 50KM SUSP. + 3PTS & PTO - John Deere - JLD-Lagu\u00eb R370626","og_description":"D\u00e9couvrez le produit JD 6R 185 IVT 4X4 CAB 50KM SUSP. + 3PTS & PTO+100 HP Tractor, \u00c9quipements usag\u00e9s, Tracteur 100 HP +, Tracteurs, Tractors, Used equipment (R370626) de John Deeredisponible chez JLD-Lagu\u00eb","og_url":"https:\/\/jldlague.com\/en\/product\/used-equipment\/used-tractors\/used-100-hp-tractor\/jd-6r-185-ivt-4x4-cab-50km-susp-3pts-pto\/","og_site_name":"JLD-Lagu\u00eb","article_publisher":"https:\/\/www.facebook.com\/jldlague","article_modified_time":"2026-05-06T12:02:09+00:00","og_image":[{"width":2560,"height":1920,"url":"https:\/\/jldlague.com\/wp-content\/uploads\/2025\/03\/20260422_133553584_iOS-scaled.jpg","type":"image\/jpeg"}],"twitter_card":"summary_large_image","twitter_misc":{"Est. reading time":"1 minute"},"schema":{"@context":"https:\/\/schema.org","@graph":[{"@type":"WebPage","@id":"https:\/\/jldlague.com\/en\/product\/used-equipment\/used-tractors\/used-100-hp-tractor\/jd-6r-185-ivt-4x4-cab-50km-susp-3pts-pto\/","url":"https:\/\/jldlague.com\/en\/product\/used-equipment\/used-tractors\/used-100-hp-tractor\/jd-6r-185-ivt-4x4-cab-50km-susp-3pts-pto\/","name":"JD 6R 185 IVT 4X4 CAB 50KM SUSP. + 3PTS & PTO - John Deere - JLD-Lagu\u00eb R370626","isPartOf":{"@id":"https:\/\/jldlague.com\/en\/#website"},"primaryImageOfPage":{"@id":"https:\/\/jldlague.com\/en\/product\/used-equipment\/used-tractors\/used-100-hp-tractor\/jd-6r-185-ivt-4x4-cab-50km-susp-3pts-pto\/#primaryimage"},"image":{"@id":"https:\/\/jldlague.com\/en\/product\/used-equipment\/used-tractors\/used-100-hp-tractor\/jd-6r-185-ivt-4x4-cab-50km-susp-3pts-pto\/#primaryimage"},"thumbnailUrl":"https:\/\/jldlague.com\/wp-content\/uploads\/2025\/03\/20260422_133553584_iOS-scaled.jpg","datePublished":"2025-03-01T12:23:18+00:00","dateModified":"2026-05-06T12:02:09+00:00","description":"D\u00e9couvrez le produit JD 6R 185 IVT 4X4 CAB 50KM SUSP. + 3PTS & PTO+100 HP Tractor, \u00c9quipements usag\u00e9s, Tracteur 100 HP +, Tracteurs, Tractors, Used equipment (R370626) de John Deeredisponible chez JLD-Lagu\u00eb","breadcrumb":{"@id":"https:\/\/jldlague.com\/en\/product\/used-equipment\/used-tractors\/used-100-hp-tractor\/jd-6r-185-ivt-4x4-cab-50km-susp-3pts-pto\/#breadcrumb"},"inLanguage":"en-US","potentialAction":[{"@type":"ReadAction","target":["https:\/\/jldlague.com\/en\/product\/used-equipment\/used-tractors\/used-100-hp-tractor\/jd-6r-185-ivt-4x4-cab-50km-susp-3pts-pto\/"]}]},{"@type":"ImageObject","inLanguage":"en-US","@id":"https:\/\/jldlague.com\/en\/product\/used-equipment\/used-tractors\/used-100-hp-tractor\/jd-6r-185-ivt-4x4-cab-50km-susp-3pts-pto\/#primaryimage","url":"https:\/\/jldlague.com\/wp-content\/uploads\/2025\/03\/20260422_133553584_iOS-scaled.jpg","contentUrl":"https:\/\/jldlague.com\/wp-content\/uploads\/2025\/03\/20260422_133553584_iOS-scaled.jpg","width":2560,"height":1920},{"@type":"BreadcrumbList","@id":"https:\/\/jldlague.com\/en\/product\/used-equipment\/used-tractors\/used-100-hp-tractor\/jd-6r-185-ivt-4x4-cab-50km-susp-3pts-pto\/#breadcrumb","itemListElement":[{"@type":"ListItem","position":1,"name":"Home","item":"https:\/\/jldlague.com\/en\/"},{"@type":"ListItem","position":2,"name":"Used equipment","item":"https:\/\/jldlague.com\/en\/product-category\/used-equipment\/"},{"@type":"ListItem","position":3,"name":"Tractors","item":"https:\/\/jldlague.com\/en\/product-category\/used-equipment\/used-tractors\/"},{"@type":"ListItem","position":4,"name":"+100 HP Tractor","item":"https:\/\/jldlague.com\/en\/product-category\/used-equipment\/used-tractors\/used-100-hp-tractor\/"},{"@type":"ListItem","position":5,"name":"JD 6R 185 IVT 4X4 CAB 50KM SUSP. + 3PTS &#038; PTO"}]},{"@type":"WebSite","@id":"https:\/\/jldlague.com\/en\/#website","url":"https:\/\/jldlague.com\/en\/","name":"JLD-Lagu\u00eb","description":"","publisher":{"@id":"https:\/\/jldlague.com\/en\/#organization"},"alternateName":"JLD","potentialAction":[{"@type":"SearchAction","target":{"@type":"EntryPoint","urlTemplate":"https:\/\/jldlague.com\/en\/?s={search_term_string}"},"query-input":{"@type":"PropertyValueSpecification","valueRequired":true,"valueName":"search_term_string"}}],"inLanguage":"en-US"},{"@type":"Organization","@id":"https:\/\/jldlague.com\/en\/#organization","name":"JLD-Lagu\u00eb","url":"https:\/\/jldlague.com\/en\/","logo":{"@type":"ImageObject","inLanguage":"en-US","@id":"https:\/\/jldlague.com\/en\/#\/schema\/logo\/image\/","url":"https:\/\/jldlague.com\/wp-content\/uploads\/2023\/06\/logos.svg","contentUrl":"https:\/\/jldlague.com\/wp-content\/uploads\/2023\/06\/logos.svg","width":385,"height":50,"caption":"JLD-Lagu\u00eb"},"image":{"@id":"https:\/\/jldlague.com\/en\/#\/schema\/logo\/image\/"},"sameAs":["https:\/\/www.facebook.com\/jldlague","https:\/\/www.linkedin.com\/company\/the-jld-group-john-deere-dealer","https:\/\/www.instagram.com\/jldlague\/","https:\/\/www.youtube.com\/channel\/UCRpOpeDrLm9lIf6jXO7cJZw"]}]}},"_links":{"self":[{"href":"https:\/\/jldlague.com\/en\/wp-json\/wp\/v2\/product\/373246","targetHints":{"allow":["GET"]}}],"collection":[{"href":"https:\/\/jldlague.com\/en\/wp-json\/wp\/v2\/product"}],"about":[{"href":"https:\/\/jldlague.com\/en\/wp-json\/wp\/v2\/types\/product"}],"wp:featuredmedia":[{"embeddable":true,"href":"https:\/\/jldlague.com\/en\/wp-json\/wp\/v2\/media\/446477"}],"wp:attachment":[{"href":"https:\/\/jldlague.com\/en\/wp-json\/wp\/v2\/media?parent=373246"}],"wp:term":[{"taxonomy":"product_brand","embeddable":true,"href":"https:\/\/jldlague.com\/en\/wp-json\/wp\/v2\/product_brand?post=373246"},{"taxonomy":"product_cat","embeddable":true,"href":"https:\/\/jldlague.com\/en\/wp-json\/wp\/v2\/product_cat?post=373246"},{"taxonomy":"product_tag","embeddable":true,"href":"https:\/\/jldlague.com\/en\/wp-json\/wp\/v2\/product_tag?post=373246"},{"taxonomy":"brand","embeddable":true,"href":"https:\/\/jldlague.com\/en\/wp-json\/wp\/v2\/brand?post=373246"},{"taxonomy":"industry","embeddable":true,"href":"https:\/\/jldlague.com\/en\/wp-json\/wp\/v2\/industry?post=373246"}],"curies":[{"name":"wp","href":"https:\/\/api.w.org\/{rel}","templated":true}]}}