{"id":374174,"date":"2025-03-13T01:53:26","date_gmt":"2025-03-13T05:53:26","guid":{"rendered":"https:\/\/jldlague.com\/?post_type=product&#038;p=374174"},"modified":"2026-03-26T08:01:39","modified_gmt":"2026-03-26T12:01:39","slug":"jd-7r-290-ivt-4x4-cab-50km-susp","status":"publish","type":"product","link":"https:\/\/jldlague.com\/en\/product\/used-equipment\/used-tractors\/used-100-hp-tractor\/jd-7r-290-ivt-4x4-cab-50km-susp\/","title":{"rendered":"JD 7R 290 IVT 4X4 CAB 50KM SUSP."},"content":{"rendered":"<p>290 HP ENGINE 250 HP PTO,  TRANS. IVT 50KM LHR &#8221;COMMAND-PRO&#8221;  480\/80R50 FIR. 40% GOOD,  480\/80R50 FIR. 40% GOOD, AXLE DUAL,  480\/70R34 FIR. 30% GOOD,  5 SCV, PTO (RPM) 540\/540E\/1000,  ULTIMATE CONFORT CAB, SIGNATURE EDITION CAB,  CAB SUSPENDED, JD 4600 AUTOMOTION 3.0 PROCESSOR,  COLOR DISPLAY, JD LINK CAPABLE,  FRONT FENDERS, REAR FENDERS EXT., REAR WIPER,  BEACON LIGHT, HELPER SEAT, MIRRORS,  EXTREMITY LIGHTS, ULTIMATE VISIBILITY PKG,  MULTI-CONTROLER SHIFT LEVER &#8221;COMMAND-PRO&#8221;,  FRONT AXLE SUSPENDED TLS W\/ FRONT BRAKE,  HYDRAULIC TRAILER BRAKE,  FRONT BASE WEIGHT W\/ 20 WEIGHTS,  REAR WHEEL WEIGHTS, 2000PDS \/ WHEEL,  REAR 3PTH DRAFT LINK HOOK END EUROPEEN TYPE,  GREENSTAR READY, AUTOTRACK READY,  ISOBUS TERMINAL, SECTION CONTROL,  DOCUMENTATION,  JD SF6000 RTK GPS GLOBE,  WARRANTY 3000HRS \/ DEC. 22 2026 JD, <\/p>\n","protected":false},"excerpt":{"rendered":"<p>290 HP ENGINE 250 HP PTO, TRANS. IVT 50KM LHR &#8221;COMMAND-PRO&#8221; 480\/80R50 FIR. 40% GOOD, 480\/80R50 FIR. 40% GOOD, AXLE DUAL, 480\/70R34 FIR. 30% GOOD, 5 SCV, PTO (RPM) 540\/540E\/1000, ULTIMATE CONFORT CAB, SIGNATURE EDITION CAB, CAB SUSPENDED, JD 4600 AUTOMOTION 3.0 PROCESSOR, COLOR DISPLAY, JD LINK CAPABLE, FRONT FENDERS, REAR FENDERS EXT., REAR WIPER, &hellip; <a href=\"https:\/\/jldlague.com\/en\/product\/used-equipment\/used-tractors\/used-100-hp-tractor\/jd-7r-290-ivt-4x4-cab-50km-susp\/\">Continued<\/a><\/p>\n","protected":false},"featured_media":402832,"template":"","meta":{"_acf_changed":false},"product_brand":[],"product_cat":[1210,30,926,89,146,37],"product_tag":[],"brand":[75],"industry":[],"class_list":{"0":"post-374174","1":"product","2":"type-product","3":"status-publish","4":"has-post-thumbnail","6":"product_cat-used-100-hp-tractor","7":"product_cat-equipements-usages","8":"product_cat-tracteur-100-hp-usages","9":"product_cat-tracteurs-usages","10":"product_cat-used-tractors","11":"product_cat-used-equipment","12":"brand-john-deere","14":"first","15":"instock","16":"taxable","17":"shipping-taxable","18":"product-type-simple"},"acf":{"year":2021,"hours":1831,"model":"7R 290","kilometers":"","overrideShowForms":false,"keepProductStatusWhenImporting":false},"yoast_head":"<!-- This site is optimized with the Yoast SEO plugin v27.2 - https:\/\/yoast.com\/product\/yoast-seo-wordpress\/ -->\n<title>JD 7R 290 IVT 4X4 CAB 50KM SUSP. - John Deere - JLD-Lagu\u00eb 382093B1<\/title>\n<meta name=\"description\" content=\"D\u00e9couvrez le produit JD 7R 290 IVT 4X4 CAB 50KM SUSP.+100 HP Tractor, \u00c9quipements usag\u00e9s, Tracteur 100 HP +, Tracteurs, Tractors, Used equipment (382093B1) de John Deeredisponible chez JLD-Lagu\u00eb\" \/>\n<meta name=\"robots\" content=\"index, follow, max-snippet:-1, max-image-preview:large, max-video-preview:-1\" \/>\n<link rel=\"canonical\" href=\"https:\/\/jldlague.com\/en\/product\/used-equipment\/used-tractors\/used-100-hp-tractor\/jd-7r-290-ivt-4x4-cab-50km-susp\/\" \/>\n<meta property=\"og:locale\" content=\"en_US\" \/>\n<meta property=\"og:type\" content=\"article\" \/>\n<meta property=\"og:title\" content=\"JD 7R 290 IVT 4X4 CAB 50KM SUSP. - John Deere - JLD-Lagu\u00eb 382093B1\" \/>\n<meta property=\"og:description\" content=\"D\u00e9couvrez le produit JD 7R 290 IVT 4X4 CAB 50KM SUSP.+100 HP Tractor, \u00c9quipements usag\u00e9s, Tracteur 100 HP +, Tracteurs, Tractors, Used equipment (382093B1) de John Deeredisponible chez JLD-Lagu\u00eb\" \/>\n<meta property=\"og:url\" content=\"https:\/\/jldlague.com\/en\/product\/used-equipment\/used-tractors\/used-100-hp-tractor\/jd-7r-290-ivt-4x4-cab-50km-susp\/\" \/>\n<meta property=\"og:site_name\" content=\"JLD-Lagu\u00eb\" \/>\n<meta property=\"article:publisher\" content=\"https:\/\/www.facebook.com\/jldlague\" \/>\n<meta property=\"article:modified_time\" content=\"2026-03-26T12:01:39+00:00\" \/>\n<meta property=\"og:image\" content=\"https:\/\/jldlague.com\/wp-content\/uploads\/2025\/03\/IMG_5983-scaled.jpg\" \/>\n\t<meta property=\"og:image:width\" content=\"2560\" \/>\n\t<meta property=\"og:image:height\" content=\"1920\" \/>\n\t<meta property=\"og:image:type\" content=\"image\/jpeg\" \/>\n<meta name=\"twitter:card\" content=\"summary_large_image\" \/>\n<meta name=\"twitter:label1\" content=\"Est. reading time\" \/>\n\t<meta name=\"twitter:data1\" content=\"1 minute\" \/>\n<script type=\"application\/ld+json\" class=\"yoast-schema-graph\">{\"@context\":\"https:\/\/schema.org\",\"@graph\":[{\"@type\":\"WebPage\",\"@id\":\"https:\/\/jldlague.com\/en\/product\/used-equipment\/used-tractors\/used-100-hp-tractor\/jd-7r-290-ivt-4x4-cab-50km-susp\/\",\"url\":\"https:\/\/jldlague.com\/en\/product\/used-equipment\/used-tractors\/used-100-hp-tractor\/jd-7r-290-ivt-4x4-cab-50km-susp\/\",\"name\":\"JD 7R 290 IVT 4X4 CAB 50KM SUSP. - John Deere - JLD-Lagu\u00eb 382093B1\",\"isPartOf\":{\"@id\":\"https:\/\/jldlague.com\/en\/#website\"},\"primaryImageOfPage\":{\"@id\":\"https:\/\/jldlague.com\/en\/product\/used-equipment\/used-tractors\/used-100-hp-tractor\/jd-7r-290-ivt-4x4-cab-50km-susp\/#primaryimage\"},\"image\":{\"@id\":\"https:\/\/jldlague.com\/en\/product\/used-equipment\/used-tractors\/used-100-hp-tractor\/jd-7r-290-ivt-4x4-cab-50km-susp\/#primaryimage\"},\"thumbnailUrl\":\"https:\/\/jldlague.com\/wp-content\/uploads\/2025\/03\/IMG_5983-scaled.jpg\",\"datePublished\":\"2025-03-13T05:53:26+00:00\",\"dateModified\":\"2026-03-26T12:01:39+00:00\",\"description\":\"D\u00e9couvrez le produit JD 7R 290 IVT 4X4 CAB 50KM SUSP.+100 HP Tractor, \u00c9quipements usag\u00e9s, Tracteur 100 HP +, Tracteurs, Tractors, Used equipment (382093B1) de John Deeredisponible chez JLD-Lagu\u00eb\",\"breadcrumb\":{\"@id\":\"https:\/\/jldlague.com\/en\/product\/used-equipment\/used-tractors\/used-100-hp-tractor\/jd-7r-290-ivt-4x4-cab-50km-susp\/#breadcrumb\"},\"inLanguage\":\"en-US\",\"potentialAction\":[{\"@type\":\"ReadAction\",\"target\":[\"https:\/\/jldlague.com\/en\/product\/used-equipment\/used-tractors\/used-100-hp-tractor\/jd-7r-290-ivt-4x4-cab-50km-susp\/\"]}]},{\"@type\":\"ImageObject\",\"inLanguage\":\"en-US\",\"@id\":\"https:\/\/jldlague.com\/en\/product\/used-equipment\/used-tractors\/used-100-hp-tractor\/jd-7r-290-ivt-4x4-cab-50km-susp\/#primaryimage\",\"url\":\"https:\/\/jldlague.com\/wp-content\/uploads\/2025\/03\/IMG_5983-scaled.jpg\",\"contentUrl\":\"https:\/\/jldlague.com\/wp-content\/uploads\/2025\/03\/IMG_5983-scaled.jpg\",\"width\":2560,\"height\":1920},{\"@type\":\"BreadcrumbList\",\"@id\":\"https:\/\/jldlague.com\/en\/product\/used-equipment\/used-tractors\/used-100-hp-tractor\/jd-7r-290-ivt-4x4-cab-50km-susp\/#breadcrumb\",\"itemListElement\":[{\"@type\":\"ListItem\",\"position\":1,\"name\":\"Home\",\"item\":\"https:\/\/jldlague.com\/en\/\"},{\"@type\":\"ListItem\",\"position\":2,\"name\":\"Used equipment\",\"item\":\"https:\/\/jldlague.com\/en\/product-category\/used-equipment\/\"},{\"@type\":\"ListItem\",\"position\":3,\"name\":\"Tractors\",\"item\":\"https:\/\/jldlague.com\/en\/product-category\/used-equipment\/used-tractors\/\"},{\"@type\":\"ListItem\",\"position\":4,\"name\":\"+100 HP Tractor\",\"item\":\"https:\/\/jldlague.com\/en\/product-category\/used-equipment\/used-tractors\/used-100-hp-tractor\/\"},{\"@type\":\"ListItem\",\"position\":5,\"name\":\"JD 7R 290 IVT 4X4 CAB 50KM SUSP.\"}]},{\"@type\":\"WebSite\",\"@id\":\"https:\/\/jldlague.com\/en\/#website\",\"url\":\"https:\/\/jldlague.com\/en\/\",\"name\":\"JLD-Lagu\u00eb\",\"description\":\"\",\"publisher\":{\"@id\":\"https:\/\/jldlague.com\/en\/#organization\"},\"alternateName\":\"JLD\",\"potentialAction\":[{\"@type\":\"SearchAction\",\"target\":{\"@type\":\"EntryPoint\",\"urlTemplate\":\"https:\/\/jldlague.com\/en\/?s={search_term_string}\"},\"query-input\":{\"@type\":\"PropertyValueSpecification\",\"valueRequired\":true,\"valueName\":\"search_term_string\"}}],\"inLanguage\":\"en-US\"},{\"@type\":\"Organization\",\"@id\":\"https:\/\/jldlague.com\/en\/#organization\",\"name\":\"JLD-Lagu\u00eb\",\"url\":\"https:\/\/jldlague.com\/en\/\",\"logo\":{\"@type\":\"ImageObject\",\"inLanguage\":\"en-US\",\"@id\":\"https:\/\/jldlague.com\/en\/#\/schema\/logo\/image\/\",\"url\":\"https:\/\/jldlague.com\/wp-content\/uploads\/2023\/06\/logos.svg\",\"contentUrl\":\"https:\/\/jldlague.com\/wp-content\/uploads\/2023\/06\/logos.svg\",\"width\":385,\"height\":50,\"caption\":\"JLD-Lagu\u00eb\"},\"image\":{\"@id\":\"https:\/\/jldlague.com\/en\/#\/schema\/logo\/image\/\"},\"sameAs\":[\"https:\/\/www.facebook.com\/jldlague\",\"https:\/\/www.linkedin.com\/company\/the-jld-group-john-deere-dealer\",\"https:\/\/www.instagram.com\/jldlague\/\",\"https:\/\/www.youtube.com\/channel\/UCRpOpeDrLm9lIf6jXO7cJZw\"]}]}<\/script>\n<!-- \/ Yoast SEO plugin. -->","yoast_head_json":{"title":"JD 7R 290 IVT 4X4 CAB 50KM SUSP. - John Deere - JLD-Lagu\u00eb 382093B1","description":"D\u00e9couvrez le produit JD 7R 290 IVT 4X4 CAB 50KM SUSP.+100 HP Tractor, \u00c9quipements usag\u00e9s, Tracteur 100 HP +, Tracteurs, Tractors, Used equipment (382093B1) de John Deeredisponible chez JLD-Lagu\u00eb","robots":{"index":"index","follow":"follow","max-snippet":"max-snippet:-1","max-image-preview":"max-image-preview:large","max-video-preview":"max-video-preview:-1"},"canonical":"https:\/\/jldlague.com\/en\/product\/used-equipment\/used-tractors\/used-100-hp-tractor\/jd-7r-290-ivt-4x4-cab-50km-susp\/","og_locale":"en_US","og_type":"article","og_title":"JD 7R 290 IVT 4X4 CAB 50KM SUSP. - John Deere - JLD-Lagu\u00eb 382093B1","og_description":"D\u00e9couvrez le produit JD 7R 290 IVT 4X4 CAB 50KM SUSP.+100 HP Tractor, \u00c9quipements usag\u00e9s, Tracteur 100 HP +, Tracteurs, Tractors, Used equipment (382093B1) de John Deeredisponible chez JLD-Lagu\u00eb","og_url":"https:\/\/jldlague.com\/en\/product\/used-equipment\/used-tractors\/used-100-hp-tractor\/jd-7r-290-ivt-4x4-cab-50km-susp\/","og_site_name":"JLD-Lagu\u00eb","article_publisher":"https:\/\/www.facebook.com\/jldlague","article_modified_time":"2026-03-26T12:01:39+00:00","og_image":[{"width":2560,"height":1920,"url":"https:\/\/jldlague.com\/wp-content\/uploads\/2025\/03\/IMG_5983-scaled.jpg","type":"image\/jpeg"}],"twitter_card":"summary_large_image","twitter_misc":{"Est. reading time":"1 minute"},"schema":{"@context":"https:\/\/schema.org","@graph":[{"@type":"WebPage","@id":"https:\/\/jldlague.com\/en\/product\/used-equipment\/used-tractors\/used-100-hp-tractor\/jd-7r-290-ivt-4x4-cab-50km-susp\/","url":"https:\/\/jldlague.com\/en\/product\/used-equipment\/used-tractors\/used-100-hp-tractor\/jd-7r-290-ivt-4x4-cab-50km-susp\/","name":"JD 7R 290 IVT 4X4 CAB 50KM SUSP. - John Deere - JLD-Lagu\u00eb 382093B1","isPartOf":{"@id":"https:\/\/jldlague.com\/en\/#website"},"primaryImageOfPage":{"@id":"https:\/\/jldlague.com\/en\/product\/used-equipment\/used-tractors\/used-100-hp-tractor\/jd-7r-290-ivt-4x4-cab-50km-susp\/#primaryimage"},"image":{"@id":"https:\/\/jldlague.com\/en\/product\/used-equipment\/used-tractors\/used-100-hp-tractor\/jd-7r-290-ivt-4x4-cab-50km-susp\/#primaryimage"},"thumbnailUrl":"https:\/\/jldlague.com\/wp-content\/uploads\/2025\/03\/IMG_5983-scaled.jpg","datePublished":"2025-03-13T05:53:26+00:00","dateModified":"2026-03-26T12:01:39+00:00","description":"D\u00e9couvrez le produit JD 7R 290 IVT 4X4 CAB 50KM SUSP.+100 HP Tractor, \u00c9quipements usag\u00e9s, Tracteur 100 HP +, Tracteurs, Tractors, Used equipment (382093B1) de John Deeredisponible chez JLD-Lagu\u00eb","breadcrumb":{"@id":"https:\/\/jldlague.com\/en\/product\/used-equipment\/used-tractors\/used-100-hp-tractor\/jd-7r-290-ivt-4x4-cab-50km-susp\/#breadcrumb"},"inLanguage":"en-US","potentialAction":[{"@type":"ReadAction","target":["https:\/\/jldlague.com\/en\/product\/used-equipment\/used-tractors\/used-100-hp-tractor\/jd-7r-290-ivt-4x4-cab-50km-susp\/"]}]},{"@type":"ImageObject","inLanguage":"en-US","@id":"https:\/\/jldlague.com\/en\/product\/used-equipment\/used-tractors\/used-100-hp-tractor\/jd-7r-290-ivt-4x4-cab-50km-susp\/#primaryimage","url":"https:\/\/jldlague.com\/wp-content\/uploads\/2025\/03\/IMG_5983-scaled.jpg","contentUrl":"https:\/\/jldlague.com\/wp-content\/uploads\/2025\/03\/IMG_5983-scaled.jpg","width":2560,"height":1920},{"@type":"BreadcrumbList","@id":"https:\/\/jldlague.com\/en\/product\/used-equipment\/used-tractors\/used-100-hp-tractor\/jd-7r-290-ivt-4x4-cab-50km-susp\/#breadcrumb","itemListElement":[{"@type":"ListItem","position":1,"name":"Home","item":"https:\/\/jldlague.com\/en\/"},{"@type":"ListItem","position":2,"name":"Used equipment","item":"https:\/\/jldlague.com\/en\/product-category\/used-equipment\/"},{"@type":"ListItem","position":3,"name":"Tractors","item":"https:\/\/jldlague.com\/en\/product-category\/used-equipment\/used-tractors\/"},{"@type":"ListItem","position":4,"name":"+100 HP Tractor","item":"https:\/\/jldlague.com\/en\/product-category\/used-equipment\/used-tractors\/used-100-hp-tractor\/"},{"@type":"ListItem","position":5,"name":"JD 7R 290 IVT 4X4 CAB 50KM SUSP."}]},{"@type":"WebSite","@id":"https:\/\/jldlague.com\/en\/#website","url":"https:\/\/jldlague.com\/en\/","name":"JLD-Lagu\u00eb","description":"","publisher":{"@id":"https:\/\/jldlague.com\/en\/#organization"},"alternateName":"JLD","potentialAction":[{"@type":"SearchAction","target":{"@type":"EntryPoint","urlTemplate":"https:\/\/jldlague.com\/en\/?s={search_term_string}"},"query-input":{"@type":"PropertyValueSpecification","valueRequired":true,"valueName":"search_term_string"}}],"inLanguage":"en-US"},{"@type":"Organization","@id":"https:\/\/jldlague.com\/en\/#organization","name":"JLD-Lagu\u00eb","url":"https:\/\/jldlague.com\/en\/","logo":{"@type":"ImageObject","inLanguage":"en-US","@id":"https:\/\/jldlague.com\/en\/#\/schema\/logo\/image\/","url":"https:\/\/jldlague.com\/wp-content\/uploads\/2023\/06\/logos.svg","contentUrl":"https:\/\/jldlague.com\/wp-content\/uploads\/2023\/06\/logos.svg","width":385,"height":50,"caption":"JLD-Lagu\u00eb"},"image":{"@id":"https:\/\/jldlague.com\/en\/#\/schema\/logo\/image\/"},"sameAs":["https:\/\/www.facebook.com\/jldlague","https:\/\/www.linkedin.com\/company\/the-jld-group-john-deere-dealer","https:\/\/www.instagram.com\/jldlague\/","https:\/\/www.youtube.com\/channel\/UCRpOpeDrLm9lIf6jXO7cJZw"]}]}},"_links":{"self":[{"href":"https:\/\/jldlague.com\/en\/wp-json\/wp\/v2\/product\/374174","targetHints":{"allow":["GET"]}}],"collection":[{"href":"https:\/\/jldlague.com\/en\/wp-json\/wp\/v2\/product"}],"about":[{"href":"https:\/\/jldlague.com\/en\/wp-json\/wp\/v2\/types\/product"}],"wp:featuredmedia":[{"embeddable":true,"href":"https:\/\/jldlague.com\/en\/wp-json\/wp\/v2\/media\/402832"}],"wp:attachment":[{"href":"https:\/\/jldlague.com\/en\/wp-json\/wp\/v2\/media?parent=374174"}],"wp:term":[{"taxonomy":"product_brand","embeddable":true,"href":"https:\/\/jldlague.com\/en\/wp-json\/wp\/v2\/product_brand?post=374174"},{"taxonomy":"product_cat","embeddable":true,"href":"https:\/\/jldlague.com\/en\/wp-json\/wp\/v2\/product_cat?post=374174"},{"taxonomy":"product_tag","embeddable":true,"href":"https:\/\/jldlague.com\/en\/wp-json\/wp\/v2\/product_tag?post=374174"},{"taxonomy":"brand","embeddable":true,"href":"https:\/\/jldlague.com\/en\/wp-json\/wp\/v2\/brand?post=374174"},{"taxonomy":"industry","embeddable":true,"href":"https:\/\/jldlague.com\/en\/wp-json\/wp\/v2\/industry?post=374174"}],"curies":[{"name":"wp","href":"https:\/\/api.w.org\/{rel}","templated":true}]}}