{"id":378828,"date":"2025-04-10T11:16:02","date_gmt":"2025-04-10T15:16:02","guid":{"rendered":""},"modified":"2026-04-17T08:00:26","modified_gmt":"2026-04-17T12:00:26","slug":"jd-8400-prodrive-4x4-kp-kit-2","status":"publish","type":"product","link":"https:\/\/jldlague.com\/en\/product\/used-equipment\/hay-equipment-and-accessories\/forage-harvesters-accessories-used\/jd-8400-prodrive-4x4-kp-kit-2\/","title":{"rendered":"JD 8400 PRODRIVE 4X4 KP + KIT"},"content":{"rendered":"<p>JD 8400 4X4 KP PRO-DRIVE W\/ JD 360M 8RWS &#038; JD 649,  800\/70R38 MITAS 75% GOOD,  650\/60R34 TRELLEBORG 75% GOOD,  TRANSMISSION PRO-DRIVE 40KM , 536HP ENGINE,  40 GRASS KNIFES,  DURALINE INTERIOR WEAR PARTS,  KP KERNEL PROCESSOR W\/ 40% ROLLS DIFFERENTIAL,  ADVANCED HEADER CONTROL,  AUTOMATIC PTO COUPLER,  DUAL HEADER DRIVE,  ELECTRIC CONTROLS, METAL DETECTOR,  STONE DETECTOR, HIGH ARCH SPOUT,  AUTOMATIC SPOUT POSITIONNING,  SPOUT CAMERA, ADDITIVE TANK W\/ DOSING SYSTEM,  LATERAL &#038; REAR WIPER, PREMIUM LIGHTS PKG,  REAR WEIGHT, HI-FLOW HYDRAULIC ,  GREENSTAR 3 COMMAND CENTER,  &#8221;I &#8221; READY, GUIDANCE READY,  JD 360M , 8 ROWS, 19&#8243;8&#8242;, ROTARY HEAD, SMALL DRUM,  AUTOMATIC PTO COUPLER,  HEADER HEIGH SENSOR, ROW SENSE,  JD 649, 4M HAY PICK UP,  AUTOMATIC PTO COUPLER,  DUAL HEADR DRIVE, ROLLER WINDROW COMPRESSOR,  HYDRAULIC FOLDABLEGAUGE WHEELS,  WARRANTY 1500HRS \/ APRIL 4 2027 JD, <\/p>\n","protected":false},"excerpt":{"rendered":"<p>JD 8400 4X4 KP PRO-DRIVE W\/ JD 360M 8RWS &#038; JD 649, 800\/70R38 MITAS 75% GOOD, 650\/60R34 TRELLEBORG 75% GOOD, TRANSMISSION PRO-DRIVE 40KM , 536HP ENGINE, 40 GRASS KNIFES, DURALINE INTERIOR WEAR PARTS, KP KERNEL PROCESSOR W\/ 40% ROLLS DIFFERENTIAL, ADVANCED HEADER CONTROL, AUTOMATIC PTO COUPLER, DUAL HEADER DRIVE, ELECTRIC CONTROLS, METAL DETECTOR, STONE DETECTOR, &hellip; <a href=\"https:\/\/jldlague.com\/en\/product\/used-equipment\/hay-equipment-and-accessories\/forage-harvesters-accessories-used\/jd-8400-prodrive-4x4-kp-kit-2\/\">Continued<\/a><\/p>\n","protected":false},"featured_media":406127,"template":"","meta":{"_acf_changed":false},"product_brand":[],"product_cat":[30,586,491,148,37],"product_tag":[],"brand":[75],"industry":[],"class_list":{"0":"post-378828","1":"product","2":"type-product","3":"status-publish","4":"has-post-thumbnail","6":"product_cat-equipements-usages","7":"product_cat-forage-harvesters-accessories-used","8":"product_cat-fourrageres-accessoires-usages","9":"product_cat-hay-equipment-and-accessories","10":"product_cat-used-equipment","11":"brand-john-deere","13":"first","14":"instock","15":"taxable","16":"shipping-taxable","17":"product-type-simple"},"acf":{"year":2024,"hours":577,"model":"8400","kilometers":"","overrideShowForms":false,"keepProductStatusWhenImporting":false},"yoast_head":"<!-- This site is optimized with the Yoast SEO plugin v27.2 - https:\/\/yoast.com\/product\/yoast-seo-wordpress\/ -->\n<title>JD 8400 PRODRIVE 4X4 KP + KIT - John Deere - JLD-Lagu\u00eb F382430A<\/title>\n<meta name=\"description\" content=\"D\u00e9couvrez le produit JD 8400 PRODRIVE 4X4 KP + KIT\u00c9quipements usag\u00e9s, Forage Harvesters &amp; Accessories, Fourrag\u00e8res et accessoires, Hay equipment and accessories, Used equipment (F382430A) de John Deeredisponible chez JLD-Lagu\u00eb\" \/>\n<meta name=\"robots\" content=\"index, follow, max-snippet:-1, max-image-preview:large, max-video-preview:-1\" \/>\n<link rel=\"canonical\" href=\"https:\/\/jldlague.com\/en\/product\/used-equipment\/hay-equipment-and-accessories\/forage-harvesters-accessories-used\/jd-8400-prodrive-4x4-kp-kit-2\/\" \/>\n<meta property=\"og:locale\" content=\"en_US\" \/>\n<meta property=\"og:type\" content=\"article\" \/>\n<meta property=\"og:title\" content=\"JD 8400 PRODRIVE 4X4 KP + KIT - John Deere - JLD-Lagu\u00eb F382430A\" \/>\n<meta property=\"og:description\" content=\"D\u00e9couvrez le produit JD 8400 PRODRIVE 4X4 KP + KIT\u00c9quipements usag\u00e9s, Forage Harvesters &amp; Accessories, Fourrag\u00e8res et accessoires, Hay equipment and accessories, Used equipment (F382430A) de John Deeredisponible chez JLD-Lagu\u00eb\" \/>\n<meta property=\"og:url\" content=\"https:\/\/jldlague.com\/en\/product\/used-equipment\/hay-equipment-and-accessories\/forage-harvesters-accessories-used\/jd-8400-prodrive-4x4-kp-kit-2\/\" \/>\n<meta property=\"og:site_name\" content=\"JLD-Lagu\u00eb\" \/>\n<meta property=\"article:publisher\" content=\"https:\/\/www.facebook.com\/jldlague\" \/>\n<meta property=\"article:modified_time\" content=\"2026-04-17T12:00:26+00:00\" \/>\n<meta property=\"og:image\" content=\"https:\/\/jldlague.com\/wp-content\/uploads\/2025\/04\/IMG_5735-scaled.jpeg\" \/>\n\t<meta property=\"og:image:width\" content=\"2560\" \/>\n\t<meta property=\"og:image:height\" content=\"1920\" \/>\n\t<meta property=\"og:image:type\" content=\"image\/jpeg\" \/>\n<meta name=\"twitter:card\" content=\"summary_large_image\" \/>\n<meta name=\"twitter:label1\" content=\"Est. reading time\" \/>\n\t<meta name=\"twitter:data1\" content=\"1 minute\" \/>\n<script type=\"application\/ld+json\" class=\"yoast-schema-graph\">{\"@context\":\"https:\/\/schema.org\",\"@graph\":[{\"@type\":\"WebPage\",\"@id\":\"https:\/\/jldlague.com\/en\/product\/used-equipment\/hay-equipment-and-accessories\/forage-harvesters-accessories-used\/jd-8400-prodrive-4x4-kp-kit-2\/\",\"url\":\"https:\/\/jldlague.com\/en\/product\/used-equipment\/hay-equipment-and-accessories\/forage-harvesters-accessories-used\/jd-8400-prodrive-4x4-kp-kit-2\/\",\"name\":\"JD 8400 PRODRIVE 4X4 KP + KIT - John Deere - JLD-Lagu\u00eb F382430A\",\"isPartOf\":{\"@id\":\"https:\/\/jldlague.com\/en\/#website\"},\"primaryImageOfPage\":{\"@id\":\"https:\/\/jldlague.com\/en\/product\/used-equipment\/hay-equipment-and-accessories\/forage-harvesters-accessories-used\/jd-8400-prodrive-4x4-kp-kit-2\/#primaryimage\"},\"image\":{\"@id\":\"https:\/\/jldlague.com\/en\/product\/used-equipment\/hay-equipment-and-accessories\/forage-harvesters-accessories-used\/jd-8400-prodrive-4x4-kp-kit-2\/#primaryimage\"},\"thumbnailUrl\":\"https:\/\/jldlague.com\/wp-content\/uploads\/2025\/04\/IMG_5735-scaled.jpeg\",\"datePublished\":\"2025-04-10T15:16:02+00:00\",\"dateModified\":\"2026-04-17T12:00:26+00:00\",\"description\":\"D\u00e9couvrez le produit JD 8400 PRODRIVE 4X4 KP + KIT\u00c9quipements usag\u00e9s, Forage Harvesters &amp; Accessories, Fourrag\u00e8res et accessoires, Hay equipment and accessories, Used equipment (F382430A) de John Deeredisponible chez JLD-Lagu\u00eb\",\"breadcrumb\":{\"@id\":\"https:\/\/jldlague.com\/en\/product\/used-equipment\/hay-equipment-and-accessories\/forage-harvesters-accessories-used\/jd-8400-prodrive-4x4-kp-kit-2\/#breadcrumb\"},\"inLanguage\":\"en-US\",\"potentialAction\":[{\"@type\":\"ReadAction\",\"target\":[\"https:\/\/jldlague.com\/en\/product\/used-equipment\/hay-equipment-and-accessories\/forage-harvesters-accessories-used\/jd-8400-prodrive-4x4-kp-kit-2\/\"]}]},{\"@type\":\"ImageObject\",\"inLanguage\":\"en-US\",\"@id\":\"https:\/\/jldlague.com\/en\/product\/used-equipment\/hay-equipment-and-accessories\/forage-harvesters-accessories-used\/jd-8400-prodrive-4x4-kp-kit-2\/#primaryimage\",\"url\":\"https:\/\/jldlague.com\/wp-content\/uploads\/2025\/04\/IMG_5735-scaled.jpeg\",\"contentUrl\":\"https:\/\/jldlague.com\/wp-content\/uploads\/2025\/04\/IMG_5735-scaled.jpeg\",\"width\":2560,\"height\":1920},{\"@type\":\"BreadcrumbList\",\"@id\":\"https:\/\/jldlague.com\/en\/product\/used-equipment\/hay-equipment-and-accessories\/forage-harvesters-accessories-used\/jd-8400-prodrive-4x4-kp-kit-2\/#breadcrumb\",\"itemListElement\":[{\"@type\":\"ListItem\",\"position\":1,\"name\":\"Home\",\"item\":\"https:\/\/jldlague.com\/en\/\"},{\"@type\":\"ListItem\",\"position\":2,\"name\":\"Used equipment\",\"item\":\"https:\/\/jldlague.com\/en\/product-category\/used-equipment\/\"},{\"@type\":\"ListItem\",\"position\":3,\"name\":\"Hay equipment and accessories\",\"item\":\"https:\/\/jldlague.com\/en\/product-category\/used-equipment\/hay-equipment-and-accessories\/\"},{\"@type\":\"ListItem\",\"position\":4,\"name\":\"Forage Harvesters &amp; Accessories\",\"item\":\"https:\/\/jldlague.com\/en\/product-category\/used-equipment\/hay-equipment-and-accessories\/forage-harvesters-accessories-used\/\"},{\"@type\":\"ListItem\",\"position\":5,\"name\":\"JD 8400 PRODRIVE 4X4 KP + KIT\"}]},{\"@type\":\"WebSite\",\"@id\":\"https:\/\/jldlague.com\/en\/#website\",\"url\":\"https:\/\/jldlague.com\/en\/\",\"name\":\"JLD-Lagu\u00eb\",\"description\":\"\",\"publisher\":{\"@id\":\"https:\/\/jldlague.com\/en\/#organization\"},\"alternateName\":\"JLD\",\"potentialAction\":[{\"@type\":\"SearchAction\",\"target\":{\"@type\":\"EntryPoint\",\"urlTemplate\":\"https:\/\/jldlague.com\/en\/?s={search_term_string}\"},\"query-input\":{\"@type\":\"PropertyValueSpecification\",\"valueRequired\":true,\"valueName\":\"search_term_string\"}}],\"inLanguage\":\"en-US\"},{\"@type\":\"Organization\",\"@id\":\"https:\/\/jldlague.com\/en\/#organization\",\"name\":\"JLD-Lagu\u00eb\",\"url\":\"https:\/\/jldlague.com\/en\/\",\"logo\":{\"@type\":\"ImageObject\",\"inLanguage\":\"en-US\",\"@id\":\"https:\/\/jldlague.com\/en\/#\/schema\/logo\/image\/\",\"url\":\"https:\/\/jldlague.com\/wp-content\/uploads\/2023\/06\/logos.svg\",\"contentUrl\":\"https:\/\/jldlague.com\/wp-content\/uploads\/2023\/06\/logos.svg\",\"width\":385,\"height\":50,\"caption\":\"JLD-Lagu\u00eb\"},\"image\":{\"@id\":\"https:\/\/jldlague.com\/en\/#\/schema\/logo\/image\/\"},\"sameAs\":[\"https:\/\/www.facebook.com\/jldlague\",\"https:\/\/www.linkedin.com\/company\/the-jld-group-john-deere-dealer\",\"https:\/\/www.instagram.com\/jldlague\/\",\"https:\/\/www.youtube.com\/channel\/UCRpOpeDrLm9lIf6jXO7cJZw\"]}]}<\/script>\n<!-- \/ Yoast SEO plugin. -->","yoast_head_json":{"title":"JD 8400 PRODRIVE 4X4 KP + KIT - John Deere - JLD-Lagu\u00eb F382430A","description":"D\u00e9couvrez le produit JD 8400 PRODRIVE 4X4 KP + KIT\u00c9quipements usag\u00e9s, Forage Harvesters &amp; Accessories, Fourrag\u00e8res et accessoires, Hay equipment and accessories, Used equipment (F382430A) de John Deeredisponible chez JLD-Lagu\u00eb","robots":{"index":"index","follow":"follow","max-snippet":"max-snippet:-1","max-image-preview":"max-image-preview:large","max-video-preview":"max-video-preview:-1"},"canonical":"https:\/\/jldlague.com\/en\/product\/used-equipment\/hay-equipment-and-accessories\/forage-harvesters-accessories-used\/jd-8400-prodrive-4x4-kp-kit-2\/","og_locale":"en_US","og_type":"article","og_title":"JD 8400 PRODRIVE 4X4 KP + KIT - John Deere - JLD-Lagu\u00eb F382430A","og_description":"D\u00e9couvrez le produit JD 8400 PRODRIVE 4X4 KP + KIT\u00c9quipements usag\u00e9s, Forage Harvesters &amp; Accessories, Fourrag\u00e8res et accessoires, Hay equipment and accessories, Used equipment (F382430A) de John Deeredisponible chez JLD-Lagu\u00eb","og_url":"https:\/\/jldlague.com\/en\/product\/used-equipment\/hay-equipment-and-accessories\/forage-harvesters-accessories-used\/jd-8400-prodrive-4x4-kp-kit-2\/","og_site_name":"JLD-Lagu\u00eb","article_publisher":"https:\/\/www.facebook.com\/jldlague","article_modified_time":"2026-04-17T12:00:26+00:00","og_image":[{"width":2560,"height":1920,"url":"https:\/\/jldlague.com\/wp-content\/uploads\/2025\/04\/IMG_5735-scaled.jpeg","type":"image\/jpeg"}],"twitter_card":"summary_large_image","twitter_misc":{"Est. reading time":"1 minute"},"schema":{"@context":"https:\/\/schema.org","@graph":[{"@type":"WebPage","@id":"https:\/\/jldlague.com\/en\/product\/used-equipment\/hay-equipment-and-accessories\/forage-harvesters-accessories-used\/jd-8400-prodrive-4x4-kp-kit-2\/","url":"https:\/\/jldlague.com\/en\/product\/used-equipment\/hay-equipment-and-accessories\/forage-harvesters-accessories-used\/jd-8400-prodrive-4x4-kp-kit-2\/","name":"JD 8400 PRODRIVE 4X4 KP + KIT - John Deere - JLD-Lagu\u00eb F382430A","isPartOf":{"@id":"https:\/\/jldlague.com\/en\/#website"},"primaryImageOfPage":{"@id":"https:\/\/jldlague.com\/en\/product\/used-equipment\/hay-equipment-and-accessories\/forage-harvesters-accessories-used\/jd-8400-prodrive-4x4-kp-kit-2\/#primaryimage"},"image":{"@id":"https:\/\/jldlague.com\/en\/product\/used-equipment\/hay-equipment-and-accessories\/forage-harvesters-accessories-used\/jd-8400-prodrive-4x4-kp-kit-2\/#primaryimage"},"thumbnailUrl":"https:\/\/jldlague.com\/wp-content\/uploads\/2025\/04\/IMG_5735-scaled.jpeg","datePublished":"2025-04-10T15:16:02+00:00","dateModified":"2026-04-17T12:00:26+00:00","description":"D\u00e9couvrez le produit JD 8400 PRODRIVE 4X4 KP + KIT\u00c9quipements usag\u00e9s, Forage Harvesters &amp; Accessories, Fourrag\u00e8res et accessoires, Hay equipment and accessories, Used equipment (F382430A) de John Deeredisponible chez JLD-Lagu\u00eb","breadcrumb":{"@id":"https:\/\/jldlague.com\/en\/product\/used-equipment\/hay-equipment-and-accessories\/forage-harvesters-accessories-used\/jd-8400-prodrive-4x4-kp-kit-2\/#breadcrumb"},"inLanguage":"en-US","potentialAction":[{"@type":"ReadAction","target":["https:\/\/jldlague.com\/en\/product\/used-equipment\/hay-equipment-and-accessories\/forage-harvesters-accessories-used\/jd-8400-prodrive-4x4-kp-kit-2\/"]}]},{"@type":"ImageObject","inLanguage":"en-US","@id":"https:\/\/jldlague.com\/en\/product\/used-equipment\/hay-equipment-and-accessories\/forage-harvesters-accessories-used\/jd-8400-prodrive-4x4-kp-kit-2\/#primaryimage","url":"https:\/\/jldlague.com\/wp-content\/uploads\/2025\/04\/IMG_5735-scaled.jpeg","contentUrl":"https:\/\/jldlague.com\/wp-content\/uploads\/2025\/04\/IMG_5735-scaled.jpeg","width":2560,"height":1920},{"@type":"BreadcrumbList","@id":"https:\/\/jldlague.com\/en\/product\/used-equipment\/hay-equipment-and-accessories\/forage-harvesters-accessories-used\/jd-8400-prodrive-4x4-kp-kit-2\/#breadcrumb","itemListElement":[{"@type":"ListItem","position":1,"name":"Home","item":"https:\/\/jldlague.com\/en\/"},{"@type":"ListItem","position":2,"name":"Used equipment","item":"https:\/\/jldlague.com\/en\/product-category\/used-equipment\/"},{"@type":"ListItem","position":3,"name":"Hay equipment and accessories","item":"https:\/\/jldlague.com\/en\/product-category\/used-equipment\/hay-equipment-and-accessories\/"},{"@type":"ListItem","position":4,"name":"Forage Harvesters &amp; Accessories","item":"https:\/\/jldlague.com\/en\/product-category\/used-equipment\/hay-equipment-and-accessories\/forage-harvesters-accessories-used\/"},{"@type":"ListItem","position":5,"name":"JD 8400 PRODRIVE 4X4 KP + KIT"}]},{"@type":"WebSite","@id":"https:\/\/jldlague.com\/en\/#website","url":"https:\/\/jldlague.com\/en\/","name":"JLD-Lagu\u00eb","description":"","publisher":{"@id":"https:\/\/jldlague.com\/en\/#organization"},"alternateName":"JLD","potentialAction":[{"@type":"SearchAction","target":{"@type":"EntryPoint","urlTemplate":"https:\/\/jldlague.com\/en\/?s={search_term_string}"},"query-input":{"@type":"PropertyValueSpecification","valueRequired":true,"valueName":"search_term_string"}}],"inLanguage":"en-US"},{"@type":"Organization","@id":"https:\/\/jldlague.com\/en\/#organization","name":"JLD-Lagu\u00eb","url":"https:\/\/jldlague.com\/en\/","logo":{"@type":"ImageObject","inLanguage":"en-US","@id":"https:\/\/jldlague.com\/en\/#\/schema\/logo\/image\/","url":"https:\/\/jldlague.com\/wp-content\/uploads\/2023\/06\/logos.svg","contentUrl":"https:\/\/jldlague.com\/wp-content\/uploads\/2023\/06\/logos.svg","width":385,"height":50,"caption":"JLD-Lagu\u00eb"},"image":{"@id":"https:\/\/jldlague.com\/en\/#\/schema\/logo\/image\/"},"sameAs":["https:\/\/www.facebook.com\/jldlague","https:\/\/www.linkedin.com\/company\/the-jld-group-john-deere-dealer","https:\/\/www.instagram.com\/jldlague\/","https:\/\/www.youtube.com\/channel\/UCRpOpeDrLm9lIf6jXO7cJZw"]}]}},"_links":{"self":[{"href":"https:\/\/jldlague.com\/en\/wp-json\/wp\/v2\/product\/378828","targetHints":{"allow":["GET"]}}],"collection":[{"href":"https:\/\/jldlague.com\/en\/wp-json\/wp\/v2\/product"}],"about":[{"href":"https:\/\/jldlague.com\/en\/wp-json\/wp\/v2\/types\/product"}],"wp:featuredmedia":[{"embeddable":true,"href":"https:\/\/jldlague.com\/en\/wp-json\/wp\/v2\/media\/406127"}],"wp:attachment":[{"href":"https:\/\/jldlague.com\/en\/wp-json\/wp\/v2\/media?parent=378828"}],"wp:term":[{"taxonomy":"product_brand","embeddable":true,"href":"https:\/\/jldlague.com\/en\/wp-json\/wp\/v2\/product_brand?post=378828"},{"taxonomy":"product_cat","embeddable":true,"href":"https:\/\/jldlague.com\/en\/wp-json\/wp\/v2\/product_cat?post=378828"},{"taxonomy":"product_tag","embeddable":true,"href":"https:\/\/jldlague.com\/en\/wp-json\/wp\/v2\/product_tag?post=378828"},{"taxonomy":"brand","embeddable":true,"href":"https:\/\/jldlague.com\/en\/wp-json\/wp\/v2\/brand?post=378828"},{"taxonomy":"industry","embeddable":true,"href":"https:\/\/jldlague.com\/en\/wp-json\/wp\/v2\/industry?post=378828"}],"curies":[{"name":"wp","href":"https:\/\/api.w.org\/{rel}","templated":true}]}}