{"id":386348,"date":"2025-05-03T08:15:13","date_gmt":"2025-05-03T12:15:13","guid":{"rendered":""},"modified":"2026-04-09T08:02:08","modified_gmt":"2026-04-09T12:02:08","slug":"vehicule-utilitaire-xuv-utility-vehicule-xuv-2","status":"publish","type":"product","link":"https:\/\/jldlague.com\/en\/product\/equipements-usages\/vehicule-utilitaire-xuv-utility-vehicule-xuv-2\/","title":{"rendered":"VEHICULE UTILITAIRE XUV\/ UTILITY VEHICULE XUV"},"content":{"rendered":"<p>JD 835R, 4X4 GATOR, XUV, CAB, 54HP,  GAS ENGINE, POWER STEERING,  COLOR GREEN AND YELLOW,  ALUMINIUM ALLOY WHEEL MAG,  27\/11.00\/R14 50% GOOD,  27\/9.00\/R14 50% GOOD,  HEATED CAB. W\/ A\/C, FRONT WINCH,  FRONT BUMPER, POWER LIFT CARGO BOX,  CARGO BOX LINER PROTECTOR, <\/p>\n","protected":false},"excerpt":{"rendered":"<p>JD 835R, 4X4 GATOR, XUV, CAB, 54HP, GAS ENGINE, POWER STEERING, COLOR GREEN AND YELLOW, ALUMINIUM ALLOY WHEEL MAG, 27\/11.00\/R14 50% GOOD, 27\/9.00\/R14 50% GOOD, HEATED CAB. W\/ A\/C, FRONT WINCH, FRONT BUMPER, POWER LIFT CARGO BOX, CARGO BOX LINER PROTECTOR,<\/p>\n","protected":false},"featured_media":426966,"template":"","meta":{"_acf_changed":false},"product_brand":[],"product_cat":[30,37],"product_tag":[],"brand":[75],"industry":[],"class_list":{"0":"post-386348","1":"product","2":"type-product","3":"status-publish","4":"has-post-thumbnail","6":"product_cat-equipements-usages","7":"product_cat-used-equipment","8":"brand-john-deere","10":"first","11":"instock","12":"taxable","13":"shipping-taxable","14":"product-type-simple"},"acf":{"year":2022,"hours":518,"model":"835R","kilometers":"","overrideShowForms":false,"keepProductStatusWhenImporting":false},"yoast_head":"<!-- This site is optimized with the Yoast SEO plugin v27.4 - https:\/\/yoast.com\/product\/yoast-seo-wordpress\/ -->\n<title>VEHICULE UTILITAIRE XUV\/ UTILITY VEHICULE XUV - John Deere - JLD-Lagu\u00eb 384013A1<\/title>\n<meta name=\"description\" content=\"D\u00e9couvrez le produit VEHICULE UTILITAIRE XUV\/ UTILITY VEHICULE XUV\u00c9quipements usag\u00e9s, Used equipment (384013A1) de John Deeredisponible chez JLD-Lagu\u00eb\" \/>\n<meta name=\"robots\" content=\"index, follow, max-snippet:-1, max-image-preview:large, max-video-preview:-1\" \/>\n<link rel=\"canonical\" href=\"https:\/\/jldlague.com\/en\/product\/equipements-usages\/vehicule-utilitaire-xuv-utility-vehicule-xuv-2\/\" \/>\n<meta property=\"og:locale\" content=\"en_US\" \/>\n<meta property=\"og:type\" content=\"article\" \/>\n<meta property=\"og:title\" content=\"VEHICULE UTILITAIRE XUV\/ UTILITY VEHICULE XUV - John Deere - JLD-Lagu\u00eb 384013A1\" \/>\n<meta property=\"og:description\" content=\"D\u00e9couvrez le produit VEHICULE UTILITAIRE XUV\/ UTILITY VEHICULE XUV\u00c9quipements usag\u00e9s, Used equipment (384013A1) de John Deeredisponible chez JLD-Lagu\u00eb\" \/>\n<meta property=\"og:url\" content=\"https:\/\/jldlague.com\/en\/product\/equipements-usages\/vehicule-utilitaire-xuv-utility-vehicule-xuv-2\/\" \/>\n<meta property=\"og:site_name\" content=\"JLD-Lagu\u00eb\" \/>\n<meta property=\"article:publisher\" content=\"https:\/\/www.facebook.com\/jldlague\" \/>\n<meta property=\"article:modified_time\" content=\"2026-04-09T12:02:08+00:00\" \/>\n<meta property=\"og:image\" content=\"https:\/\/jldlague.com\/wp-content\/uploads\/2025\/05\/processed-9033E4A8-35C7-4A3A-84CC-7D0763BA024C.jpeg\" \/>\n\t<meta property=\"og:image:width\" content=\"2420\" \/>\n\t<meta property=\"og:image:height\" content=\"1816\" \/>\n\t<meta property=\"og:image:type\" content=\"image\/jpeg\" \/>\n<meta name=\"twitter:card\" content=\"summary_large_image\" \/>\n<script type=\"application\/ld+json\" class=\"yoast-schema-graph\">{\"@context\":\"https:\\\/\\\/schema.org\",\"@graph\":[{\"@type\":\"WebPage\",\"@id\":\"https:\\\/\\\/jldlague.com\\\/en\\\/product\\\/equipements-usages\\\/vehicule-utilitaire-xuv-utility-vehicule-xuv-2\\\/\",\"url\":\"https:\\\/\\\/jldlague.com\\\/en\\\/product\\\/equipements-usages\\\/vehicule-utilitaire-xuv-utility-vehicule-xuv-2\\\/\",\"name\":\"VEHICULE UTILITAIRE XUV\\\/ UTILITY VEHICULE XUV - John Deere - JLD-Lagu\u00eb 384013A1\",\"isPartOf\":{\"@id\":\"https:\\\/\\\/jldlague.com\\\/en\\\/#website\"},\"primaryImageOfPage\":{\"@id\":\"https:\\\/\\\/jldlague.com\\\/en\\\/product\\\/equipements-usages\\\/vehicule-utilitaire-xuv-utility-vehicule-xuv-2\\\/#primaryimage\"},\"image\":{\"@id\":\"https:\\\/\\\/jldlague.com\\\/en\\\/product\\\/equipements-usages\\\/vehicule-utilitaire-xuv-utility-vehicule-xuv-2\\\/#primaryimage\"},\"thumbnailUrl\":\"https:\\\/\\\/jldlague.com\\\/wp-content\\\/uploads\\\/2025\\\/05\\\/processed-9033E4A8-35C7-4A3A-84CC-7D0763BA024C.jpeg\",\"datePublished\":\"2025-05-03T12:15:13+00:00\",\"dateModified\":\"2026-04-09T12:02:08+00:00\",\"description\":\"D\u00e9couvrez le produit VEHICULE UTILITAIRE XUV\\\/ UTILITY VEHICULE XUV\u00c9quipements usag\u00e9s, Used equipment (384013A1) de John Deeredisponible chez JLD-Lagu\u00eb\",\"breadcrumb\":{\"@id\":\"https:\\\/\\\/jldlague.com\\\/en\\\/product\\\/equipements-usages\\\/vehicule-utilitaire-xuv-utility-vehicule-xuv-2\\\/#breadcrumb\"},\"inLanguage\":\"en-US\",\"potentialAction\":[{\"@type\":\"ReadAction\",\"target\":[\"https:\\\/\\\/jldlague.com\\\/en\\\/product\\\/equipements-usages\\\/vehicule-utilitaire-xuv-utility-vehicule-xuv-2\\\/\"]}]},{\"@type\":\"ImageObject\",\"inLanguage\":\"en-US\",\"@id\":\"https:\\\/\\\/jldlague.com\\\/en\\\/product\\\/equipements-usages\\\/vehicule-utilitaire-xuv-utility-vehicule-xuv-2\\\/#primaryimage\",\"url\":\"https:\\\/\\\/jldlague.com\\\/wp-content\\\/uploads\\\/2025\\\/05\\\/processed-9033E4A8-35C7-4A3A-84CC-7D0763BA024C.jpeg\",\"contentUrl\":\"https:\\\/\\\/jldlague.com\\\/wp-content\\\/uploads\\\/2025\\\/05\\\/processed-9033E4A8-35C7-4A3A-84CC-7D0763BA024C.jpeg\",\"width\":2420,\"height\":1816},{\"@type\":\"BreadcrumbList\",\"@id\":\"https:\\\/\\\/jldlague.com\\\/en\\\/product\\\/equipements-usages\\\/vehicule-utilitaire-xuv-utility-vehicule-xuv-2\\\/#breadcrumb\",\"itemListElement\":[{\"@type\":\"ListItem\",\"position\":1,\"name\":\"Home\",\"item\":\"https:\\\/\\\/jldlague.com\\\/en\\\/accueil\\\/\"},{\"@type\":\"ListItem\",\"position\":2,\"name\":\"Used equipment\",\"item\":\"https:\\\/\\\/jldlague.com\\\/en\\\/product-category\\\/used-equipment\\\/\"},{\"@type\":\"ListItem\",\"position\":3,\"name\":\"VEHICULE UTILITAIRE XUV\\\/ UTILITY VEHICULE XUV\"}]},{\"@type\":\"WebSite\",\"@id\":\"https:\\\/\\\/jldlague.com\\\/en\\\/#website\",\"url\":\"https:\\\/\\\/jldlague.com\\\/en\\\/\",\"name\":\"JLD-Lagu\u00eb\",\"description\":\"\",\"publisher\":{\"@id\":\"https:\\\/\\\/jldlague.com\\\/en\\\/#organization\"},\"alternateName\":\"JLD\",\"potentialAction\":[{\"@type\":\"SearchAction\",\"target\":{\"@type\":\"EntryPoint\",\"urlTemplate\":\"https:\\\/\\\/jldlague.com\\\/en\\\/?s={search_term_string}\"},\"query-input\":{\"@type\":\"PropertyValueSpecification\",\"valueRequired\":true,\"valueName\":\"search_term_string\"}}],\"inLanguage\":\"en-US\"},{\"@type\":\"Organization\",\"@id\":\"https:\\\/\\\/jldlague.com\\\/en\\\/#organization\",\"name\":\"JLD-Lagu\u00eb\",\"url\":\"https:\\\/\\\/jldlague.com\\\/en\\\/\",\"logo\":{\"@type\":\"ImageObject\",\"inLanguage\":\"en-US\",\"@id\":\"https:\\\/\\\/jldlague.com\\\/en\\\/#\\\/schema\\\/logo\\\/image\\\/\",\"url\":\"https:\\\/\\\/jldlague.com\\\/wp-content\\\/uploads\\\/2023\\\/06\\\/logos.svg\",\"contentUrl\":\"https:\\\/\\\/jldlague.com\\\/wp-content\\\/uploads\\\/2023\\\/06\\\/logos.svg\",\"width\":385,\"height\":50,\"caption\":\"JLD-Lagu\u00eb\"},\"image\":{\"@id\":\"https:\\\/\\\/jldlague.com\\\/en\\\/#\\\/schema\\\/logo\\\/image\\\/\"},\"sameAs\":[\"https:\\\/\\\/www.facebook.com\\\/jldlague\",\"https:\\\/\\\/www.linkedin.com\\\/company\\\/the-jld-group-john-deere-dealer\",\"https:\\\/\\\/www.instagram.com\\\/jldlague\\\/\",\"https:\\\/\\\/www.youtube.com\\\/channel\\\/UCRpOpeDrLm9lIf6jXO7cJZw\"]}]}<\/script>\n<!-- \/ Yoast SEO plugin. -->","yoast_head_json":{"title":"VEHICULE UTILITAIRE XUV\/ UTILITY VEHICULE XUV - John Deere - JLD-Lagu\u00eb 384013A1","description":"D\u00e9couvrez le produit VEHICULE UTILITAIRE XUV\/ UTILITY VEHICULE XUV\u00c9quipements usag\u00e9s, Used equipment (384013A1) de John Deeredisponible chez JLD-Lagu\u00eb","robots":{"index":"index","follow":"follow","max-snippet":"max-snippet:-1","max-image-preview":"max-image-preview:large","max-video-preview":"max-video-preview:-1"},"canonical":"https:\/\/jldlague.com\/en\/product\/equipements-usages\/vehicule-utilitaire-xuv-utility-vehicule-xuv-2\/","og_locale":"en_US","og_type":"article","og_title":"VEHICULE UTILITAIRE XUV\/ UTILITY VEHICULE XUV - John Deere - JLD-Lagu\u00eb 384013A1","og_description":"D\u00e9couvrez le produit VEHICULE UTILITAIRE XUV\/ UTILITY VEHICULE XUV\u00c9quipements usag\u00e9s, Used equipment (384013A1) de John Deeredisponible chez JLD-Lagu\u00eb","og_url":"https:\/\/jldlague.com\/en\/product\/equipements-usages\/vehicule-utilitaire-xuv-utility-vehicule-xuv-2\/","og_site_name":"JLD-Lagu\u00eb","article_publisher":"https:\/\/www.facebook.com\/jldlague","article_modified_time":"2026-04-09T12:02:08+00:00","og_image":[{"width":2420,"height":1816,"url":"https:\/\/jldlague.com\/wp-content\/uploads\/2025\/05\/processed-9033E4A8-35C7-4A3A-84CC-7D0763BA024C.jpeg","type":"image\/jpeg"}],"twitter_card":"summary_large_image","schema":{"@context":"https:\/\/schema.org","@graph":[{"@type":"WebPage","@id":"https:\/\/jldlague.com\/en\/product\/equipements-usages\/vehicule-utilitaire-xuv-utility-vehicule-xuv-2\/","url":"https:\/\/jldlague.com\/en\/product\/equipements-usages\/vehicule-utilitaire-xuv-utility-vehicule-xuv-2\/","name":"VEHICULE UTILITAIRE XUV\/ UTILITY VEHICULE XUV - John Deere - JLD-Lagu\u00eb 384013A1","isPartOf":{"@id":"https:\/\/jldlague.com\/en\/#website"},"primaryImageOfPage":{"@id":"https:\/\/jldlague.com\/en\/product\/equipements-usages\/vehicule-utilitaire-xuv-utility-vehicule-xuv-2\/#primaryimage"},"image":{"@id":"https:\/\/jldlague.com\/en\/product\/equipements-usages\/vehicule-utilitaire-xuv-utility-vehicule-xuv-2\/#primaryimage"},"thumbnailUrl":"https:\/\/jldlague.com\/wp-content\/uploads\/2025\/05\/processed-9033E4A8-35C7-4A3A-84CC-7D0763BA024C.jpeg","datePublished":"2025-05-03T12:15:13+00:00","dateModified":"2026-04-09T12:02:08+00:00","description":"D\u00e9couvrez le produit VEHICULE UTILITAIRE XUV\/ UTILITY VEHICULE XUV\u00c9quipements usag\u00e9s, Used equipment (384013A1) de John Deeredisponible chez JLD-Lagu\u00eb","breadcrumb":{"@id":"https:\/\/jldlague.com\/en\/product\/equipements-usages\/vehicule-utilitaire-xuv-utility-vehicule-xuv-2\/#breadcrumb"},"inLanguage":"en-US","potentialAction":[{"@type":"ReadAction","target":["https:\/\/jldlague.com\/en\/product\/equipements-usages\/vehicule-utilitaire-xuv-utility-vehicule-xuv-2\/"]}]},{"@type":"ImageObject","inLanguage":"en-US","@id":"https:\/\/jldlague.com\/en\/product\/equipements-usages\/vehicule-utilitaire-xuv-utility-vehicule-xuv-2\/#primaryimage","url":"https:\/\/jldlague.com\/wp-content\/uploads\/2025\/05\/processed-9033E4A8-35C7-4A3A-84CC-7D0763BA024C.jpeg","contentUrl":"https:\/\/jldlague.com\/wp-content\/uploads\/2025\/05\/processed-9033E4A8-35C7-4A3A-84CC-7D0763BA024C.jpeg","width":2420,"height":1816},{"@type":"BreadcrumbList","@id":"https:\/\/jldlague.com\/en\/product\/equipements-usages\/vehicule-utilitaire-xuv-utility-vehicule-xuv-2\/#breadcrumb","itemListElement":[{"@type":"ListItem","position":1,"name":"Home","item":"https:\/\/jldlague.com\/en\/accueil\/"},{"@type":"ListItem","position":2,"name":"Used equipment","item":"https:\/\/jldlague.com\/en\/product-category\/used-equipment\/"},{"@type":"ListItem","position":3,"name":"VEHICULE UTILITAIRE XUV\/ UTILITY VEHICULE XUV"}]},{"@type":"WebSite","@id":"https:\/\/jldlague.com\/en\/#website","url":"https:\/\/jldlague.com\/en\/","name":"JLD-Lagu\u00eb","description":"","publisher":{"@id":"https:\/\/jldlague.com\/en\/#organization"},"alternateName":"JLD","potentialAction":[{"@type":"SearchAction","target":{"@type":"EntryPoint","urlTemplate":"https:\/\/jldlague.com\/en\/?s={search_term_string}"},"query-input":{"@type":"PropertyValueSpecification","valueRequired":true,"valueName":"search_term_string"}}],"inLanguage":"en-US"},{"@type":"Organization","@id":"https:\/\/jldlague.com\/en\/#organization","name":"JLD-Lagu\u00eb","url":"https:\/\/jldlague.com\/en\/","logo":{"@type":"ImageObject","inLanguage":"en-US","@id":"https:\/\/jldlague.com\/en\/#\/schema\/logo\/image\/","url":"https:\/\/jldlague.com\/wp-content\/uploads\/2023\/06\/logos.svg","contentUrl":"https:\/\/jldlague.com\/wp-content\/uploads\/2023\/06\/logos.svg","width":385,"height":50,"caption":"JLD-Lagu\u00eb"},"image":{"@id":"https:\/\/jldlague.com\/en\/#\/schema\/logo\/image\/"},"sameAs":["https:\/\/www.facebook.com\/jldlague","https:\/\/www.linkedin.com\/company\/the-jld-group-john-deere-dealer","https:\/\/www.instagram.com\/jldlague\/","https:\/\/www.youtube.com\/channel\/UCRpOpeDrLm9lIf6jXO7cJZw"]}]}},"_links":{"self":[{"href":"https:\/\/jldlague.com\/en\/wp-json\/wp\/v2\/product\/386348","targetHints":{"allow":["GET"]}}],"collection":[{"href":"https:\/\/jldlague.com\/en\/wp-json\/wp\/v2\/product"}],"about":[{"href":"https:\/\/jldlague.com\/en\/wp-json\/wp\/v2\/types\/product"}],"wp:featuredmedia":[{"embeddable":true,"href":"https:\/\/jldlague.com\/en\/wp-json\/wp\/v2\/media\/426966"}],"wp:attachment":[{"href":"https:\/\/jldlague.com\/en\/wp-json\/wp\/v2\/media?parent=386348"}],"wp:term":[{"taxonomy":"product_brand","embeddable":true,"href":"https:\/\/jldlague.com\/en\/wp-json\/wp\/v2\/product_brand?post=386348"},{"taxonomy":"product_cat","embeddable":true,"href":"https:\/\/jldlague.com\/en\/wp-json\/wp\/v2\/product_cat?post=386348"},{"taxonomy":"product_tag","embeddable":true,"href":"https:\/\/jldlague.com\/en\/wp-json\/wp\/v2\/product_tag?post=386348"},{"taxonomy":"brand","embeddable":true,"href":"https:\/\/jldlague.com\/en\/wp-json\/wp\/v2\/brand?post=386348"},{"taxonomy":"industry","embeddable":true,"href":"https:\/\/jldlague.com\/en\/wp-json\/wp\/v2\/industry?post=386348"}],"curies":[{"name":"wp","href":"https:\/\/api.w.org\/{rel}","templated":true}]}}