{"id":414886,"date":"2025-09-07T09:44:23","date_gmt":"2025-09-07T13:44:23","guid":{"rendered":""},"modified":"2026-04-12T12:27:36","modified_gmt":"2026-04-12T16:27:36","slug":"variable-rate-application-john-deere-rate-controller-3","status":"publish","type":"product","link":"https:\/\/jldlague.com\/en\/product\/equipment\/agriculture-en\/planting-seeding-application\/sprayers-applicators\/variable-rate-application-john-deere-rate-controller-3\/","title":{"rendered":"Variable Rate Application | John Deere Rate Controller 3"},"content":{"rendered":"<p>John Deere Rate Controller 3 automatically ensures product is always applied at desired rates, so you can save on inputs and increase overall yield.<\/p>\n","protected":false},"excerpt":{"rendered":"<p>John Deere Rate Controller 3 automatically ensures product is always applied at desired rates, so you can save on inputs and increase overall yield.<\/p>\n","protected":false},"featured_media":0,"template":"","meta":{"_acf_changed":false},"product_brand":[],"product_cat":[1099,691,67,36,1292,1198,843,614,769,692,842],"product_tag":[],"brand":[75],"industry":[1049],"class_list":{"0":"post-414886","1":"product","2":"type-product","3":"status-publish","5":"product_cat-agriculture-en","6":"product_cat-application-a-debit-variable","7":"product_cat-equipements","8":"product_cat-equipment","9":"product_cat-planting-seeding-application","10":"product_cat-precision-ag-equipment","11":"product_cat-precision-ag-technology","12":"product_cat-produits-technologiques","13":"product_cat-sprayers-applicators","14":"product_cat-technologies-agricoles-de-precision","15":"product_cat-variable-rate-application","16":"brand-john-deere","17":"industry-agriculture-2","19":"first","20":"instock","21":"taxable","22":"shipping-taxable","23":"product-type-simple"},"acf":{"year":"","hours":"","model":"John Deere Rate Controller 3","kilometers":"","overrideShowForms":false,"keepProductStatusWhenImporting":false},"yoast_head":"<!-- This site is optimized with the Yoast SEO plugin v27.2 - https:\/\/yoast.com\/product\/yoast-seo-wordpress\/ -->\n<title>Variable Rate Application | John Deere Rate Controller 3 - John Deere - JLD-Lagu\u00eb rxlrapc<\/title>\n<meta name=\"description\" content=\"D\u00e9couvrez le produit Variable Rate Application | John Deere Rate Controller 3Agriculture, Application \u00e0 d\u00e9bit variable, \u00c9quipements, Equipment, Planting, seeding and application, Precision Ag equipment, Precision Ag Technology, Produits technologiques, Sprayers and Applicators, Technologies agricoles de pr\u00e9cision, Variable Rate Application (rxlrapc) de John Deeredisponible chez JLD-Lagu\u00eb\" \/>\n<meta name=\"robots\" content=\"index, follow, max-snippet:-1, max-image-preview:large, max-video-preview:-1\" \/>\n<link rel=\"canonical\" href=\"https:\/\/jldlague.com\/en\/product\/equipment\/agriculture-en\/planting-seeding-application\/sprayers-applicators\/variable-rate-application-john-deere-rate-controller-3\/\" \/>\n<meta property=\"og:locale\" content=\"en_US\" \/>\n<meta property=\"og:type\" content=\"article\" \/>\n<meta property=\"og:title\" content=\"Variable Rate Application | John Deere Rate Controller 3 - John Deere - JLD-Lagu\u00eb rxlrapc\" \/>\n<meta property=\"og:description\" content=\"D\u00e9couvrez le produit Variable Rate Application | John Deere Rate Controller 3Agriculture, Application \u00e0 d\u00e9bit variable, \u00c9quipements, Equipment, Planting, seeding and application, Precision Ag equipment, Precision Ag Technology, Produits technologiques, Sprayers and Applicators, Technologies agricoles de pr\u00e9cision, Variable Rate Application (rxlrapc) de John Deeredisponible chez JLD-Lagu\u00eb\" \/>\n<meta property=\"og:url\" content=\"https:\/\/jldlague.com\/en\/product\/equipment\/agriculture-en\/planting-seeding-application\/sprayers-applicators\/variable-rate-application-john-deere-rate-controller-3\/\" \/>\n<meta property=\"og:site_name\" content=\"JLD-Lagu\u00eb\" \/>\n<meta property=\"article:publisher\" content=\"https:\/\/www.facebook.com\/jldlague\" \/>\n<meta property=\"article:modified_time\" content=\"2026-04-12T16:27:36+00:00\" \/>\n<meta property=\"og:image\" content=\"https:\/\/jldlague.com\/wp-content\/uploads\/2023\/08\/JLD_Image_partage.png\" \/>\n\t<meta property=\"og:image:width\" content=\"1200\" \/>\n\t<meta property=\"og:image:height\" content=\"675\" \/>\n\t<meta property=\"og:image:type\" content=\"image\/png\" \/>\n<meta name=\"twitter:card\" content=\"summary_large_image\" \/>\n<script type=\"application\/ld+json\" class=\"yoast-schema-graph\">{\"@context\":\"https:\/\/schema.org\",\"@graph\":[{\"@type\":\"WebPage\",\"@id\":\"https:\/\/jldlague.com\/en\/product\/equipment\/agriculture-en\/planting-seeding-application\/sprayers-applicators\/variable-rate-application-john-deere-rate-controller-3\/\",\"url\":\"https:\/\/jldlague.com\/en\/product\/equipment\/agriculture-en\/planting-seeding-application\/sprayers-applicators\/variable-rate-application-john-deere-rate-controller-3\/\",\"name\":\"Variable Rate Application | John Deere Rate Controller 3 - John Deere - JLD-Lagu\u00eb rxlrapc\",\"isPartOf\":{\"@id\":\"https:\/\/jldlague.com\/en\/#website\"},\"datePublished\":\"2025-09-07T13:44:23+00:00\",\"dateModified\":\"2026-04-12T16:27:36+00:00\",\"description\":\"D\u00e9couvrez le produit Variable Rate Application | John Deere Rate Controller 3Agriculture, Application \u00e0 d\u00e9bit variable, \u00c9quipements, Equipment, Planting, seeding and application, Precision Ag equipment, Precision Ag Technology, Produits technologiques, Sprayers and Applicators, Technologies agricoles de pr\u00e9cision, Variable Rate Application (rxlrapc) de John Deeredisponible chez JLD-Lagu\u00eb\",\"breadcrumb\":{\"@id\":\"https:\/\/jldlague.com\/en\/product\/equipment\/agriculture-en\/planting-seeding-application\/sprayers-applicators\/variable-rate-application-john-deere-rate-controller-3\/#breadcrumb\"},\"inLanguage\":\"en-US\",\"potentialAction\":[{\"@type\":\"ReadAction\",\"target\":[\"https:\/\/jldlague.com\/en\/product\/equipment\/agriculture-en\/planting-seeding-application\/sprayers-applicators\/variable-rate-application-john-deere-rate-controller-3\/\"]}]},{\"@type\":\"BreadcrumbList\",\"@id\":\"https:\/\/jldlague.com\/en\/product\/equipment\/agriculture-en\/planting-seeding-application\/sprayers-applicators\/variable-rate-application-john-deere-rate-controller-3\/#breadcrumb\",\"itemListElement\":[{\"@type\":\"ListItem\",\"position\":1,\"name\":\"Home\",\"item\":\"https:\/\/jldlague.com\/en\/\"},{\"@type\":\"ListItem\",\"position\":2,\"name\":\"Equipment\",\"item\":\"https:\/\/jldlague.com\/en\/product-category\/equipment\/\"},{\"@type\":\"ListItem\",\"position\":3,\"name\":\"Agriculture\",\"item\":\"https:\/\/jldlague.com\/en\/product-category\/equipment\/agriculture-en\/\"},{\"@type\":\"ListItem\",\"position\":4,\"name\":\"Planting, seeding and application\",\"item\":\"https:\/\/jldlague.com\/en\/product-category\/equipment\/agriculture-en\/planting-seeding-application\/\"},{\"@type\":\"ListItem\",\"position\":5,\"name\":\"Sprayers and Applicators\",\"item\":\"https:\/\/jldlague.com\/en\/product-category\/equipment\/agriculture-en\/planting-seeding-application\/sprayers-applicators\/\"},{\"@type\":\"ListItem\",\"position\":6,\"name\":\"Variable Rate Application\",\"item\":\"https:\/\/jldlague.com\/en\/product-category\/equipment\/agriculture-en\/planting-seeding-application\/sprayers-applicators\/variable-rate-application\/\"},{\"@type\":\"ListItem\",\"position\":7,\"name\":\"Variable Rate Application | John Deere Rate Controller 3\"}]},{\"@type\":\"WebSite\",\"@id\":\"https:\/\/jldlague.com\/en\/#website\",\"url\":\"https:\/\/jldlague.com\/en\/\",\"name\":\"JLD-Lagu\u00eb\",\"description\":\"\",\"publisher\":{\"@id\":\"https:\/\/jldlague.com\/en\/#organization\"},\"alternateName\":\"JLD\",\"potentialAction\":[{\"@type\":\"SearchAction\",\"target\":{\"@type\":\"EntryPoint\",\"urlTemplate\":\"https:\/\/jldlague.com\/en\/?s={search_term_string}\"},\"query-input\":{\"@type\":\"PropertyValueSpecification\",\"valueRequired\":true,\"valueName\":\"search_term_string\"}}],\"inLanguage\":\"en-US\"},{\"@type\":\"Organization\",\"@id\":\"https:\/\/jldlague.com\/en\/#organization\",\"name\":\"JLD-Lagu\u00eb\",\"url\":\"https:\/\/jldlague.com\/en\/\",\"logo\":{\"@type\":\"ImageObject\",\"inLanguage\":\"en-US\",\"@id\":\"https:\/\/jldlague.com\/en\/#\/schema\/logo\/image\/\",\"url\":\"https:\/\/jldlague.com\/wp-content\/uploads\/2023\/06\/logos.svg\",\"contentUrl\":\"https:\/\/jldlague.com\/wp-content\/uploads\/2023\/06\/logos.svg\",\"width\":385,\"height\":50,\"caption\":\"JLD-Lagu\u00eb\"},\"image\":{\"@id\":\"https:\/\/jldlague.com\/en\/#\/schema\/logo\/image\/\"},\"sameAs\":[\"https:\/\/www.facebook.com\/jldlague\",\"https:\/\/www.linkedin.com\/company\/the-jld-group-john-deere-dealer\",\"https:\/\/www.instagram.com\/jldlague\/\",\"https:\/\/www.youtube.com\/channel\/UCRpOpeDrLm9lIf6jXO7cJZw\"]}]}<\/script>\n<!-- \/ Yoast SEO plugin. -->","yoast_head_json":{"title":"Variable Rate Application | John Deere Rate Controller 3 - John Deere - JLD-Lagu\u00eb rxlrapc","description":"D\u00e9couvrez le produit Variable Rate Application | John Deere Rate Controller 3Agriculture, Application \u00e0 d\u00e9bit variable, \u00c9quipements, Equipment, Planting, seeding and application, Precision Ag equipment, Precision Ag Technology, Produits technologiques, Sprayers and Applicators, Technologies agricoles de pr\u00e9cision, Variable Rate Application (rxlrapc) de John Deeredisponible chez JLD-Lagu\u00eb","robots":{"index":"index","follow":"follow","max-snippet":"max-snippet:-1","max-image-preview":"max-image-preview:large","max-video-preview":"max-video-preview:-1"},"canonical":"https:\/\/jldlague.com\/en\/product\/equipment\/agriculture-en\/planting-seeding-application\/sprayers-applicators\/variable-rate-application-john-deere-rate-controller-3\/","og_locale":"en_US","og_type":"article","og_title":"Variable Rate Application | John Deere Rate Controller 3 - John Deere - JLD-Lagu\u00eb rxlrapc","og_description":"D\u00e9couvrez le produit Variable Rate Application | John Deere Rate Controller 3Agriculture, Application \u00e0 d\u00e9bit variable, \u00c9quipements, Equipment, Planting, seeding and application, Precision Ag equipment, Precision Ag Technology, Produits technologiques, Sprayers and Applicators, Technologies agricoles de pr\u00e9cision, Variable Rate Application (rxlrapc) de John Deeredisponible chez JLD-Lagu\u00eb","og_url":"https:\/\/jldlague.com\/en\/product\/equipment\/agriculture-en\/planting-seeding-application\/sprayers-applicators\/variable-rate-application-john-deere-rate-controller-3\/","og_site_name":"JLD-Lagu\u00eb","article_publisher":"https:\/\/www.facebook.com\/jldlague","article_modified_time":"2026-04-12T16:27:36+00:00","og_image":[{"width":1200,"height":675,"url":"https:\/\/jldlague.com\/wp-content\/uploads\/2023\/08\/JLD_Image_partage.png","type":"image\/png"}],"twitter_card":"summary_large_image","schema":{"@context":"https:\/\/schema.org","@graph":[{"@type":"WebPage","@id":"https:\/\/jldlague.com\/en\/product\/equipment\/agriculture-en\/planting-seeding-application\/sprayers-applicators\/variable-rate-application-john-deere-rate-controller-3\/","url":"https:\/\/jldlague.com\/en\/product\/equipment\/agriculture-en\/planting-seeding-application\/sprayers-applicators\/variable-rate-application-john-deere-rate-controller-3\/","name":"Variable Rate Application | John Deere Rate Controller 3 - John Deere - JLD-Lagu\u00eb rxlrapc","isPartOf":{"@id":"https:\/\/jldlague.com\/en\/#website"},"datePublished":"2025-09-07T13:44:23+00:00","dateModified":"2026-04-12T16:27:36+00:00","description":"D\u00e9couvrez le produit Variable Rate Application | John Deere Rate Controller 3Agriculture, Application \u00e0 d\u00e9bit variable, \u00c9quipements, Equipment, Planting, seeding and application, Precision Ag equipment, Precision Ag Technology, Produits technologiques, Sprayers and Applicators, Technologies agricoles de pr\u00e9cision, Variable Rate Application (rxlrapc) de John Deeredisponible chez JLD-Lagu\u00eb","breadcrumb":{"@id":"https:\/\/jldlague.com\/en\/product\/equipment\/agriculture-en\/planting-seeding-application\/sprayers-applicators\/variable-rate-application-john-deere-rate-controller-3\/#breadcrumb"},"inLanguage":"en-US","potentialAction":[{"@type":"ReadAction","target":["https:\/\/jldlague.com\/en\/product\/equipment\/agriculture-en\/planting-seeding-application\/sprayers-applicators\/variable-rate-application-john-deere-rate-controller-3\/"]}]},{"@type":"BreadcrumbList","@id":"https:\/\/jldlague.com\/en\/product\/equipment\/agriculture-en\/planting-seeding-application\/sprayers-applicators\/variable-rate-application-john-deere-rate-controller-3\/#breadcrumb","itemListElement":[{"@type":"ListItem","position":1,"name":"Home","item":"https:\/\/jldlague.com\/en\/"},{"@type":"ListItem","position":2,"name":"Equipment","item":"https:\/\/jldlague.com\/en\/product-category\/equipment\/"},{"@type":"ListItem","position":3,"name":"Agriculture","item":"https:\/\/jldlague.com\/en\/product-category\/equipment\/agriculture-en\/"},{"@type":"ListItem","position":4,"name":"Planting, seeding and application","item":"https:\/\/jldlague.com\/en\/product-category\/equipment\/agriculture-en\/planting-seeding-application\/"},{"@type":"ListItem","position":5,"name":"Sprayers and Applicators","item":"https:\/\/jldlague.com\/en\/product-category\/equipment\/agriculture-en\/planting-seeding-application\/sprayers-applicators\/"},{"@type":"ListItem","position":6,"name":"Variable Rate Application","item":"https:\/\/jldlague.com\/en\/product-category\/equipment\/agriculture-en\/planting-seeding-application\/sprayers-applicators\/variable-rate-application\/"},{"@type":"ListItem","position":7,"name":"Variable Rate Application | John Deere Rate Controller 3"}]},{"@type":"WebSite","@id":"https:\/\/jldlague.com\/en\/#website","url":"https:\/\/jldlague.com\/en\/","name":"JLD-Lagu\u00eb","description":"","publisher":{"@id":"https:\/\/jldlague.com\/en\/#organization"},"alternateName":"JLD","potentialAction":[{"@type":"SearchAction","target":{"@type":"EntryPoint","urlTemplate":"https:\/\/jldlague.com\/en\/?s={search_term_string}"},"query-input":{"@type":"PropertyValueSpecification","valueRequired":true,"valueName":"search_term_string"}}],"inLanguage":"en-US"},{"@type":"Organization","@id":"https:\/\/jldlague.com\/en\/#organization","name":"JLD-Lagu\u00eb","url":"https:\/\/jldlague.com\/en\/","logo":{"@type":"ImageObject","inLanguage":"en-US","@id":"https:\/\/jldlague.com\/en\/#\/schema\/logo\/image\/","url":"https:\/\/jldlague.com\/wp-content\/uploads\/2023\/06\/logos.svg","contentUrl":"https:\/\/jldlague.com\/wp-content\/uploads\/2023\/06\/logos.svg","width":385,"height":50,"caption":"JLD-Lagu\u00eb"},"image":{"@id":"https:\/\/jldlague.com\/en\/#\/schema\/logo\/image\/"},"sameAs":["https:\/\/www.facebook.com\/jldlague","https:\/\/www.linkedin.com\/company\/the-jld-group-john-deere-dealer","https:\/\/www.instagram.com\/jldlague\/","https:\/\/www.youtube.com\/channel\/UCRpOpeDrLm9lIf6jXO7cJZw"]}]}},"_links":{"self":[{"href":"https:\/\/jldlague.com\/en\/wp-json\/wp\/v2\/product\/414886","targetHints":{"allow":["GET"]}}],"collection":[{"href":"https:\/\/jldlague.com\/en\/wp-json\/wp\/v2\/product"}],"about":[{"href":"https:\/\/jldlague.com\/en\/wp-json\/wp\/v2\/types\/product"}],"wp:attachment":[{"href":"https:\/\/jldlague.com\/en\/wp-json\/wp\/v2\/media?parent=414886"}],"wp:term":[{"taxonomy":"product_brand","embeddable":true,"href":"https:\/\/jldlague.com\/en\/wp-json\/wp\/v2\/product_brand?post=414886"},{"taxonomy":"product_cat","embeddable":true,"href":"https:\/\/jldlague.com\/en\/wp-json\/wp\/v2\/product_cat?post=414886"},{"taxonomy":"product_tag","embeddable":true,"href":"https:\/\/jldlague.com\/en\/wp-json\/wp\/v2\/product_tag?post=414886"},{"taxonomy":"brand","embeddable":true,"href":"https:\/\/jldlague.com\/en\/wp-json\/wp\/v2\/brand?post=414886"},{"taxonomy":"industry","embeddable":true,"href":"https:\/\/jldlague.com\/en\/wp-json\/wp\/v2\/industry?post=414886"}],"curies":[{"name":"wp","href":"https:\/\/api.w.org\/{rel}","templated":true}]}}