{"id":418869,"date":"2025-10-02T08:17:19","date_gmt":"2025-10-02T12:17:19","guid":{"rendered":""},"modified":"2026-04-02T09:37:38","modified_gmt":"2026-04-02T13:37:38","slug":"commercial-1000","status":"publish","type":"product","link":"https:\/\/jldlague.com\/en\/product\/small-equipment\/all-small-equipment\/commercial-1000\/","title":{"rendered":"Commercial 1000 CFM Leaf Blower"},"content":{"rendered":"<p>&#8211; n\/a &#8211;<\/p>\n","protected":false},"excerpt":{"rendered":"<p>&#8211; n\/a &#8211;<\/p>\n","protected":false},"featured_media":428824,"template":"","meta":{"_acf_changed":false},"product_brand":[],"product_cat":[1275,163,1274],"product_tag":[],"brand":[1130],"industry":[],"class_list":{"0":"post-418869","1":"product","2":"type-product","3":"status-publish","4":"has-post-thumbnail","6":"product_cat-all-small-equipment","7":"product_cat-small-equipment","8":"product_cat-tous-les-petits-equipements","9":"brand-ego","11":"first","12":"instock","13":"taxable","14":"shipping-taxable","15":"purchasable","16":"product-type-simple"},"acf":{"year":"","hours":"","model":"","kilometers":"","overrideShowForms":false,"keepProductStatusWhenImporting":false},"yoast_head":"<!-- This site is optimized with the Yoast SEO plugin v27.2 - https:\/\/yoast.com\/product\/yoast-seo-wordpress\/ -->\n<title>Commercial 1000 CFM Leaf Blower<\/title>\n<meta name=\"description\" content=\"D\u00e9couvrez le produit Commercial 1000 All our small equipment, Small equipment, Tous les petits \u00e9quipements (LBX1000) de EGO disponible chez JLD-Lagu\u00eb\" \/>\n<meta name=\"robots\" content=\"index, follow, max-snippet:-1, max-image-preview:large, max-video-preview:-1\" \/>\n<link rel=\"canonical\" href=\"https:\/\/jldlague.com\/en\/product\/small-equipment\/all-small-equipment\/commercial-1000\/\" \/>\n<meta property=\"og:locale\" content=\"en_US\" \/>\n<meta property=\"og:type\" content=\"article\" \/>\n<meta property=\"og:title\" content=\"Commercial 1000 - EGO - JLD-Lagu\u00eb LBX1000\" \/>\n<meta property=\"og:description\" content=\"D\u00e9couvrez le produit Commercial 1000 All our small equipment, Small equipment, Tous les petits \u00e9quipements (LBX1000) de EGO disponible chez JLD-Lagu\u00eb\" \/>\n<meta property=\"og:url\" content=\"https:\/\/jldlague.com\/en\/product\/small-equipment\/all-small-equipment\/commercial-1000\/\" \/>\n<meta property=\"og:site_name\" content=\"JLD-Lagu\u00eb\" \/>\n<meta property=\"article:publisher\" content=\"https:\/\/www.facebook.com\/jldlague\" \/>\n<meta property=\"article:modified_time\" content=\"2026-04-02T13:37:38+00:00\" \/>\n<meta property=\"og:image\" content=\"https:\/\/jldlague.com\/wp-content\/uploads\/2025\/10\/LBX1000_EGO_COMMERCIAL_1000CFM_LEAF-BLOWER_3Q_BARE_24-0223_MAIN_1000_640x_crop_center.webp\" \/>\n\t<meta property=\"og:image:width\" content=\"640\" \/>\n\t<meta property=\"og:image:height\" content=\"640\" \/>\n\t<meta property=\"og:image:type\" content=\"image\/webp\" \/>\n<meta name=\"twitter:card\" content=\"summary_large_image\" \/>\n<meta name=\"twitter:label1\" content=\"Est. reading time\" \/>\n\t<meta name=\"twitter:data1\" content=\"1 minute\" \/>\n<script type=\"application\/ld+json\" class=\"yoast-schema-graph\">{\"@context\":\"https:\/\/schema.org\",\"@graph\":[{\"@type\":\"WebPage\",\"@id\":\"https:\/\/jldlague.com\/en\/product\/small-equipment\/all-small-equipment\/commercial-1000\/\",\"url\":\"https:\/\/jldlague.com\/en\/product\/small-equipment\/all-small-equipment\/commercial-1000\/\",\"name\":\"Commercial 1000 - EGO - JLD-Lagu\u00eb LBX1000\",\"isPartOf\":{\"@id\":\"https:\/\/jldlague.com\/en\/#website\"},\"primaryImageOfPage\":{\"@id\":\"https:\/\/jldlague.com\/en\/product\/small-equipment\/all-small-equipment\/commercial-1000\/#primaryimage\"},\"image\":{\"@id\":\"https:\/\/jldlague.com\/en\/product\/small-equipment\/all-small-equipment\/commercial-1000\/#primaryimage\"},\"thumbnailUrl\":\"https:\/\/jldlague.com\/wp-content\/uploads\/2025\/10\/LBX1000_EGO_COMMERCIAL_1000CFM_LEAF-BLOWER_3Q_BARE_24-0223_MAIN_1000_640x_crop_center.webp\",\"datePublished\":\"2025-10-02T12:17:19+00:00\",\"dateModified\":\"2026-04-02T13:37:38+00:00\",\"description\":\"D\u00e9couvrez le produit Commercial 1000 All our small equipment, Small equipment, Tous les petits \u00e9quipements (LBX1000) de EGO disponible chez JLD-Lagu\u00eb\",\"breadcrumb\":{\"@id\":\"https:\/\/jldlague.com\/en\/product\/small-equipment\/all-small-equipment\/commercial-1000\/#breadcrumb\"},\"inLanguage\":\"en-US\",\"potentialAction\":[{\"@type\":\"ReadAction\",\"target\":[\"https:\/\/jldlague.com\/en\/product\/small-equipment\/all-small-equipment\/commercial-1000\/\"]}]},{\"@type\":\"ImageObject\",\"inLanguage\":\"en-US\",\"@id\":\"https:\/\/jldlague.com\/en\/product\/small-equipment\/all-small-equipment\/commercial-1000\/#primaryimage\",\"url\":\"https:\/\/jldlague.com\/wp-content\/uploads\/2025\/10\/LBX1000_EGO_COMMERCIAL_1000CFM_LEAF-BLOWER_3Q_BARE_24-0223_MAIN_1000_640x_crop_center.webp\",\"contentUrl\":\"https:\/\/jldlague.com\/wp-content\/uploads\/2025\/10\/LBX1000_EGO_COMMERCIAL_1000CFM_LEAF-BLOWER_3Q_BARE_24-0223_MAIN_1000_640x_crop_center.webp\",\"width\":640,\"height\":640},{\"@type\":\"BreadcrumbList\",\"@id\":\"https:\/\/jldlague.com\/en\/product\/small-equipment\/all-small-equipment\/commercial-1000\/#breadcrumb\",\"itemListElement\":[{\"@type\":\"ListItem\",\"position\":1,\"name\":\"Home\",\"item\":\"https:\/\/jldlague.com\/en\/\"},{\"@type\":\"ListItem\",\"position\":2,\"name\":\"Small equipment\",\"item\":\"https:\/\/jldlague.com\/en\/product-category\/small-equipment\/\"},{\"@type\":\"ListItem\",\"position\":3,\"name\":\"All our small equipment\",\"item\":\"https:\/\/jldlague.com\/en\/product-category\/small-equipment\/all-small-equipment\/\"},{\"@type\":\"ListItem\",\"position\":4,\"name\":\"Commercial 1000 CFM Leaf Blower\"}]},{\"@type\":\"WebSite\",\"@id\":\"https:\/\/jldlague.com\/en\/#website\",\"url\":\"https:\/\/jldlague.com\/en\/\",\"name\":\"JLD-Lagu\u00eb\",\"description\":\"\",\"publisher\":{\"@id\":\"https:\/\/jldlague.com\/en\/#organization\"},\"alternateName\":\"JLD\",\"potentialAction\":[{\"@type\":\"SearchAction\",\"target\":{\"@type\":\"EntryPoint\",\"urlTemplate\":\"https:\/\/jldlague.com\/en\/?s={search_term_string}\"},\"query-input\":{\"@type\":\"PropertyValueSpecification\",\"valueRequired\":true,\"valueName\":\"search_term_string\"}}],\"inLanguage\":\"en-US\"},{\"@type\":\"Organization\",\"@id\":\"https:\/\/jldlague.com\/en\/#organization\",\"name\":\"JLD-Lagu\u00eb\",\"url\":\"https:\/\/jldlague.com\/en\/\",\"logo\":{\"@type\":\"ImageObject\",\"inLanguage\":\"en-US\",\"@id\":\"https:\/\/jldlague.com\/en\/#\/schema\/logo\/image\/\",\"url\":\"https:\/\/jldlague.com\/wp-content\/uploads\/2023\/06\/logos.svg\",\"contentUrl\":\"https:\/\/jldlague.com\/wp-content\/uploads\/2023\/06\/logos.svg\",\"width\":385,\"height\":50,\"caption\":\"JLD-Lagu\u00eb\"},\"image\":{\"@id\":\"https:\/\/jldlague.com\/en\/#\/schema\/logo\/image\/\"},\"sameAs\":[\"https:\/\/www.facebook.com\/jldlague\",\"https:\/\/www.linkedin.com\/company\/the-jld-group-john-deere-dealer\",\"https:\/\/www.instagram.com\/jldlague\/\",\"https:\/\/www.youtube.com\/channel\/UCRpOpeDrLm9lIf6jXO7cJZw\"]}]}<\/script>\n<!-- \/ Yoast SEO plugin. -->","yoast_head_json":{"title":"Commercial 1000 CFM Leaf Blower","description":"D\u00e9couvrez le produit Commercial 1000 All our small equipment, Small equipment, Tous les petits \u00e9quipements (LBX1000) de EGO disponible chez JLD-Lagu\u00eb","robots":{"index":"index","follow":"follow","max-snippet":"max-snippet:-1","max-image-preview":"max-image-preview:large","max-video-preview":"max-video-preview:-1"},"canonical":"https:\/\/jldlague.com\/en\/product\/small-equipment\/all-small-equipment\/commercial-1000\/","og_locale":"en_US","og_type":"article","og_title":"Commercial 1000 - EGO - JLD-Lagu\u00eb LBX1000","og_description":"D\u00e9couvrez le produit Commercial 1000 All our small equipment, Small equipment, Tous les petits \u00e9quipements (LBX1000) de EGO disponible chez JLD-Lagu\u00eb","og_url":"https:\/\/jldlague.com\/en\/product\/small-equipment\/all-small-equipment\/commercial-1000\/","og_site_name":"JLD-Lagu\u00eb","article_publisher":"https:\/\/www.facebook.com\/jldlague","article_modified_time":"2026-04-02T13:37:38+00:00","og_image":[{"width":640,"height":640,"url":"https:\/\/jldlague.com\/wp-content\/uploads\/2025\/10\/LBX1000_EGO_COMMERCIAL_1000CFM_LEAF-BLOWER_3Q_BARE_24-0223_MAIN_1000_640x_crop_center.webp","type":"image\/webp"}],"twitter_card":"summary_large_image","twitter_misc":{"Est. reading time":"1 minute"},"schema":{"@context":"https:\/\/schema.org","@graph":[{"@type":"WebPage","@id":"https:\/\/jldlague.com\/en\/product\/small-equipment\/all-small-equipment\/commercial-1000\/","url":"https:\/\/jldlague.com\/en\/product\/small-equipment\/all-small-equipment\/commercial-1000\/","name":"Commercial 1000 - EGO - JLD-Lagu\u00eb LBX1000","isPartOf":{"@id":"https:\/\/jldlague.com\/en\/#website"},"primaryImageOfPage":{"@id":"https:\/\/jldlague.com\/en\/product\/small-equipment\/all-small-equipment\/commercial-1000\/#primaryimage"},"image":{"@id":"https:\/\/jldlague.com\/en\/product\/small-equipment\/all-small-equipment\/commercial-1000\/#primaryimage"},"thumbnailUrl":"https:\/\/jldlague.com\/wp-content\/uploads\/2025\/10\/LBX1000_EGO_COMMERCIAL_1000CFM_LEAF-BLOWER_3Q_BARE_24-0223_MAIN_1000_640x_crop_center.webp","datePublished":"2025-10-02T12:17:19+00:00","dateModified":"2026-04-02T13:37:38+00:00","description":"D\u00e9couvrez le produit Commercial 1000 All our small equipment, Small equipment, Tous les petits \u00e9quipements (LBX1000) de EGO disponible chez JLD-Lagu\u00eb","breadcrumb":{"@id":"https:\/\/jldlague.com\/en\/product\/small-equipment\/all-small-equipment\/commercial-1000\/#breadcrumb"},"inLanguage":"en-US","potentialAction":[{"@type":"ReadAction","target":["https:\/\/jldlague.com\/en\/product\/small-equipment\/all-small-equipment\/commercial-1000\/"]}]},{"@type":"ImageObject","inLanguage":"en-US","@id":"https:\/\/jldlague.com\/en\/product\/small-equipment\/all-small-equipment\/commercial-1000\/#primaryimage","url":"https:\/\/jldlague.com\/wp-content\/uploads\/2025\/10\/LBX1000_EGO_COMMERCIAL_1000CFM_LEAF-BLOWER_3Q_BARE_24-0223_MAIN_1000_640x_crop_center.webp","contentUrl":"https:\/\/jldlague.com\/wp-content\/uploads\/2025\/10\/LBX1000_EGO_COMMERCIAL_1000CFM_LEAF-BLOWER_3Q_BARE_24-0223_MAIN_1000_640x_crop_center.webp","width":640,"height":640},{"@type":"BreadcrumbList","@id":"https:\/\/jldlague.com\/en\/product\/small-equipment\/all-small-equipment\/commercial-1000\/#breadcrumb","itemListElement":[{"@type":"ListItem","position":1,"name":"Home","item":"https:\/\/jldlague.com\/en\/"},{"@type":"ListItem","position":2,"name":"Small equipment","item":"https:\/\/jldlague.com\/en\/product-category\/small-equipment\/"},{"@type":"ListItem","position":3,"name":"All our small equipment","item":"https:\/\/jldlague.com\/en\/product-category\/small-equipment\/all-small-equipment\/"},{"@type":"ListItem","position":4,"name":"Commercial 1000 CFM Leaf Blower"}]},{"@type":"WebSite","@id":"https:\/\/jldlague.com\/en\/#website","url":"https:\/\/jldlague.com\/en\/","name":"JLD-Lagu\u00eb","description":"","publisher":{"@id":"https:\/\/jldlague.com\/en\/#organization"},"alternateName":"JLD","potentialAction":[{"@type":"SearchAction","target":{"@type":"EntryPoint","urlTemplate":"https:\/\/jldlague.com\/en\/?s={search_term_string}"},"query-input":{"@type":"PropertyValueSpecification","valueRequired":true,"valueName":"search_term_string"}}],"inLanguage":"en-US"},{"@type":"Organization","@id":"https:\/\/jldlague.com\/en\/#organization","name":"JLD-Lagu\u00eb","url":"https:\/\/jldlague.com\/en\/","logo":{"@type":"ImageObject","inLanguage":"en-US","@id":"https:\/\/jldlague.com\/en\/#\/schema\/logo\/image\/","url":"https:\/\/jldlague.com\/wp-content\/uploads\/2023\/06\/logos.svg","contentUrl":"https:\/\/jldlague.com\/wp-content\/uploads\/2023\/06\/logos.svg","width":385,"height":50,"caption":"JLD-Lagu\u00eb"},"image":{"@id":"https:\/\/jldlague.com\/en\/#\/schema\/logo\/image\/"},"sameAs":["https:\/\/www.facebook.com\/jldlague","https:\/\/www.linkedin.com\/company\/the-jld-group-john-deere-dealer","https:\/\/www.instagram.com\/jldlague\/","https:\/\/www.youtube.com\/channel\/UCRpOpeDrLm9lIf6jXO7cJZw"]}]}},"_links":{"self":[{"href":"https:\/\/jldlague.com\/en\/wp-json\/wp\/v2\/product\/418869","targetHints":{"allow":["GET"]}}],"collection":[{"href":"https:\/\/jldlague.com\/en\/wp-json\/wp\/v2\/product"}],"about":[{"href":"https:\/\/jldlague.com\/en\/wp-json\/wp\/v2\/types\/product"}],"wp:featuredmedia":[{"embeddable":true,"href":"https:\/\/jldlague.com\/en\/wp-json\/wp\/v2\/media\/428824"}],"wp:attachment":[{"href":"https:\/\/jldlague.com\/en\/wp-json\/wp\/v2\/media?parent=418869"}],"wp:term":[{"taxonomy":"product_brand","embeddable":true,"href":"https:\/\/jldlague.com\/en\/wp-json\/wp\/v2\/product_brand?post=418869"},{"taxonomy":"product_cat","embeddable":true,"href":"https:\/\/jldlague.com\/en\/wp-json\/wp\/v2\/product_cat?post=418869"},{"taxonomy":"product_tag","embeddable":true,"href":"https:\/\/jldlague.com\/en\/wp-json\/wp\/v2\/product_tag?post=418869"},{"taxonomy":"brand","embeddable":true,"href":"https:\/\/jldlague.com\/en\/wp-json\/wp\/v2\/brand?post=418869"},{"taxonomy":"industry","embeddable":true,"href":"https:\/\/jldlague.com\/en\/wp-json\/wp\/v2\/industry?post=418869"}],"curies":[{"name":"wp","href":"https:\/\/api.w.org\/{rel}","templated":true}]}}