{"id":428627,"date":"2025-12-11T08:00:22","date_gmt":"2025-12-11T13:00:22","guid":{"rendered":""},"modified":"2026-03-20T08:02:44","modified_gmt":"2026-03-20T12:02:44","slug":"mini-excavatrice-mini-excavator-10","status":"publish","type":"product","link":"https:\/\/jldlague.com\/en\/product\/used-equipment\/construction-light-industrial\/compact-excavators-used\/mini-excavatrice-mini-excavator-10\/","title":{"rendered":"MINI-EXCAVATRICE \/ MINI-EXCAVATOR"},"content":{"rendered":"<p>JD 50P, CAB W\/ A\/C, RUBBER TRACK 90% GOOD,  JOYSTICK, MECHANICAL BUCKET QUICK TACH,  HYDRAULIC THUMB, AUX. HYDRAULIC OUTLET,  GRYB 48&#8221; BUCKET,  WARRANTY 2000HRS \/ APRIL 19 2027 JD, <\/p>\n","protected":false},"excerpt":{"rendered":"<p>JD 50P, CAB W\/ A\/C, RUBBER TRACK 90% GOOD, JOYSTICK, MECHANICAL BUCKET QUICK TACH, HYDRAULIC THUMB, AUX. HYDRAULIC OUTLET, GRYB 48&#8221; BUCKET, WARRANTY 2000HRS \/ APRIL 19 2027 JD,<\/p>\n","protected":false},"featured_media":436765,"template":"","meta":{"_acf_changed":false},"product_brand":[],"product_cat":[550,93,150,30,505,37],"product_tag":[],"brand":[75],"industry":[],"class_list":{"0":"post-428627","1":"product","2":"type-product","3":"status-publish","4":"has-post-thumbnail","6":"product_cat-compact-excavators-used","7":"product_cat-construction-industriel-leger-usages","8":"product_cat-construction-light-industrial","9":"product_cat-equipements-usages","10":"product_cat-mini-pelles-usages","11":"product_cat-used-equipment","12":"brand-john-deere","14":"first","15":"instock","16":"taxable","17":"shipping-taxable","18":"product-type-simple"},"acf":{"year":2024,"hours":476,"model":"50P","kilometers":"","overrideShowForms":false,"keepProductStatusWhenImporting":false},"yoast_head":"<!-- This site is optimized with the Yoast SEO plugin v27.2 - https:\/\/yoast.com\/product\/yoast-seo-wordpress\/ -->\n<title>MINI-EXCAVATRICE \/ MINI-EXCAVATOR - John Deere - JLD-Lagu\u00eb 392613A1<\/title>\n<meta name=\"description\" content=\"D\u00e9couvrez le produit MINI-EXCAVATRICE \/ MINI-EXCAVATORCompact Excavators, Construction \/ Industriel l\u00e9ger, Construction \/ Light Industrial, \u00c9quipements usag\u00e9s, Mini-pelle, Used equipment (392613A1) de John Deeredisponible chez JLD-Lagu\u00eb\" \/>\n<meta name=\"robots\" content=\"index, follow, max-snippet:-1, max-image-preview:large, max-video-preview:-1\" \/>\n<link rel=\"canonical\" href=\"https:\/\/jldlague.com\/en\/product\/used-equipment\/construction-light-industrial\/compact-excavators-used\/mini-excavatrice-mini-excavator-10\/\" \/>\n<meta property=\"og:locale\" content=\"en_US\" \/>\n<meta property=\"og:type\" content=\"article\" \/>\n<meta property=\"og:title\" content=\"MINI-EXCAVATRICE \/ MINI-EXCAVATOR - John Deere - JLD-Lagu\u00eb 392613A1\" \/>\n<meta property=\"og:description\" content=\"D\u00e9couvrez le produit MINI-EXCAVATRICE \/ MINI-EXCAVATORCompact Excavators, Construction \/ Industriel l\u00e9ger, Construction \/ Light Industrial, \u00c9quipements usag\u00e9s, Mini-pelle, Used equipment (392613A1) de John Deeredisponible chez JLD-Lagu\u00eb\" \/>\n<meta property=\"og:url\" content=\"https:\/\/jldlague.com\/en\/product\/used-equipment\/construction-light-industrial\/compact-excavators-used\/mini-excavatrice-mini-excavator-10\/\" \/>\n<meta property=\"og:site_name\" content=\"JLD-Lagu\u00eb\" \/>\n<meta property=\"article:publisher\" content=\"https:\/\/www.facebook.com\/jldlague\" \/>\n<meta property=\"article:modified_time\" content=\"2026-03-20T12:02:44+00:00\" \/>\n<meta property=\"og:image\" content=\"https:\/\/jldlague.com\/wp-content\/uploads\/2025\/12\/IMG_2853-scaled.jpeg\" \/>\n\t<meta property=\"og:image:width\" content=\"2560\" \/>\n\t<meta property=\"og:image:height\" content=\"1920\" \/>\n\t<meta property=\"og:image:type\" content=\"image\/jpeg\" \/>\n<meta name=\"twitter:card\" content=\"summary_large_image\" \/>\n<script type=\"application\/ld+json\" class=\"yoast-schema-graph\">{\"@context\":\"https:\/\/schema.org\",\"@graph\":[{\"@type\":\"WebPage\",\"@id\":\"https:\/\/jldlague.com\/en\/product\/used-equipment\/construction-light-industrial\/compact-excavators-used\/mini-excavatrice-mini-excavator-10\/\",\"url\":\"https:\/\/jldlague.com\/en\/product\/used-equipment\/construction-light-industrial\/compact-excavators-used\/mini-excavatrice-mini-excavator-10\/\",\"name\":\"MINI-EXCAVATRICE \/ MINI-EXCAVATOR - John Deere - JLD-Lagu\u00eb 392613A1\",\"isPartOf\":{\"@id\":\"https:\/\/jldlague.com\/en\/#website\"},\"primaryImageOfPage\":{\"@id\":\"https:\/\/jldlague.com\/en\/product\/used-equipment\/construction-light-industrial\/compact-excavators-used\/mini-excavatrice-mini-excavator-10\/#primaryimage\"},\"image\":{\"@id\":\"https:\/\/jldlague.com\/en\/product\/used-equipment\/construction-light-industrial\/compact-excavators-used\/mini-excavatrice-mini-excavator-10\/#primaryimage\"},\"thumbnailUrl\":\"https:\/\/jldlague.com\/wp-content\/uploads\/2025\/12\/IMG_2853-scaled.jpeg\",\"datePublished\":\"2025-12-11T13:00:22+00:00\",\"dateModified\":\"2026-03-20T12:02:44+00:00\",\"description\":\"D\u00e9couvrez le produit MINI-EXCAVATRICE \/ MINI-EXCAVATORCompact Excavators, Construction \/ Industriel l\u00e9ger, Construction \/ Light Industrial, \u00c9quipements usag\u00e9s, Mini-pelle, Used equipment (392613A1) de John Deeredisponible chez JLD-Lagu\u00eb\",\"breadcrumb\":{\"@id\":\"https:\/\/jldlague.com\/en\/product\/used-equipment\/construction-light-industrial\/compact-excavators-used\/mini-excavatrice-mini-excavator-10\/#breadcrumb\"},\"inLanguage\":\"en-US\",\"potentialAction\":[{\"@type\":\"ReadAction\",\"target\":[\"https:\/\/jldlague.com\/en\/product\/used-equipment\/construction-light-industrial\/compact-excavators-used\/mini-excavatrice-mini-excavator-10\/\"]}]},{\"@type\":\"ImageObject\",\"inLanguage\":\"en-US\",\"@id\":\"https:\/\/jldlague.com\/en\/product\/used-equipment\/construction-light-industrial\/compact-excavators-used\/mini-excavatrice-mini-excavator-10\/#primaryimage\",\"url\":\"https:\/\/jldlague.com\/wp-content\/uploads\/2025\/12\/IMG_2853-scaled.jpeg\",\"contentUrl\":\"https:\/\/jldlague.com\/wp-content\/uploads\/2025\/12\/IMG_2853-scaled.jpeg\",\"width\":2560,\"height\":1920},{\"@type\":\"BreadcrumbList\",\"@id\":\"https:\/\/jldlague.com\/en\/product\/used-equipment\/construction-light-industrial\/compact-excavators-used\/mini-excavatrice-mini-excavator-10\/#breadcrumb\",\"itemListElement\":[{\"@type\":\"ListItem\",\"position\":1,\"name\":\"Home\",\"item\":\"https:\/\/jldlague.com\/en\/\"},{\"@type\":\"ListItem\",\"position\":2,\"name\":\"Used equipment\",\"item\":\"https:\/\/jldlague.com\/en\/product-category\/used-equipment\/\"},{\"@type\":\"ListItem\",\"position\":3,\"name\":\"Construction \/ Light Industrial\",\"item\":\"https:\/\/jldlague.com\/en\/product-category\/used-equipment\/construction-light-industrial\/\"},{\"@type\":\"ListItem\",\"position\":4,\"name\":\"Compact Excavators\",\"item\":\"https:\/\/jldlague.com\/en\/product-category\/used-equipment\/construction-light-industrial\/compact-excavators-used\/\"},{\"@type\":\"ListItem\",\"position\":5,\"name\":\"MINI-EXCAVATRICE \/ MINI-EXCAVATOR\"}]},{\"@type\":\"WebSite\",\"@id\":\"https:\/\/jldlague.com\/en\/#website\",\"url\":\"https:\/\/jldlague.com\/en\/\",\"name\":\"JLD-Lagu\u00eb\",\"description\":\"\",\"publisher\":{\"@id\":\"https:\/\/jldlague.com\/en\/#organization\"},\"alternateName\":\"JLD\",\"potentialAction\":[{\"@type\":\"SearchAction\",\"target\":{\"@type\":\"EntryPoint\",\"urlTemplate\":\"https:\/\/jldlague.com\/en\/?s={search_term_string}\"},\"query-input\":{\"@type\":\"PropertyValueSpecification\",\"valueRequired\":true,\"valueName\":\"search_term_string\"}}],\"inLanguage\":\"en-US\"},{\"@type\":\"Organization\",\"@id\":\"https:\/\/jldlague.com\/en\/#organization\",\"name\":\"JLD-Lagu\u00eb\",\"url\":\"https:\/\/jldlague.com\/en\/\",\"logo\":{\"@type\":\"ImageObject\",\"inLanguage\":\"en-US\",\"@id\":\"https:\/\/jldlague.com\/en\/#\/schema\/logo\/image\/\",\"url\":\"https:\/\/jldlague.com\/wp-content\/uploads\/2023\/06\/logos.svg\",\"contentUrl\":\"https:\/\/jldlague.com\/wp-content\/uploads\/2023\/06\/logos.svg\",\"width\":385,\"height\":50,\"caption\":\"JLD-Lagu\u00eb\"},\"image\":{\"@id\":\"https:\/\/jldlague.com\/en\/#\/schema\/logo\/image\/\"},\"sameAs\":[\"https:\/\/www.facebook.com\/jldlague\",\"https:\/\/www.linkedin.com\/company\/the-jld-group-john-deere-dealer\",\"https:\/\/www.instagram.com\/jldlague\/\",\"https:\/\/www.youtube.com\/channel\/UCRpOpeDrLm9lIf6jXO7cJZw\"]}]}<\/script>\n<!-- \/ Yoast SEO plugin. -->","yoast_head_json":{"title":"MINI-EXCAVATRICE \/ MINI-EXCAVATOR - John Deere - JLD-Lagu\u00eb 392613A1","description":"D\u00e9couvrez le produit MINI-EXCAVATRICE \/ MINI-EXCAVATORCompact Excavators, Construction \/ Industriel l\u00e9ger, Construction \/ Light Industrial, \u00c9quipements usag\u00e9s, Mini-pelle, Used equipment (392613A1) de John Deeredisponible chez JLD-Lagu\u00eb","robots":{"index":"index","follow":"follow","max-snippet":"max-snippet:-1","max-image-preview":"max-image-preview:large","max-video-preview":"max-video-preview:-1"},"canonical":"https:\/\/jldlague.com\/en\/product\/used-equipment\/construction-light-industrial\/compact-excavators-used\/mini-excavatrice-mini-excavator-10\/","og_locale":"en_US","og_type":"article","og_title":"MINI-EXCAVATRICE \/ MINI-EXCAVATOR - John Deere - JLD-Lagu\u00eb 392613A1","og_description":"D\u00e9couvrez le produit MINI-EXCAVATRICE \/ MINI-EXCAVATORCompact Excavators, Construction \/ Industriel l\u00e9ger, Construction \/ Light Industrial, \u00c9quipements usag\u00e9s, Mini-pelle, Used equipment (392613A1) de John Deeredisponible chez JLD-Lagu\u00eb","og_url":"https:\/\/jldlague.com\/en\/product\/used-equipment\/construction-light-industrial\/compact-excavators-used\/mini-excavatrice-mini-excavator-10\/","og_site_name":"JLD-Lagu\u00eb","article_publisher":"https:\/\/www.facebook.com\/jldlague","article_modified_time":"2026-03-20T12:02:44+00:00","og_image":[{"width":2560,"height":1920,"url":"https:\/\/jldlague.com\/wp-content\/uploads\/2025\/12\/IMG_2853-scaled.jpeg","type":"image\/jpeg"}],"twitter_card":"summary_large_image","schema":{"@context":"https:\/\/schema.org","@graph":[{"@type":"WebPage","@id":"https:\/\/jldlague.com\/en\/product\/used-equipment\/construction-light-industrial\/compact-excavators-used\/mini-excavatrice-mini-excavator-10\/","url":"https:\/\/jldlague.com\/en\/product\/used-equipment\/construction-light-industrial\/compact-excavators-used\/mini-excavatrice-mini-excavator-10\/","name":"MINI-EXCAVATRICE \/ MINI-EXCAVATOR - John Deere - JLD-Lagu\u00eb 392613A1","isPartOf":{"@id":"https:\/\/jldlague.com\/en\/#website"},"primaryImageOfPage":{"@id":"https:\/\/jldlague.com\/en\/product\/used-equipment\/construction-light-industrial\/compact-excavators-used\/mini-excavatrice-mini-excavator-10\/#primaryimage"},"image":{"@id":"https:\/\/jldlague.com\/en\/product\/used-equipment\/construction-light-industrial\/compact-excavators-used\/mini-excavatrice-mini-excavator-10\/#primaryimage"},"thumbnailUrl":"https:\/\/jldlague.com\/wp-content\/uploads\/2025\/12\/IMG_2853-scaled.jpeg","datePublished":"2025-12-11T13:00:22+00:00","dateModified":"2026-03-20T12:02:44+00:00","description":"D\u00e9couvrez le produit MINI-EXCAVATRICE \/ MINI-EXCAVATORCompact Excavators, Construction \/ Industriel l\u00e9ger, Construction \/ Light Industrial, \u00c9quipements usag\u00e9s, Mini-pelle, Used equipment (392613A1) de John Deeredisponible chez JLD-Lagu\u00eb","breadcrumb":{"@id":"https:\/\/jldlague.com\/en\/product\/used-equipment\/construction-light-industrial\/compact-excavators-used\/mini-excavatrice-mini-excavator-10\/#breadcrumb"},"inLanguage":"en-US","potentialAction":[{"@type":"ReadAction","target":["https:\/\/jldlague.com\/en\/product\/used-equipment\/construction-light-industrial\/compact-excavators-used\/mini-excavatrice-mini-excavator-10\/"]}]},{"@type":"ImageObject","inLanguage":"en-US","@id":"https:\/\/jldlague.com\/en\/product\/used-equipment\/construction-light-industrial\/compact-excavators-used\/mini-excavatrice-mini-excavator-10\/#primaryimage","url":"https:\/\/jldlague.com\/wp-content\/uploads\/2025\/12\/IMG_2853-scaled.jpeg","contentUrl":"https:\/\/jldlague.com\/wp-content\/uploads\/2025\/12\/IMG_2853-scaled.jpeg","width":2560,"height":1920},{"@type":"BreadcrumbList","@id":"https:\/\/jldlague.com\/en\/product\/used-equipment\/construction-light-industrial\/compact-excavators-used\/mini-excavatrice-mini-excavator-10\/#breadcrumb","itemListElement":[{"@type":"ListItem","position":1,"name":"Home","item":"https:\/\/jldlague.com\/en\/"},{"@type":"ListItem","position":2,"name":"Used equipment","item":"https:\/\/jldlague.com\/en\/product-category\/used-equipment\/"},{"@type":"ListItem","position":3,"name":"Construction \/ Light Industrial","item":"https:\/\/jldlague.com\/en\/product-category\/used-equipment\/construction-light-industrial\/"},{"@type":"ListItem","position":4,"name":"Compact Excavators","item":"https:\/\/jldlague.com\/en\/product-category\/used-equipment\/construction-light-industrial\/compact-excavators-used\/"},{"@type":"ListItem","position":5,"name":"MINI-EXCAVATRICE \/ MINI-EXCAVATOR"}]},{"@type":"WebSite","@id":"https:\/\/jldlague.com\/en\/#website","url":"https:\/\/jldlague.com\/en\/","name":"JLD-Lagu\u00eb","description":"","publisher":{"@id":"https:\/\/jldlague.com\/en\/#organization"},"alternateName":"JLD","potentialAction":[{"@type":"SearchAction","target":{"@type":"EntryPoint","urlTemplate":"https:\/\/jldlague.com\/en\/?s={search_term_string}"},"query-input":{"@type":"PropertyValueSpecification","valueRequired":true,"valueName":"search_term_string"}}],"inLanguage":"en-US"},{"@type":"Organization","@id":"https:\/\/jldlague.com\/en\/#organization","name":"JLD-Lagu\u00eb","url":"https:\/\/jldlague.com\/en\/","logo":{"@type":"ImageObject","inLanguage":"en-US","@id":"https:\/\/jldlague.com\/en\/#\/schema\/logo\/image\/","url":"https:\/\/jldlague.com\/wp-content\/uploads\/2023\/06\/logos.svg","contentUrl":"https:\/\/jldlague.com\/wp-content\/uploads\/2023\/06\/logos.svg","width":385,"height":50,"caption":"JLD-Lagu\u00eb"},"image":{"@id":"https:\/\/jldlague.com\/en\/#\/schema\/logo\/image\/"},"sameAs":["https:\/\/www.facebook.com\/jldlague","https:\/\/www.linkedin.com\/company\/the-jld-group-john-deere-dealer","https:\/\/www.instagram.com\/jldlague\/","https:\/\/www.youtube.com\/channel\/UCRpOpeDrLm9lIf6jXO7cJZw"]}]}},"_links":{"self":[{"href":"https:\/\/jldlague.com\/en\/wp-json\/wp\/v2\/product\/428627","targetHints":{"allow":["GET"]}}],"collection":[{"href":"https:\/\/jldlague.com\/en\/wp-json\/wp\/v2\/product"}],"about":[{"href":"https:\/\/jldlague.com\/en\/wp-json\/wp\/v2\/types\/product"}],"wp:featuredmedia":[{"embeddable":true,"href":"https:\/\/jldlague.com\/en\/wp-json\/wp\/v2\/media\/436765"}],"wp:attachment":[{"href":"https:\/\/jldlague.com\/en\/wp-json\/wp\/v2\/media?parent=428627"}],"wp:term":[{"taxonomy":"product_brand","embeddable":true,"href":"https:\/\/jldlague.com\/en\/wp-json\/wp\/v2\/product_brand?post=428627"},{"taxonomy":"product_cat","embeddable":true,"href":"https:\/\/jldlague.com\/en\/wp-json\/wp\/v2\/product_cat?post=428627"},{"taxonomy":"product_tag","embeddable":true,"href":"https:\/\/jldlague.com\/en\/wp-json\/wp\/v2\/product_tag?post=428627"},{"taxonomy":"brand","embeddable":true,"href":"https:\/\/jldlague.com\/en\/wp-json\/wp\/v2\/brand?post=428627"},{"taxonomy":"industry","embeddable":true,"href":"https:\/\/jldlague.com\/en\/wp-json\/wp\/v2\/industry?post=428627"}],"curies":[{"name":"wp","href":"https:\/\/api.w.org\/{rel}","templated":true}]}}