{"id":430635,"date":"2026-01-01T08:00:14","date_gmt":"2026-01-01T13:00:14","guid":{"rendered":""},"modified":"2026-01-22T08:01:30","modified_gmt":"2026-01-22T13:01:30","slug":"lame-snowblade-7-12-3","status":"publish","type":"product","link":"https:\/\/jldlague.com\/en\/product\/used-equipment\/snow-removal-equipment2\/snowblades-used\/lame-snowblade-7-12-3\/","title":{"rendered":"LAME \/ SNOWBLADE 7-12"},"content":{"rendered":"<p>PROFUSION 7-12 X36 EXT., ANGLE KIT,  SUB FRAME INCLUDE FOR JD 5090R,  FIX WINGS, STEEL CUTTING EDGE, <\/p>\n","protected":false},"excerpt":{"rendered":"<p>PROFUSION 7-12 X36 EXT., ANGLE KIT, SUB FRAME INCLUDE FOR JD 5090R, FIX WINGS, STEEL CUTTING EDGE,<\/p>\n","protected":false},"featured_media":432122,"template":"","meta":{"_acf_changed":false},"product_brand":[],"product_cat":[98,30,525,155,582,37],"product_tag":[],"brand":[394],"industry":[],"class_list":{"0":"post-430635","1":"product","2":"type-product","3":"status-publish","4":"has-post-thumbnail","6":"product_cat-equipement-de-deneigement-usages","7":"product_cat-equipements-usages","8":"product_cat-lames-neige-usages","9":"product_cat-snow-removal-equipment2","10":"product_cat-snowblades-used","11":"product_cat-used-equipment","12":"brand-profusion","14":"first","15":"instock","16":"taxable","17":"shipping-taxable","18":"product-type-simple"},"acf":{"year":2020,"hours":0,"model":"7-12","kilometers":"","overrideShowForms":false,"keepProductStatusWhenImporting":false},"yoast_head":"<!-- This site is optimized with the Yoast SEO plugin v27.2 - https:\/\/yoast.com\/product\/yoast-seo-wordpress\/ -->\n<title>LAME \/ SNOWBLADE 7-12 - Profusion - JLD-Lagu\u00eb 397572<\/title>\n<meta name=\"description\" content=\"D\u00e9couvrez le produit LAME \/ SNOWBLADE 7-12\u00c9quipement de d\u00e9neigement, \u00c9quipements usag\u00e9s, Lames, Snow removal equipment, Snowblades, Used equipment (397572) de Profusiondisponible chez JLD-Lagu\u00eb\" \/>\n<meta name=\"robots\" content=\"index, follow, max-snippet:-1, max-image-preview:large, max-video-preview:-1\" \/>\n<link rel=\"canonical\" href=\"https:\/\/jldlague.com\/en\/product\/used-equipment\/snow-removal-equipment2\/snowblades-used\/lame-snowblade-7-12-3\/\" \/>\n<meta property=\"og:locale\" content=\"en_US\" \/>\n<meta property=\"og:type\" content=\"article\" \/>\n<meta property=\"og:title\" content=\"LAME \/ SNOWBLADE 7-12 - Profusion - JLD-Lagu\u00eb 397572\" \/>\n<meta property=\"og:description\" content=\"D\u00e9couvrez le produit LAME \/ SNOWBLADE 7-12\u00c9quipement de d\u00e9neigement, \u00c9quipements usag\u00e9s, Lames, Snow removal equipment, Snowblades, Used equipment (397572) de Profusiondisponible chez JLD-Lagu\u00eb\" \/>\n<meta property=\"og:url\" content=\"https:\/\/jldlague.com\/en\/product\/used-equipment\/snow-removal-equipment2\/snowblades-used\/lame-snowblade-7-12-3\/\" \/>\n<meta property=\"og:site_name\" content=\"JLD-Lagu\u00eb\" \/>\n<meta property=\"article:publisher\" content=\"https:\/\/www.facebook.com\/jldlague\" \/>\n<meta property=\"article:modified_time\" content=\"2026-01-22T13:01:30+00:00\" \/>\n<meta property=\"og:image\" content=\"https:\/\/jldlague.com\/wp-content\/uploads\/2023\/08\/JLD_Image_partage.png\" \/>\n\t<meta property=\"og:image:width\" content=\"1200\" \/>\n\t<meta property=\"og:image:height\" content=\"675\" \/>\n\t<meta property=\"og:image:type\" content=\"image\/png\" \/>\n<meta name=\"twitter:card\" content=\"summary_large_image\" \/>\n<script type=\"application\/ld+json\" class=\"yoast-schema-graph\">{\"@context\":\"https:\/\/schema.org\",\"@graph\":[{\"@type\":\"WebPage\",\"@id\":\"https:\/\/jldlague.com\/en\/product\/used-equipment\/snow-removal-equipment2\/snowblades-used\/lame-snowblade-7-12-3\/\",\"url\":\"https:\/\/jldlague.com\/en\/product\/used-equipment\/snow-removal-equipment2\/snowblades-used\/lame-snowblade-7-12-3\/\",\"name\":\"LAME \/ SNOWBLADE 7-12 - Profusion - JLD-Lagu\u00eb 397572\",\"isPartOf\":{\"@id\":\"https:\/\/jldlague.com\/en\/#website\"},\"primaryImageOfPage\":{\"@id\":\"https:\/\/jldlague.com\/en\/product\/used-equipment\/snow-removal-equipment2\/snowblades-used\/lame-snowblade-7-12-3\/#primaryimage\"},\"image\":{\"@id\":\"https:\/\/jldlague.com\/en\/product\/used-equipment\/snow-removal-equipment2\/snowblades-used\/lame-snowblade-7-12-3\/#primaryimage\"},\"thumbnailUrl\":\"https:\/\/jldlague.com\/wp-content\/uploads\/2026\/01\/20260115_164148819_iOS-scaled.jpg\",\"datePublished\":\"2026-01-01T13:00:14+00:00\",\"dateModified\":\"2026-01-22T13:01:30+00:00\",\"description\":\"D\u00e9couvrez le produit LAME \/ SNOWBLADE 7-12\u00c9quipement de d\u00e9neigement, \u00c9quipements usag\u00e9s, Lames, Snow removal equipment, Snowblades, Used equipment (397572) de Profusiondisponible chez JLD-Lagu\u00eb\",\"breadcrumb\":{\"@id\":\"https:\/\/jldlague.com\/en\/product\/used-equipment\/snow-removal-equipment2\/snowblades-used\/lame-snowblade-7-12-3\/#breadcrumb\"},\"inLanguage\":\"en-US\",\"potentialAction\":[{\"@type\":\"ReadAction\",\"target\":[\"https:\/\/jldlague.com\/en\/product\/used-equipment\/snow-removal-equipment2\/snowblades-used\/lame-snowblade-7-12-3\/\"]}]},{\"@type\":\"ImageObject\",\"inLanguage\":\"en-US\",\"@id\":\"https:\/\/jldlague.com\/en\/product\/used-equipment\/snow-removal-equipment2\/snowblades-used\/lame-snowblade-7-12-3\/#primaryimage\",\"url\":\"https:\/\/jldlague.com\/wp-content\/uploads\/2026\/01\/20260115_164148819_iOS-scaled.jpg\",\"contentUrl\":\"https:\/\/jldlague.com\/wp-content\/uploads\/2026\/01\/20260115_164148819_iOS-scaled.jpg\",\"width\":2560,\"height\":1920},{\"@type\":\"BreadcrumbList\",\"@id\":\"https:\/\/jldlague.com\/en\/product\/used-equipment\/snow-removal-equipment2\/snowblades-used\/lame-snowblade-7-12-3\/#breadcrumb\",\"itemListElement\":[{\"@type\":\"ListItem\",\"position\":1,\"name\":\"Home\",\"item\":\"https:\/\/jldlague.com\/en\/\"},{\"@type\":\"ListItem\",\"position\":2,\"name\":\"Used equipment\",\"item\":\"https:\/\/jldlague.com\/en\/product-category\/used-equipment\/\"},{\"@type\":\"ListItem\",\"position\":3,\"name\":\"Snow removal equipment\",\"item\":\"https:\/\/jldlague.com\/en\/product-category\/used-equipment\/snow-removal-equipment2\/\"},{\"@type\":\"ListItem\",\"position\":4,\"name\":\"Snowblades\",\"item\":\"https:\/\/jldlague.com\/en\/product-category\/used-equipment\/snow-removal-equipment2\/snowblades-used\/\"},{\"@type\":\"ListItem\",\"position\":5,\"name\":\"PF 7-12 LAMES \/ SNOWBLADES\"}]},{\"@type\":\"WebSite\",\"@id\":\"https:\/\/jldlague.com\/en\/#website\",\"url\":\"https:\/\/jldlague.com\/en\/\",\"name\":\"JLD-Lagu\u00eb\",\"description\":\"\",\"publisher\":{\"@id\":\"https:\/\/jldlague.com\/en\/#organization\"},\"alternateName\":\"JLD\",\"potentialAction\":[{\"@type\":\"SearchAction\",\"target\":{\"@type\":\"EntryPoint\",\"urlTemplate\":\"https:\/\/jldlague.com\/en\/?s={search_term_string}\"},\"query-input\":{\"@type\":\"PropertyValueSpecification\",\"valueRequired\":true,\"valueName\":\"search_term_string\"}}],\"inLanguage\":\"en-US\"},{\"@type\":\"Organization\",\"@id\":\"https:\/\/jldlague.com\/en\/#organization\",\"name\":\"JLD-Lagu\u00eb\",\"url\":\"https:\/\/jldlague.com\/en\/\",\"logo\":{\"@type\":\"ImageObject\",\"inLanguage\":\"en-US\",\"@id\":\"https:\/\/jldlague.com\/en\/#\/schema\/logo\/image\/\",\"url\":\"https:\/\/jldlague.com\/wp-content\/uploads\/2023\/06\/logos.svg\",\"contentUrl\":\"https:\/\/jldlague.com\/wp-content\/uploads\/2023\/06\/logos.svg\",\"width\":385,\"height\":50,\"caption\":\"JLD-Lagu\u00eb\"},\"image\":{\"@id\":\"https:\/\/jldlague.com\/en\/#\/schema\/logo\/image\/\"},\"sameAs\":[\"https:\/\/www.facebook.com\/jldlague\",\"https:\/\/www.linkedin.com\/company\/the-jld-group-john-deere-dealer\",\"https:\/\/www.instagram.com\/jldlague\/\",\"https:\/\/www.youtube.com\/channel\/UCRpOpeDrLm9lIf6jXO7cJZw\"]}]}<\/script>\n<!-- \/ Yoast SEO plugin. -->","yoast_head_json":{"title":"LAME \/ SNOWBLADE 7-12 - Profusion - JLD-Lagu\u00eb 397572","description":"D\u00e9couvrez le produit LAME \/ SNOWBLADE 7-12\u00c9quipement de d\u00e9neigement, \u00c9quipements usag\u00e9s, Lames, Snow removal equipment, Snowblades, Used equipment (397572) de Profusiondisponible chez JLD-Lagu\u00eb","robots":{"index":"index","follow":"follow","max-snippet":"max-snippet:-1","max-image-preview":"max-image-preview:large","max-video-preview":"max-video-preview:-1"},"canonical":"https:\/\/jldlague.com\/en\/product\/used-equipment\/snow-removal-equipment2\/snowblades-used\/lame-snowblade-7-12-3\/","og_locale":"en_US","og_type":"article","og_title":"LAME \/ SNOWBLADE 7-12 - Profusion - JLD-Lagu\u00eb 397572","og_description":"D\u00e9couvrez le produit LAME \/ SNOWBLADE 7-12\u00c9quipement de d\u00e9neigement, \u00c9quipements usag\u00e9s, Lames, Snow removal equipment, Snowblades, Used equipment (397572) de Profusiondisponible chez JLD-Lagu\u00eb","og_url":"https:\/\/jldlague.com\/en\/product\/used-equipment\/snow-removal-equipment2\/snowblades-used\/lame-snowblade-7-12-3\/","og_site_name":"JLD-Lagu\u00eb","article_publisher":"https:\/\/www.facebook.com\/jldlague","article_modified_time":"2026-01-22T13:01:30+00:00","og_image":[{"width":1200,"height":675,"url":"https:\/\/jldlague.com\/wp-content\/uploads\/2023\/08\/JLD_Image_partage.png","type":"image\/png"}],"twitter_card":"summary_large_image","schema":{"@context":"https:\/\/schema.org","@graph":[{"@type":"WebPage","@id":"https:\/\/jldlague.com\/en\/product\/used-equipment\/snow-removal-equipment2\/snowblades-used\/lame-snowblade-7-12-3\/","url":"https:\/\/jldlague.com\/en\/product\/used-equipment\/snow-removal-equipment2\/snowblades-used\/lame-snowblade-7-12-3\/","name":"LAME \/ SNOWBLADE 7-12 - Profusion - JLD-Lagu\u00eb 397572","isPartOf":{"@id":"https:\/\/jldlague.com\/en\/#website"},"primaryImageOfPage":{"@id":"https:\/\/jldlague.com\/en\/product\/used-equipment\/snow-removal-equipment2\/snowblades-used\/lame-snowblade-7-12-3\/#primaryimage"},"image":{"@id":"https:\/\/jldlague.com\/en\/product\/used-equipment\/snow-removal-equipment2\/snowblades-used\/lame-snowblade-7-12-3\/#primaryimage"},"thumbnailUrl":"https:\/\/jldlague.com\/wp-content\/uploads\/2026\/01\/20260115_164148819_iOS-scaled.jpg","datePublished":"2026-01-01T13:00:14+00:00","dateModified":"2026-01-22T13:01:30+00:00","description":"D\u00e9couvrez le produit LAME \/ SNOWBLADE 7-12\u00c9quipement de d\u00e9neigement, \u00c9quipements usag\u00e9s, Lames, Snow removal equipment, Snowblades, Used equipment (397572) de Profusiondisponible chez JLD-Lagu\u00eb","breadcrumb":{"@id":"https:\/\/jldlague.com\/en\/product\/used-equipment\/snow-removal-equipment2\/snowblades-used\/lame-snowblade-7-12-3\/#breadcrumb"},"inLanguage":"en-US","potentialAction":[{"@type":"ReadAction","target":["https:\/\/jldlague.com\/en\/product\/used-equipment\/snow-removal-equipment2\/snowblades-used\/lame-snowblade-7-12-3\/"]}]},{"@type":"ImageObject","inLanguage":"en-US","@id":"https:\/\/jldlague.com\/en\/product\/used-equipment\/snow-removal-equipment2\/snowblades-used\/lame-snowblade-7-12-3\/#primaryimage","url":"https:\/\/jldlague.com\/wp-content\/uploads\/2026\/01\/20260115_164148819_iOS-scaled.jpg","contentUrl":"https:\/\/jldlague.com\/wp-content\/uploads\/2026\/01\/20260115_164148819_iOS-scaled.jpg","width":2560,"height":1920},{"@type":"BreadcrumbList","@id":"https:\/\/jldlague.com\/en\/product\/used-equipment\/snow-removal-equipment2\/snowblades-used\/lame-snowblade-7-12-3\/#breadcrumb","itemListElement":[{"@type":"ListItem","position":1,"name":"Home","item":"https:\/\/jldlague.com\/en\/"},{"@type":"ListItem","position":2,"name":"Used equipment","item":"https:\/\/jldlague.com\/en\/product-category\/used-equipment\/"},{"@type":"ListItem","position":3,"name":"Snow removal equipment","item":"https:\/\/jldlague.com\/en\/product-category\/used-equipment\/snow-removal-equipment2\/"},{"@type":"ListItem","position":4,"name":"Snowblades","item":"https:\/\/jldlague.com\/en\/product-category\/used-equipment\/snow-removal-equipment2\/snowblades-used\/"},{"@type":"ListItem","position":5,"name":"PF 7-12 LAMES \/ SNOWBLADES"}]},{"@type":"WebSite","@id":"https:\/\/jldlague.com\/en\/#website","url":"https:\/\/jldlague.com\/en\/","name":"JLD-Lagu\u00eb","description":"","publisher":{"@id":"https:\/\/jldlague.com\/en\/#organization"},"alternateName":"JLD","potentialAction":[{"@type":"SearchAction","target":{"@type":"EntryPoint","urlTemplate":"https:\/\/jldlague.com\/en\/?s={search_term_string}"},"query-input":{"@type":"PropertyValueSpecification","valueRequired":true,"valueName":"search_term_string"}}],"inLanguage":"en-US"},{"@type":"Organization","@id":"https:\/\/jldlague.com\/en\/#organization","name":"JLD-Lagu\u00eb","url":"https:\/\/jldlague.com\/en\/","logo":{"@type":"ImageObject","inLanguage":"en-US","@id":"https:\/\/jldlague.com\/en\/#\/schema\/logo\/image\/","url":"https:\/\/jldlague.com\/wp-content\/uploads\/2023\/06\/logos.svg","contentUrl":"https:\/\/jldlague.com\/wp-content\/uploads\/2023\/06\/logos.svg","width":385,"height":50,"caption":"JLD-Lagu\u00eb"},"image":{"@id":"https:\/\/jldlague.com\/en\/#\/schema\/logo\/image\/"},"sameAs":["https:\/\/www.facebook.com\/jldlague","https:\/\/www.linkedin.com\/company\/the-jld-group-john-deere-dealer","https:\/\/www.instagram.com\/jldlague\/","https:\/\/www.youtube.com\/channel\/UCRpOpeDrLm9lIf6jXO7cJZw"]}]}},"_links":{"self":[{"href":"https:\/\/jldlague.com\/en\/wp-json\/wp\/v2\/product\/430635","targetHints":{"allow":["GET"]}}],"collection":[{"href":"https:\/\/jldlague.com\/en\/wp-json\/wp\/v2\/product"}],"about":[{"href":"https:\/\/jldlague.com\/en\/wp-json\/wp\/v2\/types\/product"}],"wp:featuredmedia":[{"embeddable":true,"href":"https:\/\/jldlague.com\/en\/wp-json\/wp\/v2\/media\/432122"}],"wp:attachment":[{"href":"https:\/\/jldlague.com\/en\/wp-json\/wp\/v2\/media?parent=430635"}],"wp:term":[{"taxonomy":"product_brand","embeddable":true,"href":"https:\/\/jldlague.com\/en\/wp-json\/wp\/v2\/product_brand?post=430635"},{"taxonomy":"product_cat","embeddable":true,"href":"https:\/\/jldlague.com\/en\/wp-json\/wp\/v2\/product_cat?post=430635"},{"taxonomy":"product_tag","embeddable":true,"href":"https:\/\/jldlague.com\/en\/wp-json\/wp\/v2\/product_tag?post=430635"},{"taxonomy":"brand","embeddable":true,"href":"https:\/\/jldlague.com\/en\/wp-json\/wp\/v2\/brand?post=430635"},{"taxonomy":"industry","embeddable":true,"href":"https:\/\/jldlague.com\/en\/wp-json\/wp\/v2\/industry?post=430635"}],"curies":[{"name":"wp","href":"https:\/\/api.w.org\/{rel}","templated":true}]}}