{"id":433484,"date":"2026-01-27T08:00:17","date_gmt":"2026-01-27T13:00:17","guid":{"rendered":""},"modified":"2026-04-25T08:01:26","modified_gmt":"2026-04-25T12:01:26","slug":"jd-s7-800-4x4-dual-chopper","status":"publish","type":"product","link":"https:\/\/jldlague.com\/en\/product\/used-equipment\/combine-and-accessories\/combines-used\/jd-s7-800-4x4-dual-chopper\/","title":{"rendered":"JD S7 800 4X4 DUAL CHOPPER"},"content":{"rendered":"<p>650\/85R38,R1W 75% GOOD, DUAL WHEELS,  750\/65R26,R1W 75% GOOD,  COUNTOURMASTER FEEDERHOUSE,  MULTI-SPEED 5 SPEEDS FEEDERHOUSE DRIVE,  OIL COOLER ON FEEDERHOUSE DRIVE,  SINGLE POINT FEEDERHOUSE QUICK TACH,  PRO-DRIVE TRANSMISSION, POWER FOLDABLE BIG TOP,  SIGNATURE EDITION &#038; ULTIMATE CAB,  ULTIMATE SUSPENSION PKG, ULTIMATE VISIBILITY PKG,  ULTIMATE TECHNOLOGY COMBINE ADVISOR,  POWERFOLD UNLOADING AUGER,  KONDEX SMALL GRAIN CONCAVE,  GENERAL PURPOSE SHOES W\/ SIDEHILL PKG, ,  PERFORED ELEVATOR BOOTS SHIELD,  473HP ENGINE, TRACK READY FRAME,  GREENSTAR READY, AUTOTRAC READY,  JD LINK ULTIMATE CAPABLE,  G5 PLUS PROCESSOR W\/ COLOR DISPLAY,  ACTIV YEILD MOISTURE &#038; YEILD MONITOR,  JD 7500 GPS RECEIVER, AIR COMPRESSOR,  WARRANTY : 1000HRS \/ FEB. 6 2028 JD, <\/p>\n","protected":false},"excerpt":{"rendered":"<p>650\/85R38,R1W 75% GOOD, DUAL WHEELS, 750\/65R26,R1W 75% GOOD, COUNTOURMASTER FEEDERHOUSE, MULTI-SPEED 5 SPEEDS FEEDERHOUSE DRIVE, OIL COOLER ON FEEDERHOUSE DRIVE, SINGLE POINT FEEDERHOUSE QUICK TACH, PRO-DRIVE TRANSMISSION, POWER FOLDABLE BIG TOP, SIGNATURE EDITION &#038; ULTIMATE CAB, ULTIMATE SUSPENSION PKG, ULTIMATE VISIBILITY PKG, ULTIMATE TECHNOLOGY COMBINE ADVISOR, POWERFOLD UNLOADING AUGER, KONDEX SMALL GRAIN CONCAVE, GENERAL PURPOSE &hellip; <a href=\"https:\/\/jldlague.com\/en\/product\/used-equipment\/combine-and-accessories\/combines-used\/jd-s7-800-4x4-dual-chopper\/\">Continued<\/a><\/p>\n","protected":false},"featured_media":0,"template":"","meta":{"_acf_changed":false},"product_brand":[],"product_cat":[90,544,147,30,485,37],"product_tag":[],"brand":[75],"industry":[],"class_list":{"0":"post-433484","1":"product","2":"type-product","3":"status-publish","5":"product_cat-batteuses-et-accessoires-usages","6":"product_cat-combines-used","7":"product_cat-combine-and-accessories","8":"product_cat-equipements-usages","9":"product_cat-moissonneuses-batteuses-usages","10":"product_cat-used-equipment","11":"brand-john-deere","13":"first","14":"instock","15":"taxable","16":"shipping-taxable","17":"product-type-simple"},"acf":{"year":2025,"hours":250,"model":"S7 800","kilometers":"","overrideShowForms":false,"keepProductStatusWhenImporting":false},"yoast_head":"<!-- This site is optimized with the Yoast SEO plugin v27.4 - https:\/\/yoast.com\/product\/yoast-seo-wordpress\/ -->\n<title>JD S7 800 4X4 DUAL CHOPPER - John Deere - JLD-Lagu\u00eb F392966A<\/title>\n<meta name=\"description\" content=\"D\u00e9couvrez le produit JD S7 800 4X4 DUAL CHOPPERBatteuses et accessoires, Combines, Combines and accessories, \u00c9quipements usag\u00e9s, Moissonneuses-batteuses, Used equipment (F392966A) de John Deeredisponible chez JLD-Lagu\u00eb\" \/>\n<meta name=\"robots\" content=\"index, follow, max-snippet:-1, max-image-preview:large, max-video-preview:-1\" \/>\n<link rel=\"canonical\" href=\"https:\/\/jldlague.com\/en\/product\/used-equipment\/combine-and-accessories\/combines-used\/jd-s7-800-4x4-dual-chopper\/\" \/>\n<meta property=\"og:locale\" content=\"en_US\" \/>\n<meta property=\"og:type\" content=\"article\" \/>\n<meta property=\"og:title\" content=\"JD S7 800 4X4 DUAL CHOPPER - John Deere - JLD-Lagu\u00eb F392966A\" \/>\n<meta property=\"og:description\" content=\"D\u00e9couvrez le produit JD S7 800 4X4 DUAL CHOPPERBatteuses et accessoires, Combines, Combines and accessories, \u00c9quipements usag\u00e9s, Moissonneuses-batteuses, Used equipment (F392966A) de John Deeredisponible chez JLD-Lagu\u00eb\" \/>\n<meta property=\"og:url\" content=\"https:\/\/jldlague.com\/en\/product\/used-equipment\/combine-and-accessories\/combines-used\/jd-s7-800-4x4-dual-chopper\/\" \/>\n<meta property=\"og:site_name\" content=\"JLD-Lagu\u00eb\" \/>\n<meta property=\"article:publisher\" content=\"https:\/\/www.facebook.com\/jldlague\" \/>\n<meta property=\"article:modified_time\" content=\"2026-04-25T12:01:26+00:00\" \/>\n<meta property=\"og:image\" content=\"https:\/\/jldlague.com\/wp-content\/uploads\/2023\/08\/JLD_Image_partage.png\" \/>\n\t<meta property=\"og:image:width\" content=\"1200\" \/>\n\t<meta property=\"og:image:height\" content=\"675\" \/>\n\t<meta property=\"og:image:type\" content=\"image\/png\" \/>\n<meta name=\"twitter:card\" content=\"summary_large_image\" \/>\n<script type=\"application\/ld+json\" class=\"yoast-schema-graph\">{\"@context\":\"https:\\\/\\\/schema.org\",\"@graph\":[{\"@type\":\"WebPage\",\"@id\":\"https:\\\/\\\/jldlague.com\\\/en\\\/product\\\/used-equipment\\\/combine-and-accessories\\\/combines-used\\\/jd-s7-800-4x4-dual-chopper\\\/\",\"url\":\"https:\\\/\\\/jldlague.com\\\/en\\\/product\\\/used-equipment\\\/combine-and-accessories\\\/combines-used\\\/jd-s7-800-4x4-dual-chopper\\\/\",\"name\":\"JD S7 800 4X4 DUAL CHOPPER - John Deere - JLD-Lagu\u00eb F392966A\",\"isPartOf\":{\"@id\":\"https:\\\/\\\/jldlague.com\\\/en\\\/#website\"},\"datePublished\":\"2026-01-27T13:00:17+00:00\",\"dateModified\":\"2026-04-25T12:01:26+00:00\",\"description\":\"D\u00e9couvrez le produit JD S7 800 4X4 DUAL CHOPPERBatteuses et accessoires, Combines, Combines and accessories, \u00c9quipements usag\u00e9s, Moissonneuses-batteuses, Used equipment (F392966A) de John Deeredisponible chez JLD-Lagu\u00eb\",\"breadcrumb\":{\"@id\":\"https:\\\/\\\/jldlague.com\\\/en\\\/product\\\/used-equipment\\\/combine-and-accessories\\\/combines-used\\\/jd-s7-800-4x4-dual-chopper\\\/#breadcrumb\"},\"inLanguage\":\"en-US\",\"potentialAction\":[{\"@type\":\"ReadAction\",\"target\":[\"https:\\\/\\\/jldlague.com\\\/en\\\/product\\\/used-equipment\\\/combine-and-accessories\\\/combines-used\\\/jd-s7-800-4x4-dual-chopper\\\/\"]}]},{\"@type\":\"BreadcrumbList\",\"@id\":\"https:\\\/\\\/jldlague.com\\\/en\\\/product\\\/used-equipment\\\/combine-and-accessories\\\/combines-used\\\/jd-s7-800-4x4-dual-chopper\\\/#breadcrumb\",\"itemListElement\":[{\"@type\":\"ListItem\",\"position\":1,\"name\":\"Home\",\"item\":\"https:\\\/\\\/jldlague.com\\\/en\\\/accueil\\\/\"},{\"@type\":\"ListItem\",\"position\":2,\"name\":\"Used equipment\",\"item\":\"https:\\\/\\\/jldlague.com\\\/en\\\/product-category\\\/used-equipment\\\/\"},{\"@type\":\"ListItem\",\"position\":3,\"name\":\"Combines and accessories\",\"item\":\"https:\\\/\\\/jldlague.com\\\/en\\\/product-category\\\/used-equipment\\\/combine-and-accessories\\\/\"},{\"@type\":\"ListItem\",\"position\":4,\"name\":\"Combines\",\"item\":\"https:\\\/\\\/jldlague.com\\\/en\\\/product-category\\\/used-equipment\\\/combine-and-accessories\\\/combines-used\\\/\"},{\"@type\":\"ListItem\",\"position\":5,\"name\":\"JD S7 800 4X4 DUAL CHOPPER\"}]},{\"@type\":\"WebSite\",\"@id\":\"https:\\\/\\\/jldlague.com\\\/en\\\/#website\",\"url\":\"https:\\\/\\\/jldlague.com\\\/en\\\/\",\"name\":\"JLD-Lagu\u00eb\",\"description\":\"\",\"publisher\":{\"@id\":\"https:\\\/\\\/jldlague.com\\\/en\\\/#organization\"},\"alternateName\":\"JLD\",\"potentialAction\":[{\"@type\":\"SearchAction\",\"target\":{\"@type\":\"EntryPoint\",\"urlTemplate\":\"https:\\\/\\\/jldlague.com\\\/en\\\/?s={search_term_string}\"},\"query-input\":{\"@type\":\"PropertyValueSpecification\",\"valueRequired\":true,\"valueName\":\"search_term_string\"}}],\"inLanguage\":\"en-US\"},{\"@type\":\"Organization\",\"@id\":\"https:\\\/\\\/jldlague.com\\\/en\\\/#organization\",\"name\":\"JLD-Lagu\u00eb\",\"url\":\"https:\\\/\\\/jldlague.com\\\/en\\\/\",\"logo\":{\"@type\":\"ImageObject\",\"inLanguage\":\"en-US\",\"@id\":\"https:\\\/\\\/jldlague.com\\\/en\\\/#\\\/schema\\\/logo\\\/image\\\/\",\"url\":\"https:\\\/\\\/jldlague.com\\\/wp-content\\\/uploads\\\/2023\\\/06\\\/logos.svg\",\"contentUrl\":\"https:\\\/\\\/jldlague.com\\\/wp-content\\\/uploads\\\/2023\\\/06\\\/logos.svg\",\"width\":385,\"height\":50,\"caption\":\"JLD-Lagu\u00eb\"},\"image\":{\"@id\":\"https:\\\/\\\/jldlague.com\\\/en\\\/#\\\/schema\\\/logo\\\/image\\\/\"},\"sameAs\":[\"https:\\\/\\\/www.facebook.com\\\/jldlague\",\"https:\\\/\\\/www.linkedin.com\\\/company\\\/the-jld-group-john-deere-dealer\",\"https:\\\/\\\/www.instagram.com\\\/jldlague\\\/\",\"https:\\\/\\\/www.youtube.com\\\/channel\\\/UCRpOpeDrLm9lIf6jXO7cJZw\"]}]}<\/script>\n<!-- \/ Yoast SEO plugin. -->","yoast_head_json":{"title":"JD S7 800 4X4 DUAL CHOPPER - John Deere - JLD-Lagu\u00eb F392966A","description":"D\u00e9couvrez le produit JD S7 800 4X4 DUAL CHOPPERBatteuses et accessoires, Combines, Combines and accessories, \u00c9quipements usag\u00e9s, Moissonneuses-batteuses, Used equipment (F392966A) de John Deeredisponible chez JLD-Lagu\u00eb","robots":{"index":"index","follow":"follow","max-snippet":"max-snippet:-1","max-image-preview":"max-image-preview:large","max-video-preview":"max-video-preview:-1"},"canonical":"https:\/\/jldlague.com\/en\/product\/used-equipment\/combine-and-accessories\/combines-used\/jd-s7-800-4x4-dual-chopper\/","og_locale":"en_US","og_type":"article","og_title":"JD S7 800 4X4 DUAL CHOPPER - John Deere - JLD-Lagu\u00eb F392966A","og_description":"D\u00e9couvrez le produit JD S7 800 4X4 DUAL CHOPPERBatteuses et accessoires, Combines, Combines and accessories, \u00c9quipements usag\u00e9s, Moissonneuses-batteuses, Used equipment (F392966A) de John Deeredisponible chez JLD-Lagu\u00eb","og_url":"https:\/\/jldlague.com\/en\/product\/used-equipment\/combine-and-accessories\/combines-used\/jd-s7-800-4x4-dual-chopper\/","og_site_name":"JLD-Lagu\u00eb","article_publisher":"https:\/\/www.facebook.com\/jldlague","article_modified_time":"2026-04-25T12:01:26+00:00","og_image":[{"width":1200,"height":675,"url":"https:\/\/jldlague.com\/wp-content\/uploads\/2023\/08\/JLD_Image_partage.png","type":"image\/png"}],"twitter_card":"summary_large_image","schema":{"@context":"https:\/\/schema.org","@graph":[{"@type":"WebPage","@id":"https:\/\/jldlague.com\/en\/product\/used-equipment\/combine-and-accessories\/combines-used\/jd-s7-800-4x4-dual-chopper\/","url":"https:\/\/jldlague.com\/en\/product\/used-equipment\/combine-and-accessories\/combines-used\/jd-s7-800-4x4-dual-chopper\/","name":"JD S7 800 4X4 DUAL CHOPPER - John Deere - JLD-Lagu\u00eb F392966A","isPartOf":{"@id":"https:\/\/jldlague.com\/en\/#website"},"datePublished":"2026-01-27T13:00:17+00:00","dateModified":"2026-04-25T12:01:26+00:00","description":"D\u00e9couvrez le produit JD S7 800 4X4 DUAL CHOPPERBatteuses et accessoires, Combines, Combines and accessories, \u00c9quipements usag\u00e9s, Moissonneuses-batteuses, Used equipment (F392966A) de John Deeredisponible chez JLD-Lagu\u00eb","breadcrumb":{"@id":"https:\/\/jldlague.com\/en\/product\/used-equipment\/combine-and-accessories\/combines-used\/jd-s7-800-4x4-dual-chopper\/#breadcrumb"},"inLanguage":"en-US","potentialAction":[{"@type":"ReadAction","target":["https:\/\/jldlague.com\/en\/product\/used-equipment\/combine-and-accessories\/combines-used\/jd-s7-800-4x4-dual-chopper\/"]}]},{"@type":"BreadcrumbList","@id":"https:\/\/jldlague.com\/en\/product\/used-equipment\/combine-and-accessories\/combines-used\/jd-s7-800-4x4-dual-chopper\/#breadcrumb","itemListElement":[{"@type":"ListItem","position":1,"name":"Home","item":"https:\/\/jldlague.com\/en\/accueil\/"},{"@type":"ListItem","position":2,"name":"Used equipment","item":"https:\/\/jldlague.com\/en\/product-category\/used-equipment\/"},{"@type":"ListItem","position":3,"name":"Combines and accessories","item":"https:\/\/jldlague.com\/en\/product-category\/used-equipment\/combine-and-accessories\/"},{"@type":"ListItem","position":4,"name":"Combines","item":"https:\/\/jldlague.com\/en\/product-category\/used-equipment\/combine-and-accessories\/combines-used\/"},{"@type":"ListItem","position":5,"name":"JD S7 800 4X4 DUAL CHOPPER"}]},{"@type":"WebSite","@id":"https:\/\/jldlague.com\/en\/#website","url":"https:\/\/jldlague.com\/en\/","name":"JLD-Lagu\u00eb","description":"","publisher":{"@id":"https:\/\/jldlague.com\/en\/#organization"},"alternateName":"JLD","potentialAction":[{"@type":"SearchAction","target":{"@type":"EntryPoint","urlTemplate":"https:\/\/jldlague.com\/en\/?s={search_term_string}"},"query-input":{"@type":"PropertyValueSpecification","valueRequired":true,"valueName":"search_term_string"}}],"inLanguage":"en-US"},{"@type":"Organization","@id":"https:\/\/jldlague.com\/en\/#organization","name":"JLD-Lagu\u00eb","url":"https:\/\/jldlague.com\/en\/","logo":{"@type":"ImageObject","inLanguage":"en-US","@id":"https:\/\/jldlague.com\/en\/#\/schema\/logo\/image\/","url":"https:\/\/jldlague.com\/wp-content\/uploads\/2023\/06\/logos.svg","contentUrl":"https:\/\/jldlague.com\/wp-content\/uploads\/2023\/06\/logos.svg","width":385,"height":50,"caption":"JLD-Lagu\u00eb"},"image":{"@id":"https:\/\/jldlague.com\/en\/#\/schema\/logo\/image\/"},"sameAs":["https:\/\/www.facebook.com\/jldlague","https:\/\/www.linkedin.com\/company\/the-jld-group-john-deere-dealer","https:\/\/www.instagram.com\/jldlague\/","https:\/\/www.youtube.com\/channel\/UCRpOpeDrLm9lIf6jXO7cJZw"]}]}},"_links":{"self":[{"href":"https:\/\/jldlague.com\/en\/wp-json\/wp\/v2\/product\/433484","targetHints":{"allow":["GET"]}}],"collection":[{"href":"https:\/\/jldlague.com\/en\/wp-json\/wp\/v2\/product"}],"about":[{"href":"https:\/\/jldlague.com\/en\/wp-json\/wp\/v2\/types\/product"}],"wp:attachment":[{"href":"https:\/\/jldlague.com\/en\/wp-json\/wp\/v2\/media?parent=433484"}],"wp:term":[{"taxonomy":"product_brand","embeddable":true,"href":"https:\/\/jldlague.com\/en\/wp-json\/wp\/v2\/product_brand?post=433484"},{"taxonomy":"product_cat","embeddable":true,"href":"https:\/\/jldlague.com\/en\/wp-json\/wp\/v2\/product_cat?post=433484"},{"taxonomy":"product_tag","embeddable":true,"href":"https:\/\/jldlague.com\/en\/wp-json\/wp\/v2\/product_tag?post=433484"},{"taxonomy":"brand","embeddable":true,"href":"https:\/\/jldlague.com\/en\/wp-json\/wp\/v2\/brand?post=433484"},{"taxonomy":"industry","embeddable":true,"href":"https:\/\/jldlague.com\/en\/wp-json\/wp\/v2\/industry?post=433484"}],"curies":[{"name":"wp","href":"https:\/\/api.w.org\/{rel}","templated":true}]}}