{"id":433743,"date":"2026-01-29T08:00:27","date_gmt":"2026-01-29T13:00:27","guid":{"rendered":""},"modified":"2026-04-29T08:02:10","modified_gmt":"2026-04-29T12:02:10","slug":"jd-7r-230-ivt-4x4-cab-50km-susp","status":"publish","type":"product","link":"https:\/\/jldlague.com\/en\/product\/used-equipment\/used-tractors\/used-100-hp-tractor\/jd-7r-230-ivt-4x4-cab-50km-susp\/","title":{"rendered":"JD 7R 230 IVT 4X4 CAB 50KM SUSP."},"content":{"rendered":"<p>ENGINE HP 230, PTO HP 189,  TRANS. IVT 50KM LHR, &#8221;COMMAND-PRO&#8221;,  480\/80R50 R1W 90% GOOD,  480\/80R50 R1W 90% GOOD, DUAL SUR ESSIEU,  480\/70R34 R1W 90% GOOD,  5 SCV, PTO 540\/1000,  EDITION SPECIAL &#038; ULTIMATE CONFOR CAB,  SUSPENDED CAB, ULTIMATE VISIBILITY LIGHTS PKG,  MULTI-CONTROLER SHIFTER STICK &#8221;COMMAND-PRO&#8221;,  FRONT FENDERS, REAR FENDERS EXT., REAR WIPER,  BEACON LIGHT, HELPER SEAT, MIRRORS, LEATHER SEAT,  EXTREMITY LIGHTS,  TLS FRONT AXLE SUSPENDED W\/ FRONT BRAKE,  3FTS ELECT. JOYTSTICK LESS MID-VALVE,  HYDRAULIC TRAILER BRAKE,  REAR 3PTH DRAFT LINK HOOK END , EUROPEEN TYPE,  FRONT BASE WEIGHT ,  IPM POWER MANAGEMENT,  G5 PLUS PROCESSOR, 12.8&#8221; COLOR DISPLAY,  JD LINK 4G CAPABLE, AUTOTRAC,  SECTION CONTROL, DOCUMENTATION,  ISOBUS TERMINAL, JD 7500 SF1 GPS RECEIVER,  WARRANTY 1500HRS \/ MARCH 19 2028 JD, <\/p>\n","protected":false},"excerpt":{"rendered":"<p>ENGINE HP 230, PTO HP 189, TRANS. IVT 50KM LHR, &#8221;COMMAND-PRO&#8221;, 480\/80R50 R1W 90% GOOD, 480\/80R50 R1W 90% GOOD, DUAL SUR ESSIEU, 480\/70R34 R1W 90% GOOD, 5 SCV, PTO 540\/1000, EDITION SPECIAL &#038; ULTIMATE CONFOR CAB, SUSPENDED CAB, ULTIMATE VISIBILITY LIGHTS PKG, MULTI-CONTROLER SHIFTER STICK &#8221;COMMAND-PRO&#8221;, FRONT FENDERS, REAR FENDERS EXT., REAR WIPER, BEACON LIGHT, &hellip; <a href=\"https:\/\/jldlague.com\/en\/product\/used-equipment\/used-tractors\/used-100-hp-tractor\/jd-7r-230-ivt-4x4-cab-50km-susp\/\">Continued<\/a><\/p>\n","protected":false},"featured_media":0,"template":"","meta":{"_acf_changed":false},"product_brand":[],"product_cat":[1210,30,926,89,146,37],"product_tag":[],"brand":[75],"industry":[],"class_list":{"0":"post-433743","1":"product","2":"type-product","3":"status-publish","5":"product_cat-used-100-hp-tractor","6":"product_cat-equipements-usages","7":"product_cat-tracteur-100-hp-usages","8":"product_cat-tracteurs-usages","9":"product_cat-used-tractors","10":"product_cat-used-equipment","11":"brand-john-deere","13":"first","14":"instock","15":"taxable","16":"shipping-taxable","17":"product-type-simple"},"acf":{"year":2025,"hours":521,"model":"7R 230","kilometers":"","overrideShowForms":false,"keepProductStatusWhenImporting":false},"yoast_head":"<!-- This site is optimized with the Yoast SEO plugin v27.4 - https:\/\/yoast.com\/product\/yoast-seo-wordpress\/ -->\n<title>JD 7R 230 IVT 4X4 CAB 50KM SUSP. - John Deere - JLD-Lagu\u00eb F393550A<\/title>\n<meta name=\"description\" content=\"D\u00e9couvrez le produit JD 7R 230 IVT 4X4 CAB 50KM SUSP.+100 HP Tractor, \u00c9quipements usag\u00e9s, Tracteur 100 HP +, Tracteurs, Tractors, Used equipment (F393550A) de John Deeredisponible chez JLD-Lagu\u00eb\" \/>\n<meta name=\"robots\" content=\"index, follow, max-snippet:-1, max-image-preview:large, max-video-preview:-1\" \/>\n<link rel=\"canonical\" href=\"https:\/\/jldlague.com\/en\/product\/used-equipment\/used-tractors\/used-100-hp-tractor\/jd-7r-230-ivt-4x4-cab-50km-susp\/\" \/>\n<meta property=\"og:locale\" content=\"en_US\" \/>\n<meta property=\"og:type\" content=\"article\" \/>\n<meta property=\"og:title\" content=\"JD 7R 230 IVT 4X4 CAB 50KM SUSP. - John Deere - JLD-Lagu\u00eb F393550A\" \/>\n<meta property=\"og:description\" content=\"D\u00e9couvrez le produit JD 7R 230 IVT 4X4 CAB 50KM SUSP.+100 HP Tractor, \u00c9quipements usag\u00e9s, Tracteur 100 HP +, Tracteurs, Tractors, Used equipment (F393550A) de John Deeredisponible chez JLD-Lagu\u00eb\" \/>\n<meta property=\"og:url\" content=\"https:\/\/jldlague.com\/en\/product\/used-equipment\/used-tractors\/used-100-hp-tractor\/jd-7r-230-ivt-4x4-cab-50km-susp\/\" \/>\n<meta property=\"og:site_name\" content=\"JLD-Lagu\u00eb\" \/>\n<meta property=\"article:publisher\" content=\"https:\/\/www.facebook.com\/jldlague\" \/>\n<meta property=\"article:modified_time\" content=\"2026-04-29T12:02:10+00:00\" \/>\n<meta property=\"og:image\" content=\"https:\/\/jldlague.com\/wp-content\/uploads\/2023\/08\/JLD_Image_partage.png\" \/>\n\t<meta property=\"og:image:width\" content=\"1200\" \/>\n\t<meta property=\"og:image:height\" content=\"675\" \/>\n\t<meta property=\"og:image:type\" content=\"image\/png\" \/>\n<meta name=\"twitter:card\" content=\"summary_large_image\" \/>\n<meta name=\"twitter:label1\" content=\"Est. reading time\" \/>\n\t<meta name=\"twitter:data1\" content=\"1 minute\" \/>\n<script type=\"application\/ld+json\" class=\"yoast-schema-graph\">{\"@context\":\"https:\\\/\\\/schema.org\",\"@graph\":[{\"@type\":\"WebPage\",\"@id\":\"https:\\\/\\\/jldlague.com\\\/en\\\/product\\\/used-equipment\\\/used-tractors\\\/used-100-hp-tractor\\\/jd-7r-230-ivt-4x4-cab-50km-susp\\\/\",\"url\":\"https:\\\/\\\/jldlague.com\\\/en\\\/product\\\/used-equipment\\\/used-tractors\\\/used-100-hp-tractor\\\/jd-7r-230-ivt-4x4-cab-50km-susp\\\/\",\"name\":\"JD 7R 230 IVT 4X4 CAB 50KM SUSP. - John Deere - JLD-Lagu\u00eb F393550A\",\"isPartOf\":{\"@id\":\"https:\\\/\\\/jldlague.com\\\/en\\\/#website\"},\"datePublished\":\"2026-01-29T13:00:27+00:00\",\"dateModified\":\"2026-04-29T12:02:10+00:00\",\"description\":\"D\u00e9couvrez le produit JD 7R 230 IVT 4X4 CAB 50KM SUSP.+100 HP Tractor, \u00c9quipements usag\u00e9s, Tracteur 100 HP +, Tracteurs, Tractors, Used equipment (F393550A) de John Deeredisponible chez JLD-Lagu\u00eb\",\"breadcrumb\":{\"@id\":\"https:\\\/\\\/jldlague.com\\\/en\\\/product\\\/used-equipment\\\/used-tractors\\\/used-100-hp-tractor\\\/jd-7r-230-ivt-4x4-cab-50km-susp\\\/#breadcrumb\"},\"inLanguage\":\"en-US\",\"potentialAction\":[{\"@type\":\"ReadAction\",\"target\":[\"https:\\\/\\\/jldlague.com\\\/en\\\/product\\\/used-equipment\\\/used-tractors\\\/used-100-hp-tractor\\\/jd-7r-230-ivt-4x4-cab-50km-susp\\\/\"]}]},{\"@type\":\"BreadcrumbList\",\"@id\":\"https:\\\/\\\/jldlague.com\\\/en\\\/product\\\/used-equipment\\\/used-tractors\\\/used-100-hp-tractor\\\/jd-7r-230-ivt-4x4-cab-50km-susp\\\/#breadcrumb\",\"itemListElement\":[{\"@type\":\"ListItem\",\"position\":1,\"name\":\"Home\",\"item\":\"https:\\\/\\\/jldlague.com\\\/en\\\/accueil\\\/\"},{\"@type\":\"ListItem\",\"position\":2,\"name\":\"Used equipment\",\"item\":\"https:\\\/\\\/jldlague.com\\\/en\\\/product-category\\\/used-equipment\\\/\"},{\"@type\":\"ListItem\",\"position\":3,\"name\":\"Tractors\",\"item\":\"https:\\\/\\\/jldlague.com\\\/en\\\/product-category\\\/used-equipment\\\/used-tractors\\\/\"},{\"@type\":\"ListItem\",\"position\":4,\"name\":\"+100 HP Tractor\",\"item\":\"https:\\\/\\\/jldlague.com\\\/en\\\/product-category\\\/used-equipment\\\/used-tractors\\\/used-100-hp-tractor\\\/\"},{\"@type\":\"ListItem\",\"position\":5,\"name\":\"7R 230 DUAL\"}]},{\"@type\":\"WebSite\",\"@id\":\"https:\\\/\\\/jldlague.com\\\/en\\\/#website\",\"url\":\"https:\\\/\\\/jldlague.com\\\/en\\\/\",\"name\":\"JLD-Lagu\u00eb\",\"description\":\"\",\"publisher\":{\"@id\":\"https:\\\/\\\/jldlague.com\\\/en\\\/#organization\"},\"alternateName\":\"JLD\",\"potentialAction\":[{\"@type\":\"SearchAction\",\"target\":{\"@type\":\"EntryPoint\",\"urlTemplate\":\"https:\\\/\\\/jldlague.com\\\/en\\\/?s={search_term_string}\"},\"query-input\":{\"@type\":\"PropertyValueSpecification\",\"valueRequired\":true,\"valueName\":\"search_term_string\"}}],\"inLanguage\":\"en-US\"},{\"@type\":\"Organization\",\"@id\":\"https:\\\/\\\/jldlague.com\\\/en\\\/#organization\",\"name\":\"JLD-Lagu\u00eb\",\"url\":\"https:\\\/\\\/jldlague.com\\\/en\\\/\",\"logo\":{\"@type\":\"ImageObject\",\"inLanguage\":\"en-US\",\"@id\":\"https:\\\/\\\/jldlague.com\\\/en\\\/#\\\/schema\\\/logo\\\/image\\\/\",\"url\":\"https:\\\/\\\/jldlague.com\\\/wp-content\\\/uploads\\\/2023\\\/06\\\/logos.svg\",\"contentUrl\":\"https:\\\/\\\/jldlague.com\\\/wp-content\\\/uploads\\\/2023\\\/06\\\/logos.svg\",\"width\":385,\"height\":50,\"caption\":\"JLD-Lagu\u00eb\"},\"image\":{\"@id\":\"https:\\\/\\\/jldlague.com\\\/en\\\/#\\\/schema\\\/logo\\\/image\\\/\"},\"sameAs\":[\"https:\\\/\\\/www.facebook.com\\\/jldlague\",\"https:\\\/\\\/www.linkedin.com\\\/company\\\/the-jld-group-john-deere-dealer\",\"https:\\\/\\\/www.instagram.com\\\/jldlague\\\/\",\"https:\\\/\\\/www.youtube.com\\\/channel\\\/UCRpOpeDrLm9lIf6jXO7cJZw\"]}]}<\/script>\n<!-- \/ Yoast SEO plugin. -->","yoast_head_json":{"title":"JD 7R 230 IVT 4X4 CAB 50KM SUSP. - John Deere - JLD-Lagu\u00eb F393550A","description":"D\u00e9couvrez le produit JD 7R 230 IVT 4X4 CAB 50KM SUSP.+100 HP Tractor, \u00c9quipements usag\u00e9s, Tracteur 100 HP +, Tracteurs, Tractors, Used equipment (F393550A) de John Deeredisponible chez JLD-Lagu\u00eb","robots":{"index":"index","follow":"follow","max-snippet":"max-snippet:-1","max-image-preview":"max-image-preview:large","max-video-preview":"max-video-preview:-1"},"canonical":"https:\/\/jldlague.com\/en\/product\/used-equipment\/used-tractors\/used-100-hp-tractor\/jd-7r-230-ivt-4x4-cab-50km-susp\/","og_locale":"en_US","og_type":"article","og_title":"JD 7R 230 IVT 4X4 CAB 50KM SUSP. - John Deere - JLD-Lagu\u00eb F393550A","og_description":"D\u00e9couvrez le produit JD 7R 230 IVT 4X4 CAB 50KM SUSP.+100 HP Tractor, \u00c9quipements usag\u00e9s, Tracteur 100 HP +, Tracteurs, Tractors, Used equipment (F393550A) de John Deeredisponible chez JLD-Lagu\u00eb","og_url":"https:\/\/jldlague.com\/en\/product\/used-equipment\/used-tractors\/used-100-hp-tractor\/jd-7r-230-ivt-4x4-cab-50km-susp\/","og_site_name":"JLD-Lagu\u00eb","article_publisher":"https:\/\/www.facebook.com\/jldlague","article_modified_time":"2026-04-29T12:02:10+00:00","og_image":[{"width":1200,"height":675,"url":"https:\/\/jldlague.com\/wp-content\/uploads\/2023\/08\/JLD_Image_partage.png","type":"image\/png"}],"twitter_card":"summary_large_image","twitter_misc":{"Est. reading time":"1 minute"},"schema":{"@context":"https:\/\/schema.org","@graph":[{"@type":"WebPage","@id":"https:\/\/jldlague.com\/en\/product\/used-equipment\/used-tractors\/used-100-hp-tractor\/jd-7r-230-ivt-4x4-cab-50km-susp\/","url":"https:\/\/jldlague.com\/en\/product\/used-equipment\/used-tractors\/used-100-hp-tractor\/jd-7r-230-ivt-4x4-cab-50km-susp\/","name":"JD 7R 230 IVT 4X4 CAB 50KM SUSP. - John Deere - JLD-Lagu\u00eb F393550A","isPartOf":{"@id":"https:\/\/jldlague.com\/en\/#website"},"datePublished":"2026-01-29T13:00:27+00:00","dateModified":"2026-04-29T12:02:10+00:00","description":"D\u00e9couvrez le produit JD 7R 230 IVT 4X4 CAB 50KM SUSP.+100 HP Tractor, \u00c9quipements usag\u00e9s, Tracteur 100 HP +, Tracteurs, Tractors, Used equipment (F393550A) de John Deeredisponible chez JLD-Lagu\u00eb","breadcrumb":{"@id":"https:\/\/jldlague.com\/en\/product\/used-equipment\/used-tractors\/used-100-hp-tractor\/jd-7r-230-ivt-4x4-cab-50km-susp\/#breadcrumb"},"inLanguage":"en-US","potentialAction":[{"@type":"ReadAction","target":["https:\/\/jldlague.com\/en\/product\/used-equipment\/used-tractors\/used-100-hp-tractor\/jd-7r-230-ivt-4x4-cab-50km-susp\/"]}]},{"@type":"BreadcrumbList","@id":"https:\/\/jldlague.com\/en\/product\/used-equipment\/used-tractors\/used-100-hp-tractor\/jd-7r-230-ivt-4x4-cab-50km-susp\/#breadcrumb","itemListElement":[{"@type":"ListItem","position":1,"name":"Home","item":"https:\/\/jldlague.com\/en\/accueil\/"},{"@type":"ListItem","position":2,"name":"Used equipment","item":"https:\/\/jldlague.com\/en\/product-category\/used-equipment\/"},{"@type":"ListItem","position":3,"name":"Tractors","item":"https:\/\/jldlague.com\/en\/product-category\/used-equipment\/used-tractors\/"},{"@type":"ListItem","position":4,"name":"+100 HP Tractor","item":"https:\/\/jldlague.com\/en\/product-category\/used-equipment\/used-tractors\/used-100-hp-tractor\/"},{"@type":"ListItem","position":5,"name":"7R 230 DUAL"}]},{"@type":"WebSite","@id":"https:\/\/jldlague.com\/en\/#website","url":"https:\/\/jldlague.com\/en\/","name":"JLD-Lagu\u00eb","description":"","publisher":{"@id":"https:\/\/jldlague.com\/en\/#organization"},"alternateName":"JLD","potentialAction":[{"@type":"SearchAction","target":{"@type":"EntryPoint","urlTemplate":"https:\/\/jldlague.com\/en\/?s={search_term_string}"},"query-input":{"@type":"PropertyValueSpecification","valueRequired":true,"valueName":"search_term_string"}}],"inLanguage":"en-US"},{"@type":"Organization","@id":"https:\/\/jldlague.com\/en\/#organization","name":"JLD-Lagu\u00eb","url":"https:\/\/jldlague.com\/en\/","logo":{"@type":"ImageObject","inLanguage":"en-US","@id":"https:\/\/jldlague.com\/en\/#\/schema\/logo\/image\/","url":"https:\/\/jldlague.com\/wp-content\/uploads\/2023\/06\/logos.svg","contentUrl":"https:\/\/jldlague.com\/wp-content\/uploads\/2023\/06\/logos.svg","width":385,"height":50,"caption":"JLD-Lagu\u00eb"},"image":{"@id":"https:\/\/jldlague.com\/en\/#\/schema\/logo\/image\/"},"sameAs":["https:\/\/www.facebook.com\/jldlague","https:\/\/www.linkedin.com\/company\/the-jld-group-john-deere-dealer","https:\/\/www.instagram.com\/jldlague\/","https:\/\/www.youtube.com\/channel\/UCRpOpeDrLm9lIf6jXO7cJZw"]}]}},"_links":{"self":[{"href":"https:\/\/jldlague.com\/en\/wp-json\/wp\/v2\/product\/433743","targetHints":{"allow":["GET"]}}],"collection":[{"href":"https:\/\/jldlague.com\/en\/wp-json\/wp\/v2\/product"}],"about":[{"href":"https:\/\/jldlague.com\/en\/wp-json\/wp\/v2\/types\/product"}],"wp:attachment":[{"href":"https:\/\/jldlague.com\/en\/wp-json\/wp\/v2\/media?parent=433743"}],"wp:term":[{"taxonomy":"product_brand","embeddable":true,"href":"https:\/\/jldlague.com\/en\/wp-json\/wp\/v2\/product_brand?post=433743"},{"taxonomy":"product_cat","embeddable":true,"href":"https:\/\/jldlague.com\/en\/wp-json\/wp\/v2\/product_cat?post=433743"},{"taxonomy":"product_tag","embeddable":true,"href":"https:\/\/jldlague.com\/en\/wp-json\/wp\/v2\/product_tag?post=433743"},{"taxonomy":"brand","embeddable":true,"href":"https:\/\/jldlague.com\/en\/wp-json\/wp\/v2\/brand?post=433743"},{"taxonomy":"industry","embeddable":true,"href":"https:\/\/jldlague.com\/en\/wp-json\/wp\/v2\/industry?post=433743"}],"curies":[{"name":"wp","href":"https:\/\/api.w.org\/{rel}","templated":true}]}}