{"id":433838,"date":"2026-01-30T08:00:22","date_gmt":"2026-01-30T13:00:22","guid":{"rendered":""},"modified":"2026-04-18T08:01:37","modified_gmt":"2026-04-18T12:01:37","slug":"fourragere-spfh-chopper-jd-9500-kit","status":"publish","type":"product","link":"https:\/\/jldlague.com\/en\/product\/used-equipment\/hay-equipment-and-accessories\/forage-harvesters-accessories-used\/fourragere-spfh-chopper-jd-9500-kit\/","title":{"rendered":"FOURRAGERE \/ SPFH CHOPPER JD 9500 + KIT"},"content":{"rendered":"<p>JD 9500, 4X4 , KP, 10 RWS ROTARY, 4.5M HAY PU.  IF900\/60R42,MITAS 90% GOOD,  750\/65 R26 , MITAS 90%  40KM PRO-DRIVE TRANSMISSION, 690HP ENGINE,  PREMIUM DURALINE INTERIOR PARTS WEAR,  PREMIUM KERNEL PROCESSOR ( KP),  KP ELECTRICAL ROLL GAP ADJUSTEMENT,  GRASS 40 KNIFES, IRON DETECTOR, STONE DETECTOR,  HEAVY DUTY LOWER FEED ROLL,  AGRESSIVE UPPER FEED ROLL,  HEAVY DUTY HEADER DRIVE,  AUTOMATIC PTO HEAD COUPLER,  DUAL HEADER DRIVE, ADVANCED HEADER CONTROL,  12 ROWS HIGH ARCH SPOUT W\/ EXTENSION,  SPOUT CAMERA, AOTOMATIC POUT REPOSITIONING,  ACTIVE FILL CONTROL,  PREMIUM LIGHT PKG, PREMIUM SERVICE LIGHTS PKG,  LATERAL &#038; REAR WIPER, LEATHER SEAT,  AIR COMPRESSOR, 840KG REAR WEIGHTS PLATES,  ADDITIV TANK W\/ DOSING SYSTEM,  G5 PLUS PROCESSOR, COLOR DISPLAY,  JD HARVESTLAB 3000 YEILD MONITOR,  JD CONSTITUENT SENSING,  &#8221;I&#8221; HIGH TECHNOLOGY PKG, JD LINK CAPABLE,  AUTOTRAC READY, JD 7500 SF1 GPS RECEIVER,  JD 46R. 4.5M, HAY PCK UP, DUAL HEADER DRIVE,  AUTOMATIC PTO COUPLER, HYD. FOLDABLE GAGE WHEELS,  SN \/ 1KM046RGJRR145227  JD 375PRO, 24.5FT, 10 ROWS, FOLDABLE,  SMALL DRUM, AUTOMATIC PTO COUPLER,  GUIDANCE SENSOR, SN\/ 1KMB375GCSS146023  WARRANTY 1500HRS \/ APRIL 9 2028 JD, <\/p>\n","protected":false},"excerpt":{"rendered":"<p>JD 9500, 4X4 , KP, 10 RWS ROTARY, 4.5M HAY PU. IF900\/60R42,MITAS 90% GOOD, 750\/65 R26 , MITAS 90% 40KM PRO-DRIVE TRANSMISSION, 690HP ENGINE, PREMIUM DURALINE INTERIOR PARTS WEAR, PREMIUM KERNEL PROCESSOR ( KP), KP ELECTRICAL ROLL GAP ADJUSTEMENT, GRASS 40 KNIFES, IRON DETECTOR, STONE DETECTOR, HEAVY DUTY LOWER FEED ROLL, AGRESSIVE UPPER FEED ROLL, &hellip; <a href=\"https:\/\/jldlague.com\/en\/product\/used-equipment\/hay-equipment-and-accessories\/forage-harvesters-accessories-used\/fourragere-spfh-chopper-jd-9500-kit\/\">Continued<\/a><\/p>\n","protected":false},"featured_media":0,"template":"","meta":{"_acf_changed":false},"product_brand":[],"product_cat":[30,586,491,148,37],"product_tag":[],"brand":[75],"industry":[],"class_list":{"0":"post-433838","1":"product","2":"type-product","3":"status-publish","5":"product_cat-equipements-usages","6":"product_cat-forage-harvesters-accessories-used","7":"product_cat-fourrageres-accessoires-usages","8":"product_cat-hay-equipment-and-accessories","9":"product_cat-used-equipment","10":"brand-john-deere","12":"first","13":"instock","14":"taxable","15":"shipping-taxable","16":"product-type-simple"},"acf":{"year":2025,"hours":148,"model":"9500","kilometers":"","overrideShowForms":false,"keepProductStatusWhenImporting":false},"yoast_head":"<!-- This site is optimized with the Yoast SEO plugin v27.4 - https:\/\/yoast.com\/product\/yoast-seo-wordpress\/ -->\n<title>FOURRAGERE \/ SPFH CHOPPER JD 9500 + KIT - John Deere - JLD-Lagu\u00eb F393693A<\/title>\n<meta name=\"description\" content=\"D\u00e9couvrez le produit FOURRAGERE \/ SPFH CHOPPER JD 9500 + KIT\u00c9quipements usag\u00e9s, Forage Harvesters &amp; Accessories, Fourrag\u00e8res et accessoires, Hay equipment and accessories, Used equipment (F393693A) de John Deeredisponible chez JLD-Lagu\u00eb\" \/>\n<meta name=\"robots\" content=\"index, follow, max-snippet:-1, max-image-preview:large, max-video-preview:-1\" \/>\n<link rel=\"canonical\" href=\"https:\/\/jldlague.com\/en\/product\/used-equipment\/hay-equipment-and-accessories\/forage-harvesters-accessories-used\/fourragere-spfh-chopper-jd-9500-kit\/\" \/>\n<meta property=\"og:locale\" content=\"en_US\" \/>\n<meta property=\"og:type\" content=\"article\" \/>\n<meta property=\"og:title\" content=\"FOURRAGERE \/ SPFH CHOPPER JD 9500 + KIT - John Deere - JLD-Lagu\u00eb F393693A\" \/>\n<meta property=\"og:description\" content=\"D\u00e9couvrez le produit FOURRAGERE \/ SPFH CHOPPER JD 9500 + KIT\u00c9quipements usag\u00e9s, Forage Harvesters &amp; Accessories, Fourrag\u00e8res et accessoires, Hay equipment and accessories, Used equipment (F393693A) de John Deeredisponible chez JLD-Lagu\u00eb\" \/>\n<meta property=\"og:url\" content=\"https:\/\/jldlague.com\/en\/product\/used-equipment\/hay-equipment-and-accessories\/forage-harvesters-accessories-used\/fourragere-spfh-chopper-jd-9500-kit\/\" \/>\n<meta property=\"og:site_name\" content=\"JLD-Lagu\u00eb\" \/>\n<meta property=\"article:publisher\" content=\"https:\/\/www.facebook.com\/jldlague\" \/>\n<meta property=\"article:modified_time\" content=\"2026-04-18T12:01:37+00:00\" \/>\n<meta property=\"og:image\" content=\"https:\/\/jldlague.com\/wp-content\/uploads\/2023\/08\/JLD_Image_partage.png\" \/>\n\t<meta property=\"og:image:width\" content=\"1200\" \/>\n\t<meta property=\"og:image:height\" content=\"675\" \/>\n\t<meta property=\"og:image:type\" content=\"image\/png\" \/>\n<meta name=\"twitter:card\" content=\"summary_large_image\" \/>\n<meta name=\"twitter:label1\" content=\"Est. reading time\" \/>\n\t<meta name=\"twitter:data1\" content=\"1 minute\" \/>\n<script type=\"application\/ld+json\" class=\"yoast-schema-graph\">{\"@context\":\"https:\\\/\\\/schema.org\",\"@graph\":[{\"@type\":\"WebPage\",\"@id\":\"https:\\\/\\\/jldlague.com\\\/en\\\/product\\\/used-equipment\\\/hay-equipment-and-accessories\\\/forage-harvesters-accessories-used\\\/fourragere-spfh-chopper-jd-9500-kit\\\/\",\"url\":\"https:\\\/\\\/jldlague.com\\\/en\\\/product\\\/used-equipment\\\/hay-equipment-and-accessories\\\/forage-harvesters-accessories-used\\\/fourragere-spfh-chopper-jd-9500-kit\\\/\",\"name\":\"FOURRAGERE \\\/ SPFH CHOPPER JD 9500 + KIT - John Deere - JLD-Lagu\u00eb F393693A\",\"isPartOf\":{\"@id\":\"https:\\\/\\\/jldlague.com\\\/en\\\/#website\"},\"datePublished\":\"2026-01-30T13:00:22+00:00\",\"dateModified\":\"2026-04-18T12:01:37+00:00\",\"description\":\"D\u00e9couvrez le produit FOURRAGERE \\\/ SPFH CHOPPER JD 9500 + KIT\u00c9quipements usag\u00e9s, Forage Harvesters &amp; Accessories, Fourrag\u00e8res et accessoires, Hay equipment and accessories, Used equipment (F393693A) de John Deeredisponible chez JLD-Lagu\u00eb\",\"breadcrumb\":{\"@id\":\"https:\\\/\\\/jldlague.com\\\/en\\\/product\\\/used-equipment\\\/hay-equipment-and-accessories\\\/forage-harvesters-accessories-used\\\/fourragere-spfh-chopper-jd-9500-kit\\\/#breadcrumb\"},\"inLanguage\":\"en-US\",\"potentialAction\":[{\"@type\":\"ReadAction\",\"target\":[\"https:\\\/\\\/jldlague.com\\\/en\\\/product\\\/used-equipment\\\/hay-equipment-and-accessories\\\/forage-harvesters-accessories-used\\\/fourragere-spfh-chopper-jd-9500-kit\\\/\"]}]},{\"@type\":\"BreadcrumbList\",\"@id\":\"https:\\\/\\\/jldlague.com\\\/en\\\/product\\\/used-equipment\\\/hay-equipment-and-accessories\\\/forage-harvesters-accessories-used\\\/fourragere-spfh-chopper-jd-9500-kit\\\/#breadcrumb\",\"itemListElement\":[{\"@type\":\"ListItem\",\"position\":1,\"name\":\"Home\",\"item\":\"https:\\\/\\\/jldlague.com\\\/en\\\/accueil\\\/\"},{\"@type\":\"ListItem\",\"position\":2,\"name\":\"Used equipment\",\"item\":\"https:\\\/\\\/jldlague.com\\\/en\\\/product-category\\\/used-equipment\\\/\"},{\"@type\":\"ListItem\",\"position\":3,\"name\":\"Hay equipment and accessories\",\"item\":\"https:\\\/\\\/jldlague.com\\\/en\\\/product-category\\\/used-equipment\\\/hay-equipment-and-accessories\\\/\"},{\"@type\":\"ListItem\",\"position\":4,\"name\":\"Forage Harvesters &amp; Accessories\",\"item\":\"https:\\\/\\\/jldlague.com\\\/en\\\/product-category\\\/used-equipment\\\/hay-equipment-and-accessories\\\/forage-harvesters-accessories-used\\\/\"},{\"@type\":\"ListItem\",\"position\":5,\"name\":\"JD 9500 FOURRAGERE\\\/HARVESTER\"}]},{\"@type\":\"WebSite\",\"@id\":\"https:\\\/\\\/jldlague.com\\\/en\\\/#website\",\"url\":\"https:\\\/\\\/jldlague.com\\\/en\\\/\",\"name\":\"JLD-Lagu\u00eb\",\"description\":\"\",\"publisher\":{\"@id\":\"https:\\\/\\\/jldlague.com\\\/en\\\/#organization\"},\"alternateName\":\"JLD\",\"potentialAction\":[{\"@type\":\"SearchAction\",\"target\":{\"@type\":\"EntryPoint\",\"urlTemplate\":\"https:\\\/\\\/jldlague.com\\\/en\\\/?s={search_term_string}\"},\"query-input\":{\"@type\":\"PropertyValueSpecification\",\"valueRequired\":true,\"valueName\":\"search_term_string\"}}],\"inLanguage\":\"en-US\"},{\"@type\":\"Organization\",\"@id\":\"https:\\\/\\\/jldlague.com\\\/en\\\/#organization\",\"name\":\"JLD-Lagu\u00eb\",\"url\":\"https:\\\/\\\/jldlague.com\\\/en\\\/\",\"logo\":{\"@type\":\"ImageObject\",\"inLanguage\":\"en-US\",\"@id\":\"https:\\\/\\\/jldlague.com\\\/en\\\/#\\\/schema\\\/logo\\\/image\\\/\",\"url\":\"https:\\\/\\\/jldlague.com\\\/wp-content\\\/uploads\\\/2023\\\/06\\\/logos.svg\",\"contentUrl\":\"https:\\\/\\\/jldlague.com\\\/wp-content\\\/uploads\\\/2023\\\/06\\\/logos.svg\",\"width\":385,\"height\":50,\"caption\":\"JLD-Lagu\u00eb\"},\"image\":{\"@id\":\"https:\\\/\\\/jldlague.com\\\/en\\\/#\\\/schema\\\/logo\\\/image\\\/\"},\"sameAs\":[\"https:\\\/\\\/www.facebook.com\\\/jldlague\",\"https:\\\/\\\/www.linkedin.com\\\/company\\\/the-jld-group-john-deere-dealer\",\"https:\\\/\\\/www.instagram.com\\\/jldlague\\\/\",\"https:\\\/\\\/www.youtube.com\\\/channel\\\/UCRpOpeDrLm9lIf6jXO7cJZw\"]}]}<\/script>\n<!-- \/ Yoast SEO plugin. -->","yoast_head_json":{"title":"FOURRAGERE \/ SPFH CHOPPER JD 9500 + KIT - John Deere - JLD-Lagu\u00eb F393693A","description":"D\u00e9couvrez le produit FOURRAGERE \/ SPFH CHOPPER JD 9500 + KIT\u00c9quipements usag\u00e9s, Forage Harvesters &amp; Accessories, Fourrag\u00e8res et accessoires, Hay equipment and accessories, Used equipment (F393693A) de John Deeredisponible chez JLD-Lagu\u00eb","robots":{"index":"index","follow":"follow","max-snippet":"max-snippet:-1","max-image-preview":"max-image-preview:large","max-video-preview":"max-video-preview:-1"},"canonical":"https:\/\/jldlague.com\/en\/product\/used-equipment\/hay-equipment-and-accessories\/forage-harvesters-accessories-used\/fourragere-spfh-chopper-jd-9500-kit\/","og_locale":"en_US","og_type":"article","og_title":"FOURRAGERE \/ SPFH CHOPPER JD 9500 + KIT - John Deere - JLD-Lagu\u00eb F393693A","og_description":"D\u00e9couvrez le produit FOURRAGERE \/ SPFH CHOPPER JD 9500 + KIT\u00c9quipements usag\u00e9s, Forage Harvesters &amp; Accessories, Fourrag\u00e8res et accessoires, Hay equipment and accessories, Used equipment (F393693A) de John Deeredisponible chez JLD-Lagu\u00eb","og_url":"https:\/\/jldlague.com\/en\/product\/used-equipment\/hay-equipment-and-accessories\/forage-harvesters-accessories-used\/fourragere-spfh-chopper-jd-9500-kit\/","og_site_name":"JLD-Lagu\u00eb","article_publisher":"https:\/\/www.facebook.com\/jldlague","article_modified_time":"2026-04-18T12:01:37+00:00","og_image":[{"width":1200,"height":675,"url":"https:\/\/jldlague.com\/wp-content\/uploads\/2023\/08\/JLD_Image_partage.png","type":"image\/png"}],"twitter_card":"summary_large_image","twitter_misc":{"Est. reading time":"1 minute"},"schema":{"@context":"https:\/\/schema.org","@graph":[{"@type":"WebPage","@id":"https:\/\/jldlague.com\/en\/product\/used-equipment\/hay-equipment-and-accessories\/forage-harvesters-accessories-used\/fourragere-spfh-chopper-jd-9500-kit\/","url":"https:\/\/jldlague.com\/en\/product\/used-equipment\/hay-equipment-and-accessories\/forage-harvesters-accessories-used\/fourragere-spfh-chopper-jd-9500-kit\/","name":"FOURRAGERE \/ SPFH CHOPPER JD 9500 + KIT - John Deere - JLD-Lagu\u00eb F393693A","isPartOf":{"@id":"https:\/\/jldlague.com\/en\/#website"},"datePublished":"2026-01-30T13:00:22+00:00","dateModified":"2026-04-18T12:01:37+00:00","description":"D\u00e9couvrez le produit FOURRAGERE \/ SPFH CHOPPER JD 9500 + KIT\u00c9quipements usag\u00e9s, Forage Harvesters &amp; Accessories, Fourrag\u00e8res et accessoires, Hay equipment and accessories, Used equipment (F393693A) de John Deeredisponible chez JLD-Lagu\u00eb","breadcrumb":{"@id":"https:\/\/jldlague.com\/en\/product\/used-equipment\/hay-equipment-and-accessories\/forage-harvesters-accessories-used\/fourragere-spfh-chopper-jd-9500-kit\/#breadcrumb"},"inLanguage":"en-US","potentialAction":[{"@type":"ReadAction","target":["https:\/\/jldlague.com\/en\/product\/used-equipment\/hay-equipment-and-accessories\/forage-harvesters-accessories-used\/fourragere-spfh-chopper-jd-9500-kit\/"]}]},{"@type":"BreadcrumbList","@id":"https:\/\/jldlague.com\/en\/product\/used-equipment\/hay-equipment-and-accessories\/forage-harvesters-accessories-used\/fourragere-spfh-chopper-jd-9500-kit\/#breadcrumb","itemListElement":[{"@type":"ListItem","position":1,"name":"Home","item":"https:\/\/jldlague.com\/en\/accueil\/"},{"@type":"ListItem","position":2,"name":"Used equipment","item":"https:\/\/jldlague.com\/en\/product-category\/used-equipment\/"},{"@type":"ListItem","position":3,"name":"Hay equipment and accessories","item":"https:\/\/jldlague.com\/en\/product-category\/used-equipment\/hay-equipment-and-accessories\/"},{"@type":"ListItem","position":4,"name":"Forage Harvesters &amp; Accessories","item":"https:\/\/jldlague.com\/en\/product-category\/used-equipment\/hay-equipment-and-accessories\/forage-harvesters-accessories-used\/"},{"@type":"ListItem","position":5,"name":"JD 9500 FOURRAGERE\/HARVESTER"}]},{"@type":"WebSite","@id":"https:\/\/jldlague.com\/en\/#website","url":"https:\/\/jldlague.com\/en\/","name":"JLD-Lagu\u00eb","description":"","publisher":{"@id":"https:\/\/jldlague.com\/en\/#organization"},"alternateName":"JLD","potentialAction":[{"@type":"SearchAction","target":{"@type":"EntryPoint","urlTemplate":"https:\/\/jldlague.com\/en\/?s={search_term_string}"},"query-input":{"@type":"PropertyValueSpecification","valueRequired":true,"valueName":"search_term_string"}}],"inLanguage":"en-US"},{"@type":"Organization","@id":"https:\/\/jldlague.com\/en\/#organization","name":"JLD-Lagu\u00eb","url":"https:\/\/jldlague.com\/en\/","logo":{"@type":"ImageObject","inLanguage":"en-US","@id":"https:\/\/jldlague.com\/en\/#\/schema\/logo\/image\/","url":"https:\/\/jldlague.com\/wp-content\/uploads\/2023\/06\/logos.svg","contentUrl":"https:\/\/jldlague.com\/wp-content\/uploads\/2023\/06\/logos.svg","width":385,"height":50,"caption":"JLD-Lagu\u00eb"},"image":{"@id":"https:\/\/jldlague.com\/en\/#\/schema\/logo\/image\/"},"sameAs":["https:\/\/www.facebook.com\/jldlague","https:\/\/www.linkedin.com\/company\/the-jld-group-john-deere-dealer","https:\/\/www.instagram.com\/jldlague\/","https:\/\/www.youtube.com\/channel\/UCRpOpeDrLm9lIf6jXO7cJZw"]}]}},"_links":{"self":[{"href":"https:\/\/jldlague.com\/en\/wp-json\/wp\/v2\/product\/433838","targetHints":{"allow":["GET"]}}],"collection":[{"href":"https:\/\/jldlague.com\/en\/wp-json\/wp\/v2\/product"}],"about":[{"href":"https:\/\/jldlague.com\/en\/wp-json\/wp\/v2\/types\/product"}],"wp:attachment":[{"href":"https:\/\/jldlague.com\/en\/wp-json\/wp\/v2\/media?parent=433838"}],"wp:term":[{"taxonomy":"product_brand","embeddable":true,"href":"https:\/\/jldlague.com\/en\/wp-json\/wp\/v2\/product_brand?post=433838"},{"taxonomy":"product_cat","embeddable":true,"href":"https:\/\/jldlague.com\/en\/wp-json\/wp\/v2\/product_cat?post=433838"},{"taxonomy":"product_tag","embeddable":true,"href":"https:\/\/jldlague.com\/en\/wp-json\/wp\/v2\/product_tag?post=433838"},{"taxonomy":"brand","embeddable":true,"href":"https:\/\/jldlague.com\/en\/wp-json\/wp\/v2\/brand?post=433838"},{"taxonomy":"industry","embeddable":true,"href":"https:\/\/jldlague.com\/en\/wp-json\/wp\/v2\/industry?post=433838"}],"curies":[{"name":"wp","href":"https:\/\/api.w.org\/{rel}","templated":true}]}}