{"id":440000,"date":"2026-03-04T08:00:16","date_gmt":"2026-03-04T13:00:16","guid":{"rendered":""},"modified":"2026-03-07T08:03:59","modified_gmt":"2026-03-07T13:03:59","slug":"jd-x9-1100-4x4-track-chopper","status":"publish","type":"product","link":"https:\/\/jldlague.com\/en\/product\/used-equipment\/combine-and-accessories\/combines-used\/jd-x9-1100-4x4-track-chopper\/","title":{"rendered":"JD X9 1100 4X4 TRACK CHOPPER"},"content":{"rendered":"<p>++  TRACK 36&#8221; PRO-DRIVE XL 40KM TRANSMISSION,  VF750\/65R26 R1W REAR TIRES,  COUNTOURMASTER FEEDERHOUSE,  5 SPDS TRANSMISSION FEEDERHOUSE,  DUST FAN ON FEEDERHOUSE,  KONDEX CONCAVE ROUND BAR KIT,  KONDEX INSERT KIT,  EXTENDED WEAR GRAIN HANDLING PKG,  SIDE HILL CHAFFER &#038; SIEVE PKG,  POWER CAST FINE CUT CHOPPER,  31FT POWER FOLDING UNLOAD AUGER,  POWER ADJUSTABLE AUGER END SPOUT,  AIR COMPRESSOR, ACTIV YIELD &#038; MOISTURE SENSOR,  ULTIMATE TECHNOLOGY PKG,  SIGNATURE EDITION CAB W\/ ULTIMATE CONFORT,  ULTIMATE SUSPENSION PKG,  ULTIMATE VISIBILITY LIGHTS PKG,  GREENSTAR, AUTOTRAC READY,  G5 PLUS PROCESSOR, COLOR DISPLAY,  SECTIONS CONTROL, DOCUMENTATION,  JD LINK CAPABLE, JD 7000 GPS RECEIVER,  MACHINE SYNC ANTENNA KIT, ++ <\/p>\n","protected":false},"excerpt":{"rendered":"<p>++ TRACK 36&#8221; PRO-DRIVE XL 40KM TRANSMISSION, VF750\/65R26 R1W REAR TIRES, COUNTOURMASTER FEEDERHOUSE, 5 SPDS TRANSMISSION FEEDERHOUSE, DUST FAN ON FEEDERHOUSE, KONDEX CONCAVE ROUND BAR KIT, KONDEX INSERT KIT, EXTENDED WEAR GRAIN HANDLING PKG, SIDE HILL CHAFFER &#038; SIEVE PKG, POWER CAST FINE CUT CHOPPER, 31FT POWER FOLDING UNLOAD AUGER, POWER ADJUSTABLE AUGER END SPOUT, &hellip; <a href=\"https:\/\/jldlague.com\/en\/product\/used-equipment\/combine-and-accessories\/combines-used\/jd-x9-1100-4x4-track-chopper\/\">Continued<\/a><\/p>\n","protected":false},"featured_media":0,"template":"","meta":{"_acf_changed":false},"product_brand":[],"product_cat":[90,544,147,30,485,37],"product_tag":[],"brand":[75],"industry":[],"class_list":{"0":"post-440000","1":"product","2":"type-product","3":"status-publish","5":"product_cat-batteuses-et-accessoires-usages","6":"product_cat-combines-used","7":"product_cat-combine-and-accessories","8":"product_cat-equipements-usages","9":"product_cat-moissonneuses-batteuses-usages","10":"product_cat-used-equipment","11":"brand-john-deere","13":"first","14":"instock","15":"taxable","16":"shipping-taxable","17":"product-type-simple"},"acf":{"year":2024,"hours":132,"model":"X9 1100","kilometers":"","overrideShowForms":false,"keepProductStatusWhenImporting":false},"yoast_head":"<!-- This site is optimized with the Yoast SEO plugin v27.2 - https:\/\/yoast.com\/product\/yoast-seo-wordpress\/ -->\n<title>JD X9 1100 4X4 TRACK CHOPPER - John Deere - JLD-Lagu\u00eb 371897<\/title>\n<meta name=\"description\" content=\"D\u00e9couvrez le produit JD X9 1100 4X4 TRACK CHOPPERBatteuses et accessoires, Combines, Combines and accessories, \u00c9quipements usag\u00e9s, Moissonneuses-batteuses, Used equipment (371897) de John Deeredisponible chez JLD-Lagu\u00eb\" \/>\n<meta name=\"robots\" content=\"index, follow, max-snippet:-1, max-image-preview:large, max-video-preview:-1\" \/>\n<link rel=\"canonical\" href=\"https:\/\/jldlague.com\/en\/product\/used-equipment\/combine-and-accessories\/combines-used\/jd-x9-1100-4x4-track-chopper\/\" \/>\n<meta property=\"og:locale\" content=\"en_US\" \/>\n<meta property=\"og:type\" content=\"article\" \/>\n<meta property=\"og:title\" content=\"JD X9 1100 4X4 TRACK CHOPPER - John Deere - JLD-Lagu\u00eb 371897\" \/>\n<meta property=\"og:description\" content=\"D\u00e9couvrez le produit JD X9 1100 4X4 TRACK CHOPPERBatteuses et accessoires, Combines, Combines and accessories, \u00c9quipements usag\u00e9s, Moissonneuses-batteuses, Used equipment (371897) de John Deeredisponible chez JLD-Lagu\u00eb\" \/>\n<meta property=\"og:url\" content=\"https:\/\/jldlague.com\/en\/product\/used-equipment\/combine-and-accessories\/combines-used\/jd-x9-1100-4x4-track-chopper\/\" \/>\n<meta property=\"og:site_name\" content=\"JLD-Lagu\u00eb\" \/>\n<meta property=\"article:publisher\" content=\"https:\/\/www.facebook.com\/jldlague\" \/>\n<meta property=\"article:modified_time\" content=\"2026-03-07T13:03:59+00:00\" \/>\n<meta property=\"og:image\" content=\"https:\/\/jldlague.com\/wp-content\/uploads\/2023\/08\/JLD_Image_partage.png\" \/>\n\t<meta property=\"og:image:width\" content=\"1200\" \/>\n\t<meta property=\"og:image:height\" content=\"675\" \/>\n\t<meta property=\"og:image:type\" content=\"image\/png\" \/>\n<meta name=\"twitter:card\" content=\"summary_large_image\" \/>\n<script type=\"application\/ld+json\" class=\"yoast-schema-graph\">{\"@context\":\"https:\/\/schema.org\",\"@graph\":[{\"@type\":\"WebPage\",\"@id\":\"https:\/\/jldlague.com\/en\/product\/used-equipment\/combine-and-accessories\/combines-used\/jd-x9-1100-4x4-track-chopper\/\",\"url\":\"https:\/\/jldlague.com\/en\/product\/used-equipment\/combine-and-accessories\/combines-used\/jd-x9-1100-4x4-track-chopper\/\",\"name\":\"JD X9 1100 4X4 TRACK CHOPPER - John Deere - JLD-Lagu\u00eb 371897\",\"isPartOf\":{\"@id\":\"https:\/\/jldlague.com\/en\/#website\"},\"datePublished\":\"2026-03-04T13:00:16+00:00\",\"dateModified\":\"2026-03-07T13:03:59+00:00\",\"description\":\"D\u00e9couvrez le produit JD X9 1100 4X4 TRACK CHOPPERBatteuses et accessoires, Combines, Combines and accessories, \u00c9quipements usag\u00e9s, Moissonneuses-batteuses, Used equipment (371897) de John Deeredisponible chez JLD-Lagu\u00eb\",\"breadcrumb\":{\"@id\":\"https:\/\/jldlague.com\/en\/product\/used-equipment\/combine-and-accessories\/combines-used\/jd-x9-1100-4x4-track-chopper\/#breadcrumb\"},\"inLanguage\":\"en-US\",\"potentialAction\":[{\"@type\":\"ReadAction\",\"target\":[\"https:\/\/jldlague.com\/en\/product\/used-equipment\/combine-and-accessories\/combines-used\/jd-x9-1100-4x4-track-chopper\/\"]}]},{\"@type\":\"BreadcrumbList\",\"@id\":\"https:\/\/jldlague.com\/en\/product\/used-equipment\/combine-and-accessories\/combines-used\/jd-x9-1100-4x4-track-chopper\/#breadcrumb\",\"itemListElement\":[{\"@type\":\"ListItem\",\"position\":1,\"name\":\"Home\",\"item\":\"https:\/\/jldlague.com\/en\/\"},{\"@type\":\"ListItem\",\"position\":2,\"name\":\"Used equipment\",\"item\":\"https:\/\/jldlague.com\/en\/product-category\/used-equipment\/\"},{\"@type\":\"ListItem\",\"position\":3,\"name\":\"Combines and accessories\",\"item\":\"https:\/\/jldlague.com\/en\/product-category\/used-equipment\/combine-and-accessories\/\"},{\"@type\":\"ListItem\",\"position\":4,\"name\":\"Combines\",\"item\":\"https:\/\/jldlague.com\/en\/product-category\/used-equipment\/combine-and-accessories\/combines-used\/\"},{\"@type\":\"ListItem\",\"position\":5,\"name\":\"JD X9 1100 4X4 TRACK CHOPPER\"}]},{\"@type\":\"WebSite\",\"@id\":\"https:\/\/jldlague.com\/en\/#website\",\"url\":\"https:\/\/jldlague.com\/en\/\",\"name\":\"JLD-Lagu\u00eb\",\"description\":\"\",\"publisher\":{\"@id\":\"https:\/\/jldlague.com\/en\/#organization\"},\"alternateName\":\"JLD\",\"potentialAction\":[{\"@type\":\"SearchAction\",\"target\":{\"@type\":\"EntryPoint\",\"urlTemplate\":\"https:\/\/jldlague.com\/en\/?s={search_term_string}\"},\"query-input\":{\"@type\":\"PropertyValueSpecification\",\"valueRequired\":true,\"valueName\":\"search_term_string\"}}],\"inLanguage\":\"en-US\"},{\"@type\":\"Organization\",\"@id\":\"https:\/\/jldlague.com\/en\/#organization\",\"name\":\"JLD-Lagu\u00eb\",\"url\":\"https:\/\/jldlague.com\/en\/\",\"logo\":{\"@type\":\"ImageObject\",\"inLanguage\":\"en-US\",\"@id\":\"https:\/\/jldlague.com\/en\/#\/schema\/logo\/image\/\",\"url\":\"https:\/\/jldlague.com\/wp-content\/uploads\/2023\/06\/logos.svg\",\"contentUrl\":\"https:\/\/jldlague.com\/wp-content\/uploads\/2023\/06\/logos.svg\",\"width\":385,\"height\":50,\"caption\":\"JLD-Lagu\u00eb\"},\"image\":{\"@id\":\"https:\/\/jldlague.com\/en\/#\/schema\/logo\/image\/\"},\"sameAs\":[\"https:\/\/www.facebook.com\/jldlague\",\"https:\/\/www.linkedin.com\/company\/the-jld-group-john-deere-dealer\",\"https:\/\/www.instagram.com\/jldlague\/\",\"https:\/\/www.youtube.com\/channel\/UCRpOpeDrLm9lIf6jXO7cJZw\"]}]}<\/script>\n<!-- \/ Yoast SEO plugin. -->","yoast_head_json":{"title":"JD X9 1100 4X4 TRACK CHOPPER - John Deere - JLD-Lagu\u00eb 371897","description":"D\u00e9couvrez le produit JD X9 1100 4X4 TRACK CHOPPERBatteuses et accessoires, Combines, Combines and accessories, \u00c9quipements usag\u00e9s, Moissonneuses-batteuses, Used equipment (371897) de John Deeredisponible chez JLD-Lagu\u00eb","robots":{"index":"index","follow":"follow","max-snippet":"max-snippet:-1","max-image-preview":"max-image-preview:large","max-video-preview":"max-video-preview:-1"},"canonical":"https:\/\/jldlague.com\/en\/product\/used-equipment\/combine-and-accessories\/combines-used\/jd-x9-1100-4x4-track-chopper\/","og_locale":"en_US","og_type":"article","og_title":"JD X9 1100 4X4 TRACK CHOPPER - John Deere - JLD-Lagu\u00eb 371897","og_description":"D\u00e9couvrez le produit JD X9 1100 4X4 TRACK CHOPPERBatteuses et accessoires, Combines, Combines and accessories, \u00c9quipements usag\u00e9s, Moissonneuses-batteuses, Used equipment (371897) de John Deeredisponible chez JLD-Lagu\u00eb","og_url":"https:\/\/jldlague.com\/en\/product\/used-equipment\/combine-and-accessories\/combines-used\/jd-x9-1100-4x4-track-chopper\/","og_site_name":"JLD-Lagu\u00eb","article_publisher":"https:\/\/www.facebook.com\/jldlague","article_modified_time":"2026-03-07T13:03:59+00:00","og_image":[{"width":1200,"height":675,"url":"https:\/\/jldlague.com\/wp-content\/uploads\/2023\/08\/JLD_Image_partage.png","type":"image\/png"}],"twitter_card":"summary_large_image","schema":{"@context":"https:\/\/schema.org","@graph":[{"@type":"WebPage","@id":"https:\/\/jldlague.com\/en\/product\/used-equipment\/combine-and-accessories\/combines-used\/jd-x9-1100-4x4-track-chopper\/","url":"https:\/\/jldlague.com\/en\/product\/used-equipment\/combine-and-accessories\/combines-used\/jd-x9-1100-4x4-track-chopper\/","name":"JD X9 1100 4X4 TRACK CHOPPER - John Deere - JLD-Lagu\u00eb 371897","isPartOf":{"@id":"https:\/\/jldlague.com\/en\/#website"},"datePublished":"2026-03-04T13:00:16+00:00","dateModified":"2026-03-07T13:03:59+00:00","description":"D\u00e9couvrez le produit JD X9 1100 4X4 TRACK CHOPPERBatteuses et accessoires, Combines, Combines and accessories, \u00c9quipements usag\u00e9s, Moissonneuses-batteuses, Used equipment (371897) de John Deeredisponible chez JLD-Lagu\u00eb","breadcrumb":{"@id":"https:\/\/jldlague.com\/en\/product\/used-equipment\/combine-and-accessories\/combines-used\/jd-x9-1100-4x4-track-chopper\/#breadcrumb"},"inLanguage":"en-US","potentialAction":[{"@type":"ReadAction","target":["https:\/\/jldlague.com\/en\/product\/used-equipment\/combine-and-accessories\/combines-used\/jd-x9-1100-4x4-track-chopper\/"]}]},{"@type":"BreadcrumbList","@id":"https:\/\/jldlague.com\/en\/product\/used-equipment\/combine-and-accessories\/combines-used\/jd-x9-1100-4x4-track-chopper\/#breadcrumb","itemListElement":[{"@type":"ListItem","position":1,"name":"Home","item":"https:\/\/jldlague.com\/en\/"},{"@type":"ListItem","position":2,"name":"Used equipment","item":"https:\/\/jldlague.com\/en\/product-category\/used-equipment\/"},{"@type":"ListItem","position":3,"name":"Combines and accessories","item":"https:\/\/jldlague.com\/en\/product-category\/used-equipment\/combine-and-accessories\/"},{"@type":"ListItem","position":4,"name":"Combines","item":"https:\/\/jldlague.com\/en\/product-category\/used-equipment\/combine-and-accessories\/combines-used\/"},{"@type":"ListItem","position":5,"name":"JD X9 1100 4X4 TRACK CHOPPER"}]},{"@type":"WebSite","@id":"https:\/\/jldlague.com\/en\/#website","url":"https:\/\/jldlague.com\/en\/","name":"JLD-Lagu\u00eb","description":"","publisher":{"@id":"https:\/\/jldlague.com\/en\/#organization"},"alternateName":"JLD","potentialAction":[{"@type":"SearchAction","target":{"@type":"EntryPoint","urlTemplate":"https:\/\/jldlague.com\/en\/?s={search_term_string}"},"query-input":{"@type":"PropertyValueSpecification","valueRequired":true,"valueName":"search_term_string"}}],"inLanguage":"en-US"},{"@type":"Organization","@id":"https:\/\/jldlague.com\/en\/#organization","name":"JLD-Lagu\u00eb","url":"https:\/\/jldlague.com\/en\/","logo":{"@type":"ImageObject","inLanguage":"en-US","@id":"https:\/\/jldlague.com\/en\/#\/schema\/logo\/image\/","url":"https:\/\/jldlague.com\/wp-content\/uploads\/2023\/06\/logos.svg","contentUrl":"https:\/\/jldlague.com\/wp-content\/uploads\/2023\/06\/logos.svg","width":385,"height":50,"caption":"JLD-Lagu\u00eb"},"image":{"@id":"https:\/\/jldlague.com\/en\/#\/schema\/logo\/image\/"},"sameAs":["https:\/\/www.facebook.com\/jldlague","https:\/\/www.linkedin.com\/company\/the-jld-group-john-deere-dealer","https:\/\/www.instagram.com\/jldlague\/","https:\/\/www.youtube.com\/channel\/UCRpOpeDrLm9lIf6jXO7cJZw"]}]}},"_links":{"self":[{"href":"https:\/\/jldlague.com\/en\/wp-json\/wp\/v2\/product\/440000","targetHints":{"allow":["GET"]}}],"collection":[{"href":"https:\/\/jldlague.com\/en\/wp-json\/wp\/v2\/product"}],"about":[{"href":"https:\/\/jldlague.com\/en\/wp-json\/wp\/v2\/types\/product"}],"wp:attachment":[{"href":"https:\/\/jldlague.com\/en\/wp-json\/wp\/v2\/media?parent=440000"}],"wp:term":[{"taxonomy":"product_brand","embeddable":true,"href":"https:\/\/jldlague.com\/en\/wp-json\/wp\/v2\/product_brand?post=440000"},{"taxonomy":"product_cat","embeddable":true,"href":"https:\/\/jldlague.com\/en\/wp-json\/wp\/v2\/product_cat?post=440000"},{"taxonomy":"product_tag","embeddable":true,"href":"https:\/\/jldlague.com\/en\/wp-json\/wp\/v2\/product_tag?post=440000"},{"taxonomy":"brand","embeddable":true,"href":"https:\/\/jldlague.com\/en\/wp-json\/wp\/v2\/brand?post=440000"},{"taxonomy":"industry","embeddable":true,"href":"https:\/\/jldlague.com\/en\/wp-json\/wp\/v2\/industry?post=440000"}],"curies":[{"name":"wp","href":"https:\/\/api.w.org\/{rel}","templated":true}]}}