{"id":440468,"date":"2026-03-11T08:17:18","date_gmt":"2026-03-11T12:17:18","guid":{"rendered":""},"modified":"2026-04-16T15:30:10","modified_gmt":"2026-04-16T19:30:10","slug":"fil-de-coupe-cf3-pro-105","status":"publish","type":"product","link":"https:\/\/jldlague.com\/en\/product\/small-equipment\/all-small-equipment\/fil-de-coupe-cf3-pro-105\/","title":{"rendered":"Fil de coupe, CF3 Pro .105"},"content":{"rendered":"<h2 class=\"product-details__title\">Ce fil de coupe extr\u00eamement robuste et durable est con\u00e7u pour certaines applications de coupe les plus difficiles.<\/h2>\n<div class=\"product-details__description richtexteditor\">\n<p>Le fil CF3 est fabriqu\u00e9 en polyamide de haute qualit\u00e9 et renforc\u00e9 de fibre de carbone, ce qui lui permet de durer jusqu&#8217;\u00e0 trois fois plus longtemps que le fil haute qualit\u00e9 de STIHL. Gr\u00e2ce \u00e0 la torsion, le sifflement g\u00e9n\u00e9r\u00e9 lors de la tonte est remarquablement plus silencieux. Mieux encore, il est compatible avec toutes les t\u00eates de coupe avec fil en nylon STIHL, ce qui permet au CF3 Pro d\u2019avoir sa place dans n&#8217;importe quelle remorque ou dans n&#8217;importe quel garage. Que vous soyez un particulier ayant un terrain difficile ou un paysagiste professionnel n\u00e9cessitant une durabilit\u00e9 plus importante de votre fil, le CF3 Pro offre une performance et une durabilit\u00e9 maximales.<\/p>\n<h4><strong>Caract\u00e9ristiques\u00a0:<\/strong><\/h4>\n<ul>\n<li><strong>Forme unique<\/strong>\u00a0: La forme unique de ce fil de coupe offre plusieurs bords tranchants, id\u00e9aux pour couper l&#8217;herbe \u00e9paisse, les mauvaises herbes tenaces et la v\u00e9g\u00e9tation r\u00e9sistante.<\/li>\n<li><strong>Compatibilit\u00e9 ultime<\/strong>\u00a0: Ce fil est compatible avec les t\u00eates de coupe pour fil en nylon STIHL et les t\u00eates de coupe de la concurrence<\/li>\n<li><strong>Diff\u00e9rentes vari\u00e9t\u00e9s<\/strong>\u00a0: Ce produit est disponible dans une vari\u00e9t\u00e9 de formats et de configurations.<\/li>\n<\/ul>\n<p><strong>Conseil professionnel STIHL<\/strong>\u00a0&#8211; laissez votre nouvelle ligne de tonte dans l\u2019eau pendant 24 heures avant utilisation. Cela augmentera la flexibilit\u00e9 et la dur\u00e9e de vie de la ligne de tonte.<\/p>\n<\/div>\n","protected":false},"excerpt":{"rendered":"<p>Ce fil de coupe extr\u00eamement robuste et durable est con\u00e7u pour certaines applications de coupe les plus difficiles. Le fil CF3 est fabriqu\u00e9 en polyamide de haute qualit\u00e9 et renforc\u00e9 de fibre de carbone, ce qui lui permet de durer jusqu&#8217;\u00e0 trois fois plus longtemps que le fil haute qualit\u00e9 de STIHL. Gr\u00e2ce \u00e0 la &hellip; <a href=\"https:\/\/jldlague.com\/en\/product\/small-equipment\/all-small-equipment\/fil-de-coupe-cf3-pro-105\/\">Continued<\/a><\/p>\n","protected":false},"featured_media":446036,"template":"","meta":{"_acf_changed":false},"product_brand":[],"product_cat":[1275,163],"product_tag":[],"brand":[],"industry":[],"class_list":{"0":"post-440468","1":"product","2":"type-product","3":"status-publish","4":"has-post-thumbnail","6":"product_cat-all-small-equipment","7":"product_cat-small-equipment","9":"first","10":"instock","11":"taxable","12":"shipping-taxable","13":"purchasable","14":"product-type-simple"},"acf":{"year":"","hours":"","model":"","kilometers":"","overrideShowForms":false,"keepProductStatusWhenImporting":false},"yoast_head":"<!-- This site is optimized with the Yoast SEO plugin v27.2 - https:\/\/yoast.com\/product\/yoast-seo-wordpress\/ -->\n<title>Fil de coupe, CF3 Pro .105 - JLD-Lagu\u00eb 0000-930-4314<\/title>\n<meta name=\"description\" content=\"D\u00e9couvrez le produit Fil de coupe, CF3 Pro .105 All our small equipment, Small equipment (0000-930-4314) de disponible chez JLD-Lagu\u00eb\" \/>\n<meta name=\"robots\" content=\"index, follow, max-snippet:-1, max-image-preview:large, max-video-preview:-1\" \/>\n<link rel=\"canonical\" href=\"https:\/\/jldlague.com\/en\/product\/small-equipment\/all-small-equipment\/fil-de-coupe-cf3-pro-105\/\" \/>\n<meta property=\"og:locale\" content=\"en_US\" \/>\n<meta property=\"og:type\" content=\"article\" \/>\n<meta property=\"og:title\" content=\"Fil de coupe, CF3 Pro .105 - JLD-Lagu\u00eb 0000-930-4314\" \/>\n<meta property=\"og:description\" content=\"D\u00e9couvrez le produit Fil de coupe, CF3 Pro .105 All our small equipment, Small equipment (0000-930-4314) de disponible chez JLD-Lagu\u00eb\" \/>\n<meta property=\"og:url\" content=\"https:\/\/jldlague.com\/en\/product\/small-equipment\/all-small-equipment\/fil-de-coupe-cf3-pro-105\/\" \/>\n<meta property=\"og:site_name\" content=\"JLD-Lagu\u00eb\" \/>\n<meta property=\"article:publisher\" content=\"https:\/\/www.facebook.com\/jldlague\" \/>\n<meta property=\"article:modified_time\" content=\"2026-04-16T19:30:10+00:00\" \/>\n<meta property=\"og:image\" content=\"https:\/\/jldlague.com\/wp-content\/uploads\/2026\/03\/img-21.jpg\" \/>\n\t<meta property=\"og:image:width\" content=\"1065\" \/>\n\t<meta property=\"og:image:height\" content=\"710\" \/>\n\t<meta property=\"og:image:type\" content=\"image\/jpeg\" \/>\n<meta name=\"twitter:card\" content=\"summary_large_image\" \/>\n<meta name=\"twitter:label1\" content=\"Est. reading time\" \/>\n\t<meta name=\"twitter:data1\" content=\"1 minute\" \/>\n<script type=\"application\/ld+json\" class=\"yoast-schema-graph\">{\"@context\":\"https:\/\/schema.org\",\"@graph\":[{\"@type\":\"WebPage\",\"@id\":\"https:\/\/jldlague.com\/en\/product\/small-equipment\/all-small-equipment\/fil-de-coupe-cf3-pro-105\/\",\"url\":\"https:\/\/jldlague.com\/en\/product\/small-equipment\/all-small-equipment\/fil-de-coupe-cf3-pro-105\/\",\"name\":\"Fil de coupe, CF3 Pro .105 - JLD-Lagu\u00eb 0000-930-4314\",\"isPartOf\":{\"@id\":\"https:\/\/jldlague.com\/en\/#website\"},\"primaryImageOfPage\":{\"@id\":\"https:\/\/jldlague.com\/en\/product\/small-equipment\/all-small-equipment\/fil-de-coupe-cf3-pro-105\/#primaryimage\"},\"image\":{\"@id\":\"https:\/\/jldlague.com\/en\/product\/small-equipment\/all-small-equipment\/fil-de-coupe-cf3-pro-105\/#primaryimage\"},\"thumbnailUrl\":\"https:\/\/jldlague.com\/wp-content\/uploads\/2026\/03\/img-21.jpg\",\"datePublished\":\"2026-03-11T12:17:18+00:00\",\"dateModified\":\"2026-04-16T19:30:10+00:00\",\"description\":\"D\u00e9couvrez le produit Fil de coupe, CF3 Pro .105 All our small equipment, Small equipment (0000-930-4314) de disponible chez JLD-Lagu\u00eb\",\"breadcrumb\":{\"@id\":\"https:\/\/jldlague.com\/en\/product\/small-equipment\/all-small-equipment\/fil-de-coupe-cf3-pro-105\/#breadcrumb\"},\"inLanguage\":\"en-US\",\"potentialAction\":[{\"@type\":\"ReadAction\",\"target\":[\"https:\/\/jldlague.com\/en\/product\/small-equipment\/all-small-equipment\/fil-de-coupe-cf3-pro-105\/\"]}]},{\"@type\":\"ImageObject\",\"inLanguage\":\"en-US\",\"@id\":\"https:\/\/jldlague.com\/en\/product\/small-equipment\/all-small-equipment\/fil-de-coupe-cf3-pro-105\/#primaryimage\",\"url\":\"https:\/\/jldlague.com\/wp-content\/uploads\/2026\/03\/img-21.jpg\",\"contentUrl\":\"https:\/\/jldlague.com\/wp-content\/uploads\/2026\/03\/img-21.jpg\",\"width\":1065,\"height\":710},{\"@type\":\"BreadcrumbList\",\"@id\":\"https:\/\/jldlague.com\/en\/product\/small-equipment\/all-small-equipment\/fil-de-coupe-cf3-pro-105\/#breadcrumb\",\"itemListElement\":[{\"@type\":\"ListItem\",\"position\":1,\"name\":\"Home\",\"item\":\"https:\/\/jldlague.com\/en\/\"},{\"@type\":\"ListItem\",\"position\":2,\"name\":\"Small equipment\",\"item\":\"https:\/\/jldlague.com\/en\/product-category\/small-equipment\/\"},{\"@type\":\"ListItem\",\"position\":3,\"name\":\"All our small equipment\",\"item\":\"https:\/\/jldlague.com\/en\/product-category\/small-equipment\/all-small-equipment\/\"},{\"@type\":\"ListItem\",\"position\":4,\"name\":\"Fil de coupe, CF3 Pro .105\"}]},{\"@type\":\"WebSite\",\"@id\":\"https:\/\/jldlague.com\/en\/#website\",\"url\":\"https:\/\/jldlague.com\/en\/\",\"name\":\"JLD-Lagu\u00eb\",\"description\":\"\",\"publisher\":{\"@id\":\"https:\/\/jldlague.com\/en\/#organization\"},\"alternateName\":\"JLD\",\"potentialAction\":[{\"@type\":\"SearchAction\",\"target\":{\"@type\":\"EntryPoint\",\"urlTemplate\":\"https:\/\/jldlague.com\/en\/?s={search_term_string}\"},\"query-input\":{\"@type\":\"PropertyValueSpecification\",\"valueRequired\":true,\"valueName\":\"search_term_string\"}}],\"inLanguage\":\"en-US\"},{\"@type\":\"Organization\",\"@id\":\"https:\/\/jldlague.com\/en\/#organization\",\"name\":\"JLD-Lagu\u00eb\",\"url\":\"https:\/\/jldlague.com\/en\/\",\"logo\":{\"@type\":\"ImageObject\",\"inLanguage\":\"en-US\",\"@id\":\"https:\/\/jldlague.com\/en\/#\/schema\/logo\/image\/\",\"url\":\"https:\/\/jldlague.com\/wp-content\/uploads\/2023\/06\/logos.svg\",\"contentUrl\":\"https:\/\/jldlague.com\/wp-content\/uploads\/2023\/06\/logos.svg\",\"width\":385,\"height\":50,\"caption\":\"JLD-Lagu\u00eb\"},\"image\":{\"@id\":\"https:\/\/jldlague.com\/en\/#\/schema\/logo\/image\/\"},\"sameAs\":[\"https:\/\/www.facebook.com\/jldlague\",\"https:\/\/www.linkedin.com\/company\/the-jld-group-john-deere-dealer\",\"https:\/\/www.instagram.com\/jldlague\/\",\"https:\/\/www.youtube.com\/channel\/UCRpOpeDrLm9lIf6jXO7cJZw\"]}]}<\/script>\n<!-- \/ Yoast SEO plugin. -->","yoast_head_json":{"title":"Fil de coupe, CF3 Pro .105 - JLD-Lagu\u00eb 0000-930-4314","description":"D\u00e9couvrez le produit Fil de coupe, CF3 Pro .105 All our small equipment, Small equipment (0000-930-4314) de disponible chez JLD-Lagu\u00eb","robots":{"index":"index","follow":"follow","max-snippet":"max-snippet:-1","max-image-preview":"max-image-preview:large","max-video-preview":"max-video-preview:-1"},"canonical":"https:\/\/jldlague.com\/en\/product\/small-equipment\/all-small-equipment\/fil-de-coupe-cf3-pro-105\/","og_locale":"en_US","og_type":"article","og_title":"Fil de coupe, CF3 Pro .105 - JLD-Lagu\u00eb 0000-930-4314","og_description":"D\u00e9couvrez le produit Fil de coupe, CF3 Pro .105 All our small equipment, Small equipment (0000-930-4314) de disponible chez JLD-Lagu\u00eb","og_url":"https:\/\/jldlague.com\/en\/product\/small-equipment\/all-small-equipment\/fil-de-coupe-cf3-pro-105\/","og_site_name":"JLD-Lagu\u00eb","article_publisher":"https:\/\/www.facebook.com\/jldlague","article_modified_time":"2026-04-16T19:30:10+00:00","og_image":[{"width":1065,"height":710,"url":"https:\/\/jldlague.com\/wp-content\/uploads\/2026\/03\/img-21.jpg","type":"image\/jpeg"}],"twitter_card":"summary_large_image","twitter_misc":{"Est. reading time":"1 minute"},"schema":{"@context":"https:\/\/schema.org","@graph":[{"@type":"WebPage","@id":"https:\/\/jldlague.com\/en\/product\/small-equipment\/all-small-equipment\/fil-de-coupe-cf3-pro-105\/","url":"https:\/\/jldlague.com\/en\/product\/small-equipment\/all-small-equipment\/fil-de-coupe-cf3-pro-105\/","name":"Fil de coupe, CF3 Pro .105 - JLD-Lagu\u00eb 0000-930-4314","isPartOf":{"@id":"https:\/\/jldlague.com\/en\/#website"},"primaryImageOfPage":{"@id":"https:\/\/jldlague.com\/en\/product\/small-equipment\/all-small-equipment\/fil-de-coupe-cf3-pro-105\/#primaryimage"},"image":{"@id":"https:\/\/jldlague.com\/en\/product\/small-equipment\/all-small-equipment\/fil-de-coupe-cf3-pro-105\/#primaryimage"},"thumbnailUrl":"https:\/\/jldlague.com\/wp-content\/uploads\/2026\/03\/img-21.jpg","datePublished":"2026-03-11T12:17:18+00:00","dateModified":"2026-04-16T19:30:10+00:00","description":"D\u00e9couvrez le produit Fil de coupe, CF3 Pro .105 All our small equipment, Small equipment (0000-930-4314) de disponible chez JLD-Lagu\u00eb","breadcrumb":{"@id":"https:\/\/jldlague.com\/en\/product\/small-equipment\/all-small-equipment\/fil-de-coupe-cf3-pro-105\/#breadcrumb"},"inLanguage":"en-US","potentialAction":[{"@type":"ReadAction","target":["https:\/\/jldlague.com\/en\/product\/small-equipment\/all-small-equipment\/fil-de-coupe-cf3-pro-105\/"]}]},{"@type":"ImageObject","inLanguage":"en-US","@id":"https:\/\/jldlague.com\/en\/product\/small-equipment\/all-small-equipment\/fil-de-coupe-cf3-pro-105\/#primaryimage","url":"https:\/\/jldlague.com\/wp-content\/uploads\/2026\/03\/img-21.jpg","contentUrl":"https:\/\/jldlague.com\/wp-content\/uploads\/2026\/03\/img-21.jpg","width":1065,"height":710},{"@type":"BreadcrumbList","@id":"https:\/\/jldlague.com\/en\/product\/small-equipment\/all-small-equipment\/fil-de-coupe-cf3-pro-105\/#breadcrumb","itemListElement":[{"@type":"ListItem","position":1,"name":"Home","item":"https:\/\/jldlague.com\/en\/"},{"@type":"ListItem","position":2,"name":"Small equipment","item":"https:\/\/jldlague.com\/en\/product-category\/small-equipment\/"},{"@type":"ListItem","position":3,"name":"All our small equipment","item":"https:\/\/jldlague.com\/en\/product-category\/small-equipment\/all-small-equipment\/"},{"@type":"ListItem","position":4,"name":"Fil de coupe, CF3 Pro .105"}]},{"@type":"WebSite","@id":"https:\/\/jldlague.com\/en\/#website","url":"https:\/\/jldlague.com\/en\/","name":"JLD-Lagu\u00eb","description":"","publisher":{"@id":"https:\/\/jldlague.com\/en\/#organization"},"alternateName":"JLD","potentialAction":[{"@type":"SearchAction","target":{"@type":"EntryPoint","urlTemplate":"https:\/\/jldlague.com\/en\/?s={search_term_string}"},"query-input":{"@type":"PropertyValueSpecification","valueRequired":true,"valueName":"search_term_string"}}],"inLanguage":"en-US"},{"@type":"Organization","@id":"https:\/\/jldlague.com\/en\/#organization","name":"JLD-Lagu\u00eb","url":"https:\/\/jldlague.com\/en\/","logo":{"@type":"ImageObject","inLanguage":"en-US","@id":"https:\/\/jldlague.com\/en\/#\/schema\/logo\/image\/","url":"https:\/\/jldlague.com\/wp-content\/uploads\/2023\/06\/logos.svg","contentUrl":"https:\/\/jldlague.com\/wp-content\/uploads\/2023\/06\/logos.svg","width":385,"height":50,"caption":"JLD-Lagu\u00eb"},"image":{"@id":"https:\/\/jldlague.com\/en\/#\/schema\/logo\/image\/"},"sameAs":["https:\/\/www.facebook.com\/jldlague","https:\/\/www.linkedin.com\/company\/the-jld-group-john-deere-dealer","https:\/\/www.instagram.com\/jldlague\/","https:\/\/www.youtube.com\/channel\/UCRpOpeDrLm9lIf6jXO7cJZw"]}]}},"_links":{"self":[{"href":"https:\/\/jldlague.com\/en\/wp-json\/wp\/v2\/product\/440468","targetHints":{"allow":["GET"]}}],"collection":[{"href":"https:\/\/jldlague.com\/en\/wp-json\/wp\/v2\/product"}],"about":[{"href":"https:\/\/jldlague.com\/en\/wp-json\/wp\/v2\/types\/product"}],"wp:featuredmedia":[{"embeddable":true,"href":"https:\/\/jldlague.com\/en\/wp-json\/wp\/v2\/media\/446036"}],"wp:attachment":[{"href":"https:\/\/jldlague.com\/en\/wp-json\/wp\/v2\/media?parent=440468"}],"wp:term":[{"taxonomy":"product_brand","embeddable":true,"href":"https:\/\/jldlague.com\/en\/wp-json\/wp\/v2\/product_brand?post=440468"},{"taxonomy":"product_cat","embeddable":true,"href":"https:\/\/jldlague.com\/en\/wp-json\/wp\/v2\/product_cat?post=440468"},{"taxonomy":"product_tag","embeddable":true,"href":"https:\/\/jldlague.com\/en\/wp-json\/wp\/v2\/product_tag?post=440468"},{"taxonomy":"brand","embeddable":true,"href":"https:\/\/jldlague.com\/en\/wp-json\/wp\/v2\/brand?post=440468"},{"taxonomy":"industry","embeddable":true,"href":"https:\/\/jldlague.com\/en\/wp-json\/wp\/v2\/industry?post=440468"}],"curies":[{"name":"wp","href":"https:\/\/api.w.org\/{rel}","templated":true}]}}