{"id":442640,"date":"2026-03-20T08:00:19","date_gmt":"2026-03-20T12:00:19","guid":{"rendered":"https:\/\/jldlague.com\/en\/?post_type=product&p=442640"},"modified":"2026-03-23T08:02:46","modified_gmt":"2026-03-23T12:02:46","slug":"presse-grosses-balles-large-square-baler-3x3","status":"publish","type":"product","link":"https:\/\/jldlague.com\/en\/product\/used-equipment\/hay-equipment-and-accessories\/balers-accessories-used\/presse-grosses-balles-large-square-baler-3x3\/","title":{"rendered":"PRESSE GROSSES BALLES \/ LARGE SQUARE BALER 3X3"},"content":{"rendered":"<p>JD L331, 3X3, PRE-CUTTER, SILAGE KIT,  TANDEM AXLE W\/ 550-45 22.5 90% GOOD,  PTO 1000 1 3\/8, BALE RAMP, 86&#8221; PICK UP,  HYDRAULIC PICK UP LIFT, MOISTURE SENSOR,  MASSFLOW SENSOR, AUTOMATIC GREASE KIT,  14 KNIFES, CAMCLUTCH GEARBOX,  JD 4240 DISPLAY, 6500 BALES DONE,  JD WARRANTY UNTIL 31 DEC 2026 <\/p>\n","protected":false},"excerpt":{"rendered":"<p>JD L331, 3X3, PRE-CUTTER, SILAGE KIT, TANDEM AXLE W\/ 550-45 22.5 90% GOOD, PTO 1000 1 3\/8, BALE RAMP, 86&#8221; PICK UP, HYDRAULIC PICK UP LIFT, MOISTURE SENSOR, MASSFLOW SENSOR, AUTOMATIC GREASE KIT, 14 KNIFES, CAMCLUTCH GEARBOX, JD 4240 DISPLAY, 6500 BALES DONE, JD WARRANTY UNTIL 31 DEC 2026<\/p>\n","protected":false},"featured_media":442781,"template":"","meta":{"_acf_changed":false},"product_brand":[],"product_cat":[588,30,148,490,37],"product_tag":[],"brand":[75],"industry":[],"class_list":{"0":"post-442640","1":"product","2":"type-product","3":"status-publish","4":"has-post-thumbnail","6":"product_cat-balers-accessories-used","7":"product_cat-equipements-usages","8":"product_cat-hay-equipment-and-accessories","9":"product_cat-presses-accessoires-usages","10":"product_cat-used-equipment","11":"brand-john-deere","13":"first","14":"instock","15":"taxable","16":"shipping-taxable","17":"product-type-simple"},"acf":{"year":2022,"hours":0,"model":"L331","kilometers":"","overrideShowForms":false,"keepProductStatusWhenImporting":false},"yoast_head":"<!-- This site is optimized with the Yoast SEO plugin v27.2 - https:\/\/yoast.com\/product\/yoast-seo-wordpress\/ -->\n<title>PRESSE GROSSES BALLES \/ LARGE SQUARE BALER 3X3 - John Deere - JLD-Lagu\u00eb 400780<\/title>\n<meta name=\"description\" content=\"D\u00e9couvrez le produit PRESSE GROSSES BALLES \/ LARGE SQUARE BALER 3X3Balers &amp; Accessories, \u00c9quipements usag\u00e9s, Hay equipment and accessories, Presses et accessoires, Used equipment (400780) de John Deeredisponible chez JLD-Lagu\u00eb\" \/>\n<meta name=\"robots\" content=\"index, follow, max-snippet:-1, max-image-preview:large, max-video-preview:-1\" \/>\n<link rel=\"canonical\" href=\"https:\/\/jldlague.com\/en\/product\/used-equipment\/hay-equipment-and-accessories\/balers-accessories-used\/presse-grosses-balles-large-square-baler-3x3\/\" \/>\n<meta property=\"og:locale\" content=\"en_US\" \/>\n<meta property=\"og:type\" content=\"article\" \/>\n<meta property=\"og:title\" content=\"PRESSE GROSSES BALLES \/ LARGE SQUARE BALER 3X3 - John Deere - JLD-Lagu\u00eb 400780\" \/>\n<meta property=\"og:description\" content=\"D\u00e9couvrez le produit PRESSE GROSSES BALLES \/ LARGE SQUARE BALER 3X3Balers &amp; Accessories, \u00c9quipements usag\u00e9s, Hay equipment and accessories, Presses et accessoires, Used equipment (400780) de John Deeredisponible chez JLD-Lagu\u00eb\" \/>\n<meta property=\"og:url\" content=\"https:\/\/jldlague.com\/en\/product\/used-equipment\/hay-equipment-and-accessories\/balers-accessories-used\/presse-grosses-balles-large-square-baler-3x3\/\" \/>\n<meta property=\"og:site_name\" content=\"JLD-Lagu\u00eb\" \/>\n<meta property=\"article:publisher\" content=\"https:\/\/www.facebook.com\/jldlague\" \/>\n<meta property=\"article:modified_time\" content=\"2026-03-23T12:02:46+00:00\" \/>\n<meta property=\"og:image\" content=\"https:\/\/jldlague.com\/wp-content\/uploads\/2026\/03\/20260216_143409920_iOS-scaled.jpg\" \/>\n\t<meta property=\"og:image:width\" content=\"2560\" \/>\n\t<meta property=\"og:image:height\" content=\"1920\" \/>\n\t<meta property=\"og:image:type\" content=\"image\/jpeg\" \/>\n<meta name=\"twitter:card\" content=\"summary_large_image\" \/>\n<script type=\"application\/ld+json\" class=\"yoast-schema-graph\">{\"@context\":\"https:\/\/schema.org\",\"@graph\":[{\"@type\":\"WebPage\",\"@id\":\"https:\/\/jldlague.com\/en\/product\/used-equipment\/hay-equipment-and-accessories\/balers-accessories-used\/presse-grosses-balles-large-square-baler-3x3\/\",\"url\":\"https:\/\/jldlague.com\/en\/product\/used-equipment\/hay-equipment-and-accessories\/balers-accessories-used\/presse-grosses-balles-large-square-baler-3x3\/\",\"name\":\"PRESSE GROSSES BALLES \/ LARGE SQUARE BALER 3X3 - John Deere - JLD-Lagu\u00eb 400780\",\"isPartOf\":{\"@id\":\"https:\/\/jldlague.com\/en\/#website\"},\"primaryImageOfPage\":{\"@id\":\"https:\/\/jldlague.com\/en\/product\/used-equipment\/hay-equipment-and-accessories\/balers-accessories-used\/presse-grosses-balles-large-square-baler-3x3\/#primaryimage\"},\"image\":{\"@id\":\"https:\/\/jldlague.com\/en\/product\/used-equipment\/hay-equipment-and-accessories\/balers-accessories-used\/presse-grosses-balles-large-square-baler-3x3\/#primaryimage\"},\"thumbnailUrl\":\"https:\/\/jldlague.com\/wp-content\/uploads\/2026\/03\/20260216_143409920_iOS-scaled.jpg\",\"datePublished\":\"2026-03-20T12:00:19+00:00\",\"dateModified\":\"2026-03-23T12:02:46+00:00\",\"description\":\"D\u00e9couvrez le produit PRESSE GROSSES BALLES \/ LARGE SQUARE BALER 3X3Balers &amp; Accessories, \u00c9quipements usag\u00e9s, Hay equipment and accessories, Presses et accessoires, Used equipment (400780) de John Deeredisponible chez JLD-Lagu\u00eb\",\"breadcrumb\":{\"@id\":\"https:\/\/jldlague.com\/en\/product\/used-equipment\/hay-equipment-and-accessories\/balers-accessories-used\/presse-grosses-balles-large-square-baler-3x3\/#breadcrumb\"},\"inLanguage\":\"en-US\",\"potentialAction\":[{\"@type\":\"ReadAction\",\"target\":[\"https:\/\/jldlague.com\/en\/product\/used-equipment\/hay-equipment-and-accessories\/balers-accessories-used\/presse-grosses-balles-large-square-baler-3x3\/\"]}]},{\"@type\":\"ImageObject\",\"inLanguage\":\"en-US\",\"@id\":\"https:\/\/jldlague.com\/en\/product\/used-equipment\/hay-equipment-and-accessories\/balers-accessories-used\/presse-grosses-balles-large-square-baler-3x3\/#primaryimage\",\"url\":\"https:\/\/jldlague.com\/wp-content\/uploads\/2026\/03\/20260216_143409920_iOS-scaled.jpg\",\"contentUrl\":\"https:\/\/jldlague.com\/wp-content\/uploads\/2026\/03\/20260216_143409920_iOS-scaled.jpg\",\"width\":2560,\"height\":1920},{\"@type\":\"BreadcrumbList\",\"@id\":\"https:\/\/jldlague.com\/en\/product\/used-equipment\/hay-equipment-and-accessories\/balers-accessories-used\/presse-grosses-balles-large-square-baler-3x3\/#breadcrumb\",\"itemListElement\":[{\"@type\":\"ListItem\",\"position\":1,\"name\":\"Home\",\"item\":\"https:\/\/jldlague.com\/en\/\"},{\"@type\":\"ListItem\",\"position\":2,\"name\":\"Used equipment\",\"item\":\"https:\/\/jldlague.com\/en\/product-category\/used-equipment\/\"},{\"@type\":\"ListItem\",\"position\":3,\"name\":\"Hay equipment and accessories\",\"item\":\"https:\/\/jldlague.com\/en\/product-category\/used-equipment\/hay-equipment-and-accessories\/\"},{\"@type\":\"ListItem\",\"position\":4,\"name\":\"Balers &amp; Accessories\",\"item\":\"https:\/\/jldlague.com\/en\/product-category\/used-equipment\/hay-equipment-and-accessories\/balers-accessories-used\/\"},{\"@type\":\"ListItem\",\"position\":5,\"name\":\"PRESSE GROSSES BALLES \/ LARGE SQUARE BALER 3X3\"}]},{\"@type\":\"WebSite\",\"@id\":\"https:\/\/jldlague.com\/en\/#website\",\"url\":\"https:\/\/jldlague.com\/en\/\",\"name\":\"JLD-Lagu\u00eb\",\"description\":\"\",\"publisher\":{\"@id\":\"https:\/\/jldlague.com\/en\/#organization\"},\"alternateName\":\"JLD\",\"potentialAction\":[{\"@type\":\"SearchAction\",\"target\":{\"@type\":\"EntryPoint\",\"urlTemplate\":\"https:\/\/jldlague.com\/en\/?s={search_term_string}\"},\"query-input\":{\"@type\":\"PropertyValueSpecification\",\"valueRequired\":true,\"valueName\":\"search_term_string\"}}],\"inLanguage\":\"en-US\"},{\"@type\":\"Organization\",\"@id\":\"https:\/\/jldlague.com\/en\/#organization\",\"name\":\"JLD-Lagu\u00eb\",\"url\":\"https:\/\/jldlague.com\/en\/\",\"logo\":{\"@type\":\"ImageObject\",\"inLanguage\":\"en-US\",\"@id\":\"https:\/\/jldlague.com\/en\/#\/schema\/logo\/image\/\",\"url\":\"https:\/\/jldlague.com\/wp-content\/uploads\/2023\/06\/logos.svg\",\"contentUrl\":\"https:\/\/jldlague.com\/wp-content\/uploads\/2023\/06\/logos.svg\",\"width\":385,\"height\":50,\"caption\":\"JLD-Lagu\u00eb\"},\"image\":{\"@id\":\"https:\/\/jldlague.com\/en\/#\/schema\/logo\/image\/\"},\"sameAs\":[\"https:\/\/www.facebook.com\/jldlague\",\"https:\/\/www.linkedin.com\/company\/the-jld-group-john-deere-dealer\",\"https:\/\/www.instagram.com\/jldlague\/\",\"https:\/\/www.youtube.com\/channel\/UCRpOpeDrLm9lIf6jXO7cJZw\"]}]}<\/script>\n<!-- \/ Yoast SEO plugin. -->","yoast_head_json":{"title":"PRESSE GROSSES BALLES \/ LARGE SQUARE BALER 3X3 - John Deere - JLD-Lagu\u00eb 400780","description":"D\u00e9couvrez le produit PRESSE GROSSES BALLES \/ LARGE SQUARE BALER 3X3Balers &amp; Accessories, \u00c9quipements usag\u00e9s, Hay equipment and accessories, Presses et accessoires, Used equipment (400780) de John Deeredisponible chez JLD-Lagu\u00eb","robots":{"index":"index","follow":"follow","max-snippet":"max-snippet:-1","max-image-preview":"max-image-preview:large","max-video-preview":"max-video-preview:-1"},"canonical":"https:\/\/jldlague.com\/en\/product\/used-equipment\/hay-equipment-and-accessories\/balers-accessories-used\/presse-grosses-balles-large-square-baler-3x3\/","og_locale":"en_US","og_type":"article","og_title":"PRESSE GROSSES BALLES \/ LARGE SQUARE BALER 3X3 - John Deere - JLD-Lagu\u00eb 400780","og_description":"D\u00e9couvrez le produit PRESSE GROSSES BALLES \/ LARGE SQUARE BALER 3X3Balers &amp; Accessories, \u00c9quipements usag\u00e9s, Hay equipment and accessories, Presses et accessoires, Used equipment (400780) de John Deeredisponible chez JLD-Lagu\u00eb","og_url":"https:\/\/jldlague.com\/en\/product\/used-equipment\/hay-equipment-and-accessories\/balers-accessories-used\/presse-grosses-balles-large-square-baler-3x3\/","og_site_name":"JLD-Lagu\u00eb","article_publisher":"https:\/\/www.facebook.com\/jldlague","article_modified_time":"2026-03-23T12:02:46+00:00","og_image":[{"width":2560,"height":1920,"url":"https:\/\/jldlague.com\/wp-content\/uploads\/2026\/03\/20260216_143409920_iOS-scaled.jpg","type":"image\/jpeg"}],"twitter_card":"summary_large_image","schema":{"@context":"https:\/\/schema.org","@graph":[{"@type":"WebPage","@id":"https:\/\/jldlague.com\/en\/product\/used-equipment\/hay-equipment-and-accessories\/balers-accessories-used\/presse-grosses-balles-large-square-baler-3x3\/","url":"https:\/\/jldlague.com\/en\/product\/used-equipment\/hay-equipment-and-accessories\/balers-accessories-used\/presse-grosses-balles-large-square-baler-3x3\/","name":"PRESSE GROSSES BALLES \/ LARGE SQUARE BALER 3X3 - John Deere - JLD-Lagu\u00eb 400780","isPartOf":{"@id":"https:\/\/jldlague.com\/en\/#website"},"primaryImageOfPage":{"@id":"https:\/\/jldlague.com\/en\/product\/used-equipment\/hay-equipment-and-accessories\/balers-accessories-used\/presse-grosses-balles-large-square-baler-3x3\/#primaryimage"},"image":{"@id":"https:\/\/jldlague.com\/en\/product\/used-equipment\/hay-equipment-and-accessories\/balers-accessories-used\/presse-grosses-balles-large-square-baler-3x3\/#primaryimage"},"thumbnailUrl":"https:\/\/jldlague.com\/wp-content\/uploads\/2026\/03\/20260216_143409920_iOS-scaled.jpg","datePublished":"2026-03-20T12:00:19+00:00","dateModified":"2026-03-23T12:02:46+00:00","description":"D\u00e9couvrez le produit PRESSE GROSSES BALLES \/ LARGE SQUARE BALER 3X3Balers &amp; Accessories, \u00c9quipements usag\u00e9s, Hay equipment and accessories, Presses et accessoires, Used equipment (400780) de John Deeredisponible chez JLD-Lagu\u00eb","breadcrumb":{"@id":"https:\/\/jldlague.com\/en\/product\/used-equipment\/hay-equipment-and-accessories\/balers-accessories-used\/presse-grosses-balles-large-square-baler-3x3\/#breadcrumb"},"inLanguage":"en-US","potentialAction":[{"@type":"ReadAction","target":["https:\/\/jldlague.com\/en\/product\/used-equipment\/hay-equipment-and-accessories\/balers-accessories-used\/presse-grosses-balles-large-square-baler-3x3\/"]}]},{"@type":"ImageObject","inLanguage":"en-US","@id":"https:\/\/jldlague.com\/en\/product\/used-equipment\/hay-equipment-and-accessories\/balers-accessories-used\/presse-grosses-balles-large-square-baler-3x3\/#primaryimage","url":"https:\/\/jldlague.com\/wp-content\/uploads\/2026\/03\/20260216_143409920_iOS-scaled.jpg","contentUrl":"https:\/\/jldlague.com\/wp-content\/uploads\/2026\/03\/20260216_143409920_iOS-scaled.jpg","width":2560,"height":1920},{"@type":"BreadcrumbList","@id":"https:\/\/jldlague.com\/en\/product\/used-equipment\/hay-equipment-and-accessories\/balers-accessories-used\/presse-grosses-balles-large-square-baler-3x3\/#breadcrumb","itemListElement":[{"@type":"ListItem","position":1,"name":"Home","item":"https:\/\/jldlague.com\/en\/"},{"@type":"ListItem","position":2,"name":"Used equipment","item":"https:\/\/jldlague.com\/en\/product-category\/used-equipment\/"},{"@type":"ListItem","position":3,"name":"Hay equipment and accessories","item":"https:\/\/jldlague.com\/en\/product-category\/used-equipment\/hay-equipment-and-accessories\/"},{"@type":"ListItem","position":4,"name":"Balers &amp; Accessories","item":"https:\/\/jldlague.com\/en\/product-category\/used-equipment\/hay-equipment-and-accessories\/balers-accessories-used\/"},{"@type":"ListItem","position":5,"name":"PRESSE GROSSES BALLES \/ LARGE SQUARE BALER 3X3"}]},{"@type":"WebSite","@id":"https:\/\/jldlague.com\/en\/#website","url":"https:\/\/jldlague.com\/en\/","name":"JLD-Lagu\u00eb","description":"","publisher":{"@id":"https:\/\/jldlague.com\/en\/#organization"},"alternateName":"JLD","potentialAction":[{"@type":"SearchAction","target":{"@type":"EntryPoint","urlTemplate":"https:\/\/jldlague.com\/en\/?s={search_term_string}"},"query-input":{"@type":"PropertyValueSpecification","valueRequired":true,"valueName":"search_term_string"}}],"inLanguage":"en-US"},{"@type":"Organization","@id":"https:\/\/jldlague.com\/en\/#organization","name":"JLD-Lagu\u00eb","url":"https:\/\/jldlague.com\/en\/","logo":{"@type":"ImageObject","inLanguage":"en-US","@id":"https:\/\/jldlague.com\/en\/#\/schema\/logo\/image\/","url":"https:\/\/jldlague.com\/wp-content\/uploads\/2023\/06\/logos.svg","contentUrl":"https:\/\/jldlague.com\/wp-content\/uploads\/2023\/06\/logos.svg","width":385,"height":50,"caption":"JLD-Lagu\u00eb"},"image":{"@id":"https:\/\/jldlague.com\/en\/#\/schema\/logo\/image\/"},"sameAs":["https:\/\/www.facebook.com\/jldlague","https:\/\/www.linkedin.com\/company\/the-jld-group-john-deere-dealer","https:\/\/www.instagram.com\/jldlague\/","https:\/\/www.youtube.com\/channel\/UCRpOpeDrLm9lIf6jXO7cJZw"]}]}},"_links":{"self":[{"href":"https:\/\/jldlague.com\/en\/wp-json\/wp\/v2\/product\/442640","targetHints":{"allow":["GET"]}}],"collection":[{"href":"https:\/\/jldlague.com\/en\/wp-json\/wp\/v2\/product"}],"about":[{"href":"https:\/\/jldlague.com\/en\/wp-json\/wp\/v2\/types\/product"}],"wp:featuredmedia":[{"embeddable":true,"href":"https:\/\/jldlague.com\/en\/wp-json\/wp\/v2\/media\/442781"}],"wp:attachment":[{"href":"https:\/\/jldlague.com\/en\/wp-json\/wp\/v2\/media?parent=442640"}],"wp:term":[{"taxonomy":"product_brand","embeddable":true,"href":"https:\/\/jldlague.com\/en\/wp-json\/wp\/v2\/product_brand?post=442640"},{"taxonomy":"product_cat","embeddable":true,"href":"https:\/\/jldlague.com\/en\/wp-json\/wp\/v2\/product_cat?post=442640"},{"taxonomy":"product_tag","embeddable":true,"href":"https:\/\/jldlague.com\/en\/wp-json\/wp\/v2\/product_tag?post=442640"},{"taxonomy":"brand","embeddable":true,"href":"https:\/\/jldlague.com\/en\/wp-json\/wp\/v2\/brand?post=442640"},{"taxonomy":"industry","embeddable":true,"href":"https:\/\/jldlague.com\/en\/wp-json\/wp\/v2\/industry?post=442640"}],"curies":[{"name":"wp","href":"https:\/\/api.w.org\/{rel}","templated":true}]}}