{"id":443441,"date":"2026-03-28T08:00:21","date_gmt":"2026-03-28T12:00:21","guid":{"rendered":""},"modified":"2026-04-02T08:03:37","modified_gmt":"2026-04-02T12:03:37","slug":"chargeur-wheel-loader-kit-2","status":"publish","type":"product","link":"https:\/\/jldlague.com\/en\/product\/used-equipment\/construction-light-industrial\/wheel-loaders-used\/chargeur-wheel-loader-kit-2\/","title":{"rendered":"CHARGEUR \/ WHEEL LOADER KIT"},"content":{"rendered":"<p>JD 344L CABINE A\/C, 103HP ENGINE,  17.5R25, NOKIAN 75% GOOD,  REAR WHEELS STEER, JOYSTICK,  AUX. HYDRAULIC OUTLET,  HYDRAULIC BUCKET QUICK TACH,  2 SPEED S TRANSMISSIION, RIDE CONTROL,  BACK UP CAMERA,  2.0V BUCKET, PALET FORK,  HOULE 8-16X44&#8221; , HYDRAULIC WINGS,  ANGLE KIT, CUTTING EDGE 70% GOOD,  S\/N 16005-24  WARRANTY 2000HRS \/ OCT. 18 2028 JD, <\/p>\n","protected":false},"excerpt":{"rendered":"<p>JD 344L CABINE A\/C, 103HP ENGINE, 17.5R25, NOKIAN 75% GOOD, REAR WHEELS STEER, JOYSTICK, AUX. HYDRAULIC OUTLET, HYDRAULIC BUCKET QUICK TACH, 2 SPEED S TRANSMISSIION, RIDE CONTROL, BACK UP CAMERA, 2.0V BUCKET, PALET FORK, HOULE 8-16X44&#8221; , HYDRAULIC WINGS, ANGLE KIT, CUTTING EDGE 70% GOOD, S\/N 16005-24 WARRANTY 2000HRS \/ OCT. 18 2028 JD,<\/p>\n","protected":false},"featured_media":0,"template":"","meta":{"_acf_changed":false},"product_brand":[],"product_cat":[506,93,150,30,37,548],"product_tag":[],"brand":[75],"industry":[],"class_list":{"0":"post-443441","1":"product","2":"type-product","3":"status-publish","5":"product_cat-chargeurs-usages","6":"product_cat-construction-industriel-leger-usages","7":"product_cat-construction-light-industrial","8":"product_cat-equipements-usages","9":"product_cat-used-equipment","10":"product_cat-wheel-loaders-used","11":"brand-john-deere","13":"first","14":"instock","15":"taxable","16":"shipping-taxable","17":"product-type-simple"},"acf":{"year":2022,"hours":1035,"model":"344L","kilometers":"","overrideShowForms":false,"keepProductStatusWhenImporting":false},"yoast_head":"<!-- This site is optimized with the Yoast SEO plugin v27.2 - https:\/\/yoast.com\/product\/yoast-seo-wordpress\/ -->\n<title>CHARGEUR \/ WHEEL LOADER KIT - John Deere - JLD-Lagu\u00eb R359717A<\/title>\n<meta name=\"description\" content=\"D\u00e9couvrez le produit CHARGEUR \/ WHEEL LOADER KITChargeurs, Construction \/ Industriel l\u00e9ger, Construction \/ Light Industrial, \u00c9quipements usag\u00e9s, Used equipment, Wheel Loaders (R359717A) de John Deeredisponible chez JLD-Lagu\u00eb\" \/>\n<meta name=\"robots\" content=\"index, follow, max-snippet:-1, max-image-preview:large, max-video-preview:-1\" \/>\n<link rel=\"canonical\" href=\"https:\/\/jldlague.com\/en\/product\/used-equipment\/construction-light-industrial\/wheel-loaders-used\/chargeur-wheel-loader-kit-2\/\" \/>\n<meta property=\"og:locale\" content=\"en_US\" \/>\n<meta property=\"og:type\" content=\"article\" \/>\n<meta property=\"og:title\" content=\"CHARGEUR \/ WHEEL LOADER KIT - John Deere - JLD-Lagu\u00eb R359717A\" \/>\n<meta property=\"og:description\" content=\"D\u00e9couvrez le produit CHARGEUR \/ WHEEL LOADER KITChargeurs, Construction \/ Industriel l\u00e9ger, Construction \/ Light Industrial, \u00c9quipements usag\u00e9s, Used equipment, Wheel Loaders (R359717A) de John Deeredisponible chez JLD-Lagu\u00eb\" \/>\n<meta property=\"og:url\" content=\"https:\/\/jldlague.com\/en\/product\/used-equipment\/construction-light-industrial\/wheel-loaders-used\/chargeur-wheel-loader-kit-2\/\" \/>\n<meta property=\"og:site_name\" content=\"JLD-Lagu\u00eb\" \/>\n<meta property=\"article:publisher\" content=\"https:\/\/www.facebook.com\/jldlague\" \/>\n<meta property=\"article:modified_time\" content=\"2026-04-02T12:03:37+00:00\" \/>\n<meta property=\"og:image\" content=\"https:\/\/jldlague.com\/wp-content\/uploads\/2023\/08\/JLD_Image_partage.png\" \/>\n\t<meta property=\"og:image:width\" content=\"1200\" \/>\n\t<meta property=\"og:image:height\" content=\"675\" \/>\n\t<meta property=\"og:image:type\" content=\"image\/png\" \/>\n<meta name=\"twitter:card\" content=\"summary_large_image\" \/>\n<script type=\"application\/ld+json\" class=\"yoast-schema-graph\">{\"@context\":\"https:\/\/schema.org\",\"@graph\":[{\"@type\":\"WebPage\",\"@id\":\"https:\/\/jldlague.com\/en\/product\/used-equipment\/construction-light-industrial\/wheel-loaders-used\/chargeur-wheel-loader-kit-2\/\",\"url\":\"https:\/\/jldlague.com\/en\/product\/used-equipment\/construction-light-industrial\/wheel-loaders-used\/chargeur-wheel-loader-kit-2\/\",\"name\":\"CHARGEUR \/ WHEEL LOADER KIT - John Deere - JLD-Lagu\u00eb R359717A\",\"isPartOf\":{\"@id\":\"https:\/\/jldlague.com\/en\/#website\"},\"datePublished\":\"2026-03-28T12:00:21+00:00\",\"dateModified\":\"2026-04-02T12:03:37+00:00\",\"description\":\"D\u00e9couvrez le produit CHARGEUR \/ WHEEL LOADER KITChargeurs, Construction \/ Industriel l\u00e9ger, Construction \/ Light Industrial, \u00c9quipements usag\u00e9s, Used equipment, Wheel Loaders (R359717A) de John Deeredisponible chez JLD-Lagu\u00eb\",\"breadcrumb\":{\"@id\":\"https:\/\/jldlague.com\/en\/product\/used-equipment\/construction-light-industrial\/wheel-loaders-used\/chargeur-wheel-loader-kit-2\/#breadcrumb\"},\"inLanguage\":\"en-US\",\"potentialAction\":[{\"@type\":\"ReadAction\",\"target\":[\"https:\/\/jldlague.com\/en\/product\/used-equipment\/construction-light-industrial\/wheel-loaders-used\/chargeur-wheel-loader-kit-2\/\"]}]},{\"@type\":\"BreadcrumbList\",\"@id\":\"https:\/\/jldlague.com\/en\/product\/used-equipment\/construction-light-industrial\/wheel-loaders-used\/chargeur-wheel-loader-kit-2\/#breadcrumb\",\"itemListElement\":[{\"@type\":\"ListItem\",\"position\":1,\"name\":\"Home\",\"item\":\"https:\/\/jldlague.com\/en\/\"},{\"@type\":\"ListItem\",\"position\":2,\"name\":\"Used equipment\",\"item\":\"https:\/\/jldlague.com\/en\/product-category\/used-equipment\/\"},{\"@type\":\"ListItem\",\"position\":3,\"name\":\"Construction \/ Light Industrial\",\"item\":\"https:\/\/jldlague.com\/en\/product-category\/used-equipment\/construction-light-industrial\/\"},{\"@type\":\"ListItem\",\"position\":4,\"name\":\"Wheel Loaders\",\"item\":\"https:\/\/jldlague.com\/en\/product-category\/used-equipment\/construction-light-industrial\/wheel-loaders-used\/\"},{\"@type\":\"ListItem\",\"position\":5,\"name\":\"CHARGEUR \/ WHEEL LOADER\"}]},{\"@type\":\"WebSite\",\"@id\":\"https:\/\/jldlague.com\/en\/#website\",\"url\":\"https:\/\/jldlague.com\/en\/\",\"name\":\"JLD-Lagu\u00eb\",\"description\":\"\",\"publisher\":{\"@id\":\"https:\/\/jldlague.com\/en\/#organization\"},\"alternateName\":\"JLD\",\"potentialAction\":[{\"@type\":\"SearchAction\",\"target\":{\"@type\":\"EntryPoint\",\"urlTemplate\":\"https:\/\/jldlague.com\/en\/?s={search_term_string}\"},\"query-input\":{\"@type\":\"PropertyValueSpecification\",\"valueRequired\":true,\"valueName\":\"search_term_string\"}}],\"inLanguage\":\"en-US\"},{\"@type\":\"Organization\",\"@id\":\"https:\/\/jldlague.com\/en\/#organization\",\"name\":\"JLD-Lagu\u00eb\",\"url\":\"https:\/\/jldlague.com\/en\/\",\"logo\":{\"@type\":\"ImageObject\",\"inLanguage\":\"en-US\",\"@id\":\"https:\/\/jldlague.com\/en\/#\/schema\/logo\/image\/\",\"url\":\"https:\/\/jldlague.com\/wp-content\/uploads\/2023\/06\/logos.svg\",\"contentUrl\":\"https:\/\/jldlague.com\/wp-content\/uploads\/2023\/06\/logos.svg\",\"width\":385,\"height\":50,\"caption\":\"JLD-Lagu\u00eb\"},\"image\":{\"@id\":\"https:\/\/jldlague.com\/en\/#\/schema\/logo\/image\/\"},\"sameAs\":[\"https:\/\/www.facebook.com\/jldlague\",\"https:\/\/www.linkedin.com\/company\/the-jld-group-john-deere-dealer\",\"https:\/\/www.instagram.com\/jldlague\/\",\"https:\/\/www.youtube.com\/channel\/UCRpOpeDrLm9lIf6jXO7cJZw\"]}]}<\/script>\n<!-- \/ Yoast SEO plugin. -->","yoast_head_json":{"title":"CHARGEUR \/ WHEEL LOADER KIT - John Deere - JLD-Lagu\u00eb R359717A","description":"D\u00e9couvrez le produit CHARGEUR \/ WHEEL LOADER KITChargeurs, Construction \/ Industriel l\u00e9ger, Construction \/ Light Industrial, \u00c9quipements usag\u00e9s, Used equipment, Wheel Loaders (R359717A) de John Deeredisponible chez JLD-Lagu\u00eb","robots":{"index":"index","follow":"follow","max-snippet":"max-snippet:-1","max-image-preview":"max-image-preview:large","max-video-preview":"max-video-preview:-1"},"canonical":"https:\/\/jldlague.com\/en\/product\/used-equipment\/construction-light-industrial\/wheel-loaders-used\/chargeur-wheel-loader-kit-2\/","og_locale":"en_US","og_type":"article","og_title":"CHARGEUR \/ WHEEL LOADER KIT - John Deere - JLD-Lagu\u00eb R359717A","og_description":"D\u00e9couvrez le produit CHARGEUR \/ WHEEL LOADER KITChargeurs, Construction \/ Industriel l\u00e9ger, Construction \/ Light Industrial, \u00c9quipements usag\u00e9s, Used equipment, Wheel Loaders (R359717A) de John Deeredisponible chez JLD-Lagu\u00eb","og_url":"https:\/\/jldlague.com\/en\/product\/used-equipment\/construction-light-industrial\/wheel-loaders-used\/chargeur-wheel-loader-kit-2\/","og_site_name":"JLD-Lagu\u00eb","article_publisher":"https:\/\/www.facebook.com\/jldlague","article_modified_time":"2026-04-02T12:03:37+00:00","og_image":[{"width":1200,"height":675,"url":"https:\/\/jldlague.com\/wp-content\/uploads\/2023\/08\/JLD_Image_partage.png","type":"image\/png"}],"twitter_card":"summary_large_image","schema":{"@context":"https:\/\/schema.org","@graph":[{"@type":"WebPage","@id":"https:\/\/jldlague.com\/en\/product\/used-equipment\/construction-light-industrial\/wheel-loaders-used\/chargeur-wheel-loader-kit-2\/","url":"https:\/\/jldlague.com\/en\/product\/used-equipment\/construction-light-industrial\/wheel-loaders-used\/chargeur-wheel-loader-kit-2\/","name":"CHARGEUR \/ WHEEL LOADER KIT - John Deere - JLD-Lagu\u00eb R359717A","isPartOf":{"@id":"https:\/\/jldlague.com\/en\/#website"},"datePublished":"2026-03-28T12:00:21+00:00","dateModified":"2026-04-02T12:03:37+00:00","description":"D\u00e9couvrez le produit CHARGEUR \/ WHEEL LOADER KITChargeurs, Construction \/ Industriel l\u00e9ger, Construction \/ Light Industrial, \u00c9quipements usag\u00e9s, Used equipment, Wheel Loaders (R359717A) de John Deeredisponible chez JLD-Lagu\u00eb","breadcrumb":{"@id":"https:\/\/jldlague.com\/en\/product\/used-equipment\/construction-light-industrial\/wheel-loaders-used\/chargeur-wheel-loader-kit-2\/#breadcrumb"},"inLanguage":"en-US","potentialAction":[{"@type":"ReadAction","target":["https:\/\/jldlague.com\/en\/product\/used-equipment\/construction-light-industrial\/wheel-loaders-used\/chargeur-wheel-loader-kit-2\/"]}]},{"@type":"BreadcrumbList","@id":"https:\/\/jldlague.com\/en\/product\/used-equipment\/construction-light-industrial\/wheel-loaders-used\/chargeur-wheel-loader-kit-2\/#breadcrumb","itemListElement":[{"@type":"ListItem","position":1,"name":"Home","item":"https:\/\/jldlague.com\/en\/"},{"@type":"ListItem","position":2,"name":"Used equipment","item":"https:\/\/jldlague.com\/en\/product-category\/used-equipment\/"},{"@type":"ListItem","position":3,"name":"Construction \/ Light Industrial","item":"https:\/\/jldlague.com\/en\/product-category\/used-equipment\/construction-light-industrial\/"},{"@type":"ListItem","position":4,"name":"Wheel Loaders","item":"https:\/\/jldlague.com\/en\/product-category\/used-equipment\/construction-light-industrial\/wheel-loaders-used\/"},{"@type":"ListItem","position":5,"name":"CHARGEUR \/ WHEEL LOADER"}]},{"@type":"WebSite","@id":"https:\/\/jldlague.com\/en\/#website","url":"https:\/\/jldlague.com\/en\/","name":"JLD-Lagu\u00eb","description":"","publisher":{"@id":"https:\/\/jldlague.com\/en\/#organization"},"alternateName":"JLD","potentialAction":[{"@type":"SearchAction","target":{"@type":"EntryPoint","urlTemplate":"https:\/\/jldlague.com\/en\/?s={search_term_string}"},"query-input":{"@type":"PropertyValueSpecification","valueRequired":true,"valueName":"search_term_string"}}],"inLanguage":"en-US"},{"@type":"Organization","@id":"https:\/\/jldlague.com\/en\/#organization","name":"JLD-Lagu\u00eb","url":"https:\/\/jldlague.com\/en\/","logo":{"@type":"ImageObject","inLanguage":"en-US","@id":"https:\/\/jldlague.com\/en\/#\/schema\/logo\/image\/","url":"https:\/\/jldlague.com\/wp-content\/uploads\/2023\/06\/logos.svg","contentUrl":"https:\/\/jldlague.com\/wp-content\/uploads\/2023\/06\/logos.svg","width":385,"height":50,"caption":"JLD-Lagu\u00eb"},"image":{"@id":"https:\/\/jldlague.com\/en\/#\/schema\/logo\/image\/"},"sameAs":["https:\/\/www.facebook.com\/jldlague","https:\/\/www.linkedin.com\/company\/the-jld-group-john-deere-dealer","https:\/\/www.instagram.com\/jldlague\/","https:\/\/www.youtube.com\/channel\/UCRpOpeDrLm9lIf6jXO7cJZw"]}]}},"_links":{"self":[{"href":"https:\/\/jldlague.com\/en\/wp-json\/wp\/v2\/product\/443441","targetHints":{"allow":["GET"]}}],"collection":[{"href":"https:\/\/jldlague.com\/en\/wp-json\/wp\/v2\/product"}],"about":[{"href":"https:\/\/jldlague.com\/en\/wp-json\/wp\/v2\/types\/product"}],"wp:attachment":[{"href":"https:\/\/jldlague.com\/en\/wp-json\/wp\/v2\/media?parent=443441"}],"wp:term":[{"taxonomy":"product_brand","embeddable":true,"href":"https:\/\/jldlague.com\/en\/wp-json\/wp\/v2\/product_brand?post=443441"},{"taxonomy":"product_cat","embeddable":true,"href":"https:\/\/jldlague.com\/en\/wp-json\/wp\/v2\/product_cat?post=443441"},{"taxonomy":"product_tag","embeddable":true,"href":"https:\/\/jldlague.com\/en\/wp-json\/wp\/v2\/product_tag?post=443441"},{"taxonomy":"brand","embeddable":true,"href":"https:\/\/jldlague.com\/en\/wp-json\/wp\/v2\/brand?post=443441"},{"taxonomy":"industry","embeddable":true,"href":"https:\/\/jldlague.com\/en\/wp-json\/wp\/v2\/industry?post=443441"}],"curies":[{"name":"wp","href":"https:\/\/api.w.org\/{rel}","templated":true}]}}