{"id":445711,"date":"2026-04-15T08:17:31","date_gmt":"2026-04-15T12:17:31","guid":{"rendered":""},"modified":"2026-04-15T13:34:26","modified_gmt":"2026-04-15T17:34:26","slug":"scie-ms-500i-l-3","status":"publish","type":"product","link":"https:\/\/jldlague.com\/en\/product\/small-equipment\/all-small-equipment\/scie-ms-500i-l-3\/","title":{"rendered":"SCIE MS 500i L"},"content":{"rendered":"<h2 class=\"product-details__title\">MS 500i gas chainsaw: Professional high-performance forestry saw with STIHL Injection<\/h2>\n<div class=\"product-details__description richtexteditor\">\n<p>The STIHL MS 500i gas-driven chainsaw is\u00a0<strong>ideal for forestry work<\/strong>. Above all, it lets you\u00a0<strong>process thick wood<\/strong>\u00a0efficiently based on this tool\u2019s high performance and ease of use.\u00a0<strong>Thanks to lightweight design and dynamic swivel behaviour<\/strong>, this highly manoeuvrable chainsaw impresses not only when felling and cutting to length, but also when pruning.<\/p>\n<p>The MS 500i is the\u00a0<strong>world\u2019s first chainsaw to feature electronically controlled injection<\/strong>. The innovative STIHL Injection technology guarantees\u00a0<strong>optimum engine performance and excellent starting characteristics<\/strong>, regardless of altitude and ambient temperature. Sensors measure air pressure and internal and external temperature, and pass information on to the control unit. This can use the identified values to determine the optimum fuel quantity and ignition timing. As a result, fuel metering is assured through the opening and closing of the valve.\u00a0<strong>STIHL Injection is therefore synonymous with rapid acceleration, extremely high power, and low weight<\/strong>:<\/p>\n<ul>\n<li>the chain accelerates\u00a0<strong>from 0\u00a0km\/h to 100\u00a0km\/h in 0.25 seconds<\/strong>.<\/li>\n<li>The MS 500i achieves the best power-to-weight ratio on the market: an unparalleled 1.24\u00a0kg\/kW.<\/li>\n<\/ul>\n<p>Electronically controlled fuel injection takes place in the tried-and-tested STIHL 2-MIX engine, which offers high performance with low fuel consumption. The gas-driven chainsaw features STIHL ElastoStart to protect your muscles and joints. Its HD2 air filter, captive nuts on the sprocket cover, controlled-delivery oil pump, tool-free fuel cap and side-mounted chain tensioning complete the premium features.<\/p>\n<\/div>\n","protected":false},"excerpt":{"rendered":"<p>MS 500i gas chainsaw: Professional high-performance forestry saw with STIHL Injection The STIHL MS 500i gas-driven chainsaw is\u00a0ideal for forestry work. Above all, it lets you\u00a0process thick wood\u00a0efficiently based on this tool\u2019s high performance and ease of use.\u00a0Thanks to lightweight design and dynamic swivel behaviour, this highly manoeuvrable chainsaw impresses not only when felling and &hellip; <a href=\"https:\/\/jldlague.com\/en\/product\/small-equipment\/all-small-equipment\/scie-ms-500i-l-3\/\">Continued<\/a><\/p>\n","protected":false},"featured_media":445790,"template":"","meta":{"_acf_changed":false},"product_brand":[],"product_cat":[1275,163],"product_tag":[],"brand":[],"industry":[],"class_list":{"0":"post-445711","1":"product","2":"type-product","3":"status-publish","4":"has-post-thumbnail","6":"product_cat-all-small-equipment","7":"product_cat-small-equipment","9":"first","10":"instock","11":"taxable","12":"shipping-taxable","13":"purchasable","14":"product-type-simple"},"acf":{"year":"","hours":"","model":"","kilometers":"","overrideShowForms":false,"keepProductStatusWhenImporting":false},"yoast_head":"<!-- This site is optimized with the Yoast SEO plugin v27.2 - https:\/\/yoast.com\/product\/yoast-seo-wordpress\/ -->\n<title>SCIE MS 500i L - JLD-Lagu\u00eb 1147-200-0012<\/title>\n<meta name=\"description\" content=\"D\u00e9couvrez le produit SCIE MS 500i L All our small equipment, Small equipment (1147-200-0012) de disponible chez JLD-Lagu\u00eb\" \/>\n<meta name=\"robots\" content=\"index, follow, max-snippet:-1, max-image-preview:large, max-video-preview:-1\" \/>\n<link rel=\"canonical\" href=\"https:\/\/jldlague.com\/en\/product\/small-equipment\/all-small-equipment\/scie-ms-500i-l-3\/\" \/>\n<meta property=\"og:locale\" content=\"en_US\" \/>\n<meta property=\"og:type\" content=\"article\" \/>\n<meta property=\"og:title\" content=\"SCIE MS 500i L - JLD-Lagu\u00eb 1147-200-0012\" \/>\n<meta property=\"og:description\" content=\"D\u00e9couvrez le produit SCIE MS 500i L All our small equipment, Small equipment (1147-200-0012) de disponible chez JLD-Lagu\u00eb\" \/>\n<meta property=\"og:url\" content=\"https:\/\/jldlague.com\/en\/product\/small-equipment\/all-small-equipment\/scie-ms-500i-l-3\/\" \/>\n<meta property=\"og:site_name\" content=\"JLD-Lagu\u00eb\" \/>\n<meta property=\"article:publisher\" content=\"https:\/\/www.facebook.com\/jldlague\" \/>\n<meta property=\"article:modified_time\" content=\"2026-04-15T17:34:26+00:00\" \/>\n<meta property=\"og:image\" content=\"https:\/\/jldlague.com\/wp-content\/uploads\/2026\/04\/img-2.jpg\" \/>\n\t<meta property=\"og:image:width\" content=\"1065\" \/>\n\t<meta property=\"og:image:height\" content=\"710\" \/>\n\t<meta property=\"og:image:type\" content=\"image\/jpeg\" \/>\n<meta name=\"twitter:card\" content=\"summary_large_image\" \/>\n<meta name=\"twitter:label1\" content=\"Est. reading time\" \/>\n\t<meta name=\"twitter:data1\" content=\"2 minutes\" \/>\n<script type=\"application\/ld+json\" class=\"yoast-schema-graph\">{\"@context\":\"https:\/\/schema.org\",\"@graph\":[{\"@type\":\"WebPage\",\"@id\":\"https:\/\/jldlague.com\/en\/product\/small-equipment\/all-small-equipment\/scie-ms-500i-l-3\/\",\"url\":\"https:\/\/jldlague.com\/en\/product\/small-equipment\/all-small-equipment\/scie-ms-500i-l-3\/\",\"name\":\"SCIE MS 500i L - JLD-Lagu\u00eb 1147-200-0012\",\"isPartOf\":{\"@id\":\"https:\/\/jldlague.com\/en\/#website\"},\"primaryImageOfPage\":{\"@id\":\"https:\/\/jldlague.com\/en\/product\/small-equipment\/all-small-equipment\/scie-ms-500i-l-3\/#primaryimage\"},\"image\":{\"@id\":\"https:\/\/jldlague.com\/en\/product\/small-equipment\/all-small-equipment\/scie-ms-500i-l-3\/#primaryimage\"},\"thumbnailUrl\":\"https:\/\/jldlague.com\/wp-content\/uploads\/2026\/04\/img-2.jpg\",\"datePublished\":\"2026-04-15T12:17:31+00:00\",\"dateModified\":\"2026-04-15T17:34:26+00:00\",\"description\":\"D\u00e9couvrez le produit SCIE MS 500i L All our small equipment, Small equipment (1147-200-0012) de disponible chez JLD-Lagu\u00eb\",\"breadcrumb\":{\"@id\":\"https:\/\/jldlague.com\/en\/product\/small-equipment\/all-small-equipment\/scie-ms-500i-l-3\/#breadcrumb\"},\"inLanguage\":\"en-US\",\"potentialAction\":[{\"@type\":\"ReadAction\",\"target\":[\"https:\/\/jldlague.com\/en\/product\/small-equipment\/all-small-equipment\/scie-ms-500i-l-3\/\"]}]},{\"@type\":\"ImageObject\",\"inLanguage\":\"en-US\",\"@id\":\"https:\/\/jldlague.com\/en\/product\/small-equipment\/all-small-equipment\/scie-ms-500i-l-3\/#primaryimage\",\"url\":\"https:\/\/jldlague.com\/wp-content\/uploads\/2026\/04\/img-2.jpg\",\"contentUrl\":\"https:\/\/jldlague.com\/wp-content\/uploads\/2026\/04\/img-2.jpg\",\"width\":1065,\"height\":710},{\"@type\":\"BreadcrumbList\",\"@id\":\"https:\/\/jldlague.com\/en\/product\/small-equipment\/all-small-equipment\/scie-ms-500i-l-3\/#breadcrumb\",\"itemListElement\":[{\"@type\":\"ListItem\",\"position\":1,\"name\":\"Home\",\"item\":\"https:\/\/jldlague.com\/en\/\"},{\"@type\":\"ListItem\",\"position\":2,\"name\":\"Small equipment\",\"item\":\"https:\/\/jldlague.com\/en\/product-category\/small-equipment\/\"},{\"@type\":\"ListItem\",\"position\":3,\"name\":\"All our small equipment\",\"item\":\"https:\/\/jldlague.com\/en\/product-category\/small-equipment\/all-small-equipment\/\"},{\"@type\":\"ListItem\",\"position\":4,\"name\":\"SCIE MS 500i L\"}]},{\"@type\":\"WebSite\",\"@id\":\"https:\/\/jldlague.com\/en\/#website\",\"url\":\"https:\/\/jldlague.com\/en\/\",\"name\":\"JLD-Lagu\u00eb\",\"description\":\"\",\"publisher\":{\"@id\":\"https:\/\/jldlague.com\/en\/#organization\"},\"alternateName\":\"JLD\",\"potentialAction\":[{\"@type\":\"SearchAction\",\"target\":{\"@type\":\"EntryPoint\",\"urlTemplate\":\"https:\/\/jldlague.com\/en\/?s={search_term_string}\"},\"query-input\":{\"@type\":\"PropertyValueSpecification\",\"valueRequired\":true,\"valueName\":\"search_term_string\"}}],\"inLanguage\":\"en-US\"},{\"@type\":\"Organization\",\"@id\":\"https:\/\/jldlague.com\/en\/#organization\",\"name\":\"JLD-Lagu\u00eb\",\"url\":\"https:\/\/jldlague.com\/en\/\",\"logo\":{\"@type\":\"ImageObject\",\"inLanguage\":\"en-US\",\"@id\":\"https:\/\/jldlague.com\/en\/#\/schema\/logo\/image\/\",\"url\":\"https:\/\/jldlague.com\/wp-content\/uploads\/2023\/06\/logos.svg\",\"contentUrl\":\"https:\/\/jldlague.com\/wp-content\/uploads\/2023\/06\/logos.svg\",\"width\":385,\"height\":50,\"caption\":\"JLD-Lagu\u00eb\"},\"image\":{\"@id\":\"https:\/\/jldlague.com\/en\/#\/schema\/logo\/image\/\"},\"sameAs\":[\"https:\/\/www.facebook.com\/jldlague\",\"https:\/\/www.linkedin.com\/company\/the-jld-group-john-deere-dealer\",\"https:\/\/www.instagram.com\/jldlague\/\",\"https:\/\/www.youtube.com\/channel\/UCRpOpeDrLm9lIf6jXO7cJZw\"]}]}<\/script>\n<!-- \/ Yoast SEO plugin. -->","yoast_head_json":{"title":"SCIE MS 500i L - JLD-Lagu\u00eb 1147-200-0012","description":"D\u00e9couvrez le produit SCIE MS 500i L All our small equipment, Small equipment (1147-200-0012) de disponible chez JLD-Lagu\u00eb","robots":{"index":"index","follow":"follow","max-snippet":"max-snippet:-1","max-image-preview":"max-image-preview:large","max-video-preview":"max-video-preview:-1"},"canonical":"https:\/\/jldlague.com\/en\/product\/small-equipment\/all-small-equipment\/scie-ms-500i-l-3\/","og_locale":"en_US","og_type":"article","og_title":"SCIE MS 500i L - JLD-Lagu\u00eb 1147-200-0012","og_description":"D\u00e9couvrez le produit SCIE MS 500i L All our small equipment, Small equipment (1147-200-0012) de disponible chez JLD-Lagu\u00eb","og_url":"https:\/\/jldlague.com\/en\/product\/small-equipment\/all-small-equipment\/scie-ms-500i-l-3\/","og_site_name":"JLD-Lagu\u00eb","article_publisher":"https:\/\/www.facebook.com\/jldlague","article_modified_time":"2026-04-15T17:34:26+00:00","og_image":[{"width":1065,"height":710,"url":"https:\/\/jldlague.com\/wp-content\/uploads\/2026\/04\/img-2.jpg","type":"image\/jpeg"}],"twitter_card":"summary_large_image","twitter_misc":{"Est. reading time":"2 minutes"},"schema":{"@context":"https:\/\/schema.org","@graph":[{"@type":"WebPage","@id":"https:\/\/jldlague.com\/en\/product\/small-equipment\/all-small-equipment\/scie-ms-500i-l-3\/","url":"https:\/\/jldlague.com\/en\/product\/small-equipment\/all-small-equipment\/scie-ms-500i-l-3\/","name":"SCIE MS 500i L - JLD-Lagu\u00eb 1147-200-0012","isPartOf":{"@id":"https:\/\/jldlague.com\/en\/#website"},"primaryImageOfPage":{"@id":"https:\/\/jldlague.com\/en\/product\/small-equipment\/all-small-equipment\/scie-ms-500i-l-3\/#primaryimage"},"image":{"@id":"https:\/\/jldlague.com\/en\/product\/small-equipment\/all-small-equipment\/scie-ms-500i-l-3\/#primaryimage"},"thumbnailUrl":"https:\/\/jldlague.com\/wp-content\/uploads\/2026\/04\/img-2.jpg","datePublished":"2026-04-15T12:17:31+00:00","dateModified":"2026-04-15T17:34:26+00:00","description":"D\u00e9couvrez le produit SCIE MS 500i L All our small equipment, Small equipment (1147-200-0012) de disponible chez JLD-Lagu\u00eb","breadcrumb":{"@id":"https:\/\/jldlague.com\/en\/product\/small-equipment\/all-small-equipment\/scie-ms-500i-l-3\/#breadcrumb"},"inLanguage":"en-US","potentialAction":[{"@type":"ReadAction","target":["https:\/\/jldlague.com\/en\/product\/small-equipment\/all-small-equipment\/scie-ms-500i-l-3\/"]}]},{"@type":"ImageObject","inLanguage":"en-US","@id":"https:\/\/jldlague.com\/en\/product\/small-equipment\/all-small-equipment\/scie-ms-500i-l-3\/#primaryimage","url":"https:\/\/jldlague.com\/wp-content\/uploads\/2026\/04\/img-2.jpg","contentUrl":"https:\/\/jldlague.com\/wp-content\/uploads\/2026\/04\/img-2.jpg","width":1065,"height":710},{"@type":"BreadcrumbList","@id":"https:\/\/jldlague.com\/en\/product\/small-equipment\/all-small-equipment\/scie-ms-500i-l-3\/#breadcrumb","itemListElement":[{"@type":"ListItem","position":1,"name":"Home","item":"https:\/\/jldlague.com\/en\/"},{"@type":"ListItem","position":2,"name":"Small equipment","item":"https:\/\/jldlague.com\/en\/product-category\/small-equipment\/"},{"@type":"ListItem","position":3,"name":"All our small equipment","item":"https:\/\/jldlague.com\/en\/product-category\/small-equipment\/all-small-equipment\/"},{"@type":"ListItem","position":4,"name":"SCIE MS 500i L"}]},{"@type":"WebSite","@id":"https:\/\/jldlague.com\/en\/#website","url":"https:\/\/jldlague.com\/en\/","name":"JLD-Lagu\u00eb","description":"","publisher":{"@id":"https:\/\/jldlague.com\/en\/#organization"},"alternateName":"JLD","potentialAction":[{"@type":"SearchAction","target":{"@type":"EntryPoint","urlTemplate":"https:\/\/jldlague.com\/en\/?s={search_term_string}"},"query-input":{"@type":"PropertyValueSpecification","valueRequired":true,"valueName":"search_term_string"}}],"inLanguage":"en-US"},{"@type":"Organization","@id":"https:\/\/jldlague.com\/en\/#organization","name":"JLD-Lagu\u00eb","url":"https:\/\/jldlague.com\/en\/","logo":{"@type":"ImageObject","inLanguage":"en-US","@id":"https:\/\/jldlague.com\/en\/#\/schema\/logo\/image\/","url":"https:\/\/jldlague.com\/wp-content\/uploads\/2023\/06\/logos.svg","contentUrl":"https:\/\/jldlague.com\/wp-content\/uploads\/2023\/06\/logos.svg","width":385,"height":50,"caption":"JLD-Lagu\u00eb"},"image":{"@id":"https:\/\/jldlague.com\/en\/#\/schema\/logo\/image\/"},"sameAs":["https:\/\/www.facebook.com\/jldlague","https:\/\/www.linkedin.com\/company\/the-jld-group-john-deere-dealer","https:\/\/www.instagram.com\/jldlague\/","https:\/\/www.youtube.com\/channel\/UCRpOpeDrLm9lIf6jXO7cJZw"]}]}},"_links":{"self":[{"href":"https:\/\/jldlague.com\/en\/wp-json\/wp\/v2\/product\/445711","targetHints":{"allow":["GET"]}}],"collection":[{"href":"https:\/\/jldlague.com\/en\/wp-json\/wp\/v2\/product"}],"about":[{"href":"https:\/\/jldlague.com\/en\/wp-json\/wp\/v2\/types\/product"}],"wp:featuredmedia":[{"embeddable":true,"href":"https:\/\/jldlague.com\/en\/wp-json\/wp\/v2\/media\/445790"}],"wp:attachment":[{"href":"https:\/\/jldlague.com\/en\/wp-json\/wp\/v2\/media?parent=445711"}],"wp:term":[{"taxonomy":"product_brand","embeddable":true,"href":"https:\/\/jldlague.com\/en\/wp-json\/wp\/v2\/product_brand?post=445711"},{"taxonomy":"product_cat","embeddable":true,"href":"https:\/\/jldlague.com\/en\/wp-json\/wp\/v2\/product_cat?post=445711"},{"taxonomy":"product_tag","embeddable":true,"href":"https:\/\/jldlague.com\/en\/wp-json\/wp\/v2\/product_tag?post=445711"},{"taxonomy":"brand","embeddable":true,"href":"https:\/\/jldlague.com\/en\/wp-json\/wp\/v2\/brand?post=445711"},{"taxonomy":"industry","embeddable":true,"href":"https:\/\/jldlague.com\/en\/wp-json\/wp\/v2\/industry?post=445711"}],"curies":[{"name":"wp","href":"https:\/\/api.w.org\/{rel}","templated":true}]}}