{"id":79023,"date":"2023-08-15T16:55:06","date_gmt":"2023-08-15T20:55:06","guid":{"rendered":"https:\/\/jldlague.com\/?post_type=product&#038;p=79023"},"modified":"2026-04-19T11:49:11","modified_gmt":"2026-04-19T15:49:11","slug":"cutters-shredders-520-drawn-flail-shredder","status":"publish","type":"product","link":"https:\/\/jldlague.com\/en\/product\/equipment\/agriculture-en\/hay-and-forage\/mowers\/mowers-and-shredders\/cutters-shredders-520-drawn-flail-shredder\/","title":{"rendered":"Cutters &#038; Shredders | 520 Drawn Flail Shredder"},"content":{"rendered":"<p>520 Drawn Flail Shredder Cutters &#038; Shredders from John Deere. Learn about the features, specifications and more for the 520 Drawn Flail Shredder.<\/p>\n","protected":false},"excerpt":{"rendered":"<p>520 Drawn Flail Shredder Cutters &#038; Shredders from John Deere. Learn about the features, specifications and more for the 520 Drawn Flail Shredder.<\/p>\n","protected":false},"featured_media":0,"template":"","meta":{"_acf_changed":false},"product_brand":[],"product_cat":[1099,677,67,36,82,829,772,1296,126],"product_tag":[],"brand":[75],"industry":[1030,1049],"class_list":{"0":"post-79023","1":"product","2":"type-product","3":"status-publish","5":"product_cat-agriculture-en","6":"product_cat-dechiqueteuses-et-faucheuses-a-fleaux","7":"product_cat-equipements","8":"product_cat-equipment","9":"product_cat-faucheuses-et-dechiqueteuses","10":"product_cat-flail-mowers-and-shredders","11":"product_cat-hay-and-forage","12":"product_cat-mowers","13":"product_cat-mowers-and-shredders","14":"brand-john-deere","15":"industry-agriculture","16":"industry-agriculture-2","18":"first","19":"instock","20":"taxable","21":"shipping-taxable","22":"product-type-simple"},"acf":{"year":"","hours":"","model":"520","kilometers":"","overrideShowForms":false,"keepProductStatusWhenImporting":false},"yoast_head":"<!-- This site is optimized with the Yoast SEO plugin v27.2 - https:\/\/yoast.com\/product\/yoast-seo-wordpress\/ -->\n<title>Cutters &amp; Shredders | 520 Drawn Flail Shredder - John Deere - JLD-Lagu\u00eb 0520xp<\/title>\n<meta name=\"description\" content=\"D\u00e9couvrez le produit Cutters &amp; Shredders | 520 Drawn Flail ShredderAgriculture, D\u00e9chiqueteuses et faucheuses \u00e0 fl\u00e9aux, \u00c9quipements, Equipment, Faucheuses et d\u00e9chiqueteuses, Flail Mowers and Shredders, Hay and Forage, Mowers, Mowers and shredders (0520xp) de John Deeredisponible chez JLD-Lagu\u00eb\" \/>\n<meta name=\"robots\" content=\"index, follow, max-snippet:-1, max-image-preview:large, max-video-preview:-1\" \/>\n<link rel=\"canonical\" href=\"https:\/\/jldlague.com\/en\/product\/equipment\/agriculture-en\/hay-and-forage\/mowers\/mowers-and-shredders\/cutters-shredders-520-drawn-flail-shredder\/\" \/>\n<meta property=\"og:locale\" content=\"en_US\" \/>\n<meta property=\"og:type\" content=\"article\" \/>\n<meta property=\"og:title\" content=\"Cutters &amp; Shredders | 520 Drawn Flail Shredder - John Deere - JLD-Lagu\u00eb 0520xp\" \/>\n<meta property=\"og:description\" content=\"D\u00e9couvrez le produit Cutters &amp; Shredders | 520 Drawn Flail ShredderAgriculture, D\u00e9chiqueteuses et faucheuses \u00e0 fl\u00e9aux, \u00c9quipements, Equipment, Faucheuses et d\u00e9chiqueteuses, Flail Mowers and Shredders, Hay and Forage, Mowers, Mowers and shredders (0520xp) de John Deeredisponible chez JLD-Lagu\u00eb\" \/>\n<meta property=\"og:url\" content=\"https:\/\/jldlague.com\/en\/product\/equipment\/agriculture-en\/hay-and-forage\/mowers\/mowers-and-shredders\/cutters-shredders-520-drawn-flail-shredder\/\" \/>\n<meta property=\"og:site_name\" content=\"JLD-Lagu\u00eb\" \/>\n<meta property=\"article:publisher\" content=\"https:\/\/www.facebook.com\/jldlague\" \/>\n<meta property=\"article:modified_time\" content=\"2026-04-19T15:49:11+00:00\" \/>\n<meta property=\"og:image\" content=\"https:\/\/jldlague.com\/wp-content\/uploads\/2023\/08\/JLD_Image_partage.png\" \/>\n\t<meta property=\"og:image:width\" content=\"1200\" \/>\n\t<meta property=\"og:image:height\" content=\"675\" \/>\n\t<meta property=\"og:image:type\" content=\"image\/png\" \/>\n<meta name=\"twitter:card\" content=\"summary_large_image\" \/>\n<script type=\"application\/ld+json\" class=\"yoast-schema-graph\">{\"@context\":\"https:\/\/schema.org\",\"@graph\":[{\"@type\":\"WebPage\",\"@id\":\"https:\/\/jldlague.com\/en\/product\/equipment\/agriculture-en\/hay-and-forage\/mowers\/mowers-and-shredders\/cutters-shredders-520-drawn-flail-shredder\/\",\"url\":\"https:\/\/jldlague.com\/en\/product\/equipment\/agriculture-en\/hay-and-forage\/mowers\/mowers-and-shredders\/cutters-shredders-520-drawn-flail-shredder\/\",\"name\":\"Cutters & Shredders | 520 Drawn Flail Shredder - John Deere - JLD-Lagu\u00eb 0520xp\",\"isPartOf\":{\"@id\":\"https:\/\/jldlague.com\/en\/#website\"},\"datePublished\":\"2023-08-15T20:55:06+00:00\",\"dateModified\":\"2026-04-19T15:49:11+00:00\",\"description\":\"D\u00e9couvrez le produit Cutters & Shredders | 520 Drawn Flail ShredderAgriculture, D\u00e9chiqueteuses et faucheuses \u00e0 fl\u00e9aux, \u00c9quipements, Equipment, Faucheuses et d\u00e9chiqueteuses, Flail Mowers and Shredders, Hay and Forage, Mowers, Mowers and shredders (0520xp) de John Deeredisponible chez JLD-Lagu\u00eb\",\"breadcrumb\":{\"@id\":\"https:\/\/jldlague.com\/en\/product\/equipment\/agriculture-en\/hay-and-forage\/mowers\/mowers-and-shredders\/cutters-shredders-520-drawn-flail-shredder\/#breadcrumb\"},\"inLanguage\":\"en-US\",\"potentialAction\":[{\"@type\":\"ReadAction\",\"target\":[\"https:\/\/jldlague.com\/en\/product\/equipment\/agriculture-en\/hay-and-forage\/mowers\/mowers-and-shredders\/cutters-shredders-520-drawn-flail-shredder\/\"]}]},{\"@type\":\"BreadcrumbList\",\"@id\":\"https:\/\/jldlague.com\/en\/product\/equipment\/agriculture-en\/hay-and-forage\/mowers\/mowers-and-shredders\/cutters-shredders-520-drawn-flail-shredder\/#breadcrumb\",\"itemListElement\":[{\"@type\":\"ListItem\",\"position\":1,\"name\":\"Home\",\"item\":\"https:\/\/jldlague.com\/en\/\"},{\"@type\":\"ListItem\",\"position\":2,\"name\":\"Equipment\",\"item\":\"https:\/\/jldlague.com\/en\/product-category\/equipment\/\"},{\"@type\":\"ListItem\",\"position\":3,\"name\":\"Agriculture\",\"item\":\"https:\/\/jldlague.com\/en\/product-category\/equipment\/agriculture-en\/\"},{\"@type\":\"ListItem\",\"position\":4,\"name\":\"Hay and Forage\",\"item\":\"https:\/\/jldlague.com\/en\/product-category\/equipment\/agriculture-en\/hay-and-forage\/\"},{\"@type\":\"ListItem\",\"position\":5,\"name\":\"Mowers\",\"item\":\"https:\/\/jldlague.com\/en\/product-category\/equipment\/agriculture-en\/hay-and-forage\/mowers\/\"},{\"@type\":\"ListItem\",\"position\":6,\"name\":\"Flail Mowers and Shredders\",\"item\":\"https:\/\/jldlague.com\/en\/product-category\/equipment\/agriculture-en\/hay-and-forage\/mowers\/flail-mowers-and-shredders\/\"},{\"@type\":\"ListItem\",\"position\":7,\"name\":\"Cutters &#038; Shredders | 520 Drawn Flail Shredder\"}]},{\"@type\":\"WebSite\",\"@id\":\"https:\/\/jldlague.com\/en\/#website\",\"url\":\"https:\/\/jldlague.com\/en\/\",\"name\":\"JLD-Lagu\u00eb\",\"description\":\"\",\"publisher\":{\"@id\":\"https:\/\/jldlague.com\/en\/#organization\"},\"alternateName\":\"JLD\",\"potentialAction\":[{\"@type\":\"SearchAction\",\"target\":{\"@type\":\"EntryPoint\",\"urlTemplate\":\"https:\/\/jldlague.com\/en\/?s={search_term_string}\"},\"query-input\":{\"@type\":\"PropertyValueSpecification\",\"valueRequired\":true,\"valueName\":\"search_term_string\"}}],\"inLanguage\":\"en-US\"},{\"@type\":\"Organization\",\"@id\":\"https:\/\/jldlague.com\/en\/#organization\",\"name\":\"JLD-Lagu\u00eb\",\"url\":\"https:\/\/jldlague.com\/en\/\",\"logo\":{\"@type\":\"ImageObject\",\"inLanguage\":\"en-US\",\"@id\":\"https:\/\/jldlague.com\/en\/#\/schema\/logo\/image\/\",\"url\":\"https:\/\/jldlague.com\/wp-content\/uploads\/2023\/06\/logos.svg\",\"contentUrl\":\"https:\/\/jldlague.com\/wp-content\/uploads\/2023\/06\/logos.svg\",\"width\":385,\"height\":50,\"caption\":\"JLD-Lagu\u00eb\"},\"image\":{\"@id\":\"https:\/\/jldlague.com\/en\/#\/schema\/logo\/image\/\"},\"sameAs\":[\"https:\/\/www.facebook.com\/jldlague\",\"https:\/\/www.linkedin.com\/company\/the-jld-group-john-deere-dealer\",\"https:\/\/www.instagram.com\/jldlague\/\",\"https:\/\/www.youtube.com\/channel\/UCRpOpeDrLm9lIf6jXO7cJZw\"]}]}<\/script>\n<!-- \/ Yoast SEO plugin. -->","yoast_head_json":{"title":"Cutters & Shredders | 520 Drawn Flail Shredder - John Deere - JLD-Lagu\u00eb 0520xp","description":"D\u00e9couvrez le produit Cutters & Shredders | 520 Drawn Flail ShredderAgriculture, D\u00e9chiqueteuses et faucheuses \u00e0 fl\u00e9aux, \u00c9quipements, Equipment, Faucheuses et d\u00e9chiqueteuses, Flail Mowers and Shredders, Hay and Forage, Mowers, Mowers and shredders (0520xp) de John Deeredisponible chez JLD-Lagu\u00eb","robots":{"index":"index","follow":"follow","max-snippet":"max-snippet:-1","max-image-preview":"max-image-preview:large","max-video-preview":"max-video-preview:-1"},"canonical":"https:\/\/jldlague.com\/en\/product\/equipment\/agriculture-en\/hay-and-forage\/mowers\/mowers-and-shredders\/cutters-shredders-520-drawn-flail-shredder\/","og_locale":"en_US","og_type":"article","og_title":"Cutters & Shredders | 520 Drawn Flail Shredder - John Deere - JLD-Lagu\u00eb 0520xp","og_description":"D\u00e9couvrez le produit Cutters & Shredders | 520 Drawn Flail ShredderAgriculture, D\u00e9chiqueteuses et faucheuses \u00e0 fl\u00e9aux, \u00c9quipements, Equipment, Faucheuses et d\u00e9chiqueteuses, Flail Mowers and Shredders, Hay and Forage, Mowers, Mowers and shredders (0520xp) de John Deeredisponible chez JLD-Lagu\u00eb","og_url":"https:\/\/jldlague.com\/en\/product\/equipment\/agriculture-en\/hay-and-forage\/mowers\/mowers-and-shredders\/cutters-shredders-520-drawn-flail-shredder\/","og_site_name":"JLD-Lagu\u00eb","article_publisher":"https:\/\/www.facebook.com\/jldlague","article_modified_time":"2026-04-19T15:49:11+00:00","og_image":[{"width":1200,"height":675,"url":"https:\/\/jldlague.com\/wp-content\/uploads\/2023\/08\/JLD_Image_partage.png","type":"image\/png"}],"twitter_card":"summary_large_image","schema":{"@context":"https:\/\/schema.org","@graph":[{"@type":"WebPage","@id":"https:\/\/jldlague.com\/en\/product\/equipment\/agriculture-en\/hay-and-forage\/mowers\/mowers-and-shredders\/cutters-shredders-520-drawn-flail-shredder\/","url":"https:\/\/jldlague.com\/en\/product\/equipment\/agriculture-en\/hay-and-forage\/mowers\/mowers-and-shredders\/cutters-shredders-520-drawn-flail-shredder\/","name":"Cutters & Shredders | 520 Drawn Flail Shredder - John Deere - JLD-Lagu\u00eb 0520xp","isPartOf":{"@id":"https:\/\/jldlague.com\/en\/#website"},"datePublished":"2023-08-15T20:55:06+00:00","dateModified":"2026-04-19T15:49:11+00:00","description":"D\u00e9couvrez le produit Cutters & Shredders | 520 Drawn Flail ShredderAgriculture, D\u00e9chiqueteuses et faucheuses \u00e0 fl\u00e9aux, \u00c9quipements, Equipment, Faucheuses et d\u00e9chiqueteuses, Flail Mowers and Shredders, Hay and Forage, Mowers, Mowers and shredders (0520xp) de John Deeredisponible chez JLD-Lagu\u00eb","breadcrumb":{"@id":"https:\/\/jldlague.com\/en\/product\/equipment\/agriculture-en\/hay-and-forage\/mowers\/mowers-and-shredders\/cutters-shredders-520-drawn-flail-shredder\/#breadcrumb"},"inLanguage":"en-US","potentialAction":[{"@type":"ReadAction","target":["https:\/\/jldlague.com\/en\/product\/equipment\/agriculture-en\/hay-and-forage\/mowers\/mowers-and-shredders\/cutters-shredders-520-drawn-flail-shredder\/"]}]},{"@type":"BreadcrumbList","@id":"https:\/\/jldlague.com\/en\/product\/equipment\/agriculture-en\/hay-and-forage\/mowers\/mowers-and-shredders\/cutters-shredders-520-drawn-flail-shredder\/#breadcrumb","itemListElement":[{"@type":"ListItem","position":1,"name":"Home","item":"https:\/\/jldlague.com\/en\/"},{"@type":"ListItem","position":2,"name":"Equipment","item":"https:\/\/jldlague.com\/en\/product-category\/equipment\/"},{"@type":"ListItem","position":3,"name":"Agriculture","item":"https:\/\/jldlague.com\/en\/product-category\/equipment\/agriculture-en\/"},{"@type":"ListItem","position":4,"name":"Hay and Forage","item":"https:\/\/jldlague.com\/en\/product-category\/equipment\/agriculture-en\/hay-and-forage\/"},{"@type":"ListItem","position":5,"name":"Mowers","item":"https:\/\/jldlague.com\/en\/product-category\/equipment\/agriculture-en\/hay-and-forage\/mowers\/"},{"@type":"ListItem","position":6,"name":"Flail Mowers and Shredders","item":"https:\/\/jldlague.com\/en\/product-category\/equipment\/agriculture-en\/hay-and-forage\/mowers\/flail-mowers-and-shredders\/"},{"@type":"ListItem","position":7,"name":"Cutters &#038; Shredders | 520 Drawn Flail Shredder"}]},{"@type":"WebSite","@id":"https:\/\/jldlague.com\/en\/#website","url":"https:\/\/jldlague.com\/en\/","name":"JLD-Lagu\u00eb","description":"","publisher":{"@id":"https:\/\/jldlague.com\/en\/#organization"},"alternateName":"JLD","potentialAction":[{"@type":"SearchAction","target":{"@type":"EntryPoint","urlTemplate":"https:\/\/jldlague.com\/en\/?s={search_term_string}"},"query-input":{"@type":"PropertyValueSpecification","valueRequired":true,"valueName":"search_term_string"}}],"inLanguage":"en-US"},{"@type":"Organization","@id":"https:\/\/jldlague.com\/en\/#organization","name":"JLD-Lagu\u00eb","url":"https:\/\/jldlague.com\/en\/","logo":{"@type":"ImageObject","inLanguage":"en-US","@id":"https:\/\/jldlague.com\/en\/#\/schema\/logo\/image\/","url":"https:\/\/jldlague.com\/wp-content\/uploads\/2023\/06\/logos.svg","contentUrl":"https:\/\/jldlague.com\/wp-content\/uploads\/2023\/06\/logos.svg","width":385,"height":50,"caption":"JLD-Lagu\u00eb"},"image":{"@id":"https:\/\/jldlague.com\/en\/#\/schema\/logo\/image\/"},"sameAs":["https:\/\/www.facebook.com\/jldlague","https:\/\/www.linkedin.com\/company\/the-jld-group-john-deere-dealer","https:\/\/www.instagram.com\/jldlague\/","https:\/\/www.youtube.com\/channel\/UCRpOpeDrLm9lIf6jXO7cJZw"]}]}},"_links":{"self":[{"href":"https:\/\/jldlague.com\/en\/wp-json\/wp\/v2\/product\/79023","targetHints":{"allow":["GET"]}}],"collection":[{"href":"https:\/\/jldlague.com\/en\/wp-json\/wp\/v2\/product"}],"about":[{"href":"https:\/\/jldlague.com\/en\/wp-json\/wp\/v2\/types\/product"}],"wp:attachment":[{"href":"https:\/\/jldlague.com\/en\/wp-json\/wp\/v2\/media?parent=79023"}],"wp:term":[{"taxonomy":"product_brand","embeddable":true,"href":"https:\/\/jldlague.com\/en\/wp-json\/wp\/v2\/product_brand?post=79023"},{"taxonomy":"product_cat","embeddable":true,"href":"https:\/\/jldlague.com\/en\/wp-json\/wp\/v2\/product_cat?post=79023"},{"taxonomy":"product_tag","embeddable":true,"href":"https:\/\/jldlague.com\/en\/wp-json\/wp\/v2\/product_tag?post=79023"},{"taxonomy":"brand","embeddable":true,"href":"https:\/\/jldlague.com\/en\/wp-json\/wp\/v2\/brand?post=79023"},{"taxonomy":"industry","embeddable":true,"href":"https:\/\/jldlague.com\/en\/wp-json\/wp\/v2\/industry?post=79023"}],"curies":[{"name":"wp","href":"https:\/\/api.w.org\/{rel}","templated":true}]}}