{"id":79183,"date":"2023-08-15T17:04:34","date_gmt":"2023-08-15T21:04:34","guid":{"rendered":"https:\/\/jldlague.com\/?post_type=product&#038;p=79183"},"modified":"2026-04-12T10:23:08","modified_gmt":"2026-04-12T14:23:08","slug":"sprayers-400r-dry-spreader","status":"publish","type":"product","link":"https:\/\/jldlague.com\/en\/product\/equipment\/agriculture-en\/planting-seeding-application\/sprayers-applicators\/sprayers-400r-dry-spreader\/","title":{"rendered":"Sprayers | 400R Dry Spreader"},"content":{"rendered":"<p>The John Deere 400R Dry Spreader is designed for efficient, consistent dry nutrient application with durable construction.<\/p>\n","protected":false},"excerpt":{"rendered":"<p>The John Deere 400R Dry Spreader is designed for efficient, consistent dry nutrient application with durable construction.<\/p>\n","protected":false},"featured_media":0,"template":"","meta":{"_acf_changed":false},"product_brand":[],"product_cat":[837,1099,754,595,67,36,1292,686,613,769],"product_tag":[],"brand":[75],"industry":[1049,1030],"class_list":{"0":"post-79183","1":"product","2":"type-product","3":"status-publish","5":"product_cat-400-and-600-series-sprayers","6":"product_cat-agriculture-en","7":"product_cat-application-equipment","8":"product_cat-equipement-pour-application","9":"product_cat-equipements","10":"product_cat-equipment","11":"product_cat-planting-seeding-application","12":"product_cat-pulverisateurs-des-series-400-et-600","13":"product_cat-pulverisateurs-et-epandeurs","14":"product_cat-sprayers-applicators","15":"brand-john-deere","16":"industry-agriculture-2","17":"industry-agriculture","19":"first","20":"instock","21":"taxable","22":"shipping-taxable","23":"product-type-simple"},"acf":{"year":"","hours":"","model":"400R","kilometers":"","overrideShowForms":false,"keepProductStatusWhenImporting":false},"yoast_head":"<!-- This site is optimized with the Yoast SEO plugin v27.2 - https:\/\/yoast.com\/product\/yoast-seo-wordpress\/ -->\n<title>Sprayers | 400R Dry Spreader - John Deere - JLD-Lagu\u00eb 400rxn<\/title>\n<meta name=\"description\" content=\"D\u00e9couvrez le produit Sprayers | 400R Dry Spreader400 and 600 Series Sprayers, Agriculture, Application Equipment, \u00c9quipement pour application, \u00c9quipements, Equipment, Planting, seeding and application, Pulv\u00e9risateurs des s\u00e9ries 400 et 600, Pulv\u00e9risateurs et \u00e9pandeurs, Sprayers and Applicators (400rxn) de John Deeredisponible chez JLD-Lagu\u00eb\" \/>\n<meta name=\"robots\" content=\"index, follow, max-snippet:-1, max-image-preview:large, max-video-preview:-1\" \/>\n<link rel=\"canonical\" href=\"https:\/\/jldlague.com\/en\/product\/equipment\/agriculture-en\/planting-seeding-application\/sprayers-applicators\/sprayers-400r-dry-spreader\/\" \/>\n<meta property=\"og:locale\" content=\"en_US\" \/>\n<meta property=\"og:type\" content=\"article\" \/>\n<meta property=\"og:title\" content=\"Sprayers | 400R Dry Spreader - John Deere - JLD-Lagu\u00eb 400rxn\" \/>\n<meta property=\"og:description\" content=\"D\u00e9couvrez le produit Sprayers | 400R Dry Spreader400 and 600 Series Sprayers, Agriculture, Application Equipment, \u00c9quipement pour application, \u00c9quipements, Equipment, Planting, seeding and application, Pulv\u00e9risateurs des s\u00e9ries 400 et 600, Pulv\u00e9risateurs et \u00e9pandeurs, Sprayers and Applicators (400rxn) de John Deeredisponible chez JLD-Lagu\u00eb\" \/>\n<meta property=\"og:url\" content=\"https:\/\/jldlague.com\/en\/product\/equipment\/agriculture-en\/planting-seeding-application\/sprayers-applicators\/sprayers-400r-dry-spreader\/\" \/>\n<meta property=\"og:site_name\" content=\"JLD-Lagu\u00eb\" \/>\n<meta property=\"article:publisher\" content=\"https:\/\/www.facebook.com\/jldlague\" \/>\n<meta property=\"article:modified_time\" content=\"2026-04-12T14:23:08+00:00\" \/>\n<meta property=\"og:image\" content=\"https:\/\/jldlague.com\/wp-content\/uploads\/2023\/08\/JLD_Image_partage.png\" \/>\n\t<meta property=\"og:image:width\" content=\"1200\" \/>\n\t<meta property=\"og:image:height\" content=\"675\" \/>\n\t<meta property=\"og:image:type\" content=\"image\/png\" \/>\n<meta name=\"twitter:card\" content=\"summary_large_image\" \/>\n<script type=\"application\/ld+json\" class=\"yoast-schema-graph\">{\"@context\":\"https:\/\/schema.org\",\"@graph\":[{\"@type\":\"WebPage\",\"@id\":\"https:\/\/jldlague.com\/en\/product\/equipment\/agriculture-en\/planting-seeding-application\/sprayers-applicators\/sprayers-400r-dry-spreader\/\",\"url\":\"https:\/\/jldlague.com\/en\/product\/equipment\/agriculture-en\/planting-seeding-application\/sprayers-applicators\/sprayers-400r-dry-spreader\/\",\"name\":\"Sprayers | 400R Dry Spreader - John Deere - JLD-Lagu\u00eb 400rxn\",\"isPartOf\":{\"@id\":\"https:\/\/jldlague.com\/en\/#website\"},\"datePublished\":\"2023-08-15T21:04:34+00:00\",\"dateModified\":\"2026-04-12T14:23:08+00:00\",\"description\":\"D\u00e9couvrez le produit Sprayers | 400R Dry Spreader400 and 600 Series Sprayers, Agriculture, Application Equipment, \u00c9quipement pour application, \u00c9quipements, Equipment, Planting, seeding and application, Pulv\u00e9risateurs des s\u00e9ries 400 et 600, Pulv\u00e9risateurs et \u00e9pandeurs, Sprayers and Applicators (400rxn) de John Deeredisponible chez JLD-Lagu\u00eb\",\"breadcrumb\":{\"@id\":\"https:\/\/jldlague.com\/en\/product\/equipment\/agriculture-en\/planting-seeding-application\/sprayers-applicators\/sprayers-400r-dry-spreader\/#breadcrumb\"},\"inLanguage\":\"en-US\",\"potentialAction\":[{\"@type\":\"ReadAction\",\"target\":[\"https:\/\/jldlague.com\/en\/product\/equipment\/agriculture-en\/planting-seeding-application\/sprayers-applicators\/sprayers-400r-dry-spreader\/\"]}]},{\"@type\":\"BreadcrumbList\",\"@id\":\"https:\/\/jldlague.com\/en\/product\/equipment\/agriculture-en\/planting-seeding-application\/sprayers-applicators\/sprayers-400r-dry-spreader\/#breadcrumb\",\"itemListElement\":[{\"@type\":\"ListItem\",\"position\":1,\"name\":\"Home\",\"item\":\"https:\/\/jldlague.com\/en\/\"},{\"@type\":\"ListItem\",\"position\":2,\"name\":\"Equipment\",\"item\":\"https:\/\/jldlague.com\/en\/product-category\/equipment\/\"},{\"@type\":\"ListItem\",\"position\":3,\"name\":\"Agriculture\",\"item\":\"https:\/\/jldlague.com\/en\/product-category\/equipment\/agriculture-en\/\"},{\"@type\":\"ListItem\",\"position\":4,\"name\":\"Planting, seeding and application\",\"item\":\"https:\/\/jldlague.com\/en\/product-category\/equipment\/agriculture-en\/planting-seeding-application\/\"},{\"@type\":\"ListItem\",\"position\":5,\"name\":\"Sprayers and Applicators\",\"item\":\"https:\/\/jldlague.com\/en\/product-category\/equipment\/agriculture-en\/planting-seeding-application\/sprayers-applicators\/\"},{\"@type\":\"ListItem\",\"position\":6,\"name\":\"Application Equipment\",\"item\":\"https:\/\/jldlague.com\/en\/product-category\/equipment\/agriculture-en\/planting-seeding-application\/sprayers-applicators\/application-equipment\/\"},{\"@type\":\"ListItem\",\"position\":7,\"name\":\"Sprayers | 400R Dry Spinner Spreader\"}]},{\"@type\":\"WebSite\",\"@id\":\"https:\/\/jldlague.com\/en\/#website\",\"url\":\"https:\/\/jldlague.com\/en\/\",\"name\":\"JLD-Lagu\u00eb\",\"description\":\"\",\"publisher\":{\"@id\":\"https:\/\/jldlague.com\/en\/#organization\"},\"alternateName\":\"JLD\",\"potentialAction\":[{\"@type\":\"SearchAction\",\"target\":{\"@type\":\"EntryPoint\",\"urlTemplate\":\"https:\/\/jldlague.com\/en\/?s={search_term_string}\"},\"query-input\":{\"@type\":\"PropertyValueSpecification\",\"valueRequired\":true,\"valueName\":\"search_term_string\"}}],\"inLanguage\":\"en-US\"},{\"@type\":\"Organization\",\"@id\":\"https:\/\/jldlague.com\/en\/#organization\",\"name\":\"JLD-Lagu\u00eb\",\"url\":\"https:\/\/jldlague.com\/en\/\",\"logo\":{\"@type\":\"ImageObject\",\"inLanguage\":\"en-US\",\"@id\":\"https:\/\/jldlague.com\/en\/#\/schema\/logo\/image\/\",\"url\":\"https:\/\/jldlague.com\/wp-content\/uploads\/2023\/06\/logos.svg\",\"contentUrl\":\"https:\/\/jldlague.com\/wp-content\/uploads\/2023\/06\/logos.svg\",\"width\":385,\"height\":50,\"caption\":\"JLD-Lagu\u00eb\"},\"image\":{\"@id\":\"https:\/\/jldlague.com\/en\/#\/schema\/logo\/image\/\"},\"sameAs\":[\"https:\/\/www.facebook.com\/jldlague\",\"https:\/\/www.linkedin.com\/company\/the-jld-group-john-deere-dealer\",\"https:\/\/www.instagram.com\/jldlague\/\",\"https:\/\/www.youtube.com\/channel\/UCRpOpeDrLm9lIf6jXO7cJZw\"]}]}<\/script>\n<!-- \/ Yoast SEO plugin. -->","yoast_head_json":{"title":"Sprayers | 400R Dry Spreader - John Deere - JLD-Lagu\u00eb 400rxn","description":"D\u00e9couvrez le produit Sprayers | 400R Dry Spreader400 and 600 Series Sprayers, Agriculture, Application Equipment, \u00c9quipement pour application, \u00c9quipements, Equipment, Planting, seeding and application, Pulv\u00e9risateurs des s\u00e9ries 400 et 600, Pulv\u00e9risateurs et \u00e9pandeurs, Sprayers and Applicators (400rxn) de John Deeredisponible chez JLD-Lagu\u00eb","robots":{"index":"index","follow":"follow","max-snippet":"max-snippet:-1","max-image-preview":"max-image-preview:large","max-video-preview":"max-video-preview:-1"},"canonical":"https:\/\/jldlague.com\/en\/product\/equipment\/agriculture-en\/planting-seeding-application\/sprayers-applicators\/sprayers-400r-dry-spreader\/","og_locale":"en_US","og_type":"article","og_title":"Sprayers | 400R Dry Spreader - John Deere - JLD-Lagu\u00eb 400rxn","og_description":"D\u00e9couvrez le produit Sprayers | 400R Dry Spreader400 and 600 Series Sprayers, Agriculture, Application Equipment, \u00c9quipement pour application, \u00c9quipements, Equipment, Planting, seeding and application, Pulv\u00e9risateurs des s\u00e9ries 400 et 600, Pulv\u00e9risateurs et \u00e9pandeurs, Sprayers and Applicators (400rxn) de John Deeredisponible chez JLD-Lagu\u00eb","og_url":"https:\/\/jldlague.com\/en\/product\/equipment\/agriculture-en\/planting-seeding-application\/sprayers-applicators\/sprayers-400r-dry-spreader\/","og_site_name":"JLD-Lagu\u00eb","article_publisher":"https:\/\/www.facebook.com\/jldlague","article_modified_time":"2026-04-12T14:23:08+00:00","og_image":[{"width":1200,"height":675,"url":"https:\/\/jldlague.com\/wp-content\/uploads\/2023\/08\/JLD_Image_partage.png","type":"image\/png"}],"twitter_card":"summary_large_image","schema":{"@context":"https:\/\/schema.org","@graph":[{"@type":"WebPage","@id":"https:\/\/jldlague.com\/en\/product\/equipment\/agriculture-en\/planting-seeding-application\/sprayers-applicators\/sprayers-400r-dry-spreader\/","url":"https:\/\/jldlague.com\/en\/product\/equipment\/agriculture-en\/planting-seeding-application\/sprayers-applicators\/sprayers-400r-dry-spreader\/","name":"Sprayers | 400R Dry Spreader - John Deere - JLD-Lagu\u00eb 400rxn","isPartOf":{"@id":"https:\/\/jldlague.com\/en\/#website"},"datePublished":"2023-08-15T21:04:34+00:00","dateModified":"2026-04-12T14:23:08+00:00","description":"D\u00e9couvrez le produit Sprayers | 400R Dry Spreader400 and 600 Series Sprayers, Agriculture, Application Equipment, \u00c9quipement pour application, \u00c9quipements, Equipment, Planting, seeding and application, Pulv\u00e9risateurs des s\u00e9ries 400 et 600, Pulv\u00e9risateurs et \u00e9pandeurs, Sprayers and Applicators (400rxn) de John Deeredisponible chez JLD-Lagu\u00eb","breadcrumb":{"@id":"https:\/\/jldlague.com\/en\/product\/equipment\/agriculture-en\/planting-seeding-application\/sprayers-applicators\/sprayers-400r-dry-spreader\/#breadcrumb"},"inLanguage":"en-US","potentialAction":[{"@type":"ReadAction","target":["https:\/\/jldlague.com\/en\/product\/equipment\/agriculture-en\/planting-seeding-application\/sprayers-applicators\/sprayers-400r-dry-spreader\/"]}]},{"@type":"BreadcrumbList","@id":"https:\/\/jldlague.com\/en\/product\/equipment\/agriculture-en\/planting-seeding-application\/sprayers-applicators\/sprayers-400r-dry-spreader\/#breadcrumb","itemListElement":[{"@type":"ListItem","position":1,"name":"Home","item":"https:\/\/jldlague.com\/en\/"},{"@type":"ListItem","position":2,"name":"Equipment","item":"https:\/\/jldlague.com\/en\/product-category\/equipment\/"},{"@type":"ListItem","position":3,"name":"Agriculture","item":"https:\/\/jldlague.com\/en\/product-category\/equipment\/agriculture-en\/"},{"@type":"ListItem","position":4,"name":"Planting, seeding and application","item":"https:\/\/jldlague.com\/en\/product-category\/equipment\/agriculture-en\/planting-seeding-application\/"},{"@type":"ListItem","position":5,"name":"Sprayers and Applicators","item":"https:\/\/jldlague.com\/en\/product-category\/equipment\/agriculture-en\/planting-seeding-application\/sprayers-applicators\/"},{"@type":"ListItem","position":6,"name":"Application Equipment","item":"https:\/\/jldlague.com\/en\/product-category\/equipment\/agriculture-en\/planting-seeding-application\/sprayers-applicators\/application-equipment\/"},{"@type":"ListItem","position":7,"name":"Sprayers | 400R Dry Spinner Spreader"}]},{"@type":"WebSite","@id":"https:\/\/jldlague.com\/en\/#website","url":"https:\/\/jldlague.com\/en\/","name":"JLD-Lagu\u00eb","description":"","publisher":{"@id":"https:\/\/jldlague.com\/en\/#organization"},"alternateName":"JLD","potentialAction":[{"@type":"SearchAction","target":{"@type":"EntryPoint","urlTemplate":"https:\/\/jldlague.com\/en\/?s={search_term_string}"},"query-input":{"@type":"PropertyValueSpecification","valueRequired":true,"valueName":"search_term_string"}}],"inLanguage":"en-US"},{"@type":"Organization","@id":"https:\/\/jldlague.com\/en\/#organization","name":"JLD-Lagu\u00eb","url":"https:\/\/jldlague.com\/en\/","logo":{"@type":"ImageObject","inLanguage":"en-US","@id":"https:\/\/jldlague.com\/en\/#\/schema\/logo\/image\/","url":"https:\/\/jldlague.com\/wp-content\/uploads\/2023\/06\/logos.svg","contentUrl":"https:\/\/jldlague.com\/wp-content\/uploads\/2023\/06\/logos.svg","width":385,"height":50,"caption":"JLD-Lagu\u00eb"},"image":{"@id":"https:\/\/jldlague.com\/en\/#\/schema\/logo\/image\/"},"sameAs":["https:\/\/www.facebook.com\/jldlague","https:\/\/www.linkedin.com\/company\/the-jld-group-john-deere-dealer","https:\/\/www.instagram.com\/jldlague\/","https:\/\/www.youtube.com\/channel\/UCRpOpeDrLm9lIf6jXO7cJZw"]}]}},"_links":{"self":[{"href":"https:\/\/jldlague.com\/en\/wp-json\/wp\/v2\/product\/79183","targetHints":{"allow":["GET"]}}],"collection":[{"href":"https:\/\/jldlague.com\/en\/wp-json\/wp\/v2\/product"}],"about":[{"href":"https:\/\/jldlague.com\/en\/wp-json\/wp\/v2\/types\/product"}],"wp:attachment":[{"href":"https:\/\/jldlague.com\/en\/wp-json\/wp\/v2\/media?parent=79183"}],"wp:term":[{"taxonomy":"product_brand","embeddable":true,"href":"https:\/\/jldlague.com\/en\/wp-json\/wp\/v2\/product_brand?post=79183"},{"taxonomy":"product_cat","embeddable":true,"href":"https:\/\/jldlague.com\/en\/wp-json\/wp\/v2\/product_cat?post=79183"},{"taxonomy":"product_tag","embeddable":true,"href":"https:\/\/jldlague.com\/en\/wp-json\/wp\/v2\/product_tag?post=79183"},{"taxonomy":"brand","embeddable":true,"href":"https:\/\/jldlague.com\/en\/wp-json\/wp\/v2\/brand?post=79183"},{"taxonomy":"industry","embeddable":true,"href":"https:\/\/jldlague.com\/en\/wp-json\/wp\/v2\/industry?post=79183"}],"curies":[{"name":"wp","href":"https:\/\/api.w.org\/{rel}","templated":true}]}}