{"id":79712,"date":"2023-08-15T17:33:57","date_gmt":"2023-08-15T21:33:57","guid":{"rendered":"https:\/\/jldlague.com\/?post_type=product&#038;p=79712"},"modified":"2026-03-29T11:23:15","modified_gmt":"2026-03-29T15:23:15","slug":"harvesting-972-flail-chopper","status":"publish","type":"product","link":"https:\/\/jldlague.com\/en\/product\/equipment\/harvesting-972-flail-chopper\/","title":{"rendered":"Harvesting | 972 Flail Chopper"},"content":{"rendered":"<p>The rugged, simple design of the 972 Flail Chopper provides dependable performance. Two rows of double-edged knives cut the standing crop and lift it to a transfer auger.<\/p>\n","protected":false},"excerpt":{"rendered":"<p>The rugged, simple design of the 972 Flail Chopper provides dependable performance. Two rows of double-edged knives cut the standing crop and lift it to a transfer auger.<\/p>\n","protected":false},"featured_media":0,"template":"","meta":{"_acf_changed":false},"product_brand":[],"product_cat":[67,36],"product_tag":[],"brand":[75],"industry":[1030,1049],"class_list":{"0":"post-79712","1":"product","2":"type-product","3":"status-publish","5":"product_cat-equipements","6":"product_cat-equipment","7":"brand-john-deere","8":"industry-agriculture","9":"industry-agriculture-2","11":"first","12":"instock","13":"taxable","14":"shipping-taxable","15":"product-type-simple"},"acf":{"year":"","hours":"","model":"972","kilometers":"","overrideShowForms":false,"keepProductStatusWhenImporting":false},"yoast_head":"<!-- This site is optimized with the Yoast SEO plugin v27.2 - https:\/\/yoast.com\/product\/yoast-seo-wordpress\/ -->\n<title>Harvesting | 972 Flail Chopper - John Deere - JLD-Lagu\u00eb 0972xp<\/title>\n<meta name=\"description\" content=\"D\u00e9couvrez le produit Harvesting | 972 Flail Chopper\u00c9quipements, Equipment (0972xp) de John Deeredisponible chez JLD-Lagu\u00eb\" \/>\n<meta name=\"robots\" content=\"index, follow, max-snippet:-1, max-image-preview:large, max-video-preview:-1\" \/>\n<link rel=\"canonical\" href=\"https:\/\/jldlague.com\/en\/product\/equipment\/harvesting-972-flail-chopper\/\" \/>\n<meta property=\"og:locale\" content=\"en_US\" \/>\n<meta property=\"og:type\" content=\"article\" \/>\n<meta property=\"og:title\" content=\"Harvesting | 972 Flail Chopper - John Deere - JLD-Lagu\u00eb 0972xp\" \/>\n<meta property=\"og:description\" content=\"D\u00e9couvrez le produit Harvesting | 972 Flail Chopper\u00c9quipements, Equipment (0972xp) de John Deeredisponible chez JLD-Lagu\u00eb\" \/>\n<meta property=\"og:url\" content=\"https:\/\/jldlague.com\/en\/product\/equipment\/harvesting-972-flail-chopper\/\" \/>\n<meta property=\"og:site_name\" content=\"JLD-Lagu\u00eb\" \/>\n<meta property=\"article:publisher\" content=\"https:\/\/www.facebook.com\/jldlague\" \/>\n<meta property=\"article:modified_time\" content=\"2026-03-29T15:23:15+00:00\" \/>\n<meta property=\"og:image\" content=\"https:\/\/jldlague.com\/wp-content\/uploads\/2023\/08\/JLD_Image_partage.png\" \/>\n\t<meta property=\"og:image:width\" content=\"1200\" \/>\n\t<meta property=\"og:image:height\" content=\"675\" \/>\n\t<meta property=\"og:image:type\" content=\"image\/png\" \/>\n<meta name=\"twitter:card\" content=\"summary_large_image\" \/>\n<script type=\"application\/ld+json\" class=\"yoast-schema-graph\">{\"@context\":\"https:\/\/schema.org\",\"@graph\":[{\"@type\":\"WebPage\",\"@id\":\"https:\/\/jldlague.com\/en\/product\/equipment\/harvesting-972-flail-chopper\/\",\"url\":\"https:\/\/jldlague.com\/en\/product\/equipment\/harvesting-972-flail-chopper\/\",\"name\":\"Harvesting | 972 Flail Chopper - John Deere - JLD-Lagu\u00eb 0972xp\",\"isPartOf\":{\"@id\":\"https:\/\/jldlague.com\/en\/#website\"},\"datePublished\":\"2023-08-15T21:33:57+00:00\",\"dateModified\":\"2026-03-29T15:23:15+00:00\",\"description\":\"D\u00e9couvrez le produit Harvesting | 972 Flail Chopper\u00c9quipements, Equipment (0972xp) de John Deeredisponible chez JLD-Lagu\u00eb\",\"breadcrumb\":{\"@id\":\"https:\/\/jldlague.com\/en\/product\/equipment\/harvesting-972-flail-chopper\/#breadcrumb\"},\"inLanguage\":\"en-US\",\"potentialAction\":[{\"@type\":\"ReadAction\",\"target\":[\"https:\/\/jldlague.com\/en\/product\/equipment\/harvesting-972-flail-chopper\/\"]}]},{\"@type\":\"BreadcrumbList\",\"@id\":\"https:\/\/jldlague.com\/en\/product\/equipment\/harvesting-972-flail-chopper\/#breadcrumb\",\"itemListElement\":[{\"@type\":\"ListItem\",\"position\":1,\"name\":\"Home\",\"item\":\"https:\/\/jldlague.com\/en\/\"},{\"@type\":\"ListItem\",\"position\":2,\"name\":\"Equipment\",\"item\":\"https:\/\/jldlague.com\/en\/product-category\/equipment\/\"},{\"@type\":\"ListItem\",\"position\":3,\"name\":\"Harvesting | 972 Flail Chopper\"}]},{\"@type\":\"WebSite\",\"@id\":\"https:\/\/jldlague.com\/en\/#website\",\"url\":\"https:\/\/jldlague.com\/en\/\",\"name\":\"JLD-Lagu\u00eb\",\"description\":\"\",\"publisher\":{\"@id\":\"https:\/\/jldlague.com\/en\/#organization\"},\"alternateName\":\"JLD\",\"potentialAction\":[{\"@type\":\"SearchAction\",\"target\":{\"@type\":\"EntryPoint\",\"urlTemplate\":\"https:\/\/jldlague.com\/en\/?s={search_term_string}\"},\"query-input\":{\"@type\":\"PropertyValueSpecification\",\"valueRequired\":true,\"valueName\":\"search_term_string\"}}],\"inLanguage\":\"en-US\"},{\"@type\":\"Organization\",\"@id\":\"https:\/\/jldlague.com\/en\/#organization\",\"name\":\"JLD-Lagu\u00eb\",\"url\":\"https:\/\/jldlague.com\/en\/\",\"logo\":{\"@type\":\"ImageObject\",\"inLanguage\":\"en-US\",\"@id\":\"https:\/\/jldlague.com\/en\/#\/schema\/logo\/image\/\",\"url\":\"https:\/\/jldlague.com\/wp-content\/uploads\/2023\/06\/logos.svg\",\"contentUrl\":\"https:\/\/jldlague.com\/wp-content\/uploads\/2023\/06\/logos.svg\",\"width\":385,\"height\":50,\"caption\":\"JLD-Lagu\u00eb\"},\"image\":{\"@id\":\"https:\/\/jldlague.com\/en\/#\/schema\/logo\/image\/\"},\"sameAs\":[\"https:\/\/www.facebook.com\/jldlague\",\"https:\/\/www.linkedin.com\/company\/the-jld-group-john-deere-dealer\",\"https:\/\/www.instagram.com\/jldlague\/\",\"https:\/\/www.youtube.com\/channel\/UCRpOpeDrLm9lIf6jXO7cJZw\"]}]}<\/script>\n<!-- \/ Yoast SEO plugin. -->","yoast_head_json":{"title":"Harvesting | 972 Flail Chopper - John Deere - JLD-Lagu\u00eb 0972xp","description":"D\u00e9couvrez le produit Harvesting | 972 Flail Chopper\u00c9quipements, Equipment (0972xp) de John Deeredisponible chez JLD-Lagu\u00eb","robots":{"index":"index","follow":"follow","max-snippet":"max-snippet:-1","max-image-preview":"max-image-preview:large","max-video-preview":"max-video-preview:-1"},"canonical":"https:\/\/jldlague.com\/en\/product\/equipment\/harvesting-972-flail-chopper\/","og_locale":"en_US","og_type":"article","og_title":"Harvesting | 972 Flail Chopper - John Deere - JLD-Lagu\u00eb 0972xp","og_description":"D\u00e9couvrez le produit Harvesting | 972 Flail Chopper\u00c9quipements, Equipment (0972xp) de John Deeredisponible chez JLD-Lagu\u00eb","og_url":"https:\/\/jldlague.com\/en\/product\/equipment\/harvesting-972-flail-chopper\/","og_site_name":"JLD-Lagu\u00eb","article_publisher":"https:\/\/www.facebook.com\/jldlague","article_modified_time":"2026-03-29T15:23:15+00:00","og_image":[{"width":1200,"height":675,"url":"https:\/\/jldlague.com\/wp-content\/uploads\/2023\/08\/JLD_Image_partage.png","type":"image\/png"}],"twitter_card":"summary_large_image","schema":{"@context":"https:\/\/schema.org","@graph":[{"@type":"WebPage","@id":"https:\/\/jldlague.com\/en\/product\/equipment\/harvesting-972-flail-chopper\/","url":"https:\/\/jldlague.com\/en\/product\/equipment\/harvesting-972-flail-chopper\/","name":"Harvesting | 972 Flail Chopper - John Deere - JLD-Lagu\u00eb 0972xp","isPartOf":{"@id":"https:\/\/jldlague.com\/en\/#website"},"datePublished":"2023-08-15T21:33:57+00:00","dateModified":"2026-03-29T15:23:15+00:00","description":"D\u00e9couvrez le produit Harvesting | 972 Flail Chopper\u00c9quipements, Equipment (0972xp) de John Deeredisponible chez JLD-Lagu\u00eb","breadcrumb":{"@id":"https:\/\/jldlague.com\/en\/product\/equipment\/harvesting-972-flail-chopper\/#breadcrumb"},"inLanguage":"en-US","potentialAction":[{"@type":"ReadAction","target":["https:\/\/jldlague.com\/en\/product\/equipment\/harvesting-972-flail-chopper\/"]}]},{"@type":"BreadcrumbList","@id":"https:\/\/jldlague.com\/en\/product\/equipment\/harvesting-972-flail-chopper\/#breadcrumb","itemListElement":[{"@type":"ListItem","position":1,"name":"Home","item":"https:\/\/jldlague.com\/en\/"},{"@type":"ListItem","position":2,"name":"Equipment","item":"https:\/\/jldlague.com\/en\/product-category\/equipment\/"},{"@type":"ListItem","position":3,"name":"Harvesting | 972 Flail Chopper"}]},{"@type":"WebSite","@id":"https:\/\/jldlague.com\/en\/#website","url":"https:\/\/jldlague.com\/en\/","name":"JLD-Lagu\u00eb","description":"","publisher":{"@id":"https:\/\/jldlague.com\/en\/#organization"},"alternateName":"JLD","potentialAction":[{"@type":"SearchAction","target":{"@type":"EntryPoint","urlTemplate":"https:\/\/jldlague.com\/en\/?s={search_term_string}"},"query-input":{"@type":"PropertyValueSpecification","valueRequired":true,"valueName":"search_term_string"}}],"inLanguage":"en-US"},{"@type":"Organization","@id":"https:\/\/jldlague.com\/en\/#organization","name":"JLD-Lagu\u00eb","url":"https:\/\/jldlague.com\/en\/","logo":{"@type":"ImageObject","inLanguage":"en-US","@id":"https:\/\/jldlague.com\/en\/#\/schema\/logo\/image\/","url":"https:\/\/jldlague.com\/wp-content\/uploads\/2023\/06\/logos.svg","contentUrl":"https:\/\/jldlague.com\/wp-content\/uploads\/2023\/06\/logos.svg","width":385,"height":50,"caption":"JLD-Lagu\u00eb"},"image":{"@id":"https:\/\/jldlague.com\/en\/#\/schema\/logo\/image\/"},"sameAs":["https:\/\/www.facebook.com\/jldlague","https:\/\/www.linkedin.com\/company\/the-jld-group-john-deere-dealer","https:\/\/www.instagram.com\/jldlague\/","https:\/\/www.youtube.com\/channel\/UCRpOpeDrLm9lIf6jXO7cJZw"]}]}},"_links":{"self":[{"href":"https:\/\/jldlague.com\/en\/wp-json\/wp\/v2\/product\/79712","targetHints":{"allow":["GET"]}}],"collection":[{"href":"https:\/\/jldlague.com\/en\/wp-json\/wp\/v2\/product"}],"about":[{"href":"https:\/\/jldlague.com\/en\/wp-json\/wp\/v2\/types\/product"}],"wp:attachment":[{"href":"https:\/\/jldlague.com\/en\/wp-json\/wp\/v2\/media?parent=79712"}],"wp:term":[{"taxonomy":"product_brand","embeddable":true,"href":"https:\/\/jldlague.com\/en\/wp-json\/wp\/v2\/product_brand?post=79712"},{"taxonomy":"product_cat","embeddable":true,"href":"https:\/\/jldlague.com\/en\/wp-json\/wp\/v2\/product_cat?post=79712"},{"taxonomy":"product_tag","embeddable":true,"href":"https:\/\/jldlague.com\/en\/wp-json\/wp\/v2\/product_tag?post=79712"},{"taxonomy":"brand","embeddable":true,"href":"https:\/\/jldlague.com\/en\/wp-json\/wp\/v2\/brand?post=79712"},{"taxonomy":"industry","embeddable":true,"href":"https:\/\/jldlague.com\/en\/wp-json\/wp\/v2\/industry?post=79712"}],"curies":[{"name":"wp","href":"https:\/\/api.w.org\/{rel}","templated":true}]}}